{"id":53056,"date":"2021-09-06T19:51:45","date_gmt":"2021-09-06T17:51:45","guid":{"rendered":"https:\/\/staging.ampcometal.com\/products\/%product_category%\/ampcoloy-944-2\/"},"modified":"2024-03-25T17:42:09","modified_gmt":"2024-03-25T15:42:09","slug":"ampcoloy-944","status":"publish","type":"product","link":"https:\/\/staging.ampcometal.com\/pt-br\/productos\/ampcoloy-liga-de-alto-teor-de-cobre\/ampcoloy-944\/","title":{"rendered":"AMPCOLOY\u00ae 944"},"content":{"rendered":"<ul>\n<li data-gc-list-depth=\"1\" data-gc-list-style=\"bullet\"><strong>Excelente condutividade t\u00e9rmica:<\/strong> Essa liga com alto teor de cobre tem excepcional condutividade t\u00e9rmica, o que a torna a escolha ideal para aplica\u00e7\u00f5es em que a transfer\u00eancia eficiente de calor \u00e9 fundamental.<\/li>\n<li data-gc-list-depth=\"1\" data-gc-list-style=\"bullet\"><strong>Alta resist\u00eancia \u00e0 tra\u00e7\u00e3o: <\/strong>Apresenta uma resist\u00eancia \u00e0 tra\u00e7\u00e3o robusta, garantindo sua confiabilidade e durabilidade em ambientes industriais exigentes.<\/li>\n<li data-gc-list-depth=\"1\" data-gc-list-style=\"bullet\"><strong>Dureza impressionante: <\/strong>Com propriedades de dureza impressionantes, a liga oferece excelente resist\u00eancia ao desgaste e \u00e0 deforma\u00e7\u00e3o, aumentando sua vida \u00fatil em v\u00e1rias aplica\u00e7\u00f5es.<\/li>\n<li data-gc-list-depth=\"1\" data-gc-list-style=\"bullet\"><strong>Alternativa segura ao cobre-ber\u00edlio:<\/strong> Oferece todos esses benef\u00edcios e, ao mesmo tempo, elimina a necessidade de ber\u00edlio, proporcionando uma op\u00e7\u00e3o mais segura e compat\u00edvel com os setores com normas rigorosas de sa\u00fade e seguran\u00e7a.<\/li>\n<\/ul>\n<h5>Propriedades e especifica\u00e7\u00f5es<\/h5>\n<p><\/br><br \/>\nO AMPCOLOY\u00ae 944 \u00e9 uma liga patenteada que atende \u00e0s demandas dos usu\u00e1rios das ligas RWMA classe 4 sem ber\u00edlio. Ele foi projetado para oferecer excelente condutividade t\u00e9rmica, alta resist\u00eancia \u00e0 tra\u00e7\u00e3o e dureza, eliminando a necessidade de ber\u00edlio. Essa liga vers\u00e1til \u00e9 ideal para uma variedade de aplica\u00e7\u00f5es, incluindo <a href=\"https:\/\/staging.ampcometal.com\/applications\/plastic-processing\/\">moldagem por inje\u00e7\u00e3o<\/a>, <a href=\"https:\/\/staging.ampcometal.com\/applications\/plastic-processing\/\">termoformagem<\/a>, <a href=\"https:\/\/staging.ampcometal.com\/applications\/plastic-processing\/\">moldagem por sopro<\/a>, soldagem por <a href=\"https:\/\/staging.ampcometal.com\/applications\/resistance-welding\/\">resist\u00eancia<\/a> e <a href=\"https:\/\/staging.ampcometal.com\/applications\/resistance-welding\/\">soldagem por pontos<\/a>. Ele se destaca em aplica\u00e7\u00f5es de processamento e ferramentas de pl\u00e1stico e atende \u00e0s necessidades dos setores em que o uso de elementos nocivos \u00e9 restrito. Essa liga com alto teor de cobre oferece as propriedades essenciais necess\u00e1rias para tarefas industriais exigentes, tornando-a uma op\u00e7\u00e3o confi\u00e1vel e segura para aplica\u00e7\u00f5es que exigem alto desempenho mec\u00e2nico e conformidade com as normas de sa\u00fade e seguran\u00e7a.<\/p>\n<h5>Aplica\u00e7\u00f5es<\/h5>\n<p><\/br><br \/>\nO AMPCOLOY\u00ae 944 tem uma ampla gama de aplica\u00e7\u00f5es em v\u00e1rios setores em que \u00e9 essencial uma combina\u00e7\u00e3o de excelente condutividade el\u00e9trica e t\u00e9rmica, altas propriedades mec\u00e2nicas e conformidade com a seguran\u00e7a. \u00c9 comumente usado em suportes de eletrodos e eixos de solda de costura para uso em eletrodos de solda por pontos, discos e proje\u00e7\u00f5es de solda de costura e matrizes de solda de topo, especialmente para a\u00e7o inoxid\u00e1vel e Monel\u00ae. Essa liga vers\u00e1til tamb\u00e9m \u00e9 usada para pontas de \u00eambolo em m\u00e1quinas de fundi\u00e7\u00e3o sob press\u00e3o de alum\u00ednio de alta press\u00e3o com c\u00e2mara fria e moldes para m\u00e1quinas de fundi\u00e7\u00e3o sob press\u00e3o de baixa press\u00e3o. Ele tamb\u00e9m desempenha um papel fundamental em moldes de resfriamento para fundi\u00e7\u00e3o de lat\u00e3o, alguns bronzes e em v\u00e1rias partes de moldes de inje\u00e7\u00e3o de pl\u00e1stico, incluindo bicos de inje\u00e7\u00e3o e pinos de resfriamento. Ele oferece confiabilidade e desempenho em uma ampla gama de aplica\u00e7\u00f5es industriais em que s\u00e3o necess\u00e1rias condutividade e resist\u00eancia mec\u00e2nica excepcionais.<\/p>\n","protected":false},"featured_media":50551,"template":"","meta":{"_et_pb_use_builder":"","_et_pb_old_content":"","_et_gb_content_width":"","inline_featured_image":false,"_links_to":"","_links_to_target":""},"product_category":[481],"product_type":[509,532],"product_shape":[633,649],"class_list":["post-53056","product","type-product","status-publish","has-post-thumbnail","hentry","product_category-ampcoloy-liga-de-alto-teor-de-cobre"],"acf":[],"aioseo_notices":[],"_links":{"self":[{"href":"https:\/\/staging.ampcometal.com\/pt-br\/wp-json\/wp\/v2\/product\/53056","targetHints":{"allow":["GET"]}}],"collection":[{"href":"https:\/\/staging.ampcometal.com\/pt-br\/wp-json\/wp\/v2\/product"}],"about":[{"href":"https:\/\/staging.ampcometal.com\/pt-br\/wp-json\/wp\/v2\/types\/product"}],"wp:featuredmedia":[{"embeddable":true,"href":"https:\/\/staging.ampcometal.com\/pt-br\/wp-json\/wp\/v2\/media\/50551"}],"wp:attachment":[{"href":"https:\/\/staging.ampcometal.com\/pt-br\/wp-json\/wp\/v2\/media?parent=53056"}],"wp:term":[{"taxonomy":"product_category","embeddable":true,"href":"https:\/\/staging.ampcometal.com\/pt-br\/wp-json\/wp\/v2\/product_category?post=53056"},{"taxonomy":"product_type","embeddable":true,"href":"https:\/\/staging.ampcometal.com\/pt-br\/wp-json\/wp\/v2\/product_type?post=53056"},{"taxonomy":"product_shape","embeddable":true,"href":"https:\/\/staging.ampcometal.com\/pt-br\/wp-json\/wp\/v2\/product_shape?post=53056"}],"curies":[{"name":"wp","href":"https:\/\/api.w.org\/{rel}","templated":true}]}}