{"id":53049,"date":"2021-09-06T19:51:35","date_gmt":"2021-09-06T17:51:35","guid":{"rendered":"https:\/\/staging.ampcometal.com\/products\/%product_category%\/cu-w-sinterizado\/"},"modified":"2024-03-25T18:05:39","modified_gmt":"2024-03-25T16:05:39","slug":"cu-w-sinterizado","status":"publish","type":"product","link":"https:\/\/staging.ampcometal.com\/pt-br\/productos\/ampcoloy-liga-de-alto-teor-de-cobre\/cu-w-sinterizado\/","title":{"rendered":"Cu-W Sinterizado"},"content":{"rendered":"<ul>\n<li data-gc-list-depth=\"1\" data-gc-list-style=\"bullet\"><strong>Alta condutividade el\u00e9trica:<\/strong> O Cu-W Sintered oferece excelente condutividade el\u00e9trica, o que o torna ideal para aplica\u00e7\u00f5es em que o desempenho el\u00e9trico \u00e9 fundamental.<\/li>\n<li data-gc-list-depth=\"1\" data-gc-list-style=\"bullet\"><strong>Resist\u00eancia a arco el\u00e9trico:<\/strong> Essa liga com alto teor de cobre \u00e9 altamente resistente a danos causados por arcos, o que a torna adequada para aplica\u00e7\u00f5es que envolvem arcos el\u00e9tricos, como disjuntores e pontas de arco.<\/li>\n<li data-gc-list-depth=\"1\" data-gc-list-style=\"bullet\"><strong>Dur\u00e1vel e de longa dura\u00e7\u00e3o: <\/strong>Conhecido por sua durabilidade e capacidade de resistir a condi\u00e7\u00f5es exigentes, garantindo um desempenho duradouro.<\/li>\n<li data-gc-list-depth=\"1\" data-gc-list-style=\"bullet\"><strong>Aplica\u00e7\u00f5es vers\u00e1teis:<\/strong> \u00c9 amplamente utilizado como eletrodos de solda por resist\u00eancia, eletrodos de EDM, disjuntores e contatos para servi\u00e7os pesados.<\/li>\n<\/ul>\n<h5>Propriedades e especifica\u00e7\u00f5es<\/h5>\n<p><\/br><br \/>\nO Cu-W Sintered \u00e9 uma liga refrat\u00e1ria de alto desempenho conhecida por suas excelentes propriedades. Essa liga combina a excelente condutividade el\u00e9trica e t\u00e9rmica do cobre com a impressionante resist\u00eancia ao arco e as propriedades de n\u00e3o soldagem do tungst\u00eanio e do molibd\u00eanio. Produzido com t\u00e9cnicas avan\u00e7adas de metalurgia do p\u00f3, possui uma microestrutura uniforme e de granula\u00e7\u00e3o fina, resultando em desempenho e durabilidade excepcionais. Sua qualidade superior garante que ele exceda os padr\u00f5es especificados pela Resistance Welder Manufacturers&#8217; Association (RWMA), tornando-o a escolha ideal para uma ampla gama de aplica\u00e7\u00f5es, incluindo eletrodos de solda por resist\u00eancia, eletrodos EDM, disjuntores, pontas de arco e contatos para servi\u00e7os pesados. A liga de alto teor de cobre se destaca nessas aplica\u00e7\u00f5es exigentes devido \u00e0 sua capacidade de suportar efeitos de arco e altas correntes, o que a torna um material confi\u00e1vel e dur\u00e1vel.<\/p>\n<h5>Aplica\u00e7\u00f5es<\/h5>\n<p><\/br><br \/>\nO Cu-W Sintered \u00e9 uma liga refrat\u00e1ria vers\u00e1til e de alto desempenho usada em uma ampla variedade de setores. Sua excepcional combina\u00e7\u00e3o de condutividade el\u00e9trica e resist\u00eancia a arco torna-o uma op\u00e7\u00e3o indispens\u00e1vel para v\u00e1rias aplica\u00e7\u00f5es. Os usos mais comuns incluem eletrodos de solda por resist\u00eancia, nos quais ele se destaca por sua capacidade de suportar altas correntes e proporcionar desempenho est\u00e1vel. Al\u00e9m disso, a liga \u00e9 adequada para eletrodos de usinagem por descarga el\u00e9trica (EDM), disjuntores, pontas de arco e contatos para servi\u00e7os pesados em diversos ambientes. Seja para garantir conex\u00f5es confi\u00e1veis ou para resistir aos efeitos do arco el\u00e9trico, o Cu-W Sintered tem um desempenho consistente em aplica\u00e7\u00f5es exigentes, o que o torna o material preferido para muitas fun\u00e7\u00f5es cr\u00edticas.<\/p>\n","protected":false},"featured_media":50575,"template":"","meta":{"_et_pb_use_builder":"","_et_pb_old_content":"","_et_gb_content_width":"","inline_featured_image":false,"_links_to":"","_links_to_target":""},"product_category":[481],"product_type":[],"product_shape":[],"class_list":["post-53049","product","type-product","status-publish","has-post-thumbnail","hentry","product_category-ampcoloy-liga-de-alto-teor-de-cobre"],"acf":[],"aioseo_notices":[],"_links":{"self":[{"href":"https:\/\/staging.ampcometal.com\/pt-br\/wp-json\/wp\/v2\/product\/53049","targetHints":{"allow":["GET"]}}],"collection":[{"href":"https:\/\/staging.ampcometal.com\/pt-br\/wp-json\/wp\/v2\/product"}],"about":[{"href":"https:\/\/staging.ampcometal.com\/pt-br\/wp-json\/wp\/v2\/types\/product"}],"wp:featuredmedia":[{"embeddable":true,"href":"https:\/\/staging.ampcometal.com\/pt-br\/wp-json\/wp\/v2\/media\/50575"}],"wp:attachment":[{"href":"https:\/\/staging.ampcometal.com\/pt-br\/wp-json\/wp\/v2\/media?parent=53049"}],"wp:term":[{"taxonomy":"product_category","embeddable":true,"href":"https:\/\/staging.ampcometal.com\/pt-br\/wp-json\/wp\/v2\/product_category?post=53049"},{"taxonomy":"product_type","embeddable":true,"href":"https:\/\/staging.ampcometal.com\/pt-br\/wp-json\/wp\/v2\/product_type?post=53049"},{"taxonomy":"product_shape","embeddable":true,"href":"https:\/\/staging.ampcometal.com\/pt-br\/wp-json\/wp\/v2\/product_shape?post=53049"}],"curies":[{"name":"wp","href":"https:\/\/api.w.org\/{rel}","templated":true}]}}