{"id":53045,"date":"2021-09-06T19:51:30","date_gmt":"2021-09-06T17:51:30","guid":{"rendered":"https:\/\/staging.ampcometal.com\/products\/%product_category%\/ampco-45-2\/"},"modified":"2024-04-03T16:54:55","modified_gmt":"2024-04-03T14:54:55","slug":"ampco-45","status":"publish","type":"product","link":"https:\/\/staging.ampcometal.com\/pt-br\/productos\/ampco-bronze-aluminio\/ampco-45\/","title":{"rendered":"AMPCO\u00ae 45"},"content":{"rendered":"<ul>\n<li data-gc-list-depth=\"1\" data-gc-list-style=\"bullet\"><strong>Propriedades mec\u00e2nicas excepcionais:<\/strong> Esse bronze de alum\u00ednio tem propriedades mec\u00e2nicas que excedem as dos bronzes de n\u00edquel-alum\u00ednio tradicionais, o que o torna a liga de alta resist\u00eancia preferida.<\/li>\n<li data-gc-list-depth=\"1\" data-gc-list-style=\"bullet\"><strong>Resist\u00eancia superior:<\/strong> Essa liga apresenta resist\u00eancia superior a desgaste abrasivo, atrito, deforma\u00e7\u00e3o e eros\u00e3o qu\u00edmica, garantindo durabilidade em aplica\u00e7\u00f5es exigentes.<\/li>\n<li data-gc-list-depth=\"1\" data-gc-list-style=\"bullet\"><strong>Aplica\u00e7\u00f5es vers\u00e1teis:<\/strong> \u00c9 usado em componentes cr\u00edticos em uma variedade de setores, incluindo aeroespacial, mar\u00edtimo, industrial e ferramentas de seguran\u00e7a para ambientes explosivos.<\/li>\n<li data-gc-list-depth=\"1\" data-gc-list-style=\"bullet\"><strong>Conformidade com as especifica\u00e7\u00f5es: <\/strong>A liga atende a rigorosos padr\u00f5es de qualidade e est\u00e1 em conformidade com as especifica\u00e7\u00f5es AMS 4640 e ASTM B 150, garantindo confiabilidade e desempenho.<\/li>\n<\/ul>\n<h5>Propriedades e especifica\u00e7\u00f5es<\/h5>\n<p><\/br><br \/>\nO AMPCO\u00ae 45 \u00e9 uma liga de alta resist\u00eancia not\u00e1vel, conhecida por suas propriedades mec\u00e2nicas excepcionais que v\u00e3o al\u00e9m dos bronzes de n\u00edquel-alum\u00ednio tradicionais. Seu processo de fabrica\u00e7\u00e3o exclusivo resulta em um desempenho superior, o que o torna ideal para aplica\u00e7\u00f5es mec\u00e2nicas e corrosivas pesadas e de alta tens\u00e3o. A liga de bronze apresenta uma resist\u00eancia not\u00e1vel ao desgaste abrasivo, ao atrito, \u00e0 deforma\u00e7\u00e3o e \u00e0 eros\u00e3o qu\u00edmica, o que a torna a melhor op\u00e7\u00e3o para componentes cr\u00edticos, como rolamentos de aeronaves, eixos de bombas e mar\u00edtimos, eixos de v\u00e1lvulas, pe\u00e7as de m\u00e1quinas-ferramenta e ferramentas de seguran\u00e7a para ambientes explosivos. Essa liga atende \u00e0s especifica\u00e7\u00f5es AMS 4640 e ASTM B 150, garantindo qualidade e confiabilidade.<\/p>\n<h5>Aplica\u00e7\u00f5es<\/h5>\n<p><\/br><br \/>\nO AMPCO\u00ae 45 \u00e9 usado em uma ampla variedade de setores devido \u00e0s suas propriedades superiores. Essa liga de alta resist\u00eancia \u00e9 essencial em ambientes exigentes, onde prevalecem o desgaste abrasivo, o atrito, a deforma\u00e7\u00e3o e a eros\u00e3o qu\u00edmica. Seu desempenho not\u00e1vel faz com que seja a escolha preferida para componentes cr\u00edticos em diversos setores, incluindo o aeroespacial &#8211; por exemplo, rolamentos e buchas de aeronaves -, mar\u00edtimo &#8211; por exemplo, eixos de bombas e navios, an\u00e9is de desgaste -, industrial &#8211; por exemplo, eixos e assentos de v\u00e1lvulas, pe\u00e7as de m\u00e1quinas-ferramenta &#8211; e seguran\u00e7a &#8211; por exemplo, ferramentas que n\u00e3o soltam fa\u00edscas e componentes de m\u00e1quinas em atmosferas potencialmente explosivas. Seja em condi\u00e7\u00f5es extremas ou em maquin\u00e1rio pesado, essa liga de bronze-alum\u00ednio oferece confiabilidade e durabilidade excepcionais, o que a torna um material essencial para muitas aplica\u00e7\u00f5es industriais.<\/p>\n","protected":false},"featured_media":50507,"template":"","meta":{"_et_pb_use_builder":"","_et_pb_old_content":"","_et_gb_content_width":"","inline_featured_image":false,"_links_to":"","_links_to_target":""},"product_category":[476],"product_type":[514,538],"product_shape":[649],"class_list":["post-53045","product","type-product","status-publish","has-post-thumbnail","hentry","product_category-ampco-bronze-aluminio"],"acf":[],"aioseo_notices":[],"_links":{"self":[{"href":"https:\/\/staging.ampcometal.com\/pt-br\/wp-json\/wp\/v2\/product\/53045","targetHints":{"allow":["GET"]}}],"collection":[{"href":"https:\/\/staging.ampcometal.com\/pt-br\/wp-json\/wp\/v2\/product"}],"about":[{"href":"https:\/\/staging.ampcometal.com\/pt-br\/wp-json\/wp\/v2\/types\/product"}],"wp:featuredmedia":[{"embeddable":true,"href":"https:\/\/staging.ampcometal.com\/pt-br\/wp-json\/wp\/v2\/media\/50507"}],"wp:attachment":[{"href":"https:\/\/staging.ampcometal.com\/pt-br\/wp-json\/wp\/v2\/media?parent=53045"}],"wp:term":[{"taxonomy":"product_category","embeddable":true,"href":"https:\/\/staging.ampcometal.com\/pt-br\/wp-json\/wp\/v2\/product_category?post=53045"},{"taxonomy":"product_type","embeddable":true,"href":"https:\/\/staging.ampcometal.com\/pt-br\/wp-json\/wp\/v2\/product_type?post=53045"},{"taxonomy":"product_shape","embeddable":true,"href":"https:\/\/staging.ampcometal.com\/pt-br\/wp-json\/wp\/v2\/product_shape?post=53045"}],"curies":[{"name":"wp","href":"https:\/\/api.w.org\/{rel}","templated":true}]}}