{"id":53040,"date":"2021-09-06T19:51:28","date_gmt":"2021-09-06T17:51:28","guid":{"rendered":"https:\/\/staging.ampcometal.com\/products\/%product_category%\/ampcoloy-91-2\/"},"modified":"2024-03-27T11:54:26","modified_gmt":"2024-03-27T09:54:26","slug":"ampcoloy-91","status":"publish","type":"product","link":"https:\/\/staging.ampcometal.com\/pt-br\/productos\/ampcoloy-liga-de-alto-teor-de-cobre\/ampcoloy-91\/","title":{"rendered":"AMPCOLOY\u00ae 91"},"content":{"rendered":"<ul>\n<li data-gc-list-depth=\"1\" data-gc-list-style=\"bullet\"><strong>Resist\u00eancia excepcional ao desgaste: <\/strong>Essa liga de alto teor de cobre apresenta excepcional resist\u00eancia ao desgaste, garantindo durabilidade e confiabilidade em aplica\u00e7\u00f5es exigentes em que as for\u00e7as abrasivas s\u00e3o uma preocupa\u00e7\u00e3o.<\/li>\n<li data-gc-list-depth=\"1\" data-gc-list-style=\"bullet\"><strong>Resist\u00eancia superior \u00e0 corros\u00e3o:<\/strong> Com sua resist\u00eancia superior \u00e0 corros\u00e3o, ele n\u00e3o \u00e9 afetado por ambientes agressivos e subst\u00e2ncias corrosivas, o que o torna a escolha ideal para condi\u00e7\u00f5es adversas.<\/li>\n<li data-gc-list-depth=\"1\" data-gc-list-style=\"bullet\"><strong>Excelente condutividade t\u00e9rmica: <\/strong>Suas excelentes propriedades de condutividade t\u00e9rmica permitem uma transfer\u00eancia de calor eficiente, melhorando o desempenho em aplica\u00e7\u00f5es que exigem controle preciso da temperatura e resfriamento r\u00e1pido.<\/li>\n<li data-gc-list-depth=\"1\" data-gc-list-style=\"bullet\"><strong>Alta resist\u00eancia mec\u00e2nica:<\/strong> A liga oferece alta resist\u00eancia mec\u00e2nica, proporcionando a integridade estrutural necess\u00e1ria para componentes cr\u00edticos e garantindo um desempenho consistente sob cargas pesadas.<\/li>\n<\/ul>\n<h5><strong>Propriedades e especifica\u00e7\u00f5es<\/strong><\/h5>\n<p><\/br><br \/>\nO AMPCOLOY\u00ae 91 \u00e9 uma liga premium de alto teor de cobre conhecida por suas propriedades excepcionais. Projetado com resist\u00eancia mec\u00e2nica ligeiramente superior \u00e0 de seus equivalentes, ele oferece excelente resist\u00eancia ao desgaste e \u00e0 corros\u00e3o, o que o torna a escolha ideal para aplica\u00e7\u00f5es cr\u00edticas. Essa liga tem excelente condutividade t\u00e9rmica, o que melhora o desempenho e aumenta a vida \u00fatil da ferramenta em at\u00e9 50%. Sua composi\u00e7\u00e3o proporciona excelente usinabilidade. Com o AMPCOLOY\u00ae 91, voc\u00ea pode esperar desempenho e durabilidade superiores, o que o torna a escolha preferida para eletrodos de solda a ponto, solda em malha, porta-eletrodos e v\u00e1rias aplica\u00e7\u00f5es em que a alta condutividade t\u00e9rmica \u00e9 fundamental.<\/p>\n<h5><strong>Aplica\u00e7\u00f5es<\/strong><\/h5>\n<p><\/br><br \/>\nO AMPCOLOY\u00ae 91 tem uma ampla gama de aplica\u00e7\u00f5es em v\u00e1rios setores devido \u00e0s suas impressionantes propriedades. Essa liga de bronze de alto desempenho \u00e9 a escolha preferida para eletrodos de solda a ponto, solda de malha, porta-eletrodos e discos de solda de costura, especialmente quando se trabalha com a\u00e7o inoxid\u00e1vel, monel, ligas de n\u00edquel e outros materiais desafiadores. Sua excepcional condutividade t\u00e9rmica o torna inestim\u00e1vel em m\u00e1quinas de fundi\u00e7\u00e3o de alum\u00ednio em que as pontas dos \u00eambolos exigem uma transfer\u00eancia de calor eficiente. Seja para aumentar a produtividade nos processos de soldagem ou para garantir a precis\u00e3o na fundi\u00e7\u00e3o, essa liga de alto teor de cobre se destaca em aplica\u00e7\u00f5es em que a condutividade t\u00e9rmica e a durabilidade superiores s\u00e3o fundamentais.<\/p>\n","protected":false},"featured_media":50575,"template":"","meta":{"_et_pb_use_builder":"","_et_pb_old_content":"","_et_gb_content_width":"","inline_featured_image":false,"_links_to":"","_links_to_target":""},"product_category":[481],"product_type":[509,532],"product_shape":[],"class_list":["post-53040","product","type-product","status-publish","has-post-thumbnail","hentry","product_category-ampcoloy-liga-de-alto-teor-de-cobre"],"acf":[],"aioseo_notices":[],"_links":{"self":[{"href":"https:\/\/staging.ampcometal.com\/pt-br\/wp-json\/wp\/v2\/product\/53040","targetHints":{"allow":["GET"]}}],"collection":[{"href":"https:\/\/staging.ampcometal.com\/pt-br\/wp-json\/wp\/v2\/product"}],"about":[{"href":"https:\/\/staging.ampcometal.com\/pt-br\/wp-json\/wp\/v2\/types\/product"}],"wp:featuredmedia":[{"embeddable":true,"href":"https:\/\/staging.ampcometal.com\/pt-br\/wp-json\/wp\/v2\/media\/50575"}],"wp:attachment":[{"href":"https:\/\/staging.ampcometal.com\/pt-br\/wp-json\/wp\/v2\/media?parent=53040"}],"wp:term":[{"taxonomy":"product_category","embeddable":true,"href":"https:\/\/staging.ampcometal.com\/pt-br\/wp-json\/wp\/v2\/product_category?post=53040"},{"taxonomy":"product_type","embeddable":true,"href":"https:\/\/staging.ampcometal.com\/pt-br\/wp-json\/wp\/v2\/product_type?post=53040"},{"taxonomy":"product_shape","embeddable":true,"href":"https:\/\/staging.ampcometal.com\/pt-br\/wp-json\/wp\/v2\/product_shape?post=53040"}],"curies":[{"name":"wp","href":"https:\/\/api.w.org\/{rel}","templated":true}]}}