{"id":53035,"date":"2021-09-06T19:51:21","date_gmt":"2021-09-06T17:51:21","guid":{"rendered":"https:\/\/staging.ampcometal.com\/products\/%product_category%\/ampco-21-2\/"},"modified":"2024-04-03T16:07:09","modified_gmt":"2024-04-03T14:07:09","slug":"ampco-21","status":"publish","type":"product","link":"https:\/\/staging.ampcometal.com\/pt-br\/productos\/ampco-bronze-aluminio\/ampco-21\/","title":{"rendered":"AMPCO\u00ae 21"},"content":{"rendered":"<ul>\n<li data-gc-list-depth=\"1\" data-gc-list-style=\"bullet\"><strong>Alta resist\u00eancia ao desgaste:<\/strong> Essa liga de bronze-alum\u00ednio \u00e9 conhecida por sua excepcional capacidade de resistir ao desgaste e \u00e0 abras\u00e3o, o que a torna ideal para aplica\u00e7\u00f5es em ambientes de alto atrito.<\/li>\n<li data-gc-list-depth=\"1\" data-gc-list-style=\"bullet\"><strong>Propriedades metal\u00fargicas exclusivas:<\/strong> O controle metal\u00fargico preciso da liga garante a distribui\u00e7\u00e3o uniforme da fase dura gama 2, o que aumenta suas propriedades de resist\u00eancia ao desgaste.<\/li>\n<li data-gc-list-depth=\"1\" data-gc-list-style=\"bullet\"><strong>Aplica\u00e7\u00f5es vers\u00e1teis:<\/strong> \u00c9 adequado para uma ampla gama de aplica\u00e7\u00f5es, incluindo buchas-guia, an\u00e9is de matriz, rolos de forma\u00e7\u00e3o e suportes de trabalho para retifica\u00e7\u00e3o sem centro.<\/li>\n<li data-gc-list-depth=\"1\" data-gc-list-style=\"bullet\"><strong>Solu\u00e7\u00e3o econ\u00f4mica:<\/strong> Essa liga oferece economia de custos ao reduzir os custos de produ\u00e7\u00e3o e minimizar o atrito, resultando em maior vida \u00fatil da ferramenta e melhor qualidade do produto.<\/li>\n<\/ul>\n<h5>Propriedades e especifica\u00e7\u00f5es<\/h5>\n<p><\/br><br \/>\nO AMPCO\u00ae 21 \u00e9 uma liga de bronze-alum\u00ednio de alto desempenho conhecida por sua excepcional resist\u00eancia ao desgaste e propriedades metal\u00fargicas exclusivas. Essa liga cont\u00e9m n\u00edveis elevados de alum\u00ednio e ferro, resultando na presen\u00e7a da fase dura gama 2, que mede aproximadamente 400 HB (dureza Brinell). Por meio de um controle metal\u00fargico preciso, esse constituinte duro \u00e9 distribu\u00eddo uniformemente por todo o material, o que confere a essa liga de bronze-alum\u00ednio sua not\u00e1vel capacidade de resistir ao desgaste e \u00e0 abras\u00e3o. \u00c9 a escolha preferida para uma ampla gama de aplica\u00e7\u00f5es, incluindo buchas-guia, an\u00e9is de matriz, insertos, rolos de forma\u00e7\u00e3o e l\u00e2minas de suporte de trabalho para retifica\u00e7\u00e3o sem centro, especialmente na usinagem de a\u00e7o inoxid\u00e1vel. As propriedades superiores da liga fazem dela um material de valor inestim\u00e1vel para maximizar a velocidade da ferramenta, melhorar a qualidade do produto, reduzir os custos de produ\u00e7\u00e3o e minimizar o atrito, eliminando o risco de gripagem ou arranh\u00f5es.<\/p>\n<h5>Aplica\u00e7\u00f5es<\/h5>\n<p><\/br><br \/>\nO AMPCO\u00ae 21 \u00e9 usado em uma ampla variedade de setores devido \u00e0s suas propriedades superiores. Essa liga de bronze-alum\u00ednio de alto desempenho \u00e9 particularmente adequada para uso em buchas de porta-guia e faixas de desgaste, onde substitui o a\u00e7o endurecido e oferece resist\u00eancia superior ao desgaste. Tamb\u00e9m \u00e9 a escolha preferida para an\u00e9is de matriz, insertos e rolos de forma\u00e7\u00e3o em v\u00e1rias opera\u00e7\u00f5es de forma\u00e7\u00e3o, dobra ou estiramento, especialmente no processamento de materiais de a\u00e7o inoxid\u00e1vel. Al\u00e9m disso, a liga \u00e9 excelente como l\u00e2mina de suporte de trabalho para retifica\u00e7\u00e3o sem centro de barras de a\u00e7o. Sua versatilidade e durabilidade excepcional fazem dele um material indispens\u00e1vel nos setores que buscam melhorar a qualidade do produto, aumentar a vida \u00fatil da ferramenta e reduzir os custos de produ\u00e7\u00e3o.<\/p>\n","protected":false},"featured_media":50555,"template":"","meta":{"_et_pb_use_builder":"","_et_pb_old_content":"","_et_gb_content_width":"","inline_featured_image":false,"_links_to":"","_links_to_target":""},"product_category":[476],"product_type":[503,509,532,555,618],"product_shape":[644,633,639,649],"class_list":["post-53035","product","type-product","status-publish","has-post-thumbnail","hentry","product_category-ampco-bronze-aluminio"],"acf":[],"aioseo_notices":[],"_links":{"self":[{"href":"https:\/\/staging.ampcometal.com\/pt-br\/wp-json\/wp\/v2\/product\/53035","targetHints":{"allow":["GET"]}}],"collection":[{"href":"https:\/\/staging.ampcometal.com\/pt-br\/wp-json\/wp\/v2\/product"}],"about":[{"href":"https:\/\/staging.ampcometal.com\/pt-br\/wp-json\/wp\/v2\/types\/product"}],"wp:featuredmedia":[{"embeddable":true,"href":"https:\/\/staging.ampcometal.com\/pt-br\/wp-json\/wp\/v2\/media\/50555"}],"wp:attachment":[{"href":"https:\/\/staging.ampcometal.com\/pt-br\/wp-json\/wp\/v2\/media?parent=53035"}],"wp:term":[{"taxonomy":"product_category","embeddable":true,"href":"https:\/\/staging.ampcometal.com\/pt-br\/wp-json\/wp\/v2\/product_category?post=53035"},{"taxonomy":"product_type","embeddable":true,"href":"https:\/\/staging.ampcometal.com\/pt-br\/wp-json\/wp\/v2\/product_type?post=53035"},{"taxonomy":"product_shape","embeddable":true,"href":"https:\/\/staging.ampcometal.com\/pt-br\/wp-json\/wp\/v2\/product_shape?post=53035"}],"curies":[{"name":"wp","href":"https:\/\/api.w.org\/{rel}","templated":true}]}}