{"id":53033,"date":"2021-09-06T19:51:21","date_gmt":"2021-09-06T17:51:21","guid":{"rendered":"https:\/\/staging.ampcometal.com\/products\/%product_category%\/ampcoloy-972-2\/"},"modified":"2024-07-22T14:43:18","modified_gmt":"2024-07-22T12:43:18","slug":"ampcoloy-972","status":"publish","type":"product","link":"https:\/\/staging.ampcometal.com\/pt-br\/productos\/ampcoloy-liga-de-alto-teor-de-cobre\/ampcoloy-972\/","title":{"rendered":"AMPCOLOY\u00ae 972"},"content":{"rendered":"<h5><\/h5>\n<ul>\n<li data-gc-list-depth=\"1\" data-gc-list-style=\"bullet\"><strong>Propriedades mec\u00e2nicas excepcionais:<\/strong> Essa liga com alto teor de cobre mant\u00e9m excelentes propriedades mec\u00e2nicas, incluindo alta ductilidade, mesmo em temperaturas entre 300 e 500\u00b0C.<\/li>\n<li data-gc-list-depth=\"1\" data-gc-list-style=\"bullet\"><strong>Excelente resist\u00eancia ao desgaste e \u00e0 corros\u00e3o:<\/strong> Essa liga oferece excelente resist\u00eancia ao desgaste e \u00e0 corros\u00e3o, o que a torna altamente dur\u00e1vel e adequada para ambientes exigentes.<\/li>\n<li data-gc-list-depth=\"1\" data-gc-list-style=\"bullet\"><strong>Alta condutividade el\u00e9trica: <\/strong>Apresenta alta condutividade el\u00e9trica, o que o torna uma excelente op\u00e7\u00e3o para aplica\u00e7\u00f5es em que o desempenho el\u00e9trico \u00e9 fundamental.<\/li>\n<li data-gc-list-depth=\"1\" data-gc-list-style=\"bullet\"><strong>Versatilidade:<\/strong> Conhecido por sua versatilidade, ele \u00e9 usado em uma ampla gama de aplica\u00e7\u00f5es, incluindo pontas de solda por resist\u00eancia e tampas de eletrodos.<\/li>\n<\/ul>\n<h5>Propriedades e especifica\u00e7\u00f5es<\/h5>\n<p> O AMPCOLOY\u00ae 972 \u00e9 uma liga \u00e0 base de cobre endurecida por precipita\u00e7\u00e3o, conhecida por suas propriedades excepcionais. Quando tratada termicamente, essa liga mant\u00e9m propriedades mec\u00e2nicas not\u00e1veis, incluindo alta ductilidade na faixa de temperatura de 300 a 500 \u00b0C. Ele tem excelente resist\u00eancia ao desgaste e \u00e0 corros\u00e3o, o que o torna ideal para uma ampla gama de aplica\u00e7\u00f5es. Em especial, a liga apresenta alta condutividade el\u00e9trica e excelente resist\u00eancia mec\u00e2nica, o que a torna uma op\u00e7\u00e3o vers\u00e1til para aplica\u00e7\u00f5es como pontas de solda por resist\u00eancia, tampas de eletrodos e pe\u00e7as de gera\u00e7\u00e3o de energia. Com sua constru\u00e7\u00e3o forjada e extrudada, ele oferece propriedades f\u00edsicas superiores que garantem confiabilidade e longevidade em uma variedade de ambientes exigentes. <\/p>\n<h5>Aplica\u00e7\u00f5es<\/h5>\n<p> O AMPCOLOY\u00ae 972 \u00e9 usado em uma ampla variedade de setores. Sua combina\u00e7\u00e3o exclusiva de propriedades, incluindo alta condutividade el\u00e9trica e impressionante resist\u00eancia mec\u00e2nica, faz com que seja uma op\u00e7\u00e3o muito procurada para v\u00e1rios cen\u00e1rios exigentes. Essa liga vers\u00e1til se destaca em pontas de solda por resist\u00eancia e tampas de eletrodos para o setor automotivo, onde sua excepcional resist\u00eancia ao desgaste e condutividade el\u00e9trica s\u00e3o inestim\u00e1veis. Ele tamb\u00e9m desempenha um papel fundamental na engenharia de energia, ajudando a produzir pe\u00e7as que exigem durabilidade e desempenho el\u00e9trico. Seja usada em pe\u00e7as de prensa, segmentos de dedos de amortecedores ou suportes de eletrodos, essa liga de alto teor de cobre oferece resultados confi\u00e1veis de forma consistente, demonstrando sua adaptabilidade a uma ampla gama de aplica\u00e7\u00f5es.<\/p>\n","protected":false},"featured_media":50575,"template":"","meta":{"_et_pb_use_builder":"","_et_pb_old_content":"","_et_gb_content_width":"","inline_featured_image":false,"_links_to":"","_links_to_target":""},"product_category":[481],"product_type":[527,520,532,607],"product_shape":[628,633,639,649],"class_list":["post-53033","product","type-product","status-publish","has-post-thumbnail","hentry","product_category-ampcoloy-liga-de-alto-teor-de-cobre"],"acf":[],"aioseo_notices":[],"_links":{"self":[{"href":"https:\/\/staging.ampcometal.com\/pt-br\/wp-json\/wp\/v2\/product\/53033","targetHints":{"allow":["GET"]}}],"collection":[{"href":"https:\/\/staging.ampcometal.com\/pt-br\/wp-json\/wp\/v2\/product"}],"about":[{"href":"https:\/\/staging.ampcometal.com\/pt-br\/wp-json\/wp\/v2\/types\/product"}],"wp:featuredmedia":[{"embeddable":true,"href":"https:\/\/staging.ampcometal.com\/pt-br\/wp-json\/wp\/v2\/media\/50575"}],"wp:attachment":[{"href":"https:\/\/staging.ampcometal.com\/pt-br\/wp-json\/wp\/v2\/media?parent=53033"}],"wp:term":[{"taxonomy":"product_category","embeddable":true,"href":"https:\/\/staging.ampcometal.com\/pt-br\/wp-json\/wp\/v2\/product_category?post=53033"},{"taxonomy":"product_type","embeddable":true,"href":"https:\/\/staging.ampcometal.com\/pt-br\/wp-json\/wp\/v2\/product_type?post=53033"},{"taxonomy":"product_shape","embeddable":true,"href":"https:\/\/staging.ampcometal.com\/pt-br\/wp-json\/wp\/v2\/product_shape?post=53033"}],"curies":[{"name":"wp","href":"https:\/\/api.w.org\/{rel}","templated":true}]}}