{"id":53032,"date":"2021-09-06T19:51:21","date_gmt":"2021-09-06T17:51:21","guid":{"rendered":"https:\/\/staging.ampcometal.com\/products\/%product_category%\/ampco-8-2\/"},"modified":"2024-03-27T14:40:04","modified_gmt":"2024-03-27T12:40:04","slug":"ampco-8","status":"publish","type":"product","link":"https:\/\/staging.ampcometal.com\/pt-br\/productos\/ampco-bronze-aluminio\/ampco-8\/","title":{"rendered":"AMPCO\u00ae 8"},"content":{"rendered":"<ul>\n<li data-gc-list-depth=\"1\" data-gc-list-style=\"bullet\"><strong>Excepcional resist\u00eancia \u00e0 corros\u00e3o:<\/strong> Oferece not\u00e1vel resist\u00eancia \u00e0 corros\u00e3o, tornando-o uma op\u00e7\u00e3o confi\u00e1vel para aplica\u00e7\u00f5es em ambientes corrosivos.<\/li>\n<li data-gc-list-depth=\"1\" data-gc-list-style=\"bullet\"><strong>Alta dureza e ductilidade:<\/strong> Essa liga de bronze-alum\u00ednio atinge um equil\u00edbrio \u00fanico entre alta dureza e ductilidade, o que a torna adequada para aplica\u00e7\u00f5es em que ambas s\u00e3o essenciais.<\/li>\n<li data-gc-list-depth=\"1\" data-gc-list-style=\"bullet\"><strong>Extrema resist\u00eancia \u00e0 tra\u00e7\u00e3o:<\/strong> Possui excepcional resist\u00eancia \u00e0 tra\u00e7\u00e3o, proporcionando a durabilidade necess\u00e1ria para aplica\u00e7\u00f5es industriais exigentes.<\/li>\n<li data-gc-list-depth=\"1\" data-gc-list-style=\"bullet\"><strong>Propriedades f\u00edsicas aprimoradas:<\/strong> Por meio de um processo de trabalho a quente durante a extrus\u00e3o, a liga atinge uma estrutura de gr\u00e3os compacta, livre de inclus\u00f5es ou defeitos, resultando em propriedades f\u00edsicas superiores que n\u00e3o s\u00e3o comumente encontradas em outras ligas.<\/li>\n<\/ul>\n<h5>Propriedades e especifica\u00e7\u00f5es<\/h5>\n<p><\/br><br \/>\nO AMPCO\u00ae 8 tem propriedades e especifica\u00e7\u00f5es excepcionais que o tornam uma excelente liga de bronze-alum\u00ednio. Essa liga de alta resist\u00eancia combina excepcional resist\u00eancia \u00e0 corros\u00e3o com um equil\u00edbrio not\u00e1vel de dureza e ductilidade, o que a torna a escolha ideal para aplica\u00e7\u00f5es industriais exigentes. Com alta resist\u00eancia \u00e0 tra\u00e7\u00e3o, tenacidade inerente e ductilidade n\u00e3o comumente encontradas em um bronze de alum\u00ednio de fase alfa simples, o AMPCO\u00ae 8 se destaca como um material superior. Sua estrutura de gr\u00e3os, livre de inclus\u00f5es ou defeitos, aprimora ainda mais suas propriedades f\u00edsicas. A liga se destaca em aplica\u00e7\u00f5es em que a resist\u00eancia \u00e0 corros\u00e3o, \u00e0 eros\u00e3o, \u00e0 abras\u00e3o e \u00e0 cavita\u00e7\u00e3o \u00e9 fundamental, o que a torna a melhor op\u00e7\u00e3o para setores como o mar\u00edtimo e afins.<\/p>\n<h5>Aplica\u00e7\u00f5es<\/h5>\n<p><\/br><br \/>\nO AMPCO\u00ae 8 encontra aplica\u00e7\u00f5es vers\u00e1teis em v\u00e1rios setores devido \u00e0s suas excelentes propriedades. Essa liga de bronze-alum\u00ednio de alta resist\u00eancia \u00e9 a primeira op\u00e7\u00e3o para componentes e pe\u00e7as em que a resist\u00eancia \u00e0 corros\u00e3o, eros\u00e3o, abras\u00e3o e cavita\u00e7\u00e3o \u00e9 fundamental. \u00c9 comumente usado em setores como o de processos, mar\u00edtimo e de manufatura. A liga se destaca em aplica\u00e7\u00f5es como canos, tubos, juntas e conectores, onde sua durabilidade e desempenho excepcionais garantem opera\u00e7\u00f5es ininterruptas. Seja para prote\u00e7\u00e3o contra ambientes marinhos adversos ou para aprimoramento de maquin\u00e1rio industrial, o AMPCO\u00ae 8 \u00e9 um material confi\u00e1vel e essencial para uma ampla gama de necessidades industriais exigentes.<\/p>\n","protected":false},"featured_media":52303,"template":"","meta":{"_et_pb_use_builder":"","_et_pb_old_content":"","_et_gb_content_width":"","inline_featured_image":false,"_links_to":"","_links_to_target":""},"product_category":[476],"product_type":[509,613],"product_shape":[633],"class_list":["post-53032","product","type-product","status-publish","has-post-thumbnail","hentry","product_category-ampco-bronze-aluminio"],"acf":[],"aioseo_notices":[],"_links":{"self":[{"href":"https:\/\/staging.ampcometal.com\/pt-br\/wp-json\/wp\/v2\/product\/53032","targetHints":{"allow":["GET"]}}],"collection":[{"href":"https:\/\/staging.ampcometal.com\/pt-br\/wp-json\/wp\/v2\/product"}],"about":[{"href":"https:\/\/staging.ampcometal.com\/pt-br\/wp-json\/wp\/v2\/types\/product"}],"wp:featuredmedia":[{"embeddable":true,"href":"https:\/\/staging.ampcometal.com\/pt-br\/wp-json\/wp\/v2\/media\/52303"}],"wp:attachment":[{"href":"https:\/\/staging.ampcometal.com\/pt-br\/wp-json\/wp\/v2\/media?parent=53032"}],"wp:term":[{"taxonomy":"product_category","embeddable":true,"href":"https:\/\/staging.ampcometal.com\/pt-br\/wp-json\/wp\/v2\/product_category?post=53032"},{"taxonomy":"product_type","embeddable":true,"href":"https:\/\/staging.ampcometal.com\/pt-br\/wp-json\/wp\/v2\/product_type?post=53032"},{"taxonomy":"product_shape","embeddable":true,"href":"https:\/\/staging.ampcometal.com\/pt-br\/wp-json\/wp\/v2\/product_shape?post=53032"}],"curies":[{"name":"wp","href":"https:\/\/api.w.org\/{rel}","templated":true}]}}