{"id":53030,"date":"2021-09-06T19:51:20","date_gmt":"2021-09-06T17:51:20","guid":{"rendered":"https:\/\/staging.ampcometal.com\/products\/%product_category%\/ampco-18-22-2\/"},"modified":"2024-04-03T15:31:10","modified_gmt":"2024-04-03T13:31:10","slug":"ampco-18-22","status":"publish","type":"product","link":"https:\/\/staging.ampcometal.com\/pt-br\/productos\/ampco-bronze-aluminio\/ampco-18-22\/","title":{"rendered":"AMPCO\u00ae 18.22"},"content":{"rendered":"<ul>\n<li data-gc-list-depth=\"1\" data-gc-list-style=\"bullet\"><strong>Resist\u00eancia excepcional:<\/strong> Essa liga de bronze tem alta resist\u00eancia final, o que a torna adequada para aplica\u00e7\u00f5es industriais exigentes.<\/li>\n<li data-gc-list-depth=\"1\" data-gc-list-style=\"bullet\"><strong>Boa ductilidade:<\/strong> Embora ofere\u00e7a uma dureza impressionante, essa liga de cobre mant\u00e9m uma boa ductilidade, garantindo flexibilidade no uso.<\/li>\n<li data-gc-list-depth=\"1\" data-gc-list-style=\"bullet\"><strong>Resist\u00eancia \u00e0 corros\u00e3o:<\/strong> Apresenta excelente resist\u00eancia \u00e0 corros\u00e3o, aumentando sua longevidade e durabilidade.<\/li>\n<li data-gc-list-depth=\"1\" data-gc-list-style=\"bullet\"><strong>Aplica\u00e7\u00f5es vers\u00e1teis:<\/strong> Amplamente utilizada no setor aeroespacial, a liga \u00e9 ideal para buchas, revestimentos de rolamentos, insertos, pe\u00e7as de pist\u00e3o, porcas e corredi\u00e7as, entre outros componentes cr\u00edticos.<\/li>\n<\/ul>\n<h5>Propriedades e especifica\u00e7\u00f5es<\/h5>\n<p><\/br><br \/>\nO AMPCO\u00ae 18.22 \u00e9 uma liga de cobre extraordin\u00e1ria com propriedades e especifica\u00e7\u00f5es excepcionais. Essa liga de alta resist\u00eancia mant\u00e9m uma ductilidade excepcional, o que a torna adequada para aplica\u00e7\u00f5es aeroespaciais em que tanto a resist\u00eancia quanto a flexibilidade s\u00e3o fundamentais. Por meio do tratamento t\u00e9rmico preciso e do controle de produ\u00e7\u00e3o, a liga de bronze alcan\u00e7a resist\u00eancia \u00e0 tra\u00e7\u00e3o, resist\u00eancia ao escoamento e dureza superiores. Suas propriedades f\u00edsicas, incluindo a resist\u00eancia \u00e0 corros\u00e3o, permitem que ele resista a impactos e cargas significativos. Essa liga \u00e9 excelente em aplica\u00e7\u00f5es como buchas, revestimentos de rolamentos, insertos, pe\u00e7as de pist\u00e3o, porcas e corredi\u00e7as, comprovando sua confiabilidade em ambientes industriais exigentes.<\/p>\n<h5>Aplica\u00e7\u00f5es<\/h5>\n<p><\/br><br \/>\nO AMPCO\u00ae 18.22 encontra aplica\u00e7\u00f5es vers\u00e1teis em uma variedade de setores, com foco no atendimento aos requisitos rigorosos do setor aeroespacial. Essa liga de cobre de alta resist\u00eancia \u00e9 a primeira op\u00e7\u00e3o para uma variedade de componentes cr\u00edticos, incluindo buchas, revestimentos de rolamentos, insertos, pe\u00e7as de pist\u00e3o, porcas e corredi\u00e7as. Suas propriedades superiores, como maior dureza e excelente ductilidade, fazem dele o material ideal para essas aplica\u00e7\u00f5es, garantindo um desempenho confi\u00e1vel sob as condi\u00e7\u00f5es mais exigentes. Essa liga de bronze-alum\u00ednio \u00e9 confi\u00e1vel por sua capacidade de suportar impactos e cargas significativas, o que a torna uma op\u00e7\u00e3o inestim\u00e1vel nos setores em que a precis\u00e3o, a durabilidade e a resist\u00eancia s\u00e3o fundamentais.<\/p>\n","protected":false},"featured_media":50515,"template":"","meta":{"_et_pb_use_builder":"","_et_pb_old_content":"","_et_gb_content_width":"","inline_featured_image":false,"_links_to":"","_links_to_target":""},"product_category":[476],"product_type":[503,618],"product_shape":[],"class_list":["post-53030","product","type-product","status-publish","has-post-thumbnail","hentry","product_category-ampco-bronze-aluminio"],"acf":[],"aioseo_notices":[],"_links":{"self":[{"href":"https:\/\/staging.ampcometal.com\/pt-br\/wp-json\/wp\/v2\/product\/53030","targetHints":{"allow":["GET"]}}],"collection":[{"href":"https:\/\/staging.ampcometal.com\/pt-br\/wp-json\/wp\/v2\/product"}],"about":[{"href":"https:\/\/staging.ampcometal.com\/pt-br\/wp-json\/wp\/v2\/types\/product"}],"wp:featuredmedia":[{"embeddable":true,"href":"https:\/\/staging.ampcometal.com\/pt-br\/wp-json\/wp\/v2\/media\/50515"}],"wp:attachment":[{"href":"https:\/\/staging.ampcometal.com\/pt-br\/wp-json\/wp\/v2\/media?parent=53030"}],"wp:term":[{"taxonomy":"product_category","embeddable":true,"href":"https:\/\/staging.ampcometal.com\/pt-br\/wp-json\/wp\/v2\/product_category?post=53030"},{"taxonomy":"product_type","embeddable":true,"href":"https:\/\/staging.ampcometal.com\/pt-br\/wp-json\/wp\/v2\/product_type?post=53030"},{"taxonomy":"product_shape","embeddable":true,"href":"https:\/\/staging.ampcometal.com\/pt-br\/wp-json\/wp\/v2\/product_shape?post=53030"}],"curies":[{"name":"wp","href":"https:\/\/api.w.org\/{rel}","templated":true}]}}