{"id":53026,"date":"2021-09-06T19:51:16","date_gmt":"2021-09-06T17:51:16","guid":{"rendered":"https:\/\/staging.ampcometal.com\/products\/%product_category%\/ampco-673-2\/"},"modified":"2024-03-18T13:01:42","modified_gmt":"2024-03-18T11:01:42","slug":"ampco-673","status":"publish","type":"product","link":"https:\/\/staging.ampcometal.com\/pt-br\/productos\/outras-ligas\/ampco-673\/","title":{"rendered":"AMPCO\u00ae 673"},"content":{"rendered":"<ul>\n<li><strong>Excepcional forjabilidade a quente:<\/strong> Esse bronze de alum\u00ednio tem uma classifica\u00e7\u00e3o de forjabilidade a quente de 100, o que o torna altamente male\u00e1vel para formar v\u00e1rios componentes.<\/li>\n<li data-gc-list-depth=\"1\" data-gc-list-style=\"bullet\"><strong>Usinabilidade impressionante:<\/strong> Com uma classifica\u00e7\u00e3o de usinabilidade de 80%, essa liga oferece f\u00e1cil personaliza\u00e7\u00e3o e, ao mesmo tempo, mant\u00e9m um desempenho robusto.<\/li>\n<li data-gc-list-depth=\"1\" data-gc-list-style=\"bullet\"><strong>Aplica\u00e7\u00f5es vers\u00e1teis:<\/strong> Pode ser usado em uma variedade de aplica\u00e7\u00f5es, incluindo buchas, engrenagens, cames, porcas e parafusos, bielas, eixos intermedi\u00e1rios, engrenagens sem-fim, dedos de alimenta\u00e7\u00e3o e parafusos de avan\u00e7o.<\/li>\n<li data-gc-list-depth=\"1\" data-gc-list-style=\"bullet\"><strong>Ideal para ambientes corrosivos:<\/strong> Suas propriedades exclusivas o tornam adequado para aplica\u00e7\u00f5es que exigem confiabilidade e durabilidade em ambientes de sa\u00edda corrosivos.<\/li>\n<\/ul>\n<h5>Propriedades e especifica\u00e7\u00f5es do AMPCO\u00ae 673<\/h5>\n<p><\/br><br \/>\nO AMPCO\u00ae 673 \u00e9 uma liga superior de bronze-alum\u00ednio conhecida por suas propriedades not\u00e1veis. Com uma excelente classifica\u00e7\u00e3o de forjabilidade a quente de 100, \u00e9 a escolha preferida para aplica\u00e7\u00f5es que exigem <a href=\"https:\/\/staging.ampcometal.com\/applications\/metal-forming\/\">moldagem<\/a> extensiva. Al\u00e9m disso, a liga oferece usinabilidade excepcional com uma impressionante classifica\u00e7\u00e3o de 80%, o que facilita a personaliza\u00e7\u00e3o. Esse bronze de alum\u00ednio compartilha caracter\u00edsticas b\u00e1sicas com o <a href=\"https:\/\/staging.ampcometal.com\/products\/other-alloys\/ampco-674\/\">AMPCO\u00ae 674<\/a>, ambas ligas de zinco-mangan\u00eas-sil\u00edcio-chumbo-cobre projetadas para condi\u00e7\u00f5es exclusivas. Em particular, o AMPCO\u00ae 673 tem um teor de chumbo mais alto, o que melhora a usinabilidade e mant\u00e9m o desempenho robusto. Sua versatilidade o torna ideal para uma ampla gama de aplica\u00e7\u00f5es, incluindo buchas, engrenagens, cames, porcas e parafusos, bielas, eixos intermedi\u00e1rios, engrenagens sem-fim, dedos de alimenta\u00e7\u00e3o e parafusos de porca de avan\u00e7o.<\/p>\n<h5>Aplica\u00e7\u00f5es do AMPCO\u00ae 673<\/h5>\n<p><\/br><br \/>\nO bronze de alum\u00ednio AMPCO\u00ae 673 encontra aplica\u00e7\u00f5es vers\u00e1teis em uma ampla gama de setores. Sua excepcional forjabilidade a quente e usinabilidade fazem dele a melhor op\u00e7\u00e3o para a conforma\u00e7\u00e3o de v\u00e1rios componentes, como buchas, engrenagens, cames, porcas e parafusos, bielas, eixos intermedi\u00e1rios, engrenagens sem-fim, dedos de alimenta\u00e7\u00e3o e parafusos de porca de avan\u00e7o. A combina\u00e7\u00e3o exclusiva de propriedades dessa liga, incluindo o alto teor de chumbo, garante uma usinagem precisa e, ao mesmo tempo, mant\u00e9m um desempenho robusto. Como resultado, essa liga \u00e9 ideal para aplica\u00e7\u00f5es de rolamentos e sa\u00eddas corrosivas, proporcionando confiabilidade e durabilidade em ambientes exigentes.<\/p>\n","protected":false},"featured_media":50559,"template":"","meta":{"_et_pb_use_builder":"","_et_pb_old_content":"","_et_gb_content_width":"","inline_featured_image":false,"_links_to":"","_links_to_target":""},"product_category":[493],"product_type":[509],"product_shape":[649],"class_list":["post-53026","product","type-product","status-publish","has-post-thumbnail","hentry","product_category-outras-ligas"],"acf":[],"aioseo_notices":[],"_links":{"self":[{"href":"https:\/\/staging.ampcometal.com\/pt-br\/wp-json\/wp\/v2\/product\/53026","targetHints":{"allow":["GET"]}}],"collection":[{"href":"https:\/\/staging.ampcometal.com\/pt-br\/wp-json\/wp\/v2\/product"}],"about":[{"href":"https:\/\/staging.ampcometal.com\/pt-br\/wp-json\/wp\/v2\/types\/product"}],"wp:featuredmedia":[{"embeddable":true,"href":"https:\/\/staging.ampcometal.com\/pt-br\/wp-json\/wp\/v2\/media\/50559"}],"wp:attachment":[{"href":"https:\/\/staging.ampcometal.com\/pt-br\/wp-json\/wp\/v2\/media?parent=53026"}],"wp:term":[{"taxonomy":"product_category","embeddable":true,"href":"https:\/\/staging.ampcometal.com\/pt-br\/wp-json\/wp\/v2\/product_category?post=53026"},{"taxonomy":"product_type","embeddable":true,"href":"https:\/\/staging.ampcometal.com\/pt-br\/wp-json\/wp\/v2\/product_type?post=53026"},{"taxonomy":"product_shape","embeddable":true,"href":"https:\/\/staging.ampcometal.com\/pt-br\/wp-json\/wp\/v2\/product_shape?post=53026"}],"curies":[{"name":"wp","href":"https:\/\/api.w.org\/{rel}","templated":true}]}}