{"id":53023,"date":"2021-09-06T19:51:14","date_gmt":"2021-09-06T17:51:14","guid":{"rendered":"https:\/\/staging.ampcometal.com\/products\/%product_category%\/ampco-863-2\/"},"modified":"2024-03-18T12:35:02","modified_gmt":"2024-03-18T10:35:02","slug":"ampco-863","status":"publish","type":"product","link":"https:\/\/staging.ampcometal.com\/pt-br\/productos\/outras-ligas\/ampco-863\/","title":{"rendered":"AMPCO\u00ae 863"},"content":{"rendered":"<ul>\n<li data-gc-list-depth=\"1\" data-gc-list-style=\"bullet\"><strong>Alta resist\u00eancia: <\/strong>Essa liga oferece resist\u00eancia excepcional, o que a torna adequada para aplica\u00e7\u00f5es exigentes.<\/li>\n<li data-gc-list-depth=\"1\" data-gc-list-style=\"bullet\"><strong>Resist\u00eancia superior \u00e0 corros\u00e3o:<\/strong> \u00c9 altamente resistente \u00e0 corros\u00e3o, garantindo durabilidade em ambientes adversos.<\/li>\n<li data-gc-list-depth=\"1\" data-gc-list-style=\"bullet\"><strong>Aplica\u00e7\u00f5es vers\u00e1teis: <\/strong>Esse bronze de alum\u00ednio \u00e9 usado em uma variedade de setores, desde a constru\u00e7\u00e3o pesada at\u00e9 ambientes industriais.<\/li>\n<li data-gc-list-depth=\"1\" data-gc-list-style=\"bullet\"><strong>Microestrutura exclusiva da fase AMPCO: <\/strong>Sua distribui\u00e7\u00e3o exclusiva de <a href=\"https:\/\/staging.ampcometal.com\/technical-data\/microcast-technology\/\">microestrutura<\/a>, conhecida como &#8220;AMPCO Phase&#8221;, o diferencia e contribui para sua superioridade consistente e desempenho duradouro.<\/li>\n<\/ul>\n<h5>Propriedades e especifica\u00e7\u00f5es do AMPCO\u00ae 863<\/h5>\n<p><\/br><br \/>\nO AMPCO\u00ae 863 \u00e9 uma liga de bronze mangan\u00eas de fundi\u00e7\u00e3o cont\u00ednua conhecida por suas propriedades not\u00e1veis. Com uma composi\u00e7\u00e3o de 62% de cobre, 6% de alum\u00ednio, 3% de mangan\u00eas, 3% de ferro e 26% de zinco, essa liga oferece for\u00e7a excepcional e resist\u00eancia superior \u00e0 corros\u00e3o. Ele se destaca nos mercados de constru\u00e7\u00e3o pesada e em v\u00e1rias aplica\u00e7\u00f5es industriais, incluindo rolamentos, engrenagens sem-fim, cames, bielas e porcas de parafuso de avan\u00e7o. Especificamente, esse bronze de alum\u00ednio tem uma distribui\u00e7\u00e3o de microestrutura exclusiva, chamada de <a href=\"https:\/\/staging.ampcometal.com\/technical-data\/microcast-technology\/\">fase AMPCO<\/a>, que o diferencia das alternativas comerciais de bronze e contribui significativamente para sua superioridade consistente e desempenho duradouro.<\/p>\n<h5>Aplica\u00e7\u00f5es do AMPCO\u00ae 863<\/h5>\n<p><\/br><br \/>\nO AMPCO\u00ae 863 \u00e9 usado em uma ampla variedade de setores, o que o torna uma op\u00e7\u00e3o confi\u00e1vel para ambientes exigentes. Essa liga de bronze mangan\u00eas de alta resist\u00eancia e fundi\u00e7\u00e3o cont\u00ednua \u00e9 ideal para os mercados de constru\u00e7\u00e3o pesada, onde sua excepcional for\u00e7a e resist\u00eancia \u00e0 corros\u00e3o se destacam. Ele se destaca em aplica\u00e7\u00f5es como buchas segmentadas e mancais de deslizamento, proporcionando desempenho confi\u00e1vel e vida \u00fatil prolongada. Al\u00e9m da constru\u00e7\u00e3o, a liga tamb\u00e9m se comprovou em aplica\u00e7\u00f5es industriais, incluindo o uso em rolamentos, engrenagens sem-fim, cames, bielas, porcas rosqueadas e muito mais. Sua adaptabilidade e durabilidade fazem dele o material preferido para uma ampla gama de aplica\u00e7\u00f5es cr\u00edticas.<\/p>\n","protected":false},"featured_media":50559,"template":"","meta":{"_et_pb_use_builder":"","_et_pb_old_content":"","_et_gb_content_width":"","inline_featured_image":false,"_links_to":"","_links_to_target":""},"product_category":[493],"product_type":[555],"product_shape":[639,654,649],"class_list":["post-53023","product","type-product","status-publish","has-post-thumbnail","hentry","product_category-outras-ligas"],"acf":[],"aioseo_notices":[],"_links":{"self":[{"href":"https:\/\/staging.ampcometal.com\/pt-br\/wp-json\/wp\/v2\/product\/53023","targetHints":{"allow":["GET"]}}],"collection":[{"href":"https:\/\/staging.ampcometal.com\/pt-br\/wp-json\/wp\/v2\/product"}],"about":[{"href":"https:\/\/staging.ampcometal.com\/pt-br\/wp-json\/wp\/v2\/types\/product"}],"wp:featuredmedia":[{"embeddable":true,"href":"https:\/\/staging.ampcometal.com\/pt-br\/wp-json\/wp\/v2\/media\/50559"}],"wp:attachment":[{"href":"https:\/\/staging.ampcometal.com\/pt-br\/wp-json\/wp\/v2\/media?parent=53023"}],"wp:term":[{"taxonomy":"product_category","embeddable":true,"href":"https:\/\/staging.ampcometal.com\/pt-br\/wp-json\/wp\/v2\/product_category?post=53023"},{"taxonomy":"product_type","embeddable":true,"href":"https:\/\/staging.ampcometal.com\/pt-br\/wp-json\/wp\/v2\/product_type?post=53023"},{"taxonomy":"product_shape","embeddable":true,"href":"https:\/\/staging.ampcometal.com\/pt-br\/wp-json\/wp\/v2\/product_shape?post=53023"}],"curies":[{"name":"wp","href":"https:\/\/api.w.org\/{rel}","templated":true}]}}