{"id":53020,"date":"2021-09-06T19:51:14","date_gmt":"2021-09-06T17:51:14","guid":{"rendered":"https:\/\/staging.ampcometal.com\/products\/%product_category%\/bronze-de-lata\/"},"modified":"2024-04-05T10:44:37","modified_gmt":"2024-04-05T08:44:37","slug":"bronze-estanho","status":"publish","type":"product","link":"https:\/\/staging.ampcometal.com\/pt-br\/productos\/ligas-padrao\/bronze-estanho\/","title":{"rendered":"Bronze Estanho"},"content":{"rendered":"<ul>\n<li><strong>Propriedades mec\u00e2nicas excepcionais: <\/strong>Nossos bronzes estanhados t\u00eam excelentes propriedades mec\u00e2nicas, incluindo alta resist\u00eancia, resist\u00eancia ao desgaste e tenacidade.<\/li>\n<li data-gc-list-depth=\"1\" data-gc-list-style=\"bullet\"><strong>Resist\u00eancia \u00e0 corros\u00e3o:<\/strong> Essa liga \u00e9 extremamente resistente \u00e0 corros\u00e3o, o que a torna adequada para uso em ambientes <a href=\"https:\/\/staging.ampcometal.com\/industries\/marine\/\">marinhos<\/a> e industriais.<\/li>\n<li data-gc-list-depth=\"1\" data-gc-list-style=\"bullet\"><strong>Aplica\u00e7\u00f5es vers\u00e1teis: <\/strong>\u00c9 altamente vers\u00e1til e encontra aplica\u00e7\u00f5es em uma ampla gama de setores, incluindo <a href=\"https:\/\/staging.ampcometal.com\/industries\/aerospace\/\">aeroespacial<\/a>, defesa e maquin\u00e1rio industrial.<\/li>\n<li data-gc-list-depth=\"1\" data-gc-list-style=\"bullet\"><strong>Composi\u00e7\u00f5es personalizadas: <\/strong>Oferece a flexibilidade de composi\u00e7\u00f5es qu\u00edmicas personalizadas, permitindo solu\u00e7\u00f5es sob medida para atender aos requisitos de aplica\u00e7\u00f5es espec\u00edficas.<\/li>\n<\/ul>\n<h5>Propriedades e especifica\u00e7\u00f5es<\/h5>\n<p>Nossas ligas de bronze de estanho s\u00e3o conhecidas por suas propriedades e especifica\u00e7\u00f5es excepcionais. Essas ligas s\u00e3o valorizadas por sua alta resist\u00eancia, desempenho em baixa velocidade e durabilidade, o que as torna ideais para uma ampla gama de aplica\u00e7\u00f5es. Com uma composi\u00e7\u00e3o que inclui cobre e estanho, eles apresentam uma impressionante resist\u00eancia \u00e0 corros\u00e3o, o que os torna adequados para ambientes <a href=\"https:\/\/staging.ampcometal.com\/industries\/marine\/\">marinhos<\/a> e industriais. Sua versatilidade se estende a aplica\u00e7\u00f5es como engrenagens, buchas, rolamentos, impulsores de bombas, an\u00e9is de pist\u00e3o e conex\u00f5es de vapor. Formula\u00e7\u00f5es personalizadas tamb\u00e9m est\u00e3o dispon\u00edveis mediante solicita\u00e7\u00e3o, fornecendo solu\u00e7\u00f5es sob medida para atender \u00e0s necessidades espec\u00edficas de v\u00e1rios setores.<\/p>\n<ul>\n<li>Dispon\u00edvel em tamanhos especiais como formatos U- \/ L- \/ T-.<\/li>\n<li>Com ret\u00e2ngulos a partir de 8 mm de espessura.<\/li>\n<li>Barras redondas de 20 mm a 212 mm de di\u00e2metro.<\/li>\n<li>Tubos com espessura de parede m\u00edn. de 8 mm a OD 100 mm.<\/li>\n<\/ul>\n<p>As ligas incluem:<\/p>\n<ul>\n<li style=\"list-style-type: none;\">\n<ul>\n<li>CuSn8<\/li>\n<li>CuSn9<\/li>\n<li>CuSn10<\/li>\n<li>CuSn12<\/li>\n<li>CuSn11Pb2<\/li>\n<li>CuSn12Ni2<\/li>\n<li>CuSn7Zn2Pb3<\/li>\n<\/ul>\n<\/li>\n<\/ul>\n<p>Composi\u00e7\u00f5es qu\u00edmicas espec\u00edficas ou personalizadas est\u00e3o dispon\u00edveis mediante solicita\u00e7\u00e3o.<\/p>\n<p>As ligas de bronze-estanho AMPCO\u00ae s\u00e3o um produto premium que pode oferecer desempenho para aplica\u00e7\u00f5es exigentes.<\/p>\n<h5>Aplica\u00e7\u00f5es de bronze-estanho<\/h5>\n<p>Nosso Tin Bronze \u00e9 uma liga vers\u00e1til com propriedades mec\u00e2nicas not\u00e1veis e <a href=\"https:\/\/staging.ampcometal.com\/applications\/corrosion-resistance\/\">resist\u00eancia \u00e0 corros\u00e3o<\/a> que atende a uma ampla gama de aplica\u00e7\u00f5es em v\u00e1rios setores. Essa liga de alta resist\u00eancia \u00e9 valorizada por sua adequa\u00e7\u00e3o a cen\u00e1rios de alta carga e baixa velocidade, o que a torna a escolha ideal para aplica\u00e7\u00f5es como fabrica\u00e7\u00e3o de engrenagens, buchas, rolamentos e impulsores de bombas. Al\u00e9m de suas capacidades mec\u00e2nicas, ele \u00e9 usado em componentes cr\u00edticos, como an\u00e9is de pist\u00e3o, conex\u00f5es de vapor e corpos de v\u00e1lvulas, onde a durabilidade e a confiabilidade s\u00e3o fundamentais. Sua adaptabilidade se estende ao setor el\u00e9trico, com aplica\u00e7\u00f5es em conectores, rel\u00e9s e molas condutoras. Com composi\u00e7\u00f5es personalizadas dispon\u00edveis, as ligas AMPCO\u00ae Tin Bronze atendem a uma ampla gama de necessidades espec\u00edficas, o que as torna a primeira op\u00e7\u00e3o em uma variedade de ambientes industriais.<\/p>\n","protected":false},"featured_media":0,"template":"product-standard-alloy.php","meta":{"_et_pb_use_builder":"","_et_pb_old_content":"","_et_gb_content_width":"","inline_featured_image":false,"_links_to":"","_links_to_target":""},"product_category":[498],"product_type":[],"product_shape":[],"class_list":["post-53020","product","type-product","status-publish","hentry","product_category-ligas-padrao"],"acf":[],"aioseo_notices":[],"_links":{"self":[{"href":"https:\/\/staging.ampcometal.com\/pt-br\/wp-json\/wp\/v2\/product\/53020","targetHints":{"allow":["GET"]}}],"collection":[{"href":"https:\/\/staging.ampcometal.com\/pt-br\/wp-json\/wp\/v2\/product"}],"about":[{"href":"https:\/\/staging.ampcometal.com\/pt-br\/wp-json\/wp\/v2\/types\/product"}],"wp:attachment":[{"href":"https:\/\/staging.ampcometal.com\/pt-br\/wp-json\/wp\/v2\/media?parent=53020"}],"wp:term":[{"taxonomy":"product_category","embeddable":true,"href":"https:\/\/staging.ampcometal.com\/pt-br\/wp-json\/wp\/v2\/product_category?post=53020"},{"taxonomy":"product_type","embeddable":true,"href":"https:\/\/staging.ampcometal.com\/pt-br\/wp-json\/wp\/v2\/product_type?post=53020"},{"taxonomy":"product_shape","embeddable":true,"href":"https:\/\/staging.ampcometal.com\/pt-br\/wp-json\/wp\/v2\/product_shape?post=53020"}],"curies":[{"name":"wp","href":"https:\/\/api.w.org\/{rel}","templated":true}]}}