{"id":53018,"date":"2021-09-06T19:51:13","date_gmt":"2021-09-06T17:51:13","guid":{"rendered":"https:\/\/staging.ampcometal.com\/products\/%product_category%\/ampcoloy-89-2\/"},"modified":"2024-04-02T11:28:02","modified_gmt":"2024-04-02T09:28:02","slug":"ampcoloy-89","status":"publish","type":"product","link":"https:\/\/staging.ampcometal.com\/pt-br\/productos\/ampcoloy-liga-de-alto-teor-de-cobre\/ampcoloy-89\/","title":{"rendered":"AMPCOLOY\u00ae 89"},"content":{"rendered":"<ul>\n<li data-gc-list-depth=\"1\" data-gc-list-style=\"bullet\"><strong>Alta condutividade el\u00e9trica:<\/strong> Essa liga de alto teor de cobre tem excelente condutividade el\u00e9trica, o que a torna adequada para aplica\u00e7\u00f5es que exigem transfer\u00eancia el\u00e9trica eficiente.<\/li>\n<li data-gc-list-depth=\"1\" data-gc-list-style=\"bullet\"><strong>Propriedades superiores de transfer\u00eancia de calor:<\/strong> A liga de bronze apresenta propriedades aprimoradas de transfer\u00eancia de calor, garantindo uma condutividade t\u00e9rmica eficaz em v\u00e1rias aplica\u00e7\u00f5es.<\/li>\n<li data-gc-list-depth=\"1\" data-gc-list-style=\"bullet\"><strong>Resist\u00eancia excepcional ao desgaste:<\/strong> Projetado para oferecer resist\u00eancia superior ao desgaste, garantindo durabilidade e longevidade em ambientes exigentes.<\/li>\n<li data-gc-list-depth=\"1\" data-gc-list-style=\"bullet\"><strong>Resist\u00eancia \u00e0 corros\u00e3o: <\/strong>Com sua resist\u00eancia \u00e0 corros\u00e3o, a liga mant\u00e9m sua integridade mesmo em condi\u00e7\u00f5es adversas e corrosivas, prolongando sua vida \u00fatil e confiabilidade.<\/li>\n<\/ul>\n<h5>Propriedades e especifica\u00e7\u00f5es<\/h5>\n<p><\/br><br \/>\nO AMPCOLOY\u00ae 89 \u00e9 uma liga de bronze not\u00e1vel que foi forjada e extrudada para atingir as melhores propriedades f\u00edsicas. Projetado com propriedades el\u00e9tricas e de transfer\u00eancia de calor ligeiramente superiores \u00e0s do <a href=\"https:\/\/staging.ampcometal.com\/products\/ampcoloy-high-copper-alloy\/ampcoloy-95\/\">AMPCOLOY\u00ae 95<\/a>, ele oferece excepcional resist\u00eancia ao desgaste e \u00e0 corros\u00e3o. Essa composi\u00e7\u00e3o exclusiva resulta em condutividade t\u00e9rmica superior, melhor tempo de ciclo e maior vida \u00fatil da ferramenta &#8211; at\u00e9 50% mais longa do que o cobre-tit\u00e2nio. Com sua alta resist\u00eancia \u00e0 tra\u00e7\u00e3o, o AMPCOLOY\u00ae 89 \u00e9 a escolha ideal para aplica\u00e7\u00f5es que exigem durabilidade e transfer\u00eancia de calor eficiente.<\/p>\n<h5>Aplica\u00e7\u00f5es<\/h5>\n<p><\/br><br \/>\nO AMPCOLOY\u00ae 89 tem uma ampla gama de aplica\u00e7\u00f5es em v\u00e1rios setores. Suas excepcionais propriedades el\u00e9tricas e de transfer\u00eancia de calor fazem dele a escolha preferida para ferramentas de solda flash, rodas de solda e eletrodos de solda de malha. Tamb\u00e9m se destaca como ponta de \u00eambolo em m\u00e1quinas de fundi\u00e7\u00e3o sob press\u00e3o de alum\u00ednio e como componente em moldes para moldagem por inje\u00e7\u00e3o de pl\u00e1stico. Seja na produ\u00e7\u00e3o de componentes de precis\u00e3o ou no aprimoramento do desempenho de equipamentos de soldagem, as propriedades exclusivas da liga s\u00e3o inestim\u00e1veis em uma variedade de aplica\u00e7\u00f5es exigentes.<\/p>\n","protected":false},"featured_media":50551,"template":"","meta":{"_et_pb_use_builder":"","_et_pb_old_content":"","_et_gb_content_width":"","inline_featured_image":false,"_links_to":"","_links_to_target":""},"product_category":[481],"product_type":[509,532],"product_shape":[633,649],"class_list":["post-53018","product","type-product","status-publish","has-post-thumbnail","hentry","product_category-ampcoloy-liga-de-alto-teor-de-cobre"],"acf":[],"aioseo_notices":[],"_links":{"self":[{"href":"https:\/\/staging.ampcometal.com\/pt-br\/wp-json\/wp\/v2\/product\/53018","targetHints":{"allow":["GET"]}}],"collection":[{"href":"https:\/\/staging.ampcometal.com\/pt-br\/wp-json\/wp\/v2\/product"}],"about":[{"href":"https:\/\/staging.ampcometal.com\/pt-br\/wp-json\/wp\/v2\/types\/product"}],"wp:featuredmedia":[{"embeddable":true,"href":"https:\/\/staging.ampcometal.com\/pt-br\/wp-json\/wp\/v2\/media\/50551"}],"wp:attachment":[{"href":"https:\/\/staging.ampcometal.com\/pt-br\/wp-json\/wp\/v2\/media?parent=53018"}],"wp:term":[{"taxonomy":"product_category","embeddable":true,"href":"https:\/\/staging.ampcometal.com\/pt-br\/wp-json\/wp\/v2\/product_category?post=53018"},{"taxonomy":"product_type","embeddable":true,"href":"https:\/\/staging.ampcometal.com\/pt-br\/wp-json\/wp\/v2\/product_type?post=53018"},{"taxonomy":"product_shape","embeddable":true,"href":"https:\/\/staging.ampcometal.com\/pt-br\/wp-json\/wp\/v2\/product_shape?post=53018"}],"curies":[{"name":"wp","href":"https:\/\/api.w.org\/{rel}","templated":true}]}}