{"id":53017,"date":"2021-09-06T19:51:12","date_gmt":"2021-09-06T17:51:12","guid":{"rendered":"https:\/\/staging.ampcometal.com\/products\/%product_category%\/ams-4880-2\/"},"modified":"2024-04-05T12:07:58","modified_gmt":"2024-04-05T10:07:58","slug":"ams-4880","status":"publish","type":"product","link":"https:\/\/staging.ampcometal.com\/pt-br\/productos\/ligas-ams\/ams-4880\/","title":{"rendered":"AMS 4880"},"content":{"rendered":"<ul>\n<li data-gc-list-depth=\"1\" data-gc-list-style=\"bullet\"><strong>Propriedades mec\u00e2nicas excepcionais:<\/strong> Esse bronze AMS oferece propriedades mec\u00e2nicas excepcionais que superam os bronzes de n\u00edquel-alum\u00ednio convencionais e rivalizam com o cobre-ber\u00edlio.<\/li>\n<li data-gc-list-depth=\"1\" data-gc-list-style=\"bullet\"><strong>Aplica\u00e7\u00f5es vers\u00e1teis:<\/strong> Essa liga vers\u00e1til \u00e9 adequada para uma ampla gama de aplica\u00e7\u00f5es, inclusive aquelas que envolvem desgaste abrasivo, atrito, deforma\u00e7\u00e3o e eros\u00e3o qu\u00edmica.<\/li>\n<li data-gc-list-depth=\"1\" data-gc-list-style=\"bullet\"><strong>Desempenho econ\u00f4mico:<\/strong> Esse bronze de alum\u00ednio oferece uma impressionante economia de custos por meio de m\u00e9todos de produ\u00e7\u00e3o superiores, menor uso de material, redu\u00e7\u00e3o de peso, menores custos de usinagem e elimina\u00e7\u00e3o de sucata.<\/li>\n<li data-gc-list-depth=\"1\" data-gc-list-style=\"bullet\"><strong>Aplica\u00e7\u00f5es em expans\u00e3o:<\/strong> Originalmente desenvolvido para especifica\u00e7\u00f5es aeroespaciais, o AMS 4880 est\u00e1 ganhando popularidade rapidamente em setores como aplica\u00e7\u00f5es mar\u00edtimas e industriais.<\/li>\n<\/ul>\n<h2><strong>Propriedades e especifica\u00e7\u00f5es<\/strong><\/h2>\n<p><\/br><br \/>\nA AMS 4880 \u00e9 uma not\u00e1vel liga de bronze de alum\u00ednio e n\u00edquel conhecida por suas propriedades e especifica\u00e7\u00f5es excepcionais. Produzida por meio de um processo de fundi\u00e7\u00e3o cont\u00ednua e tratamento t\u00e9rmico, essa liga oferece propriedades mec\u00e2nicas excepcionais que excedem as dos bronzes de n\u00edquel-alum\u00ednio convencionais, rivalizando at\u00e9 mesmo com o cobre-ber\u00edlio, al\u00e9m de ser mais econ\u00f4mica e sem os requisitos de higiene industrial associados. Esse bronze AMS oferece alta resist\u00eancia, resist\u00eancia \u00e0 corros\u00e3o e resist\u00eancia superior ao desgaste, o que o torna a escolha ideal para aplica\u00e7\u00f5es que envolvem cargas pesadas, atrito, desgaste abrasivo e corros\u00e3o. Suas propriedades impressionantes levaram \u00e0 sua ado\u00e7\u00e3o em diversos setores, incluindo aplica\u00e7\u00f5es aeroespaciais, mar\u00edtimas e industriais.<\/p>\n<h2><strong>Aplica\u00e7\u00f5es<\/strong><\/h2>\n<p><\/br><br \/>\nO AMS 4880, uma liga vers\u00e1til de bronze de alum\u00ednio e n\u00edquel, encontra seu nicho em uma ampla gama de aplica\u00e7\u00f5es cr\u00edticas. Essa liga \u00e9 excelente em ambientes onde prevalecem o desgaste abrasivo, o atrito, a deforma\u00e7\u00e3o e a eros\u00e3o qu\u00edmica. As aplica\u00e7\u00f5es comuns incluem rolamentos e buchas de aeronaves, eixos de bombas e mar\u00edtimos, an\u00e9is de desgaste, eixos e assentos de v\u00e1lvulas e v\u00e1rios componentes de m\u00e1quinas-ferramenta. Originalmente desenvolvida para especifica\u00e7\u00f5es aeroespaciais, a liga expandiu rapidamente seu alcance e est\u00e1 em demanda nos setores que exigem propriedades mec\u00e2nicas aprimoradas e resist\u00eancia \u00e0 corros\u00e3o. \u00c9 a escolha preferida para rolamentos de trens de pouso de aeronaves, ferramentas industriais de curvatura de tubos, rodas de engrenagem e placas de desgaste e de guia, entre outras aplica\u00e7\u00f5es.<\/p>\n","protected":false},"featured_media":50507,"template":"","meta":{"_et_pb_use_builder":"","_et_pb_old_content":"","_et_gb_content_width":"","inline_featured_image":false,"_links_to":"","_links_to_target":""},"product_category":[488],"product_type":[555],"product_shape":[654,649],"class_list":["post-53017","product","type-product","status-publish","has-post-thumbnail","hentry","product_category-ligas-ams"],"acf":[],"aioseo_notices":[],"_links":{"self":[{"href":"https:\/\/staging.ampcometal.com\/pt-br\/wp-json\/wp\/v2\/product\/53017","targetHints":{"allow":["GET"]}}],"collection":[{"href":"https:\/\/staging.ampcometal.com\/pt-br\/wp-json\/wp\/v2\/product"}],"about":[{"href":"https:\/\/staging.ampcometal.com\/pt-br\/wp-json\/wp\/v2\/types\/product"}],"wp:featuredmedia":[{"embeddable":true,"href":"https:\/\/staging.ampcometal.com\/pt-br\/wp-json\/wp\/v2\/media\/50507"}],"wp:attachment":[{"href":"https:\/\/staging.ampcometal.com\/pt-br\/wp-json\/wp\/v2\/media?parent=53017"}],"wp:term":[{"taxonomy":"product_category","embeddable":true,"href":"https:\/\/staging.ampcometal.com\/pt-br\/wp-json\/wp\/v2\/product_category?post=53017"},{"taxonomy":"product_type","embeddable":true,"href":"https:\/\/staging.ampcometal.com\/pt-br\/wp-json\/wp\/v2\/product_type?post=53017"},{"taxonomy":"product_shape","embeddable":true,"href":"https:\/\/staging.ampcometal.com\/pt-br\/wp-json\/wp\/v2\/product_shape?post=53017"}],"curies":[{"name":"wp","href":"https:\/\/api.w.org\/{rel}","templated":true}]}}