{"id":53016,"date":"2021-09-06T19:51:12","date_gmt":"2021-09-06T17:51:12","guid":{"rendered":"https:\/\/staging.ampcometal.com\/products\/%product_category%\/latao\/"},"modified":"2024-03-19T12:32:42","modified_gmt":"2024-03-19T10:32:42","slug":"latao","status":"publish","type":"product","link":"https:\/\/staging.ampcometal.com\/pt-br\/productos\/ligas-padrao\/latao\/","title":{"rendered":"Lat\u00e3o"},"content":{"rendered":"<ul>\n<li><strong>Alta resist\u00eancia: <\/strong>Nosso lat\u00e3o tem excelentes propriedades de resist\u00eancia, o que o torna adequado para uma variedade de aplica\u00e7\u00f5es exigentes.<\/li>\n<li data-gc-list-depth=\"1\" data-gc-list-style=\"bullet\"><strong>Resist\u00eancia \u00e0 corros\u00e3o:<\/strong> A liga \u00e9 altamente resistente \u00e0 corros\u00e3o, garantindo durabilidade em ambientes adversos.<\/li>\n<li data-gc-list-depth=\"1\" data-gc-list-style=\"bullet\"><strong>Resist\u00eancia ao calor: <\/strong>Mant\u00e9m sua integridade em altas temperaturas, o que o torna ideal para aplica\u00e7\u00f5es que envolvem calor e atrito.<\/li>\n<li data-gc-list-depth=\"1\" data-gc-list-style=\"bullet\"><strong>Versatilidade: <\/strong>Dispon\u00edvel em uma variedade de formas e tamanhos, ele oferece versatilidade em design e usabilidade em v\u00e1rios setores e produtos.<\/li>\n<\/ul>\n<h5>Propriedades e especifica\u00e7\u00f5es<\/h5>\n<p>A liga de lat\u00e3o padr\u00e3o da AMPCO tem propriedades excepcionais que a tornam a melhor op\u00e7\u00e3o para aplica\u00e7\u00f5es exigentes. Essa liga de lat\u00e3o premium est\u00e1 dispon\u00edvel em v\u00e1rios graus, com composi\u00e7\u00f5es personalizadas dispon\u00edveis mediante solicita\u00e7\u00e3o. Ele \u00e9 conhecido por sua alta resist\u00eancia, <a href=\"https:\/\/staging.ampcometal.com\/applications\/corrosion-resistance\/\">resist\u00eancia \u00e0 corros\u00e3o<\/a> e resist\u00eancia ao calor. Essa liga vers\u00e1til \u00e9 ideal para aplica\u00e7\u00f5es de baixo atrito, baixa velocidade e alta press\u00e3o, o que a torna a escolha perfeita para fixadores, buchas, cames, pe\u00e7as de m\u00e1quinas e muito mais.<\/p>\n<ul>\n<li>Dispon\u00edvel em tamanhos especiais como formatos U- \/ L- \/ T-.<\/li>\n<li>Com ret\u00e2ngulos a partir de 8 mm de espessura.<\/li>\n<li>Barras redondas de 20 mm a 212 mm de di\u00e2metro.<\/li>\n<li>Tubos com espessura de parede m\u00edn. de 8 mm a OD 100 mm.<\/li>\n<\/ul>\n<p>As ligas incluem:<\/p>\n<ul>\n<li>CuZn25Al5Mn4Fe3<\/li>\n<li>CuZn35Mn2Al1Fe1<\/li>\n<li>CuZn35Mn2Al1Fe1<\/li>\n<li>CuZn37Al1<\/li>\n<li>CuZn19Al6<\/li>\n<li>CuZn23Al4<\/li>\n<\/ul>\n<p>Composi\u00e7\u00f5es qu\u00edmicas espec\u00edficas ou personalizadas est\u00e3o dispon\u00edveis mediante solicita\u00e7\u00e3o.<\/p>\n<h5>Aplica\u00e7\u00f5es<\/h5>\n<p>A liga de lat\u00e3o padr\u00e3o da AMPCO encontra suas aplica\u00e7\u00f5es vers\u00e1teis em uma variedade de setores. As propriedades not\u00e1veis dessa liga de lat\u00e3o premium, incluindo alta resist\u00eancia, resist\u00eancia \u00e0 corros\u00e3o e resist\u00eancia ao calor, tornam-na indispens\u00e1vel. \u00c9 amplamente utilizado em aplica\u00e7\u00f5es que v\u00e3o desde fixadores, porcas e buchas at\u00e9 cames, estruturas, engrenagens sem-fim, pe\u00e7as de m\u00e1quinas, ganchos, matrizes, eixos e hastes de v\u00e1lvulas. Sua confiabilidade e durabilidade fazem dele a primeira op\u00e7\u00e3o para setores como automotivo, constru\u00e7\u00e3o, conectores el\u00e9tricos, encanamento e aeroespacial. Seja para fornecer solu\u00e7\u00f5es de baixo atrito ou para garantir a longevidade em ambientes de alta press\u00e3o, a liga de lat\u00e3o padr\u00e3o da AMPCO \u00e9 um material confi\u00e1vel em uma ampla variedade de aplica\u00e7\u00f5es.<\/p>\n","protected":false},"featured_media":0,"template":"product-standard-alloy.php","meta":{"_et_pb_use_builder":"","_et_pb_old_content":"","_et_gb_content_width":"","inline_featured_image":false,"_links_to":"","_links_to_target":""},"product_category":[498],"product_type":[],"product_shape":[],"class_list":["post-53016","product","type-product","status-publish","hentry","product_category-ligas-padrao"],"acf":[],"aioseo_notices":[],"_links":{"self":[{"href":"https:\/\/staging.ampcometal.com\/pt-br\/wp-json\/wp\/v2\/product\/53016","targetHints":{"allow":["GET"]}}],"collection":[{"href":"https:\/\/staging.ampcometal.com\/pt-br\/wp-json\/wp\/v2\/product"}],"about":[{"href":"https:\/\/staging.ampcometal.com\/pt-br\/wp-json\/wp\/v2\/types\/product"}],"wp:attachment":[{"href":"https:\/\/staging.ampcometal.com\/pt-br\/wp-json\/wp\/v2\/media?parent=53016"}],"wp:term":[{"taxonomy":"product_category","embeddable":true,"href":"https:\/\/staging.ampcometal.com\/pt-br\/wp-json\/wp\/v2\/product_category?post=53016"},{"taxonomy":"product_type","embeddable":true,"href":"https:\/\/staging.ampcometal.com\/pt-br\/wp-json\/wp\/v2\/product_type?post=53016"},{"taxonomy":"product_shape","embeddable":true,"href":"https:\/\/staging.ampcometal.com\/pt-br\/wp-json\/wp\/v2\/product_shape?post=53016"}],"curies":[{"name":"wp","href":"https:\/\/api.w.org\/{rel}","templated":true}]}}