{"id":53011,"date":"2021-09-06T19:51:08","date_gmt":"2021-09-06T17:51:08","guid":{"rendered":"https:\/\/staging.ampcometal.com\/products\/%product_category%\/ampcoloy-83-2\/"},"modified":"2024-07-22T14:44:49","modified_gmt":"2024-07-22T12:44:49","slug":"ampcoloy-83","status":"publish","type":"product","link":"https:\/\/staging.ampcometal.com\/pt-br\/productos\/ampcoloy-liga-de-alto-teor-de-cobre\/ampcoloy-83\/","title":{"rendered":"AMPCOLOY\u00ae 83"},"content":{"rendered":"<ul>\n<li data-gc-list-depth=\"1\" data-gc-list-style=\"bullet\"><strong>Propriedades mec\u00e2nicas excepcionais:<\/strong> O AMPCOLOY\u00ae 83 apresenta alta dureza e resist\u00eancia superior ao desgaste, o que o torna ideal para aplica\u00e7\u00f5es em que a resist\u00eancia mec\u00e2nica \u00e9 fundamental.<\/li>\n<li data-gc-list-depth=\"1\" data-gc-list-style=\"bullet\"><strong>Excelente condutividade t\u00e9rmica:<\/strong> Essa liga de cobre-ber\u00edlio oferece excelente condutividade t\u00e9rmica, melhorando o desempenho em aplica\u00e7\u00f5es em que a dissipa\u00e7\u00e3o de calor \u00e9 fundamental.<\/li>\n<li data-gc-list-depth=\"1\" data-gc-list-style=\"bullet\"><strong>Resist\u00eancia \u00e0 corros\u00e3o: <\/strong>A liga oferece excelente resist\u00eancia \u00e0 corros\u00e3o, garantindo durabilidade e longevidade, especialmente em ambientes adversos.<\/li>\n<li data-gc-list-depth=\"1\" data-gc-list-style=\"bullet\"><strong>Versatilidade:<\/strong> Com boa usinabilidade e reparabilidade de solda, \u00e9 uma liga vers\u00e1til adequada para uma ampla gama de aplica\u00e7\u00f5es, desde componentes de moldes pl\u00e1sticos at\u00e9 pe\u00e7as el\u00e9tricas.<\/li>\n<\/ul>\n<h5>Propriedades e especifica\u00e7\u00f5es<\/h5>\n<p> O AMPCOLOY\u00ae 83 \u00e9 uma liga de cobre-ber\u00edlio de alta qualidade conhecida por suas propriedades excepcionais e versatilidade. Essa liga cont\u00e9m aproximadamente 1,9% de ber\u00edlio, o que proporciona excelente resist\u00eancia mec\u00e2nica, incluindo alta dureza e resist\u00eancia ao desgaste. Ele tamb\u00e9m tem boa condutividade el\u00e9trica e t\u00e9rmica. Essa liga de alto teor de cobre \u00e9 forjada e extrudada para atingir suas melhores propriedades f\u00edsicas, o que a torna adequada para uma ampla gama de aplica\u00e7\u00f5es. Sua resist\u00eancia \u00e0 corros\u00e3o, usinabilidade e possibilidade de reparo por solda fazem dele a escolha preferida dos setores que exigem componentes com resist\u00eancia mec\u00e2nica e condutividade. Com condutividade t\u00e9rmica superior, a liga melhora o tempo de ciclo e a vida \u00fatil do molde, especialmente em aplica\u00e7\u00f5es de moldagem de pl\u00e1stico, onde pode melhorar a vida \u00fatil do molde em at\u00e9 50% em compara\u00e7\u00e3o com o cobre-tit\u00e2nio. <\/p>\n<h5>Aplica\u00e7\u00f5es<\/h5>\n<p> O AMPCOLOY\u00ae 83 tem uma ampla gama de aplica\u00e7\u00f5es em uma variedade de setores devido \u00e0s suas propriedades excepcionais. Essa liga de cobre-ber\u00edlio de alta qualidade \u00e9 comumente usada na constru\u00e7\u00e3o de placas de resfriamento e inser\u00e7\u00f5es para moldes, pinos de resfriamento, an\u00e9is de pesco\u00e7o e placas de fundo para moldes de sopro usados na produ\u00e7\u00e3o de garrafas pl\u00e1sticas. Sua excelente resist\u00eancia ao desgaste e altas propriedades mec\u00e2nicas, aliadas \u00e0 boa condutividade el\u00e9trica e t\u00e9rmica, fazem dele a escolha preferida para pe\u00e7as em componentes el\u00e9tricos. Al\u00e9m disso, a liga com alto teor de cobre \u00e9 usada em aplica\u00e7\u00f5es como solda flash e solda de topo, em que sua combina\u00e7\u00e3o exclusiva de propriedades \u00e9 vantajosa. No entanto, \u00e9 importante tomar precau\u00e7\u00f5es de seguran\u00e7a ao trabalhar com o AMPCOLOY\u00ae 83 devido ao seu teor de ber\u00edlio, especialmente durante opera\u00e7\u00f5es que possam gerar poeira ou fuma\u00e7a, como esmerilhamento a seco, polimento ou soldagem.<\/p>\n","protected":false},"featured_media":50551,"template":"","meta":{"_et_pb_use_builder":"","_et_pb_old_content":"","_et_gb_content_width":"","inline_featured_image":false,"_links_to":"","_links_to_target":""},"product_category":[481],"product_type":[509,532],"product_shape":[633,649],"class_list":["post-53011","product","type-product","status-publish","has-post-thumbnail","hentry","product_category-ampcoloy-liga-de-alto-teor-de-cobre"],"acf":[],"aioseo_notices":[],"_links":{"self":[{"href":"https:\/\/staging.ampcometal.com\/pt-br\/wp-json\/wp\/v2\/product\/53011","targetHints":{"allow":["GET"]}}],"collection":[{"href":"https:\/\/staging.ampcometal.com\/pt-br\/wp-json\/wp\/v2\/product"}],"about":[{"href":"https:\/\/staging.ampcometal.com\/pt-br\/wp-json\/wp\/v2\/types\/product"}],"wp:featuredmedia":[{"embeddable":true,"href":"https:\/\/staging.ampcometal.com\/pt-br\/wp-json\/wp\/v2\/media\/50551"}],"wp:attachment":[{"href":"https:\/\/staging.ampcometal.com\/pt-br\/wp-json\/wp\/v2\/media?parent=53011"}],"wp:term":[{"taxonomy":"product_category","embeddable":true,"href":"https:\/\/staging.ampcometal.com\/pt-br\/wp-json\/wp\/v2\/product_category?post=53011"},{"taxonomy":"product_type","embeddable":true,"href":"https:\/\/staging.ampcometal.com\/pt-br\/wp-json\/wp\/v2\/product_type?post=53011"},{"taxonomy":"product_shape","embeddable":true,"href":"https:\/\/staging.ampcometal.com\/pt-br\/wp-json\/wp\/v2\/product_shape?post=53011"}],"curies":[{"name":"wp","href":"https:\/\/api.w.org\/{rel}","templated":true}]}}