{"id":53007,"date":"2021-09-06T19:51:07","date_gmt":"2021-09-06T17:51:07","guid":{"rendered":"https:\/\/staging.ampcometal.com\/products\/%product_category%\/ampco-15-2\/"},"modified":"2025-07-21T19:21:54","modified_gmt":"2025-07-21T17:21:54","slug":"ampco-15","status":"publish","type":"product","link":"https:\/\/staging.ampcometal.com\/pt-br\/productos\/ampco-bronze-aluminio\/ampco-15\/","title":{"rendered":"AMPCO\u00ae 15"},"content":{"rendered":"<ul>\n<li><strong>Excepcional resist\u00eancia \u00e0 corros\u00e3o:<\/strong> Excelente resist\u00eancia \u00e0 \u00e1gua do mar e a \u00e1cidos minerais n\u00e3o oxidantes, o que o torna ideal para aplica\u00e7\u00f5es mar\u00edtimas e offshore.<\/li>\n<li><strong>Alta estabilidade mec\u00e2nica:<\/strong> Essa liga mant\u00e9m suas propriedades mec\u00e2nicas em temperaturas de at\u00e9 315\u00b0C, garantindo um desempenho confi\u00e1vel em uma variedade de ambientes industriais.<\/li>\n<li\"><strong>Aplica\u00e7\u00f5es vers\u00e1teis:<\/strong> \u00c9 um material vers\u00e1til usado para cames, buchas e rolamentos, o que o torna adequado para uma ampla gama de aplica\u00e7\u00f5es de servi\u00e7o m\u00e9dio.<\/li>\n<li><strong>Microestrutura de liga exclusiva:<\/strong> A superioridade consistente do AMPCO\u00ae 15 se deve \u00e0 sua microestrutura de liga exclusiva, que garante um desempenho confi\u00e1vel e dur\u00e1vel em todos os setores.<\/li>\n<\/ul>\n<h5>Propriedades e especifica\u00e7\u00f5es<\/h5>\n<p>Uma liga forjada de alum\u00ednio-ferro-cobre, o AMPCO\u00ae 15 \u00e9 conhecido por suas propriedades not\u00e1veis. Com excelente estabilidade mec\u00e2nica em temperaturas de at\u00e9 315\u00b0C e usinabilidade de 50%, \u00e9 uma op\u00e7\u00e3o vers\u00e1til para aplica\u00e7\u00f5es de m\u00e9dio porte. Essa liga tamb\u00e9m tem excelente resist\u00eancia \u00e0 corros\u00e3o na \u00e1gua do mar e em \u00e1cidos minerais n\u00e3o oxidantes, o que a torna ideal para ambientes adversos. A liga pode ser trabalhada a quente e recozida em temperaturas espec\u00edficas para obter o melhor desempenho. Sua superioridade consistente em rela\u00e7\u00e3o ao bronze comercial se deve \u00e0 microestrutura exclusiva da liga, geralmente chamada de &#8220;fase AMPCO&#8221;. Composto por 88% de cobre, 9% de alum\u00ednio e 3% de ferro, o AMPCO\u00ae 15 est\u00e1 em conformidade com as normas ASTM e ASME, garantindo sua confiabilidade em uma variedade de ambientes industriais.<\/p>\n<h5>Aplica\u00e7\u00f5es<\/h5>\n<p>A liga AMPCO\u00ae 15 \u00e9 usada em uma ampla gama de aplica\u00e7\u00f5es industriais. Sua resist\u00eancia superior \u00e0 corros\u00e3o em rela\u00e7\u00e3o \u00e0 \u00e1gua do mar e aos \u00e1cidos minerais n\u00e3o oxidantes faz dele a melhor op\u00e7\u00e3o para aplica\u00e7\u00f5es mar\u00edtimas e offshore. Em aplica\u00e7\u00f5es industriais, a liga \u00e9 usada em cames, buchas, gaiolas de rolamentos, hastes de v\u00e1lvulas, guias e mancais de buchas. Sua versatilidade e propriedades mec\u00e2nicas excepcionais tamb\u00e9m o tornam a escolha ideal para aplica\u00e7\u00f5es de desgaste e fadiga em servi\u00e7os m\u00e9dios. Seja no setor mar\u00edtimo, aeroespacial, automotivo ou em outros setores, ele oferece desempenho e durabilidade consistentes, o que o torna um material valioso para uma variedade de necessidades de engenharia.<\/p>\n","protected":false},"featured_media":50559,"template":"","meta":{"_et_pb_use_builder":"","_et_pb_old_content":"","_et_gb_content_width":"","inline_featured_image":false,"_links_to":"","_links_to_target":""},"product_category":[476],"product_type":[514],"product_shape":[],"class_list":["post-53007","product","type-product","status-publish","has-post-thumbnail","hentry","product_category-ampco-bronze-aluminio"],"acf":[],"aioseo_notices":[],"_links":{"self":[{"href":"https:\/\/staging.ampcometal.com\/pt-br\/wp-json\/wp\/v2\/product\/53007","targetHints":{"allow":["GET"]}}],"collection":[{"href":"https:\/\/staging.ampcometal.com\/pt-br\/wp-json\/wp\/v2\/product"}],"about":[{"href":"https:\/\/staging.ampcometal.com\/pt-br\/wp-json\/wp\/v2\/types\/product"}],"wp:featuredmedia":[{"embeddable":true,"href":"https:\/\/staging.ampcometal.com\/pt-br\/wp-json\/wp\/v2\/media\/50559"}],"wp:attachment":[{"href":"https:\/\/staging.ampcometal.com\/pt-br\/wp-json\/wp\/v2\/media?parent=53007"}],"wp:term":[{"taxonomy":"product_category","embeddable":true,"href":"https:\/\/staging.ampcometal.com\/pt-br\/wp-json\/wp\/v2\/product_category?post=53007"},{"taxonomy":"product_type","embeddable":true,"href":"https:\/\/staging.ampcometal.com\/pt-br\/wp-json\/wp\/v2\/product_type?post=53007"},{"taxonomy":"product_shape","embeddable":true,"href":"https:\/\/staging.ampcometal.com\/pt-br\/wp-json\/wp\/v2\/product_shape?post=53007"}],"curies":[{"name":"wp","href":"https:\/\/api.w.org\/{rel}","templated":true}]}}