{"id":53006,"date":"2021-09-06T19:51:07","date_gmt":"2021-09-06T17:51:07","guid":{"rendered":"https:\/\/staging.ampcometal.com\/products\/%product_category%\/ams-4590-2\/"},"modified":"2024-04-05T11:36:20","modified_gmt":"2024-04-05T09:36:20","slug":"ams-4590","status":"publish","type":"product","link":"https:\/\/staging.ampcometal.com\/pt-br\/productos\/ligas-ams\/ams-4590\/","title":{"rendered":"AMS 4590"},"content":{"rendered":"<ul>\n<li data-gc-list-depth=\"1\" data-gc-list-style=\"bullet\"><strong>Propriedades mec\u00e2nicas excepcionais:<\/strong> Esse bronze AMS apresenta superioridade mec\u00e2nica em rela\u00e7\u00e3o aos bronzes de n\u00edquel-alum\u00ednio comerciais e rivaliza com o cobre-ber\u00edlio sem seus requisitos higi\u00eanicos.<\/li>\n<li data-gc-list-depth=\"1\" data-gc-list-style=\"bullet\"><strong>Aplica\u00e7\u00f5es vers\u00e1teis:<\/strong> Essa liga de alto desempenho \u00e9 adequada para uma variedade de aplica\u00e7\u00f5es, incluindo rolamentos de trens de pouso de aeronaves, ferramentas industriais de dobragem de tubos, rodas dentadas, placas de desgaste e placas-guia.<\/li>\n<li data-gc-list-depth=\"1\" data-gc-list-style=\"bullet\"><strong>Ductilidade e condutividade:<\/strong> O bronze de alum\u00ednio oferece alta ductilidade e excelente condutividade el\u00e9trica e t\u00e9rmica, o que o torna adequado para aplica\u00e7\u00f5es que exigem flexibilidade e transfer\u00eancia eficiente de calor e energia.<\/li>\n<li data-gc-list-depth=\"1\" data-gc-list-style=\"bullet\"><strong>Resist\u00eancia \u00e0 corros\u00e3o:<\/strong> Al\u00e9m de suas impressionantes propriedades mec\u00e2nicas, oferece excelente resist\u00eancia \u00e0 corros\u00e3o, garantindo durabilidade em ambientes adversos.<\/li>\n<\/ul>\n<h2><strong>Propriedades e especifica\u00e7\u00f5es<\/strong><\/h2>\n<p>A AMS 4590 \u00e9 uma not\u00e1vel liga de bronze de alum\u00ednio e n\u00edquel conhecida por suas propriedades excepcionais. Esse material de alto desempenho tem superioridade mec\u00e2nica em rela\u00e7\u00e3o aos bronzes de n\u00edquel-alum\u00ednio comerciais e rivaliza com o cobre-ber\u00edlio sem os requisitos de higiene industrial associados. Com alta ductilidade, excelente condutividade el\u00e9trica e t\u00e9rmica, resist\u00eancia ao impacto e impressionante resist\u00eancia \u00e0 flu\u00eancia, esse bronze AMS se destaca em uma ampla gama de aplica\u00e7\u00f5es. Ele permanece est\u00e1vel mesmo em ambientes com v\u00e1cuo. Especifica\u00e7\u00f5es detalhadas e detalhes de extrus\u00e3o est\u00e3o dispon\u00edveis na <a href=\"https:\/\/staging.ampcometal.com\/documents\/AMS_4590_EX_E%201403A.pdf\">documenta\u00e7\u00e3o AMS 4590<\/a>, o que a torna a escolha ideal para requisitos exigentes de engenharia e fabrica\u00e7\u00e3o.<\/p>\n<h2><strong>Aplica\u00e7\u00f5es<\/strong><\/h2>\n<p>Essa liga de bronze de alum\u00ednio e n\u00edquel de alto desempenho \u00e9 usada em v\u00e1rios setores. Originalmente desenvolvido para componentes de aeronaves, como trens de pouso retr\u00e1teis e rolamentos de espa\u00e7adores de motor, seu uso se expandiu para incluir rolamentos e buchas de trens de pouso de aeronaves, ferramentas do setor de curvatura de tubos, como matrizes de curvatura, rodas de engrenagem e placas de desgaste e de guia. A combina\u00e7\u00e3o exclusiva de resist\u00eancia mec\u00e2nica, ductilidade e resist\u00eancia \u00e0 corros\u00e3o do AMS 4590 faz dele a escolha ideal para uma ampla gama de aplica\u00e7\u00f5es exigentes de engenharia e manufatura.<\/p>\n","protected":false},"featured_media":50507,"template":"","meta":{"_et_pb_use_builder":"","_et_pb_old_content":"","_et_gb_content_width":"","inline_featured_image":false,"_links_to":"","_links_to_target":""},"product_category":[488],"product_type":[509],"product_shape":[649],"class_list":["post-53006","product","type-product","status-publish","has-post-thumbnail","hentry","product_category-ligas-ams"],"acf":[],"aioseo_notices":[],"_links":{"self":[{"href":"https:\/\/staging.ampcometal.com\/pt-br\/wp-json\/wp\/v2\/product\/53006","targetHints":{"allow":["GET"]}}],"collection":[{"href":"https:\/\/staging.ampcometal.com\/pt-br\/wp-json\/wp\/v2\/product"}],"about":[{"href":"https:\/\/staging.ampcometal.com\/pt-br\/wp-json\/wp\/v2\/types\/product"}],"wp:featuredmedia":[{"embeddable":true,"href":"https:\/\/staging.ampcometal.com\/pt-br\/wp-json\/wp\/v2\/media\/50507"}],"wp:attachment":[{"href":"https:\/\/staging.ampcometal.com\/pt-br\/wp-json\/wp\/v2\/media?parent=53006"}],"wp:term":[{"taxonomy":"product_category","embeddable":true,"href":"https:\/\/staging.ampcometal.com\/pt-br\/wp-json\/wp\/v2\/product_category?post=53006"},{"taxonomy":"product_type","embeddable":true,"href":"https:\/\/staging.ampcometal.com\/pt-br\/wp-json\/wp\/v2\/product_type?post=53006"},{"taxonomy":"product_shape","embeddable":true,"href":"https:\/\/staging.ampcometal.com\/pt-br\/wp-json\/wp\/v2\/product_shape?post=53006"}],"curies":[{"name":"wp","href":"https:\/\/api.w.org\/{rel}","templated":true}]}}