{"id":53010,"date":"2021-09-06T19:51:07","date_gmt":"2021-09-06T17:51:07","guid":{"rendered":"https:\/\/staging.ampcometal.com\/mapa-do-site\/"},"modified":"2021-09-06T19:51:08","modified_gmt":"2021-09-06T17:51:08","slug":"mapa-do-site","status":"publish","type":"page","link":"https:\/\/staging.ampcometal.com\/pt-br\/mapa-do-site\/","title":{"rendered":"Mapa do site"},"content":{"rendered":"[et_pb_section fb_built=&#8221;1&#8243; specialty=&#8221;on&#8221; custom_padding_last_edited=&#8221;on|desktop&#8221; parallax_method_1=&#8221;off&#8221; parallax_method_2=&#8221;off&#8221; module_id_1=&#8221;product-page-sidebar-column&#8221; admin_label=&#8221;Section&#8221; _builder_version=&#8221;3.22&#8243; background_color=&#8221;#f7f7f7&#8243; custom_padding=&#8221;0px||0px|&#8221; custom_padding_tablet=&#8221;40px|||&#8221; custom_padding_phone=&#8221;&#8221; transparent_background=&#8221;off&#8221; make_fullwidth=&#8221;off&#8221; use_custom_width=&#8221;off&#8221; width_unit=&#8221;on&#8221; global_colors_info=&#8221;{}&#8221;][et_pb_column type=&#8221;1_3&#8243; _builder_version=&#8221;3.25&#8243; custom_padding=&#8221;|||&#8221; global_colors_info=&#8221;{}&#8221; custom_padding__hover=&#8221;|||&#8221;][et_pb_sidebar area=&#8221;misc_sidebar&#8221; disabled_on=&#8221;on|on|off&#8221; admin_label=&#8221;Sidebar&#8221; module_id=&#8221;inner-product-sidebar-module&#8221; _builder_version=&#8221;4.9.4&#8243; remove_border=&#8221;off&#8221; global_colors_info=&#8221;{}&#8221;][\/et_pb_sidebar][\/et_pb_column][et_pb_column type=&#8221;2_3&#8243; specialty_columns=&#8221;2&#8243; _builder_version=&#8221;3.25&#8243; custom_padding=&#8221;|||&#8221; global_colors_info=&#8221;{}&#8221; custom_padding__hover=&#8221;|||&#8221;][et_pb_row_inner custom_padding_last_edited=&#8221;on|desktop&#8221; admin_label=&#8221;Row&#8221; _builder_version=&#8221;3.25&#8243; custom_margin=&#8221;||80px|&#8221; custom_margin_tablet=&#8221;||60px|&#8221; custom_margin_phone=&#8221;&#8221; custom_margin_last_edited=&#8221;on|desktop&#8221; custom_padding=&#8221;40px||40px|&#8221; custom_padding_tablet=&#8221;&#8221; custom_padding_phone=&#8221;&#8221; custom_css_main_element=&#8221;border-bottom: solid 2px #e8e8e8;&#8221; global_colors_info=&#8221;{}&#8221;][et_pb_column_inner saved_specialty_column_type=&#8221;2_3&#8243; _builder_version=&#8221;3.25&#8243; custom_padding=&#8221;|||&#8221; global_colors_info=&#8221;{}&#8221; custom_padding__hover=&#8221;|||&#8221;][et_pb_code admin_label=&#8221;C\u00f3digo&#8221; _builder_version=&#8221;4.9.11&#8243; hover_enabled=&#8221;0&#8243; global_colors_info=&#8221;{}&#8221; sticky_enabled=&#8221;0&#8243;]<div id=\"simple-sitemap-container-69d9cdea818c0\" class=\"simple-sitemap-container simple-sitemap-container-69d9cdea818c0 tab-disabled\"><div class=\"simple-sitemap-wrap\"><h3 class=\"post-type\">P\u00e1ginas<\/h3><ul class=\"simple-sitemap-page main\"><li class=\"sitemap-item page_item page-item-68175\"><a href=\"https:\/\/staging.ampcometal.com\/pt-br\/cookie-policy\/\">Cookie Policy<\/a><\/li>\n<li class=\"sitemap-item page_item page-item-52939 page_item_has_children\"><a href=\"https:\/\/staging.ampcometal.com\/pt-br\/dados-tecnicos\/\">Dados t\u00e9cnicos<\/a>\n<ul class='children'>\n\t<li class=\"sitemap-item page_item page-item-52933\"><a href=\"https:\/\/staging.ampcometal.com\/pt-br\/dados-tecnicos\/certificacoes\/\">Certifica\u00e7\u00f5es<\/a><\/li>\n\t<li class=\"sitemap-item page_item page-item-52923\"><a href=\"https:\/\/staging.ampcometal.com\/pt-br\/dados-tecnicos\/dados-de-aprovacao-de-alimentos\/\">Dados de Aprova\u00e7\u00e3o de Alimentos<\/a><\/li>\n\t<li class=\"sitemap-item page_item page-item-52955\"><a href=\"https:\/\/staging.ampcometal.com\/pt-br\/dados-tecnicos\/download-de-midia\/\">Download de m\u00eddia<\/a><\/li>\n\t<li class=\"sitemap-item page_item page-item-53073\"><a href=\"https:\/\/staging.ampcometal.com\/pt-br\/dados-tecnicos\/fichas-tecnicas\/\">Fichas t\u00e9cnicas<\/a><\/li>\n\t<li class=\"sitemap-item page_item page-item-52936\"><a href=\"https:\/\/staging.ampcometal.com\/pt-br\/dados-tecnicos\/fichas-tecnicas-de-seguranca\/\">Fichas t\u00e9cnicas de seguran\u00e7a<\/a><\/li>\n\t<li class=\"sitemap-item page_item page-item-53037\"><a href=\"https:\/\/staging.ampcometal.com\/pt-br\/dados-tecnicos\/guia-de-aplicacoes\/\">Guia de Aplica\u00e7\u00f5es<\/a><\/li>\n\t<li class=\"sitemap-item page_item page-item-52989\"><a href=\"https:\/\/staging.ampcometal.com\/pt-br\/dados-tecnicos\/recomendacoes-de-usinagem\/\">Recomenda\u00e7\u00f5es de usinagem<\/a><\/li>\n\t<li class=\"sitemap-item page_item page-item-52929\"><a href=\"https:\/\/staging.ampcometal.com\/pt-br\/dados-tecnicos\/tecnologia-microcast\/\">Tecnologia Microcast\u00ae<\/a><\/li>\n\t<li class=\"sitemap-item page_item page-item-52979\"><a href=\"https:\/\/staging.ampcometal.com\/pt-br\/dados-tecnicos\/termos-e-condicoes-de-vendas\/\">Termos e Condi\u00e7\u00f5es de Vendas<\/a><\/li>\n<\/ul>\n<\/li>\n<li class=\"sitemap-item page_item page-item-52916 page_item_has_children\"><a href=\"https:\/\/staging.ampcometal.com\/pt-br\/empresa\/\">Empresa<\/a>\n<ul class='children'>\n\t<li class=\"sitemap-item page_item page-item-52971 page_item_has_children\"><a href=\"https:\/\/staging.ampcometal.com\/pt-br\/empresa\/carreiras\/\">Carreiras<\/a>\n\t<ul class='children'>\n\t\t<li class=\"sitemap-item page_item page-item-52371 page_item_has_children\"><a href=\"https:\/\/staging.ampcometal.com\/pt-br\/empresa\/carreiras\/oportunidades-de-trabalho\/\">Oportunidades de trabalho<\/a>\n\t\t<ul class='children'>\n\t\t\t<li class=\"sitemap-item page_item page-item-52996\"><a href=\"https:\/\/staging.ampcometal.com\/pt-br\/empresa\/carreiras\/oportunidades-de-trabalho\/aplicar-tarefa\/\">Aplicar tarefa<\/a><\/li>\n\t\t<\/ul>\n<\/li>\n\t\t<li class=\"sitemap-item page_item page-item-52970\"><a href=\"https:\/\/staging.ampcometal.com\/pt-br\/empresa\/carreiras\/trabalhando-na-ampco\/\">Trabalhando na AMPCO<\/a><\/li>\n\t<\/ul>\n<\/li>\n\t<li class=\"sitemap-item page_item page-item-52922\"><a href=\"https:\/\/staging.ampcometal.com\/pt-br\/empresa\/contato\/\">Contato<\/a><\/li>\n\t<li class=\"sitemap-item page_item page-item-52976\"><a href=\"https:\/\/staging.ampcometal.com\/pt-br\/empresa\/historia\/\">Hist\u00f3ria<\/a><\/li>\n\t<li class=\"sitemap-item page_item page-item-52932\"><a href=\"https:\/\/staging.ampcometal.com\/pt-br\/empresa\/parecer-tecnico\/\">Parecer t\u00e9cnico<\/a><\/li>\n\t<li class=\"sitemap-item page_item page-item-52956\"><a href=\"https:\/\/staging.ampcometal.com\/pt-br\/empresa\/perfil\/\">Perfil<\/a><\/li>\n\t<li class=\"sitemap-item page_item page-item-52946\"><a href=\"https:\/\/staging.ampcometal.com\/pt-br\/empresa\/solicite-um-orcamento\/\">Solicite um or\u00e7amento<\/a><\/li>\n\t<li class=\"sitemap-item page_item page-item-52964\"><a href=\"https:\/\/esg.ampcometal.com\/\">Sustentabilidade<\/a><\/li>\n\t<li class=\"sitemap-item page_item page-item-53328 page_item_has_children\"><a href=\"https:\/\/staging.ampcometal.com\/pt-br\/empresa\/trabalhando-com-ampco\/\">Trabalhando com AMPCO<\/a>\n\t<ul class='children'>\n\t\t<li class=\"sitemap-item page_item page-item-53281\"><a href=\"https:\/\/staging.ampcometal.com\/pt-br\/empresa\/trabalhando-com-ampco\/codigo-de-etica-e-conduta\/\">C\u00f3digo de \u00e9tica e conduta<\/a><\/li>\n\t\t<li class=\"sitemap-item page_item page-item-53272\"><a href=\"https:\/\/staging.ampcometal.com\/pt-br\/empresa\/trabalhando-com-ampco\/declaracao-covid-19\/\">Declara\u00e7\u00e3o COVID 19<\/a><\/li>\n\t\t<li class=\"sitemap-item page_item page-item-52951\"><a href=\"https:\/\/staging.ampcometal.com\/pt-br\/empresa\/trabalhando-com-ampco\/diretiva-rohs\/\">Diretiva ROHS<\/a><\/li>\n\t\t<li class=\"sitemap-item page_item page-item-53243\"><a href=\"https:\/\/staging.ampcometal.com\/pt-br\/empresa\/trabalhando-com-ampco\/minerais-de-conflito\/\">Minerais de conflito<\/a><\/li>\n\t\t<li class=\"sitemap-item page_item page-item-52919\"><a href=\"https:\/\/staging.ampcometal.com\/pt-br\/empresa\/trabalhando-com-ampco\/reach\/\">REACH<\/a><\/li>\n\t<\/ul>\n<\/li>\n<\/ul>\n<\/li>\n<li class=\"sitemap-item page_item page-item-52943\"><a href=\"https:\/\/staging.ampcometal.com\/pt-br\/feiras-ampco\/\">Feiras AMPCO<\/a><\/li>\n<li class=\"sitemap-item page_item page-item-52948\"><a href=\"https:\/\/staging.ampcometal.com\/pt-br\/ferramenta-de-selecao-de-produto\/\">Ferramenta de Sele\u00e7\u00e3o de Produto<\/a><\/li>\n<li class=\"sitemap-item page_item page-item-52983\"><a href=\"https:\/\/staging.ampcometal.com\/pt-br\/links\/\">Links<\/a><\/li>\n<li class=\"sitemap-item page_item page-item-53010\"><a href=\"https:\/\/staging.ampcometal.com\/pt-br\/mapa-do-site\/\">Mapa do site<\/a><\/li>\n<li class=\"sitemap-item page_item page-item-52968\"><a href=\"https:\/\/staging.ampcometal.com\/pt-br\/\">Pagina inicial<\/a><\/li>\n<li class=\"sitemap-item page_item page-item-52945\"><a href=\"https:\/\/staging.ampcometal.com\/pt-br\/privacidade\/\">Privacidade<\/a><\/li>\n<li class=\"sitemap-item page_item page-item-52954\"><a href=\"https:\/\/staging.ampcometal.com\/pt-br\/produtos\/\">Produtos<\/a><\/li>\n<li class=\"sitemap-item page_item page-item-52940\"><a href=\"https:\/\/staging.ampcometal.com\/pt-br\/termos-de-uso\/\">Termos de uso<\/a><\/li>\n<\/ul><\/div><div class=\"simple-sitemap-wrap\"><h3 class=\"post-type\">Posts<\/h3><ul class=\"simple-sitemap-post main\"><li class=\"sitemap-item\"><a href=\"https:\/\/staging.ampcometal.com\/pt-br\/declaracao-sobre-a-guerra-e-a-violencia-que-a-russia-impos-a-ucrania\/\">Declara\u00e7\u00e3o sobre a guerra e a viol\u00eancia que a R\u00fassia imp\u00f4s \u00e0 Ucr\u00e2nia<\/a><\/li><\/ul><\/div><\/div><br style=\"clear: both;\">[\/et_pb_code][\/et_pb_column_inner][\/et_pb_row_inner][\/et_pb_column][\/et_pb_section]\n","protected":false},"excerpt":{"rendered":"<p>[et_pb_section fb_built=&#8221;1&#8243; specialty=&#8221;on&#8221; custom_padding_last_edited=&#8221;on|desktop&#8221; parallax_method_1=&#8221;off&#8221; parallax_method_2=&#8221;off&#8221; module_id_1=&#8221;product-page-sidebar-column&#8221; admin_label=&#8221;Section&#8221; _builder_version=&#8221;3.22&#8243; background_color=&#8221;#f7f7f7&#8243; custom_padding=&#8221;0px||0px|&#8221; custom_padding_tablet=&#8221;40px|||&#8221; custom_padding_phone=&#8221;&#8221; transparent_background=&#8221;off&#8221; make_fullwidth=&#8221;off&#8221; use_custom_width=&#8221;off&#8221; width_unit=&#8221;on&#8221; global_colors_info=&#8221;{}&#8221;][et_pb_column type=&#8221;1_3&#8243; _builder_version=&#8221;3.25&#8243; custom_padding=&#8221;|||&#8221; global_colors_info=&#8221;{}&#8221; custom_padding__hover=&#8221;|||&#8221;][et_pb_sidebar area=&#8221;misc_sidebar&#8221; disabled_on=&#8221;on|on|off&#8221; admin_label=&#8221;Sidebar&#8221; module_id=&#8221;inner-product-sidebar-module&#8221; _builder_version=&#8221;4.9.4&#8243; remove_border=&#8221;off&#8221; global_colors_info=&#8221;{}&#8221;][\/et_pb_sidebar][\/et_pb_column][et_pb_column type=&#8221;2_3&#8243; specialty_columns=&#8221;2&#8243; _builder_version=&#8221;3.25&#8243; custom_padding=&#8221;|||&#8221; global_colors_info=&#8221;{}&#8221; custom_padding__hover=&#8221;|||&#8221;][et_pb_row_inner custom_padding_last_edited=&#8221;on|desktop&#8221; admin_label=&#8221;Row&#8221; _builder_version=&#8221;3.25&#8243; custom_margin=&#8221;||80px|&#8221; custom_margin_tablet=&#8221;||60px|&#8221; custom_margin_phone=&#8221;&#8221; custom_margin_last_edited=&#8221;on|desktop&#8221; custom_padding=&#8221;40px||40px|&#8221; custom_padding_tablet=&#8221;&#8221; custom_padding_phone=&#8221;&#8221; custom_css_main_element=&#8221;border-bottom: solid 2px #e8e8e8;&#8221; global_colors_info=&#8221;{}&#8221;][et_pb_column_inner saved_specialty_column_type=&#8221;2_3&#8243; _builder_version=&#8221;3.25&#8243; custom_padding=&#8221;|||&#8221; global_colors_info=&#8221;{}&#8221; [&hellip;]<\/p>\n","protected":false},"author":1,"featured_media":0,"parent":0,"menu_order":0,"comment_status":"closed","ping_status":"closed","template":"","meta":{"_et_pb_use_builder":"on","_et_pb_old_content":"","_et_gb_content_width":"","inline_featured_image":false,"footnotes":"","_links_to":"","_links_to_target":""},"class_list":["post-53010","page","type-page","status-publish","hentry"],"acf":[],"aioseo_notices":[],"_links":{"self":[{"href":"https:\/\/staging.ampcometal.com\/pt-br\/wp-json\/wp\/v2\/pages\/53010","targetHints":{"allow":["GET"]}}],"collection":[{"href":"https:\/\/staging.ampcometal.com\/pt-br\/wp-json\/wp\/v2\/pages"}],"about":[{"href":"https:\/\/staging.ampcometal.com\/pt-br\/wp-json\/wp\/v2\/types\/page"}],"author":[{"embeddable":true,"href":"https:\/\/staging.ampcometal.com\/pt-br\/wp-json\/wp\/v2\/users\/1"}],"replies":[{"embeddable":true,"href":"https:\/\/staging.ampcometal.com\/pt-br\/wp-json\/wp\/v2\/comments?post=53010"}],"version-history":[{"count":0,"href":"https:\/\/staging.ampcometal.com\/pt-br\/wp-json\/wp\/v2\/pages\/53010\/revisions"}],"wp:attachment":[{"href":"https:\/\/staging.ampcometal.com\/pt-br\/wp-json\/wp\/v2\/media?parent=53010"}],"curies":[{"name":"wp","href":"https:\/\/api.w.org\/{rel}","templated":true}]}}