{"id":52979,"date":"2021-09-06T19:50:53","date_gmt":"2021-09-06T17:50:53","guid":{"rendered":"https:\/\/staging.ampcometal.com\/dados-tecnicos\/termos-e-condicoes-de-venda\/"},"modified":"2021-10-26T11:15:13","modified_gmt":"2021-10-26T09:15:13","slug":"termos-e-condicoes-de-vendas","status":"publish","type":"page","link":"https:\/\/staging.ampcometal.com\/pt-br\/dados-tecnicos\/termos-e-condicoes-de-vendas\/","title":{"rendered":"Termos e Condi\u00e7\u00f5es de Vendas"},"content":{"rendered":"[et_pb_section fb_built=&#8221;1&#8243; specialty=&#8221;on&#8221; custom_padding_last_edited=&#8221;on|desktop&#8221; parallax_method_1=&#8221;off&#8221; parallax_method_2=&#8221;off&#8221; module_id_1=&#8221;product-page-sidebar-column&#8221; _builder_version=&#8221;3.22&#8243; background_color=&#8221;#f7f7f7&#8243; custom_padding=&#8221;0px||0px|&#8221; custom_padding_tablet=&#8221;40px|||&#8221; custom_padding_phone=&#8221;&#8221; transparent_background=&#8221;off&#8221; make_fullwidth=&#8221;off&#8221; use_custom_width=&#8221;off&#8221; width_unit=&#8221;on&#8221; global_colors_info=&#8221;{}&#8221;][et_pb_column type=&#8221;1_3&#8243; _builder_version=&#8221;3.25&#8243; custom_padding=&#8221;|||&#8221; global_colors_info=&#8221;{}&#8221; custom_padding__hover=&#8221;|||&#8221;][et_pb_sidebar area=&#8221;technical_data_sidebar&#8221; disabled_on=&#8221;on|on|off&#8221; module_id=&#8221;inner-product-sidebar-module&#8221; _builder_version=&#8221;4.9.4&#8243; global_colors_info=&#8221;{}&#8221;][\/et_pb_sidebar][\/et_pb_column][et_pb_column type=&#8221;2_3&#8243; specialty_columns=&#8221;2&#8243; _builder_version=&#8221;3.25&#8243; custom_padding=&#8221;|||&#8221; global_colors_info=&#8221;{}&#8221; custom_padding__hover=&#8221;|||&#8221;][et_pb_row_inner custom_padding_last_edited=&#8221;on|desktop&#8221; admin_label=&#8221;Row&#8221; _builder_version=&#8221;3.25&#8243; custom_margin=&#8221;||80px|&#8221; custom_margin_tablet=&#8221;||60px|&#8221; custom_margin_phone=&#8221;&#8221; custom_margin_last_edited=&#8221;on|desktop&#8221; custom_padding=&#8221;40px||40px|&#8221; custom_padding_tablet=&#8221;&#8221; custom_padding_phone=&#8221;&#8221; custom_css_main_element=&#8221;border-bottom: solid 2px #e8e8e8;&#8221; global_colors_info=&#8221;{}&#8221;][et_pb_column_inner saved_specialty_column_type=&#8221;2_3&#8243; _builder_version=&#8221;3.25&#8243; custom_padding=&#8221;|||&#8221; global_colors_info=&#8221;{}&#8221; custom_padding__hover=&#8221;|||&#8221;][et_pb_text admin_label=&#8221;SALES TERMS AND CONDITION&#8221; _builder_version=&#8221;3.27.4&#8243; background_size=&#8221;initial&#8221; background_position=&#8221;top_left&#8221; background_repeat=&#8221;repeat&#8221; use_border_color=&#8221;off&#8221; border_color=&#8221;#ffffff&#8221; border_style=&#8221;solid&#8221; global_colors_info=&#8221;{}&#8221;]\n<h2>Termos e condi\u00e7\u00f5es de vendas da AMPCO METAL<\/h2>\n<h2>Vers\u00e3o mundial<\/h2>\n[\/et_pb_text][et_pb_text _builder_version=&#8221;3.27.4&#8243; background_size=&#8221;initial&#8221; background_position=&#8221;top_left&#8221; background_repeat=&#8221;repeat&#8221; custom_margin=&#8221;20px|||&#8221; custom_margin_tablet=&#8221;&#8221; custom_margin_phone=&#8221;&#8221; custom_margin_last_edited=&#8221;on|&#8221; use_border_color=&#8221;off&#8221; border_color=&#8221;#ffffff&#8221; border_style=&#8221;solid&#8221; global_colors_info=&#8221;{}&#8221;]1. A AMPCO METAL S.A., a seguir denominada simplismente como \u201cAMPCO\u201d, s\u00f3 faz neg\u00f3cios se sujeito aos termos e condi\u00e7\u00f5es expostos abaixo, do qual ser\u00e3o consideradas incorporadas \u00e0 exclus\u00e3o de quaisquer termos inconsistentes entre si em qualquer ordem recebidas ou aceitas. Todas as cota\u00e7\u00f5es e estimativas impressas est\u00e3o sujeitas a altera\u00e7\u00e3o sem aviso pr\u00e9vio e todos os pedidos est\u00e3o sujeitos \u00e0 aceita\u00e7\u00e3o da AMPCO.<\/p>\n<p>2. Diante de situa\u00e7\u00e3o que impe\u00e7am, interfiram ou criem obst\u00e1culos, tais como guerras, greves, acidentes, for\u00e7a maior ou qualquer causa fora do controle da AMPCO, a AMPCO ter\u00e1 a op\u00e7\u00e3o de suspender ou cancelar qualquer compromisso pendente.<\/p>\n<p>3. As faturas geradas pela AMPCO devem ser pagas impreterivelmente na data de vencimento das mesmas. Contas em atraso ser\u00e3o submetidas a multa e juros de acordo com o estabelecido. A AMPCO reserva-se ao direito de bloquear ou cancelar qualquer pedido referente a um cliente que apresentar faturas em atraso.<\/p>\n<p>4. Todas as cota\u00e7\u00f5es e produtos vendidos est\u00e3o sujeitos \u00e0s condi\u00e7\u00f5es que, no caso de qualquer produto defeituoso da AMPCO, ent\u00e3o a responsabilidade da AMPCO em rela\u00e7\u00e3o a esses produtos defeituosos,<br \/>\ndeve limitar-se a substitui\u00e7\u00e3o ou repara\u00e7\u00e3o de tais produtos defeituoso ou de cr\u00e9dito para o custo do mesmo, desde que:<\/p>\n<p>a) N\u00e3o aceitamos responsabilidade de materiais ou pe\u00e7as que comprovadamente tenham problema de projeto (desenho).<\/p>\n<p>b) N\u00e3o aceitamos responsabilidade por produtos fornecidos pela AMPCO que tenham sofrido qualquer processo ap\u00f3s a sua entrega.<\/p>\n<p>c) Presup\u00f5e-se que o cliente ir\u00e1 inspecionar ou utilizar os produtos fornecidos pela AMPCO no prazo m\u00e1ximo de 30 dias ap\u00f3s a entrega e, portanto, n\u00e3o aceitamos qualquer responsabilidade por n\u00e3o conformidades em produtos fornecidos cujos detalhes n\u00e3o sejam informados pelo cliente a AMPCO dentro de 30 dias a partir da data de entrega.<\/p>\n<p>d) A AMPCO n\u00e3o ser\u00e1 respons\u00e1vel por quaisquer despesas ou custos incorridos pelo cliente no casos de n\u00e3o conformidades no produto sem o pr\u00e9vio consentimento por escrito da mesma. A AMPCO exclui a responsabilidade de custear qualquer despesa com usinagem, encargos trabalhistas ou qualquer perda ou dano devido ao uso ou usinagem de material n\u00e3o conforme fornecido pela AMPCO.<\/p>\n<p>e) A AMPCO exclui a responsabilidade e n\u00e3o ser\u00e1 respons\u00e1vel por qualquer viola\u00e7\u00e3o, garantia ou neglig\u00eancia por quaisquer danos ou por quaisquer custos incorridos pelo cliente atrav\u00e9s do uso de, incapacidade de uso ou venda de qualquer material n\u00e3o conforme ou insatisfat\u00f3rio fornecido pela AMPCO, ou atrav\u00e9s da utiliza\u00e7\u00e3o de, incapacidade de utiliza\u00e7\u00e3o ou venda de qualquer produto pelo cliente que tenham sido fabricados utilizando qualquer material n\u00e3o conforme ou insatisfat\u00f3rio fornecido pela AMPCO.<\/p>\n<p>5. Sem preju\u00edzo do exposto a AMPCO ir\u00e1 substituir gratuitamente qualquer produto fornecido e que n\u00e3o conseguem, ou provar estar com defeito, desde que a AMPCO tenha a oportunidade de inspecionar e aceitar a responsabilidade por esses produtos, e deve estar sob nenhuma ou a outros obriga\u00e7\u00e3o ou responsabilidade por ou em rela\u00e7\u00e3o a qualquer falha ou defeito em quaisquer produtos fornecidos ou qualquer fabricados pela AMPCO.<\/p>\n<p>6. Todas as remessas ser\u00e3o enviadas por ve\u00edculos pr\u00f3prios da AMPCO ou por terceiros. N\u00e3o ser\u00e1 aceito nenhum subs\u00eddio para os casos em que os produtos seja coletados no armaz\u00e9m da AMPCO diretamente pelo cliente ou em casos em que os produtos sejam entregues em um armaz\u00e9m local do cliente. Reclama\u00e7\u00f5es contra as transportadoras relacionados a danos, furto ou n\u00e3o-entrega no prazo, devem ser notificadas \u00e0 AMPCO no ato do recebimento.<\/p>\n<p>7. Nos casos que o produto seja fabricado de acordo com modelos ou especifica\u00e7\u00f5es fornecidas pelo cliente, a AMPCO se isenta de qualquer responsabilidade por infra\u00e7\u00e3o ou quebra de patente existente e o cliente concorda em indenizar a AMPCO contra qualquer perda ou custos referentes a processos ou resultante da execu\u00e7\u00e3o de ordens do cliente.<\/p>\n<p>8. Todas as informa\u00e7\u00f5es t\u00e9cnicas em nossos cat\u00e1logos \/ folhetos s\u00e3o puramente descritivas. As informa\u00e7\u00f5es neles indicadas no que diz respeito \u00e0s propriedades ou utiliza\u00e7\u00f5es de quaisquer bens ou materiais ou a adequa\u00e7\u00e3o para qualquer finalidade n\u00e3o devem ser consideradas exatas, salvo em caso onde a AMPCO confirmou essas propriedades ou utiliza\u00e7\u00f5es, ou adequa\u00e7\u00e3o a por escrito ao cliente. Al\u00e9m disso, mesmo sendo todas as informa\u00e7\u00f5es cuidadosamente verificadas nos nossos cat\u00e1logos\/folhetos, n\u00e3o assumimos a responsabilidade por erros de impress\u00e3o ou de tradu\u00e7\u00e3o. Da mesma forma nenhuma representa\u00e7\u00e3o feita por qualquer representante da AMPCO a propriedades ou utiliza\u00e7\u00f5es ou adequa\u00e7\u00e3o a finalidade de quaisquer bens ou materiais devem ser consideradas exatas, salvo nos casos onde a AMPCO confirme por escrito ao cliente.<\/p>\n<p>9. As seguintes disposi\u00e7\u00f5es aplicam-se a todos os produtos e materiais que a AMPCO concordar em fornecer ao cliente. Nenhuma falha por parte da AMPCO em garantir o cumprimento rigoroso do cliente com tais disposi\u00e7\u00f5es constituem uma ren\u00fancia e nenhum rescis\u00e3o de qualquer acordo entre a AMPCO e o cliente ir\u00e1 prejudicar, limitar ou extinguir direitos da AMPCO sobre este par\u00e1grafo:<\/p>\n<p>a) Ap\u00f3s a entrega dos produtos no cliente, este permanecer\u00e1 sob propriedade da AMPCO at\u00e9 que o cliente pague por completo a fatura referente a compra. At\u00e9 a quita\u00e7\u00e3o total, o cliente, se exigido pela AMPCO, dever\u00e1 armazenar os produtos separadamente de outras mercadorias ou materiais que n\u00e3o de propriedade da AMPCO de tal forma que possam ser facilmente identific\u00e1veis pela AMPCO que ter\u00e1 o direito de examinar os mesmos mediante aviso pr\u00e9vio, assim como, exigir que os mesmos sejam devolvidos novamente. Com a finalidade de exercer tais direitos, tanto a AMPCO como seus funcion\u00e1rios e prepostos poder\u00e3o entrar nas dependencias do cliente ou em qualquer outro local onde esteja armazenado tais produtos, juntamente com os equipamentos\/veiculos apropriados para retirada e transporte dos mesmos.<\/p>\n<p>b) Ao cliente \u00e9 concedida uma licen\u00e7a por parte da AMPCO a incorporar os produtos em quaisquer outros produtos sujeitos \u00e0 condi\u00e7\u00e3o expressa de que, se a AMPCO, assim o exigir, todos os produtos que cont\u00eam os produtos ou materiais ou qualquer um deles devem ser armazenados separadamente e marcadas de forma a serem identific\u00e1veis.<\/p>\n<p>c) O cliente fica autorizado a vender os produtos e materiais e quaisquer produtos que incorporam qualquer um deles, mas deve ser titular da totalidade das receitas da venda como administrador e agente para a AMPCO e n\u00e3o deve misturar qualquer um dos processos de venda com o seu pr\u00f3prio dinheiro ou qualquer conta banc\u00e1ria com outras vendas, mas devem garantir que todos os recibiveis da venda, sejam mantidos em separado e identificados. Ap\u00f3s o recebimento do produto da venda, o cliente dever\u00e1 remeter para a AMPCO o valor referente ao pre\u00e7o da venda dos produtos, salvo qualquer parte do mesmo que j\u00e1 tenha sido pago.<\/p>\n<p>d) Se o cliente n\u00e3o receber o valor referente a esta venda na data do vencimento, ele dever\u00e1 notificar dentro de sete dias a AMPCO e, se chamados a faz\u00ea-lo, atribuir a AMPCO qualquer reivindica\u00e7\u00e3o de qualquer natureza contra a pessoa ou pessoas a quem ele forneceu os bens ou materiais, ou qualquer um deles.<\/p>\n<p>e) O cliente dever\u00e1 manter um seguro adequado em rela\u00e7\u00e3o aos bens ou materiais a partir da data ou datas em que os mesmos passarem para ele, em caso de qualquer perda ou dano aos produtos que, continuam sendo propriedade da AMPCO, o cliente dever\u00e1 manter, sob cust\u00f3dio da AMPCO, todas as verbas recebidas da seguradora, separado e identificado de todos os outros valores e remeter imediatamente \u00e0 AMPCO o valor referente ao pre\u00e7o da venda dos produtos, salvo qualquer parte do mesmo que j\u00e1 tenha sido pago.<br \/>\n[\/et_pb_text][\/et_pb_column_inner][\/et_pb_row_inner][et_pb_row_inner column_structure=&#8221;1_2,1_2&#8243; use_custom_gutter=&#8221;on&#8221; gutter_width=&#8221;2&#8243; custom_padding_last_edited=&#8221;on|desktop&#8221; admin_label=&#8221;Row&#8221; _builder_version=&#8221;3.25&#8243; custom_margin=&#8221;||80px|&#8221; custom_margin_tablet=&#8221;||60px|&#8221; custom_margin_phone=&#8221;&#8221; custom_margin_last_edited=&#8221;on|phone&#8221; custom_padding=&#8221;0px|||&#8221; custom_padding_tablet=&#8221;&#8221; custom_padding_phone=&#8221;&#8221; custom_css_main_element=&#8221;border-bottom: solid 2px #e8e8e8;&#8221; global_colors_info=&#8221;{}&#8221;][et_pb_column_inner type=&#8221;1_2&#8243; saved_specialty_column_type=&#8221;2_3&#8243; _builder_version=&#8221;3.25&#8243; custom_padding=&#8221;|||&#8221; global_colors_info=&#8221;{}&#8221; custom_padding__hover=&#8221;|||&#8221;][et_pb_blurb title=&#8221;AMPCO METAL Brasil&#8221; url=&#8221;https:\/\/staging.ampcometal.com\/documents\/AMPCO%20METAL%20-%20Condi\u00e7\u00f5es%20Gerais%20de%20Fornecimento.pdf&#8221; url_new_window=&#8221;on&#8221; use_icon=&#8221;on&#8221; font_icon=&#8221;%%1%%&#8221; icon_color=&#8221;#878787&#8243; use_circle=&#8221;on&#8221; circle_color=&#8221;#f7f7f7&#8243; use_circle_border=&#8221;on&#8221; circle_border_color=&#8221;#878787&#8243; icon_placement=&#8221;left&#8221; module_class=&#8221;download-blurbs clickable-blurbs&#8221; _builder_version=&#8221;3.0.106&#8243; max_width_tablet=&#8221;&#8221; max_width_phone=&#8221;&#8221; max_width_last_edited=&#8221;on|&#8221; animation=&#8221;off&#8221; custom_css_blurb_content=&#8221;vertical-align: bottom;&#8221; global_colors_info=&#8221;{}&#8221;][\/et_pb_blurb][et_pb_blurb title=&#8221;AMPCO METAL Deutschland&#8221; url=&#8221;https:\/\/staging.ampcometal.com\/documents\/ampco_conditions_germany.pdf&#8221; url_new_window=&#8221;on&#8221; use_icon=&#8221;on&#8221; font_icon=&#8221;%%1%%&#8221; icon_color=&#8221;#878787&#8243; use_circle=&#8221;on&#8221; circle_color=&#8221;#f7f7f7&#8243; use_circle_border=&#8221;on&#8221; circle_border_color=&#8221;#878787&#8243; icon_placement=&#8221;left&#8221; module_class=&#8221;download-blurbs clickable-blurbs&#8221; _builder_version=&#8221;3.0.87&#8243; header_letter_spacing=&#8221;0&#8243; header_line_height=&#8221;1&#8243; body_letter_spacing=&#8221;0&#8243; body_line_height=&#8221;1.7&#8243; max_width_tablet=&#8221;&#8221; max_width_phone=&#8221;&#8221; max_width_last_edited=&#8221;on|&#8221; animation=&#8221;off&#8221; custom_css_blurb_content=&#8221;vertical-align: bottom;&#8221; border_width=&#8221;1&#8243; border_style=&#8221;solid&#8221; global_colors_info=&#8221;{}&#8221;][\/et_pb_blurb][et_pb_blurb title=&#8221;AMPCO METAL India&#8221; url=&#8221;https:\/\/staging.ampcometal.com\/documents\/AMPCO%20METAL_conditions_India.pdf&#8221; url_new_window=&#8221;on&#8221; use_icon=&#8221;on&#8221; font_icon=&#8221;%%1%%&#8221; icon_color=&#8221;#878787&#8243; use_circle=&#8221;on&#8221; circle_color=&#8221;#f7f7f7&#8243; use_circle_border=&#8221;on&#8221; circle_border_color=&#8221;#878787&#8243; icon_placement=&#8221;left&#8221; module_class=&#8221;download-blurbs clickable-blurbs&#8221; _builder_version=&#8221;3.0.106&#8243; max_width_tablet=&#8221;&#8221; max_width_phone=&#8221;&#8221; max_width_last_edited=&#8221;on|&#8221; animation=&#8221;off&#8221; custom_css_blurb_content=&#8221;vertical-align: bottom;&#8221; global_colors_info=&#8221;{}&#8221;][\/et_pb_blurb][et_pb_blurb title=&#8221;AMPCO METAL Su\u00ed\u00e7a (mundial)&#8221; url=&#8221;https:\/\/staging.ampcometal.com\/documents\/ampco_conditions.pdf&#8221; url_new_window=&#8221;on&#8221; use_icon=&#8221;on&#8221; font_icon=&#8221;%%1%%&#8221; icon_color=&#8221;#878787&#8243; use_circle=&#8221;on&#8221; circle_color=&#8221;#f7f7f7&#8243; use_circle_border=&#8221;on&#8221; circle_border_color=&#8221;#878787&#8243; icon_placement=&#8221;left&#8221; module_class=&#8221;download-blurbs clickable-blurbs&#8221; _builder_version=&#8221;3.0.87&#8243; header_letter_spacing=&#8221;0&#8243; header_line_height=&#8221;1&#8243; body_letter_spacing=&#8221;0&#8243; body_line_height=&#8221;1.7&#8243; max_width_tablet=&#8221;&#8221; max_width_phone=&#8221;&#8221; max_width_last_edited=&#8221;on|&#8221; animation=&#8221;off&#8221; custom_css_blurb_content=&#8221;vertical-align: bottom;&#8221; border_width=&#8221;1&#8243; border_style=&#8221;solid&#8221; global_colors_info=&#8221;{}&#8221;][\/et_pb_blurb][et_pb_blurb title=&#8221;AMPCO METAL USA&#8221; url=&#8221;https:\/\/staging.ampcometal.com\/documents\/AMPCO%20METAL%20-%20General%20Terms%20and%20Conditions.pdf&#8221; url_new_window=&#8221;on&#8221; use_icon=&#8221;on&#8221; font_icon=&#8221;%%1%%&#8221; icon_color=&#8221;#878787&#8243; use_circle=&#8221;on&#8221; circle_color=&#8221;#f7f7f7&#8243; use_circle_border=&#8221;on&#8221; circle_border_color=&#8221;#878787&#8243; icon_placement=&#8221;left&#8221; module_class=&#8221;download-blurbs clickable-blurbs&#8221; _builder_version=&#8221;3.0.106&#8243; max_width_tablet=&#8221;&#8221; max_width_phone=&#8221;&#8221; max_width_last_edited=&#8221;on|&#8221; animation=&#8221;off&#8221; custom_css_blurb_content=&#8221;vertical-align: bottom;&#8221; global_colors_info=&#8221;{}&#8221;][\/et_pb_blurb][\/et_pb_column_inner][et_pb_column_inner type=&#8221;1_2&#8243; saved_specialty_column_type=&#8221;2_3&#8243; _builder_version=&#8221;3.25&#8243; custom_padding=&#8221;|||&#8221; global_colors_info=&#8221;{}&#8221; custom_padding__hover=&#8221;|||&#8221;][et_pb_image src=&#8221;https:\/\/staging.ampcometal.com\/wp-content\/uploads\/2017\/03\/Doc-Downloads-Thumb.png&#8221; show_bottom_space=&#8221;off&#8221; align=&#8221;center&#8221; align_tablet=&#8221;center&#8221; align_phone=&#8221;&#8221; align_last_edited=&#8221;on|desktop&#8221; _builder_version=&#8221;3.23&#8243; custom_margin=&#8221;||30px|&#8221; custom_margin_tablet=&#8221;&#8221; custom_margin_phone=&#8221;&#8221; custom_margin_last_edited=&#8221;on|&#8221; animation_style=&#8221;fade&#8221; animation_duration=&#8221;500ms&#8221; use_border_color=&#8221;off&#8221; border_color=&#8221;#ffffff&#8221; border_style=&#8221;solid&#8221; animation=&#8221;fade_in&#8221; sticky=&#8221;on&#8221; always_center_on_mobile=&#8221;on&#8221; global_colors_info=&#8221;{}&#8221;][\/et_pb_image][\/et_pb_column_inner][\/et_pb_row_inner][\/et_pb_column][\/et_pb_section]\n","protected":false},"excerpt":{"rendered":"<p>Termos e condi\u00e7\u00f5es de vendas da AMPCO METAL Vers\u00e3o mundial 1. A AMPCO METAL S.A., a seguir denominada simplismente como \u201cAMPCO\u201d, s\u00f3 faz neg\u00f3cios se sujeito aos termos e condi\u00e7\u00f5es expostos abaixo, do qual ser\u00e3o consideradas incorporadas \u00e0 exclus\u00e3o de quaisquer termos inconsistentes entre si em qualquer ordem recebidas ou aceitas. Todas as cota\u00e7\u00f5es e [&hellip;]<\/p>\n","protected":false},"author":1,"featured_media":0,"parent":52939,"menu_order":0,"comment_status":"closed","ping_status":"closed","template":"","meta":{"_et_pb_use_builder":"on","_et_pb_old_content":"","_et_gb_content_width":"","inline_featured_image":false,"footnotes":"","_links_to":"","_links_to_target":""},"class_list":["post-52979","page","type-page","status-publish","hentry"],"acf":[],"aioseo_notices":[],"_links":{"self":[{"href":"https:\/\/staging.ampcometal.com\/pt-br\/wp-json\/wp\/v2\/pages\/52979","targetHints":{"allow":["GET"]}}],"collection":[{"href":"https:\/\/staging.ampcometal.com\/pt-br\/wp-json\/wp\/v2\/pages"}],"about":[{"href":"https:\/\/staging.ampcometal.com\/pt-br\/wp-json\/wp\/v2\/types\/page"}],"author":[{"embeddable":true,"href":"https:\/\/staging.ampcometal.com\/pt-br\/wp-json\/wp\/v2\/users\/1"}],"replies":[{"embeddable":true,"href":"https:\/\/staging.ampcometal.com\/pt-br\/wp-json\/wp\/v2\/comments?post=52979"}],"version-history":[{"count":0,"href":"https:\/\/staging.ampcometal.com\/pt-br\/wp-json\/wp\/v2\/pages\/52979\/revisions"}],"up":[{"embeddable":true,"href":"https:\/\/staging.ampcometal.com\/pt-br\/wp-json\/wp\/v2\/pages\/52939"}],"wp:attachment":[{"href":"https:\/\/staging.ampcometal.com\/pt-br\/wp-json\/wp\/v2\/media?parent=52979"}],"curies":[{"name":"wp","href":"https:\/\/api.w.org\/{rel}","templated":true}]}}