{"id":52976,"date":"2021-09-06T19:50:52","date_gmt":"2021-09-06T17:50:52","guid":{"rendered":"https:\/\/staging.ampcometal.com\/empresa\/historia\/"},"modified":"2023-02-06T00:52:08","modified_gmt":"2023-02-05T22:52:08","slug":"historia","status":"publish","type":"page","link":"https:\/\/staging.ampcometal.com\/pt-br\/empresa\/historia\/","title":{"rendered":"Hist\u00f3ria"},"content":{"rendered":"[et_pb_section fb_built=&#8221;1&#8243; specialty=&#8221;on&#8221; custom_padding_last_edited=&#8221;on|desktop&#8221; parallax_method_1=&#8221;off&#8221; parallax_method_2=&#8221;off&#8221; module_id_1=&#8221;product-page-sidebar-column&#8221; _builder_version=&#8221;4.16&#8243; background_color=&#8221;#f7f7f7&#8243; custom_padding=&#8221;0px||0px|&#8221; custom_padding_tablet=&#8221;40px|||&#8221; custom_padding_phone=&#8221;&#8221; transparent_background=&#8221;off&#8221; make_fullwidth=&#8221;off&#8221; use_custom_width=&#8221;off&#8221; width_unit=&#8221;on&#8221; global_colors_info=&#8221;{}&#8221;][et_pb_column type=&#8221;1_3&#8243; _builder_version=&#8221;4.16&#8243; custom_padding=&#8221;|||&#8221; global_colors_info=&#8221;{}&#8221; custom_padding__hover=&#8221;|||&#8221;][et_pb_sidebar area=&#8221;company_sidebar&#8221; disabled_on=&#8221;on|on|off&#8221; module_id=&#8221;inner-product-sidebar-module&#8221; _builder_version=&#8221;4.16&#8243; remove_border=&#8221;off&#8221; global_colors_info=&#8221;{}&#8221;][\/et_pb_sidebar][\/et_pb_column][et_pb_column type=&#8221;2_3&#8243; specialty_columns=&#8221;2&#8243; _builder_version=&#8221;4.16&#8243; custom_padding=&#8221;|||&#8221; global_colors_info=&#8221;{}&#8221; custom_padding__hover=&#8221;|||&#8221;][et_pb_row_inner custom_padding_last_edited=&#8221;on|desktop&#8221; admin_label=&#8221;Row&#8221; _builder_version=&#8221;4.16&#8243; custom_margin_last_edited=&#8221;off|desktop&#8221; custom_padding=&#8221;40px||0px|&#8221; custom_padding_tablet=&#8221;&#8221; custom_padding_phone=&#8221;&#8221; global_colors_info=&#8221;{}&#8221;][et_pb_column_inner saved_specialty_column_type=&#8221;2_3&#8243; _builder_version=&#8221;4.16&#8243; custom_padding=&#8221;|||&#8221; global_colors_info=&#8221;{}&#8221; custom_padding__hover=&#8221;|||&#8221;][et_pb_text admin_label=&#8221;HISTORY&#8221; _builder_version=&#8221;4.16&#8243; background_size=&#8221;initial&#8221; background_position=&#8221;top_left&#8221; background_repeat=&#8221;repeat&#8221; use_border_color=&#8221;off&#8221; border_color=&#8221;#ffffff&#8221; border_style=&#8221;solid&#8221; global_colors_info=&#8221;{}&#8221;]\n<h2>HIST\u00d3RIA<\/h2>\n[\/et_pb_text][et_pb_text _builder_version=&#8221;4.16&#8243; background_size=&#8221;initial&#8221; background_position=&#8221;top_left&#8221; background_repeat=&#8221;repeat&#8221; custom_margin=&#8221;20px|||&#8221; custom_margin_tablet=&#8221;&#8221; custom_margin_phone=&#8221;&#8221; custom_margin_last_edited=&#8221;on|&#8221; use_border_color=&#8221;off&#8221; border_color=&#8221;#ffffff&#8221; border_style=&#8221;solid&#8221; global_colors_info=&#8221;{}&#8221;]No in\u00edcio, em 1914, um pequeno grupo de empres\u00e1rios se reuniram para discutir uma descoberta excitante: \u201cUm novo bronze duro o suficiente para cortar o a\u00e7o\u201d. No dia 6 de junho de 1914, o inventor, August Littmann se juntou com outros empres\u00e1rios para formar a American Metal Products Company. O produto era para ser chamado de AMPCO\u00ae Bronze, um nome derivado das iniciais da Companhia. A marca escolhida foi um diamante e a liga foi feita atrav\u00e9s de um processo secreto, conhecido apenas seleto grupo.<br \/>\n[\/et_pb_text][\/et_pb_column_inner][\/et_pb_row_inner][et_pb_row_inner column_structure=&#8221;1_2,1_2&#8243; use_custom_gutter=&#8221;on&#8221; gutter_width=&#8221;1&#8243; make_equal=&#8221;on&#8221; admin_label=&#8221;Row&#8221; module_class=&#8221;product-description-row&#8221; _builder_version=&#8221;4.16&#8243; global_colors_info=&#8221;{}&#8221;][et_pb_column_inner type=&#8221;1_2&#8243; saved_specialty_column_type=&#8221;2_3&#8243; module_class=&#8221;product-description-col-text&#8221; _builder_version=&#8221;4.16&#8243; custom_padding=&#8221;|||&#8221; custom_css_main_element=&#8221;width: 70%;&#8221; global_colors_info=&#8221;{}&#8221; custom_padding__hover=&#8221;|||&#8221;][et_pb_text admin_label=&#8221;Description&#8221; _builder_version=&#8221;4.16&#8243; background_size=&#8221;initial&#8221; background_position=&#8221;top_left&#8221; background_repeat=&#8221;repeat&#8221; use_border_color=&#8221;off&#8221; border_color=&#8221;#ffffff&#8221; border_style=&#8221;solid&#8221; global_colors_info=&#8221;{}&#8221;]O sucesso demorou a chegar, mas no in\u00edcio da d\u00e9cada de 1930 a AMPCO\u00ae havia se estabelecido como um reconhecido l\u00edder na produ\u00e7\u00e3o de ligas de bronze de alum\u00ednio como pe\u00e7as fundidas em areia, fundi\u00e7\u00e3o centr\u00edfuga e forjadas. A American Metal Products Company, renomeado AMPCO METAL em 1930, tinha constru\u00eddo uma reputa\u00e7\u00e3o como um produtor confi\u00e1vel, de produtos de qualidade consistente. A II Guerra Mundial trouxe uma grande demanda para a produ\u00e7\u00e3o de ligas \u00e0 base de cobre e o valor do bronze industrial foi reconhecido cada vez mais, especialmente em engenharia aeron\u00e1utica. Em 1944, a equipe da AMPCO METAL tinha aumentado de 100 para 2.500 pessoas, com cada avi\u00e3o americano utilizando pe\u00e7as da AMPCO METAL em seus motores, trem de pouso, h\u00e9lices ou estrutura. No ambiente marinho, as h\u00e9lices da AMPCO METAL foram produzidos para barca\u00e7as de desembarque e navios. Na verdade, as ligas da AMPCO METAL foram usadas na maioria das esferas de opera\u00e7\u00f5es militares.<br \/>\n[\/et_pb_text][\/et_pb_column_inner][et_pb_column_inner type=&#8221;1_2&#8243; saved_specialty_column_type=&#8221;2_3&#8243; module_class=&#8221;product-description-col-image&#8221; _builder_version=&#8221;4.16&#8243; custom_padding=&#8221;|||&#8221; custom_css_main_element=&#8221;width: 30%;&#8221; global_colors_info=&#8221;{}&#8221; custom_padding__hover=&#8221;|||&#8221;][et_pb_image src=&#8221;https:\/\/staging.ampcometal.com\/wp-content\/uploads\/2017\/05\/history_pict1.jpg&#8221; align=&#8221;right&#8221; align_tablet=&#8221;center&#8221; align_phone=&#8221;&#8221; align_last_edited=&#8221;on|desktop&#8221; module_class=&#8221;product-description-img&#8221; _builder_version=&#8221;4.16&#8243; max_width=&#8221;80%&#8221; max_width_tablet=&#8221;&#8221; max_width_phone=&#8221;&#8221; max_width_last_edited=&#8221;on|desktop&#8221; custom_margin_tablet=&#8221;30px|||&#8221; custom_margin_phone=&#8221;&#8221; custom_margin_last_edited=&#8221;on|tablet&#8221; use_border_color=&#8221;off&#8221; border_color=&#8221;#ffffff&#8221; border_style=&#8221;solid&#8221; animation=&#8221;off&#8221; sticky=&#8221;off&#8221; always_center_on_mobile=&#8221;on&#8221; global_colors_info=&#8221;{}&#8221;][\/et_pb_image][\/et_pb_column_inner][\/et_pb_row_inner][et_pb_row_inner custom_padding_last_edited=&#8221;on|phone&#8221; admin_label=&#8221;Row&#8221; _builder_version=&#8221;4.16&#8243; custom_margin=&#8221;||80px|&#8221; custom_margin_tablet=&#8221;||60px|&#8221; custom_margin_phone=&#8221;&#8221; custom_margin_last_edited=&#8221;on|desktop&#8221; custom_padding=&#8221;0px|||&#8221; custom_padding_tablet=&#8221;&#8221; custom_padding_phone=&#8221;&#8221; custom_css_main_element=&#8221;border-bottom: solid 2px #e8e8e8;&#8221; global_colors_info=&#8221;{}&#8221;][et_pb_column_inner saved_specialty_column_type=&#8221;2_3&#8243; _builder_version=&#8221;4.16&#8243; custom_padding=&#8221;|||&#8221; global_colors_info=&#8221;{}&#8221; custom_padding__hover=&#8221;|||&#8221;][et_pb_text _builder_version=&#8221;4.16&#8243; background_size=&#8221;initial&#8221; background_position=&#8221;top_left&#8221; background_repeat=&#8221;repeat&#8221; custom_margin=&#8221;20px||40px|&#8221; custom_margin_tablet=&#8221;&#8221; custom_margin_phone=&#8221;&#8221; custom_margin_last_edited=&#8221;on|desktop&#8221; use_border_color=&#8221;off&#8221; global_colors_info=&#8221;{}&#8221;]Os anos de 1922 \u00e0 d\u00e9cada de 70 viram a introdu\u00e7\u00e3o de produtos inovadores e tecnologias como ferramentas n\u00e3o magn\u00e9ticas e que n\u00e3o produzam fa\u00edscas, bronzes fundidos por centrifuga\u00e7\u00e3o, bronzes duros, n\u00edquel alum\u00ednio bronze, eletrodos de solda de alta condutividade e novas ligas de aeronaves de alta resist\u00eancia.<\/p>\n<p>Na d\u00e9cada de 1970 a empresa tornou-se o primeiro produtor de liga certificada para ASME e na d\u00e9cada de 1980 a primeira empresa a utilizar o processo de Evaporative Pattern Casting (EPC) para produzir ligas \u00e0 base de cobre.<\/p>\n<p>Em 1957 a AMPCO METAL come\u00e7ou a expandir sua rede de vendas em v\u00e1rios pa\u00edses, principalmente na Europa, a fim de aumentar a cobertura de mercado.<\/p>\n<p>Reconhecendo a tremenda oportunidade de mercado apresentado pela economia chinesa em r\u00e1pida expans\u00e3o, a AMPCO METAL abriu um escrit\u00f3rio de vendas e marketing em Tianjin em 2003.<\/p>\n<p>Hoje, a AMPCO METAL tem opera\u00e7\u00f5es em 3 continentes e em 16 pa\u00edses.<\/p>\n<p>Publica\u00e7\u00f5es\/Documentos antigos da AMPCO METAL:<br \/>\n[\/et_pb_text][et_pb_image src=&#8221;https:\/\/staging.ampcometal.com\/wp-content\/uploads\/2017\/05\/history-documents-image-2.jpg&#8221; align=&#8221;center&#8221; align_tablet=&#8221;center&#8221; align_phone=&#8221;&#8221; align_last_edited=&#8221;on|desktop&#8221; _builder_version=&#8221;4.16&#8243; use_border_color=&#8221;off&#8221; border_color=&#8221;#ffffff&#8221; border_style=&#8221;solid&#8221; animation=&#8221;off&#8221; sticky=&#8221;off&#8221; always_center_on_mobile=&#8221;on&#8221; global_colors_info=&#8221;{}&#8221;][\/et_pb_image][\/et_pb_column_inner][\/et_pb_row_inner][\/et_pb_column][\/et_pb_section]\n","protected":false},"excerpt":{"rendered":"<p>HIST\u00d3RIA No in\u00edcio, em 1914, um pequeno grupo de empres\u00e1rios se reuniram para discutir uma descoberta excitante: \u201cUm novo bronze duro o suficiente para cortar o a\u00e7o\u201d. No dia 6 de junho de 1914, o inventor, August Littmann se juntou com outros empres\u00e1rios para formar a American Metal Products Company. O produto era para ser [&hellip;]<\/p>\n","protected":false},"author":1,"featured_media":0,"parent":52916,"menu_order":0,"comment_status":"closed","ping_status":"closed","template":"","meta":{"_et_pb_use_builder":"on","_et_pb_old_content":"","_et_gb_content_width":"","inline_featured_image":false,"footnotes":"","_links_to":"","_links_to_target":""},"class_list":["post-52976","page","type-page","status-publish","hentry"],"acf":[],"aioseo_notices":[],"_links":{"self":[{"href":"https:\/\/staging.ampcometal.com\/pt-br\/wp-json\/wp\/v2\/pages\/52976","targetHints":{"allow":["GET"]}}],"collection":[{"href":"https:\/\/staging.ampcometal.com\/pt-br\/wp-json\/wp\/v2\/pages"}],"about":[{"href":"https:\/\/staging.ampcometal.com\/pt-br\/wp-json\/wp\/v2\/types\/page"}],"author":[{"embeddable":true,"href":"https:\/\/staging.ampcometal.com\/pt-br\/wp-json\/wp\/v2\/users\/1"}],"replies":[{"embeddable":true,"href":"https:\/\/staging.ampcometal.com\/pt-br\/wp-json\/wp\/v2\/comments?post=52976"}],"version-history":[{"count":3,"href":"https:\/\/staging.ampcometal.com\/pt-br\/wp-json\/wp\/v2\/pages\/52976\/revisions"}],"predecessor-version":[{"id":68729,"href":"https:\/\/staging.ampcometal.com\/pt-br\/wp-json\/wp\/v2\/pages\/52976\/revisions\/68729"}],"up":[{"embeddable":true,"href":"https:\/\/staging.ampcometal.com\/pt-br\/wp-json\/wp\/v2\/pages\/52916"}],"wp:attachment":[{"href":"https:\/\/staging.ampcometal.com\/pt-br\/wp-json\/wp\/v2\/media?parent=52976"}],"curies":[{"name":"wp","href":"https:\/\/api.w.org\/{rel}","templated":true}]}}