{"id":52956,"date":"2021-09-06T19:50:45","date_gmt":"2021-09-06T17:50:45","guid":{"rendered":"https:\/\/staging.ampcometal.com\/empresa\/perfil\/"},"modified":"2025-03-21T15:56:07","modified_gmt":"2025-03-21T13:56:07","slug":"perfil","status":"publish","type":"page","link":"https:\/\/staging.ampcometal.com\/pt-br\/empresa\/perfil\/","title":{"rendered":"Perfil"},"content":{"rendered":"[et_pb_section fb_built=&#8221;1&#8243; specialty=&#8221;on&#8221; custom_padding_last_edited=&#8221;on|desktop&#8221; parallax_method_1=&#8221;off&#8221; parallax_method_2=&#8221;off&#8221; module_id_1=&#8221;product-page-sidebar-column&#8221; admin_label=&#8221;Section&#8221; _builder_version=&#8221;4.16&#8243; background_color=&#8221;#f7f7f7&#8243; custom_padding=&#8221;0px||0px|&#8221; custom_padding_tablet=&#8221;40px|||&#8221; custom_padding_phone=&#8221;&#8221; transparent_background=&#8221;off&#8221; make_fullwidth=&#8221;off&#8221; use_custom_width=&#8221;off&#8221; width_unit=&#8221;on&#8221; global_colors_info=&#8221;{}&#8221;][et_pb_column type=&#8221;1_3&#8243; _builder_version=&#8221;4.16&#8243; custom_padding=&#8221;|||&#8221; global_colors_info=&#8221;{}&#8221; custom_padding__hover=&#8221;|||&#8221;][et_pb_sidebar area=&#8221;company_sidebar&#8221; disabled_on=&#8221;on|on|off&#8221; admin_label=&#8221;Sidebar&#8221; module_id=&#8221;inner-product-sidebar-module&#8221; _builder_version=&#8221;4.16&#8243; remove_border=&#8221;off&#8221; global_colors_info=&#8221;{}&#8221;][\/et_pb_sidebar][\/et_pb_column][et_pb_column type=&#8221;2_3&#8243; specialty_columns=&#8221;2&#8243; _builder_version=&#8221;4.16&#8243; custom_padding=&#8221;|||&#8221; global_colors_info=&#8221;{}&#8221; custom_padding__hover=&#8221;|||&#8221;][et_pb_row_inner custom_padding_last_edited=&#8221;on|desktop&#8221; admin_label=&#8221;Row&#8221; _builder_version=&#8221;4.16&#8243; custom_margin=&#8221;||40px|&#8221; custom_margin_tablet=&#8221;&#8221; custom_margin_phone=&#8221;&#8221; custom_margin_last_edited=&#8221;on|desktop&#8221; custom_padding=&#8221;40px||40px|&#8221; custom_padding_tablet=&#8221;&#8221; custom_padding_phone=&#8221;&#8221; custom_css_main_element=&#8221;border-bottom: solid 2px #e8e8e8;&#8221; global_colors_info=&#8221;{}&#8221;][et_pb_column_inner saved_specialty_column_type=&#8221;2_3&#8243; _builder_version=&#8221;4.16&#8243; custom_padding=&#8221;|||&#8221; global_colors_info=&#8221;{}&#8221; custom_padding__hover=&#8221;|||&#8221;][et_pb_text admin_label=&#8221;CORPORATE VISION&#8221; _builder_version=&#8221;4.17.6&#8243; background_size=&#8221;initial&#8221; background_position=&#8221;top_left&#8221; background_repeat=&#8221;repeat&#8221; use_border_color=&#8221;off&#8221; border_color=&#8221;#ffffff&#8221; border_style=&#8221;solid&#8221; global_colors_info=&#8221;{}&#8221;]\n<h2>Vis\u00e3o<\/h2>\n[\/et_pb_text][et_pb_text admin_label=&#8221;Text&#8221; _builder_version=&#8221;4.27.4&#8243; background_size=&#8221;initial&#8221; background_position=&#8221;top_left&#8221; background_repeat=&#8221;repeat&#8221; custom_margin=&#8221;20px|||&#8221; custom_margin_tablet=&#8221;&#8221; custom_margin_phone=&#8221;&#8221; custom_margin_last_edited=&#8221;on|&#8221; hover_enabled=&#8221;0&#8243; use_border_color=&#8221;off&#8221; border_color=&#8221;#ffffff&#8221; border_style=&#8221;solid&#8221; global_colors_info=&#8221;{}&#8221; sticky_enabled=&#8221;0&#8243;]\n<p>Onde quer que nossos clientes se conectem conosco em todo o mundo, eles o fazem com um sorriso. Eles confiam em n\u00f3s para cuidar de seus equipamentos de manufatura porque fornecemos consistentemente solu\u00e7\u00f5es valiosas que melhoram o desempenho. Como parceiro confi\u00e1vel e de longo prazo, estabelecemos o padr\u00e3o no setor com nossos servi\u00e7os inovadores e ligas sustent\u00e1veis.  <\/p>\n[\/et_pb_text][\/et_pb_column_inner][\/et_pb_row_inner][et_pb_row_inner custom_padding_last_edited=&#8221;on|phone&#8221; admin_label=&#8221;Row&#8221; _builder_version=&#8221;4.16&#8243; custom_margin=&#8221;||40px|&#8221; custom_margin_tablet=&#8221;&#8221; custom_margin_phone=&#8221;&#8221; custom_margin_last_edited=&#8221;on|desktop&#8221; custom_padding=&#8221;0px||40px|&#8221; custom_padding_tablet=&#8221;&#8221; custom_padding_phone=&#8221;&#8221; custom_css_main_element=&#8221;border-bottom: solid 2px #e8e8e8;&#8221; global_colors_info=&#8221;{}&#8221;][et_pb_column_inner saved_specialty_column_type=&#8221;2_3&#8243; _builder_version=&#8221;4.16&#8243; custom_padding=&#8221;|||&#8221; global_colors_info=&#8221;{}&#8221; custom_padding__hover=&#8221;|||&#8221;][et_pb_text admin_label=&#8221;MISSION STATEMENT&#8221; _builder_version=&#8221;4.17.6&#8243; background_size=&#8221;initial&#8221; background_position=&#8221;top_left&#8221; background_repeat=&#8221;repeat&#8221; use_border_color=&#8221;off&#8221; border_color=&#8221;#ffffff&#8221; border_style=&#8221;solid&#8221; global_colors_info=&#8221;{}&#8221;]\n<h2>Miss\u00e3o<\/h2>\n[\/et_pb_text][et_pb_text admin_label=&#8221;Text&#8221; _builder_version=&#8221;4.27.4&#8243; background_size=&#8221;initial&#8221; background_position=&#8221;top_left&#8221; background_repeat=&#8221;repeat&#8221; custom_margin=&#8221;20px|||&#8221; custom_margin_tablet=&#8221;&#8221; custom_margin_phone=&#8221;&#8221; custom_margin_last_edited=&#8221;on|&#8221; hover_enabled=&#8221;0&#8243; use_border_color=&#8221;off&#8221; border_color=&#8221;#ffffff&#8221; border_style=&#8221;solid&#8221; global_colors_info=&#8221;{}&#8221; sticky_enabled=&#8221;0&#8243;]\n<p>Impulsionados por nossa vis\u00e3o, nossa miss\u00e3o \u00e9 desenvolver uma experi\u00eancia de lideran\u00e7a nos aplicativos de nossos clientes. Nosso objetivo \u00e9 superar suas expectativas, combinando profundo conhecimento em nossos processos de cria\u00e7\u00e3o de valor com solu\u00e7\u00f5es inovadoras e prontas para o uso. <\/p>\n<p>Temos orgulho de cultivar nossa identidade \u00fanica, de permanecer fi\u00e9is aos nossos valores fundamentais e de promover uma cultura de propriedade. N\u00f3s nos dedicamos a capacitar nossos funcion\u00e1rios, aprimorando continuamente suas habilidades e inspirando sua ambi\u00e7\u00e3o de alcan\u00e7ar a excel\u00eancia. <\/p>\n[\/et_pb_text][\/et_pb_column_inner][\/et_pb_row_inner][et_pb_row_inner custom_padding_last_edited=&#8221;on|desktop&#8221; admin_label=&#8221;Row&#8221; _builder_version=&#8221;4.16&#8243; custom_margin=&#8221;||40px|&#8221; custom_margin_tablet=&#8221;&#8221; custom_margin_phone=&#8221;&#8221; custom_margin_last_edited=&#8221;on|desktop&#8221; custom_padding=&#8221;0px||20px|&#8221; custom_padding_tablet=&#8221;&#8221; custom_padding_phone=&#8221;&#8221; custom_css_main_element=&#8221;border-bottom: solid 2px #e8e8e8;&#8221; global_colors_info=&#8221;{}&#8221;][et_pb_column_inner saved_specialty_column_type=&#8221;2_3&#8243; _builder_version=&#8221;4.16&#8243; custom_padding=&#8221;|||&#8221; global_colors_info=&#8221;{}&#8221; custom_padding__hover=&#8221;|||&#8221;][et_pb_text admin_label=&#8221;VALUES AND GUIDING PRINCIPLES&#8221; _builder_version=&#8221;4.17.6&#8243; background_size=&#8221;initial&#8221; background_position=&#8221;top_left&#8221; background_repeat=&#8221;repeat&#8221; use_border_color=&#8221;off&#8221; border_color=&#8221;#ffffff&#8221; border_style=&#8221;solid&#8221; global_colors_info=&#8221;{}&#8221;]\n<h2>Valores<\/h2>\n[\/et_pb_text][et_pb_text admin_label=&#8221;Text&#8221; _builder_version=&#8221;4.27.4&#8243; background_size=&#8221;initial&#8221; background_position=&#8221;top_left&#8221; background_repeat=&#8221;repeat&#8221; custom_margin=&#8221;20px|||&#8221; custom_margin_tablet=&#8221;&#8221; custom_margin_phone=&#8221;&#8221; custom_margin_last_edited=&#8221;on|&#8221; hover_enabled=&#8221;0&#8243; use_border_color=&#8221;off&#8221; border_color=&#8221;#ffffff&#8221; border_style=&#8221;solid&#8221; global_colors_info=&#8221;{}&#8221; sticky_enabled=&#8221;0&#8243;]\n<ol>\n<li><strong>Foco no cliente<\/strong>: Nossos clientes est\u00e3o sempre em primeiro lugar; as necessidades externas t\u00eam preced\u00eancia sobre as prioridades internas.<\/li>\n<li><strong>Qualidade<\/strong>: A excel\u00eancia define nosso trabalho em todos os aspectos.<\/li>\n<li><strong>Empreendedorismo<\/strong>: Valorizamos a iniciativa e celebramos o esp\u00edrito de empreendedorismo.<\/li>\n<li><strong>Responsabilidade<\/strong>: Assumimos total responsabilidade por nossas a\u00e7\u00f5es e seus resultados.<\/li>\n<li><strong>Confiabilidade<\/strong>: Honramos nossos compromissos e nos orgulhamos de ser parceiros confi\u00e1veis.<\/li>\n<li><strong>Abertura e inova\u00e7\u00e3o<\/strong>: Abra\u00e7amos a mudan\u00e7a e promovemos a criatividade para impulsionar a inova\u00e7\u00e3o.<\/li>\n<\/ol>\n[\/et_pb_text][et_pb_image src=&#8221;https:\/\/staging.ampcometal.com\/wp-content\/uploads\/2021\/08\/main_map.png&#8221; title_text=&#8221;main_map&#8221; show_bottom_space=&#8221;off&#8221; align=&#8221;center&#8221; align_tablet=&#8221;center&#8221; align_phone=&#8221;&#8221; align_last_edited=&#8221;on|desktop&#8221; admin_label=&#8221;Image&#8221; _builder_version=&#8221;4.27.4&#8243; use_border_color=&#8221;off&#8221; border_color=&#8221;#ffffff&#8221; border_style=&#8221;solid&#8221; animation=&#8221;off&#8221; sticky=&#8221;on&#8221; always_center_on_mobile=&#8221;on&#8221; global_colors_info=&#8221;{}&#8221;][\/et_pb_image][\/et_pb_column_inner][\/et_pb_row_inner][et_pb_row_inner custom_padding_last_edited=&#8221;on|phone&#8221; admin_label=&#8221;Row&#8221; _builder_version=&#8221;4.16&#8243; custom_margin=&#8221;||80px|&#8221; custom_margin_tablet=&#8221;||60px|&#8221; custom_margin_phone=&#8221;&#8221; custom_margin_last_edited=&#8221;on|desktop&#8221; custom_padding=&#8221;0px|||&#8221; custom_padding_tablet=&#8221;&#8221; custom_padding_phone=&#8221;&#8221; custom_css_main_element=&#8221;border-bottom: solid 2px #e8e8e8;&#8221; global_colors_info=&#8221;{}&#8221;][et_pb_column_inner saved_specialty_column_type=&#8221;2_3&#8243; _builder_version=&#8221;4.16&#8243; custom_padding=&#8221;|||&#8221; global_colors_info=&#8221;{}&#8221; custom_padding__hover=&#8221;|||&#8221;][et_pb_text admin_label=&#8221;VALUES AND GUIDING PRINCIPLES&#8221; _builder_version=&#8221;4.16&#8243; background_size=&#8221;initial&#8221; background_position=&#8221;top_left&#8221; background_repeat=&#8221;repeat&#8221; use_border_color=&#8221;off&#8221; border_color=&#8221;#ffffff&#8221; border_style=&#8221;solid&#8221; global_colors_info=&#8221;{}&#8221;]\n<h2>AMPCO METAL<\/h2>\n[\/et_pb_text][et_pb_text admin_label=&#8221;Text&#8221; _builder_version=&#8221;4.17.6&#8243; background_size=&#8221;initial&#8221; background_position=&#8221;top_left&#8221; background_repeat=&#8221;repeat&#8221; custom_margin=&#8221;20px||40px|&#8221; custom_margin_tablet=&#8221;&#8221; custom_margin_phone=&#8221;&#8221; custom_margin_last_edited=&#8221;on|desktop&#8221; use_border_color=&#8221;off&#8221; border_color=&#8221;#ffffff&#8221; border_style=&#8221;solid&#8221; global_colors_info=&#8221;{}&#8221;]UMA EMPRESA COMPROMETIDA EM INOVAR PRODUTOS E SERVI\u00c7OS AO CLIENTE POR MAIS DE 100 ANOS<\/p>\n<p>A AMPCO METAL, baseada na Su\u00ed\u00e7a, \u00e9 l\u00edder mundial em produ\u00e7\u00e3o e distribui\u00e7\u00e3o de ligas especiais de cobres e pe\u00e7as de engenharia.<\/p>\n<p>A empresa foi fundada em 1914 nos EUA inovando com a introdu\u00e7\u00e3o e aplica\u00e7\u00e3o da liga de bronze alum\u00ednio. Tamb\u00e9m introduziu ao mercado v\u00e1rios novos processos e t\u00e9cnicas metal\u00fargicas, que fizeram a AMPCO METAL ser reconhecida como l\u00edder em qualidade nos bronzes especiais e ligas de cobre.<\/p>\n<p>Ao longo dos anos, a AMPCO METAL conquistou v\u00e1rios clientes ao redor do mundo em uma variada gama de aplica\u00e7\u00f5es, com desgaste, corros\u00e3o e condutividade.<\/p>\n<p>A maior parte das ind\u00fastrias inclui: qu\u00edmica e petr\u00f3leo, ferramentarias, siderurgia, transporte e uma gama enorme de ind\u00fastrias e com\u00e9rcios de m\u00e1quinas.<\/p>\n<p>Para obter sua liga \u00fanica e consistente, a AMPCO METAL conta com os mais avan\u00e7ados equipamentos da ind\u00fastria, uma equipe de engenheiros altamente qualificados e um rigoroso controle de qualidade. Fazendo com que a AMPCO METAL ofere\u00e7a, lote a lote, consist\u00eancia e superioridade no produto final. Consciente com o meio ambiente, a AMPCO METAL utiliza tecnologia avan\u00e7ada nas suas f\u00e1bricas e centros de distribui\u00e7\u00e3o para manter a qualidade do ar e da \u00e1gua.<\/p>\n<p>A AMPCO METAL produz uma gama enorme de ligas em uma variedade de classes e condi\u00e7\u00f5es, distribuindo-as atrav\u00e9z de seus centros de distribui\u00e7\u00f5es espalhados pelo mundo. Isto permite a AMPCO METAL trabalhar pr\u00f3ximo aos clientes, de maneira a produzir ligas especiais com as propriedades e caracter\u00edsticas que eles necessitam.<br \/>\n[\/et_pb_text][\/et_pb_column_inner][\/et_pb_row_inner][\/et_pb_column][\/et_pb_section]\n","protected":false},"excerpt":{"rendered":"<p>Vis\u00e3oOnde quer que nossos clientes se conectem conosco em todo o mundo, eles o fazem com um sorriso. Eles confiam em n\u00f3s para cuidar de seus equipamentos de manufatura porque fornecemos consistentemente solu\u00e7\u00f5es valiosas que melhoram o desempenho. Como parceiro confi\u00e1vel e de longo prazo, estabelecemos o padr\u00e3o no setor com nossos servi\u00e7os inovadores e [&hellip;]<\/p>\n","protected":false},"author":1,"featured_media":0,"parent":52916,"menu_order":0,"comment_status":"closed","ping_status":"closed","template":"","meta":{"_et_pb_use_builder":"on","_et_pb_old_content":"","_et_gb_content_width":"","inline_featured_image":false,"footnotes":"","_links_to":"","_links_to_target":""},"class_list":["post-52956","page","type-page","status-publish","hentry"],"acf":[],"aioseo_notices":[],"_links":{"self":[{"href":"https:\/\/staging.ampcometal.com\/pt-br\/wp-json\/wp\/v2\/pages\/52956","targetHints":{"allow":["GET"]}}],"collection":[{"href":"https:\/\/staging.ampcometal.com\/pt-br\/wp-json\/wp\/v2\/pages"}],"about":[{"href":"https:\/\/staging.ampcometal.com\/pt-br\/wp-json\/wp\/v2\/types\/page"}],"author":[{"embeddable":true,"href":"https:\/\/staging.ampcometal.com\/pt-br\/wp-json\/wp\/v2\/users\/1"}],"replies":[{"embeddable":true,"href":"https:\/\/staging.ampcometal.com\/pt-br\/wp-json\/wp\/v2\/comments?post=52956"}],"version-history":[{"count":11,"href":"https:\/\/staging.ampcometal.com\/pt-br\/wp-json\/wp\/v2\/pages\/52956\/revisions"}],"predecessor-version":[{"id":69428,"href":"https:\/\/staging.ampcometal.com\/pt-br\/wp-json\/wp\/v2\/pages\/52956\/revisions\/69428"}],"up":[{"embeddable":true,"href":"https:\/\/staging.ampcometal.com\/pt-br\/wp-json\/wp\/v2\/pages\/52916"}],"wp:attachment":[{"href":"https:\/\/staging.ampcometal.com\/pt-br\/wp-json\/wp\/v2\/media?parent=52956"}],"curies":[{"name":"wp","href":"https:\/\/api.w.org\/{rel}","templated":true}]}}