{"id":52955,"date":"2021-09-06T19:50:45","date_gmt":"2021-09-06T17:50:45","guid":{"rendered":"https:\/\/staging.ampcometal.com\/dados-tecnicos\/download-de-midia\/"},"modified":"2021-09-06T19:50:46","modified_gmt":"2021-09-06T17:50:46","slug":"download-de-midia","status":"publish","type":"page","link":"https:\/\/staging.ampcometal.com\/pt-br\/dados-tecnicos\/download-de-midia\/","title":{"rendered":"Download de m\u00eddia"},"content":{"rendered":"[et_pb_section fb_built=&#8221;1&#8243; specialty=&#8221;on&#8221; custom_padding_last_edited=&#8221;on|desktop&#8221; parallax_method_1=&#8221;off&#8221; parallax_method_2=&#8221;off&#8221; module_id_1=&#8221;product-page-sidebar-column&#8221; admin_label=&#8221;Section&#8221; _builder_version=&#8221;3.22&#8243; background_color=&#8221;#f7f7f7&#8243; custom_padding=&#8221;0px||0px|&#8221; custom_padding_tablet=&#8221;40px|||&#8221; custom_padding_phone=&#8221;&#8221; transparent_background=&#8221;off&#8221; make_fullwidth=&#8221;off&#8221; use_custom_width=&#8221;off&#8221; width_unit=&#8221;on&#8221;][et_pb_column type=&#8221;1_3&#8243; _builder_version=&#8221;3.25&#8243; custom_padding=&#8221;|||&#8221; custom_padding__hover=&#8221;|||&#8221;][et_pb_sidebar area=&#8221;technical_data_sidebar&#8221; disabled_on=&#8221;on|on|off&#8221; admin_label=&#8221;Sidebar&#8221; module_id=&#8221;inner-product-sidebar-module&#8221; _builder_version=&#8221;4.9.4&#8243; hover_enabled=&#8221;0&#8243; remove_border=&#8221;off&#8221; sticky_enabled=&#8221;0&#8243;][\/et_pb_sidebar][\/et_pb_column][et_pb_column type=&#8221;2_3&#8243; specialty_columns=&#8221;2&#8243; _builder_version=&#8221;3.25&#8243; custom_padding=&#8221;|||&#8221; custom_padding__hover=&#8221;|||&#8221;][et_pb_row_inner custom_padding_last_edited=&#8221;on|&#8221; admin_label=&#8221;Row&#8221; _builder_version=&#8221;3.25&#8243; custom_padding=&#8221;40px|||&#8221; custom_padding_tablet=&#8221;&#8221; custom_padding_phone=&#8221;&#8221;][et_pb_column_inner saved_specialty_column_type=&#8221;2_3&#8243; _builder_version=&#8221;3.25&#8243; custom_padding=&#8221;|||&#8221; custom_padding__hover=&#8221;|||&#8221;][et_pb_text admin_label=&#8221;Title&#8221; _builder_version=&#8221;3.27.4&#8243; text_letter_spacing=&#8221;0&#8243; text_line_height=&#8221;1.7&#8243; header_font_size=&#8221;30&#8243; header_letter_spacing=&#8221;0&#8243; header_line_height=&#8221;1&#8243; background_size=&#8221;initial&#8221; background_position=&#8221;top_left&#8221; background_repeat=&#8221;repeat&#8221; use_border_color=&#8221;off&#8221; border_color=&#8221;#ffffff&#8221; border_width=&#8221;1&#8243; border_style=&#8221;solid&#8221;]\n<h2 class=\"entry-title\">BAIXAR M\u00cdDIA<\/h2>\n[\/et_pb_text][\/et_pb_column_inner][\/et_pb_row_inner][et_pb_row_inner custom_padding_last_edited=&#8221;on|desktop&#8221; admin_label=&#8221;Row&#8221; _builder_version=&#8221;3.25&#8243; custom_margin_last_edited=&#8221;off|phone&#8221; custom_padding=&#8221;0px|||&#8221; custom_padding_tablet=&#8221;&#8221; custom_padding_phone=&#8221;&#8221;][et_pb_column_inner saved_specialty_column_type=&#8221;2_3&#8243; _builder_version=&#8221;3.25&#8243; custom_padding=&#8221;|||&#8221; custom_padding__hover=&#8221;|||&#8221;][et_pb_text admin_label=&#8221;Subtitle&#8221; _builder_version=&#8221;3.27.4&#8243; text_letter_spacing=&#8221;0&#8243; text_line_height=&#8221;1.7&#8243; header_font_size=&#8221;30&#8243; header_letter_spacing=&#8221;0&#8243; header_line_height=&#8221;1&#8243; background_size=&#8221;initial&#8221; background_position=&#8221;top_left&#8221; background_repeat=&#8221;repeat&#8221; use_border_color=&#8221;off&#8221; border_color=&#8221;#ffffff&#8221; border_width=&#8221;1&#8243; border_style=&#8221;solid&#8221;]\n<h4><span style=\"color: #f19a19;\">SCREENSAVERS<\/span><\/h4>\n[\/et_pb_text][\/et_pb_column_inner][\/et_pb_row_inner][et_pb_row_inner use_custom_gutter=&#8221;on&#8221; gutter_width=&#8221;2&#8243; custom_padding_last_edited=&#8221;on|phone&#8221; admin_label=&#8221;Row&#8221; _builder_version=&#8221;3.25&#8243; custom_margin=&#8221;||60px|&#8221; custom_margin_tablet=&#8221;&#8221; custom_margin_phone=&#8221;&#8221; custom_margin_last_edited=&#8221;on|desktop&#8221; custom_padding=&#8221;||30px|&#8221; custom_padding_tablet=&#8221;&#8221; custom_padding_phone=&#8221;&#8221; custom_css_main_element=&#8221;border-bottom: solid 2px #e8e8e8;&#8221;][et_pb_column_inner saved_specialty_column_type=&#8221;2_3&#8243; module_id=&#8221;wallpaper-download-section&#8221; _builder_version=&#8221;3.25&#8243; custom_padding=&#8221;||0px|&#8221; custom_padding_last_edited=&#8221;on|phone&#8221; custom_css_main_element=&#8221;margin-bottom: 0;&#8221; custom_padding__hover=&#8221;|||&#8221;][et_pb_blurb image=&#8221;https:\/\/staging.ampcometal.com\/wp-content\/uploads\/2017\/04\/wallpaper-1.jpg&#8221; icon_placement=&#8221;left&#8221; image_max_width=&#8221;none&#8221; admin_label=&#8221;Wallpaper 1 (Edit links in text editor)&#8221; module_class=&#8221;wallpaper-download-block&#8221; _builder_version=&#8221;3.0.87&#8243; background_color=&#8221;#ffffff&#8221; background_size=&#8221;initial&#8221; background_position=&#8221;top_left&#8221; background_repeat=&#8221;repeat&#8221; max_width_last_edited=&#8221;off|&#8221; animation=&#8221;off&#8221; use_border_color=&#8221;off&#8221; border_color=&#8221;#ffffff&#8221; border_style=&#8221;solid&#8221;]<span style=\"color: #222222;\">PAP\u00c9IS DE PAREDE AMPCO<\/span><\/p>\n<p>Papel de parede 1<br \/>\n<span style=\"color: #f19a19;\">Tamanho: 7109 x 4000 px<\/span><\/p>\n<div class=\"other-sizes-row\">\n<p><em>Outros tamanhos a pedido<\/em><\/p>\n<p><a href=\"https:\/\/staging.ampcometal.com\/wp-content\/uploads\/2017\/04\/ampco-wallpaper-1.jpg\" target=\"_blank\" rel=\"noopener\"><span class=\"wallpaper-download-icon\"><\/span><\/a><\/div>\n[\/et_pb_blurb][et_pb_blurb image=&#8221;https:\/\/staging.ampcometal.com\/wp-content\/uploads\/2017\/04\/wallpaper-2.jpg&#8221; icon_placement=&#8221;left&#8221; image_max_width=&#8221;none&#8221; admin_label=&#8221;Wallpaper 2 (Edit links in text editor)&#8221; module_class=&#8221;wallpaper-download-block&#8221; _builder_version=&#8221;3.0.87&#8243; background_color=&#8221;#ffffff&#8221; background_size=&#8221;initial&#8221; background_position=&#8221;top_left&#8221; background_repeat=&#8221;repeat&#8221; max_width_last_edited=&#8221;off|&#8221; animation=&#8221;off&#8221; use_border_color=&#8221;off&#8221; border_color=&#8221;#ffffff&#8221; border_style=&#8221;solid&#8221;]<span style=\"color: #222222;\">PAP\u00c9IS DE PAREDE AMPCO<\/span><\/p>\n<p>Papel de parede 1<br \/>\n<span style=\"color: #f19a19;\">Tamanho: 1280 x 1024 px<\/span><\/p>\n<div class=\"other-sizes-row\">\n<p><em>Outros tamanhos a pedido<\/em><\/p>\n<p><a href=\"https:\/\/staging.ampcometal.com\/wp-content\/uploads\/2017\/04\/ampco-wallpaper-2.jpg\" target=\"_blank\" rel=\"noopener\"><span class=\"wallpaper-download-icon\"><\/span><\/a><\/div>\n[\/et_pb_blurb][et_pb_blurb image=&#8221;https:\/\/staging.ampcometal.com\/wp-content\/uploads\/2017\/04\/wallpaper-3.jpg&#8221; icon_placement=&#8221;left&#8221; image_max_width=&#8221;none&#8221; admin_label=&#8221;Wallpaper 3 (Edit links in text editor)&#8221; module_class=&#8221;wallpaper-download-block&#8221; _builder_version=&#8221;3.0.87&#8243; background_color=&#8221;#ffffff&#8221; background_size=&#8221;initial&#8221; background_position=&#8221;top_left&#8221; background_repeat=&#8221;repeat&#8221; max_width_last_edited=&#8221;off|&#8221; animation=&#8221;off&#8221; use_border_color=&#8221;off&#8221; border_color=&#8221;#ffffff&#8221; border_style=&#8221;solid&#8221;]<span style=\"color: #222222;\">PAP\u00c9IS DE PAREDE AMPCO<\/span><\/p>\n<p>Papel de Parede 1<br \/>\n<span style=\"color: #f19a19;\">Tamanho: 1280 x 1024 px<\/span><\/p>\n<div class=\"other-sizes-row\">\n<p><em>Outros tamanhos a pedido<\/em><\/p>\n<p><a href=\"https:\/\/staging.ampcometal.com\/wp-content\/uploads\/2017\/04\/ampco-wallpaper-3.jpg\" target=\"_blank\" rel=\"noopener\"><span class=\"wallpaper-download-icon\"><\/span><\/a><\/div>\n[\/et_pb_blurb][et_pb_blurb image=&#8221;https:\/\/staging.ampcometal.com\/wp-content\/uploads\/2017\/04\/wallpaper-4.jpg&#8221; icon_placement=&#8221;left&#8221; image_max_width=&#8221;none&#8221; admin_label=&#8221;Wallpaper 4 (Edit links in text editor)&#8221; module_class=&#8221;wallpaper-download-block&#8221; _builder_version=&#8221;3.0.87&#8243; background_color=&#8221;#ffffff&#8221; background_size=&#8221;initial&#8221; background_position=&#8221;top_left&#8221; background_repeat=&#8221;repeat&#8221; max_width_last_edited=&#8221;off|&#8221; animation=&#8221;off&#8221; use_border_color=&#8221;off&#8221; border_color=&#8221;#ffffff&#8221; border_style=&#8221;solid&#8221;]<span style=\"color: #222222;\">PAP\u00c9IS DE PAREDE AMPCO<\/span><\/p>\n<p>Papel de Parede 1<br \/>\n<span style=\"color: #f19a19;\">Tamanho: 1280 x 1024 px<\/span><\/p>\n<div class=\"other-sizes-row\">\n<p><em>Outros tamanhos a pedido<\/em><\/p>\n<p><a href=\"https:\/\/staging.ampcometal.com\/wp-content\/uploads\/2017\/04\/ampco-wallpaper-4.jpg\" target=\"_blank\" rel=\"noopener\"><span class=\"wallpaper-download-icon\"><\/span><\/a><\/div>\n[\/et_pb_blurb][et_pb_blurb image=&#8221;https:\/\/staging.ampcometal.com\/wp-content\/uploads\/2017\/04\/wallpaper-5.jpg&#8221; icon_placement=&#8221;left&#8221; image_max_width=&#8221;none&#8221; admin_label=&#8221;Wallpaper 5 (Edit links in text editor)&#8221; module_class=&#8221;wallpaper-download-block&#8221; _builder_version=&#8221;3.0.87&#8243; background_color=&#8221;#ffffff&#8221; background_size=&#8221;initial&#8221; background_position=&#8221;top_left&#8221; background_repeat=&#8221;repeat&#8221; max_width_last_edited=&#8221;off|&#8221; animation=&#8221;off&#8221; use_border_color=&#8221;off&#8221; border_color=&#8221;#ffffff&#8221; border_style=&#8221;solid&#8221;]<span style=\"color: #222222;\">PAP\u00c9IS DE PAREDE AMPCO<\/span><\/p>\n<p>Papel de Parede 1<br \/>\n<span style=\"color: #f19a19;\">Tamanho: 1280 x 1024 px<\/span><\/p>\n<div class=\"other-sizes-row\">\n<p><em>Outros tamanhos a pedido<\/em><\/p>\n<p><a href=\"https:\/\/staging.ampcometal.com\/wp-content\/uploads\/2017\/04\/ampco-wallpaper-5.jpg\" target=\"_blank\" rel=\"noopener\"><span class=\"wallpaper-download-icon\"><\/span><\/a><\/div>\n[\/et_pb_blurb][et_pb_blurb image=&#8221;https:\/\/staging.ampcometal.com\/wp-content\/uploads\/2017\/04\/wallpaper-6.jpg&#8221; icon_placement=&#8221;left&#8221; image_max_width=&#8221;none&#8221; admin_label=&#8221;Wallpaper 6 (Edit links in text editor)&#8221; module_class=&#8221;wallpaper-download-block&#8221; _builder_version=&#8221;3.0.87&#8243; background_color=&#8221;#ffffff&#8221; background_size=&#8221;initial&#8221; background_position=&#8221;top_left&#8221; background_repeat=&#8221;repeat&#8221; max_width_last_edited=&#8221;off|&#8221; animation=&#8221;off&#8221; use_border_color=&#8221;off&#8221; border_color=&#8221;#ffffff&#8221; border_style=&#8221;solid&#8221;]<span style=\"color: #222222;\">PAP\u00c9IS DE PAREDE AMPCO<\/span><\/p>\n<p>Papel de Parede 1<br \/>\n<span style=\"color: #f19a19;\">Tamanho: 1280 x 1024 px<\/span><\/p>\n<div class=\"other-sizes-row\">\n<p><em>Outros tamanhos a pedido<\/em><\/p>\n<p><a href=\"https:\/\/staging.ampcometal.com\/wp-content\/uploads\/2017\/04\/ampco-wallpaper-6.jpg\" target=\"_blank\" rel=\"noopener\"><span class=\"wallpaper-download-icon\"><\/span><\/a><\/div>\n[\/et_pb_blurb][et_pb_blurb image=&#8221;https:\/\/staging.ampcometal.com\/wp-content\/uploads\/2017\/04\/wallpaper-7.jpg&#8221; icon_placement=&#8221;left&#8221; image_max_width=&#8221;none&#8221; admin_label=&#8221;Wallpaper 7 (Edit links in text editor)&#8221; module_class=&#8221;wallpaper-download-block&#8221; _builder_version=&#8221;3.0.87&#8243; background_color=&#8221;#ffffff&#8221; background_size=&#8221;initial&#8221; background_position=&#8221;top_left&#8221; background_repeat=&#8221;repeat&#8221; max_width_last_edited=&#8221;off|&#8221; animation=&#8221;off&#8221; use_border_color=&#8221;off&#8221; border_color=&#8221;#ffffff&#8221; border_style=&#8221;solid&#8221;]<span style=\"color: #222222;\">PAP\u00c9IS DE PAREDE AMPCO<\/span><\/p>\n<p>Papel de Parede 1<br \/>\n<span style=\"color: #f19a19;\">Tamanho: 7109 x 4000 px<\/span><\/p>\n<div class=\"other-sizes-row\">\n<p><em>Outros tamanhos a pedido<\/em><\/p>\n<p><a href=\"https:\/\/staging.ampcometal.com\/wp-content\/uploads\/2017\/04\/ampco-wallpaper-7.jpg\" target=\"_blank\" rel=\"noopener\"><span class=\"wallpaper-download-icon\"><\/span><\/a><\/div>\n[\/et_pb_blurb][et_pb_blurb image=&#8221;https:\/\/staging.ampcometal.com\/wp-content\/uploads\/2017\/04\/wallpaper-8.jpg&#8221; icon_placement=&#8221;left&#8221; image_max_width=&#8221;none&#8221; admin_label=&#8221;Wallpaper 8 (Edit links in text editor)&#8221; module_class=&#8221;wallpaper-download-block&#8221; _builder_version=&#8221;3.0.87&#8243; background_color=&#8221;#ffffff&#8221; background_size=&#8221;initial&#8221; background_position=&#8221;top_left&#8221; background_repeat=&#8221;repeat&#8221; max_width_last_edited=&#8221;off|&#8221; animation=&#8221;off&#8221; use_border_color=&#8221;off&#8221; border_color=&#8221;#ffffff&#8221; border_style=&#8221;solid&#8221;]<span style=\"color: #222222;\">PAP\u00c9IS DE PAREDE AMPCO<\/span><\/p>\n<p>Papel de Parede 1<br \/>\n<span style=\"color: #f19a19;\">Tamanho: 7109 x 4000 px<\/span><\/p>\n<div class=\"other-sizes-row\">\n<p><em>Outros tamanhos a pedido<\/em><\/p>\n<p><a href=\"https:\/\/staging.ampcometal.com\/wp-content\/uploads\/2017\/04\/ampco-wallpaper-8.jpg\" target=\"_blank\" rel=\"noopener\"><span class=\"wallpaper-download-icon\"><\/span><\/a><\/div>\n[\/et_pb_blurb][et_pb_blurb image=&#8221;https:\/\/staging.ampcometal.com\/wp-content\/uploads\/2017\/04\/wallpaper-9.jpg&#8221; icon_placement=&#8221;left&#8221; image_max_width=&#8221;none&#8221; admin_label=&#8221;Wallpaper 9 (Edit links in text editor)&#8221; module_class=&#8221;wallpaper-download-block&#8221; _builder_version=&#8221;3.0.87&#8243; background_color=&#8221;#ffffff&#8221; background_size=&#8221;initial&#8221; background_position=&#8221;top_left&#8221; background_repeat=&#8221;repeat&#8221; max_width_last_edited=&#8221;off|&#8221; animation=&#8221;off&#8221; use_border_color=&#8221;off&#8221; border_color=&#8221;#ffffff&#8221; border_style=&#8221;solid&#8221;]<span style=\"color: #222222;\">PAP\u00c9IS DE PAREDE AMPCO<\/span><\/p>\n<p>Papel de Parede 1<br \/>\n<span style=\"color: #f19a19;\">Tamanho: 7109 x 4000 px<\/span><\/p>\n<div class=\"other-sizes-row\">\n<p><em>Outros tamanhos a pedido<\/em><\/p>\n<p><a href=\"https:\/\/staging.ampcometal.com\/wp-content\/uploads\/2017\/04\/ampco-wallpaper-9.jpg\" target=\"_blank\" rel=\"noopener\"><span class=\"wallpaper-download-icon\"><\/span><\/a><\/div>\n[\/et_pb_blurb][et_pb_blurb image=&#8221;https:\/\/staging.ampcometal.com\/wp-content\/uploads\/2017\/04\/wallpaper-10.jpg&#8221; icon_placement=&#8221;left&#8221; image_max_width=&#8221;none&#8221; admin_label=&#8221;Wallpaper 10 (Edit links in text editor)&#8221; module_class=&#8221;wallpaper-download-block&#8221; _builder_version=&#8221;3.0.87&#8243; background_color=&#8221;#ffffff&#8221; background_size=&#8221;initial&#8221; background_position=&#8221;top_left&#8221; background_repeat=&#8221;repeat&#8221; max_width_last_edited=&#8221;off|&#8221; animation=&#8221;off&#8221; use_border_color=&#8221;off&#8221; border_color=&#8221;#ffffff&#8221; border_style=&#8221;solid&#8221;]<span style=\"color: #222222;\">PAP\u00c9IS DE PAREDE AMPCO<\/span><\/p>\n<p>Papel de Parede 1<br \/>\n<span style=\"color: #f19a19;\">Tamanho: 7109 x 4000 px<\/span><\/p>\n<div class=\"other-sizes-row\">\n<p><em>Outros tamanhos a pedido<\/em><\/p>\n<p><a href=\"https:\/\/staging.ampcometal.com\/wp-content\/uploads\/2017\/04\/ampco-wallpaper-10.jpg\" target=\"_blank\" rel=\"noopener\"><span class=\"wallpaper-download-icon\"><\/span><\/a><\/div>\n[\/et_pb_blurb][\/et_pb_column_inner][\/et_pb_row_inner][\/et_pb_column][\/et_pb_section]\n","protected":false},"excerpt":{"rendered":"<p>BAIXAR M\u00cdDIA SCREENSAVERS PAP\u00c9IS DE PAREDE AMPCO Papel de parede 1 Tamanho: 7109 x 4000 px Outros tamanhos a pedido PAP\u00c9IS DE PAREDE AMPCO Papel de parede 1 Tamanho: 1280 x 1024 px Outros tamanhos a pedido PAP\u00c9IS DE PAREDE AMPCO Papel de Parede 1 Tamanho: 1280 x 1024 px Outros tamanhos a pedido PAP\u00c9IS [&hellip;]<\/p>\n","protected":false},"author":1,"featured_media":0,"parent":52939,"menu_order":0,"comment_status":"closed","ping_status":"closed","template":"","meta":{"_et_pb_use_builder":"on","_et_pb_old_content":"","_et_gb_content_width":"","inline_featured_image":false,"footnotes":"","_links_to":"","_links_to_target":""},"class_list":["post-52955","page","type-page","status-publish","hentry"],"acf":[],"aioseo_notices":[],"_links":{"self":[{"href":"https:\/\/staging.ampcometal.com\/pt-br\/wp-json\/wp\/v2\/pages\/52955","targetHints":{"allow":["GET"]}}],"collection":[{"href":"https:\/\/staging.ampcometal.com\/pt-br\/wp-json\/wp\/v2\/pages"}],"about":[{"href":"https:\/\/staging.ampcometal.com\/pt-br\/wp-json\/wp\/v2\/types\/page"}],"author":[{"embeddable":true,"href":"https:\/\/staging.ampcometal.com\/pt-br\/wp-json\/wp\/v2\/users\/1"}],"replies":[{"embeddable":true,"href":"https:\/\/staging.ampcometal.com\/pt-br\/wp-json\/wp\/v2\/comments?post=52955"}],"version-history":[{"count":0,"href":"https:\/\/staging.ampcometal.com\/pt-br\/wp-json\/wp\/v2\/pages\/52955\/revisions"}],"up":[{"embeddable":true,"href":"https:\/\/staging.ampcometal.com\/pt-br\/wp-json\/wp\/v2\/pages\/52939"}],"wp:attachment":[{"href":"https:\/\/staging.ampcometal.com\/pt-br\/wp-json\/wp\/v2\/media?parent=52955"}],"curies":[{"name":"wp","href":"https:\/\/api.w.org\/{rel}","templated":true}]}}