{"id":52940,"date":"2021-09-06T19:50:38","date_gmt":"2021-09-06T17:50:38","guid":{"rendered":"https:\/\/staging.ampcometal.com\/termos-de-uso\/"},"modified":"2021-09-06T19:50:39","modified_gmt":"2021-09-06T17:50:39","slug":"termos-de-uso","status":"publish","type":"page","link":"https:\/\/staging.ampcometal.com\/pt-br\/termos-de-uso\/","title":{"rendered":"Termos de uso"},"content":{"rendered":"[et_pb_section fb_built=&#8221;1&#8243; specialty=&#8221;on&#8221; custom_padding_last_edited=&#8221;on|desktop&#8221; parallax_method_1=&#8221;off&#8221; parallax_method_2=&#8221;off&#8221; module_id_1=&#8221;product-page-sidebar-column&#8221; admin_label=&#8221;Section&#8221; _builder_version=&#8221;3.22&#8243; background_color=&#8221;#f7f7f7&#8243; custom_padding=&#8221;0px||0px|&#8221; custom_padding_tablet=&#8221;40px|||&#8221; custom_padding_phone=&#8221;&#8221; transparent_background=&#8221;off&#8221; make_fullwidth=&#8221;off&#8221; use_custom_width=&#8221;off&#8221; width_unit=&#8221;on&#8221; global_colors_info=&#8221;{}&#8221;][et_pb_column type=&#8221;1_3&#8243; _builder_version=&#8221;3.25&#8243; custom_padding=&#8221;|||&#8221; global_colors_info=&#8221;{}&#8221; custom_padding__hover=&#8221;|||&#8221;][et_pb_sidebar _builder_version=&#8221;4.9.11&#8243; _module_preset=&#8221;default&#8221; hover_enabled=&#8221;0&#8243; global_colors_info=&#8221;{}&#8221; area=&#8221;legal_sidebar&#8221; sticky_enabled=&#8221;0&#8243;][\/et_pb_sidebar][\/et_pb_column][et_pb_column type=&#8221;2_3&#8243; specialty_columns=&#8221;2&#8243; _builder_version=&#8221;3.25&#8243; custom_padding=&#8221;|||&#8221; global_colors_info=&#8221;{}&#8221; custom_padding__hover=&#8221;|||&#8221;][et_pb_row_inner custom_padding_last_edited=&#8221;on|desktop&#8221; admin_label=&#8221;Row&#8221; _builder_version=&#8221;3.25&#8243; custom_margin=&#8221;||80px|&#8221; custom_margin_tablet=&#8221;||60px|&#8221; custom_margin_phone=&#8221;&#8221; custom_margin_last_edited=&#8221;on|desktop&#8221; custom_padding=&#8221;40px||40px|&#8221; custom_padding_tablet=&#8221;&#8221; custom_padding_phone=&#8221;&#8221; custom_css_main_element=&#8221;border-bottom: solid 2px #e8e8e8;&#8221; global_colors_info=&#8221;{}&#8221;][et_pb_column_inner saved_specialty_column_type=&#8221;2_3&#8243; _builder_version=&#8221;3.25&#8243; custom_padding=&#8221;|||&#8221; global_colors_info=&#8221;{}&#8221; custom_padding__hover=&#8221;|||&#8221;][et_pb_text admin_label=&#8221;Terms of use&#8221; _builder_version=&#8221;3.27.4&#8243; background_size=&#8221;initial&#8221; background_position=&#8221;top_left&#8221; background_repeat=&#8221;repeat&#8221; use_border_color=&#8221;off&#8221; border_color=&#8221;#ffffff&#8221; border_style=&#8221;solid&#8221; global_colors_info=&#8221;{}&#8221;]\n<h2>Termos de uso<\/h2>\n[\/et_pb_text][et_pb_text admin_label=&#8221;Text&#8221; _builder_version=&#8221;3.27.4&#8243; background_size=&#8221;initial&#8221; background_position=&#8221;top_left&#8221; background_repeat=&#8221;repeat&#8221; custom_margin_last_edited=&#8221;off|desktop&#8221; use_border_color=&#8221;off&#8221; border_color=&#8221;#ffffff&#8221; border_style=&#8221;solid&#8221; global_colors_info=&#8221;{}&#8221;]Bem-vindo ao nosso site. Se voc\u00ea continuar a navegar e usar este site, voc\u00ea concorda em cumprir e ser regido pelos seguintes termos e condi\u00e7\u00f5es de uso, que, juntamente com nossa pol\u00edtica de privacidade, regem o relacionamento da AMPCO METAL com voc\u00ea em rela\u00e7\u00e3o a este site.<\/p>\n<p>O termo \u201cAMPCO METAL\u201d ou \u201cnos\u201d ou \u201cn\u00f3s\u201d refere-se ao propriet\u00e1rio do site, cuja sede social \u00e9 Route de Ch\u00e9salles 48, PO Box 45, 1723 Marly, Su\u00ed\u00e7a. O termo \u201cvoc\u00ea\u201d refere-se ao usu\u00e1rio ou visualizador de nosso site. A utiliza\u00e7\u00e3o deste site est\u00e1 sujeita aos seguintes termos de uso:<\/p>\n<ul>\n<li>O conte\u00fado das p\u00e1ginas deste site \u00e9 para sua informa\u00e7\u00e3o geral e uso apenas. Ele est\u00e1 sujeito a altera\u00e7\u00e3o sem aviso pr\u00e9vio.<\/li>\n<li>Nem n\u00f3s nem terceiros fornecemos qualquer garantia quanto \u00e0 exatid\u00e3o, oportunidade, desempenho, integridade ou adequa\u00e7\u00e3o das informa\u00e7\u00f5es e materiais encontrados ou oferecidos neste site para qualquer finalidade espec\u00edfica. Voc\u00ea reconhece que tais informa\u00e7\u00f5es e materiais podem conter imprecis\u00f5es ou erros e n\u00f3s expressamente exclu\u00edmos a responsabilidade por tais imprecis\u00f5es ou erros na extens\u00e3o m\u00e1xima permitida por lei.<\/li>\n<li>O uso de quaisquer informa\u00e7\u00f5es ou materiais neste site \u00e9 inteiramente por sua conta e risco, pelo qual n\u00e3o seremos respons\u00e1veis. \u00c9 de sua responsabilidade garantir que quaisquer produtos, servi\u00e7os ou informa\u00e7\u00f5es dispon\u00edveis por meio deste site atendam \u00e0s suas necessidades espec\u00edficas.<\/li>\n<li>Este site cont\u00e9m material de nossa propriedade ou licenciado para n\u00f3s. Este material inclui, mas n\u00e3o est\u00e1 limitado a, design, layout, apar\u00eancia, apar\u00eancia e gr\u00e1ficos do site e todas as informa\u00e7\u00f5es do produto aqui contidas. A reprodu\u00e7\u00e3o \u00e9 proibida, exceto de acordo com o aviso de direitos autorais, que faz parte destes termos e condi\u00e7\u00f5es.<\/li>\n<li>Todas as marcas registradas reproduzidas neste site que n\u00e3o s\u00e3o de propriedade ou licenciadas para o operador s\u00e3o reconhecidas no site.<\/li>\n<li>O uso n\u00e3o autorizado deste site pode dar origem a uma reclama\u00e7\u00e3o por danos e \/ ou ser uma ofensa criminal.<\/li>\n<li>De vez em quando, este site tamb\u00e9m pode incluir links para outros sites. Esses links s\u00e3o fornecidos para sua conveni\u00eancia, a fim de fornecer mais informa\u00e7\u00f5es. Eles n\u00e3o significam que endossamos o (s) site (s). N\u00e3o temos responsabilidade pelo conte\u00fado do (s) site (s) vinculado (s).<\/li>\n<li>Voc\u00ea n\u00e3o pode criar um link para este site a partir de outro site ou documento sem o consentimento pr\u00e9vio por escrito da AMPCO METAL.<\/li>\n<\/ul>\n<p>O uso deste site e qualquer disputa decorrente de tal uso do site est\u00e1 sujeito \u00e0s leis da Su\u00ed\u00e7a.<br \/>\n[\/et_pb_text][\/et_pb_column_inner][\/et_pb_row_inner][\/et_pb_column][\/et_pb_section]\n","protected":false},"excerpt":{"rendered":"<p>Termos de uso Bem-vindo ao nosso site. Se voc\u00ea continuar a navegar e usar este site, voc\u00ea concorda em cumprir e ser regido pelos seguintes termos e condi\u00e7\u00f5es de uso, que, juntamente com nossa pol\u00edtica de privacidade, regem o relacionamento da AMPCO METAL com voc\u00ea em rela\u00e7\u00e3o a este site. O termo \u201cAMPCO METAL\u201d ou [&hellip;]<\/p>\n","protected":false},"author":1,"featured_media":0,"parent":0,"menu_order":0,"comment_status":"closed","ping_status":"closed","template":"","meta":{"_et_pb_use_builder":"on","_et_pb_old_content":"","_et_gb_content_width":"","inline_featured_image":false,"footnotes":"","_links_to":"","_links_to_target":""},"class_list":["post-52940","page","type-page","status-publish","hentry"],"acf":[],"aioseo_notices":[],"_links":{"self":[{"href":"https:\/\/staging.ampcometal.com\/pt-br\/wp-json\/wp\/v2\/pages\/52940","targetHints":{"allow":["GET"]}}],"collection":[{"href":"https:\/\/staging.ampcometal.com\/pt-br\/wp-json\/wp\/v2\/pages"}],"about":[{"href":"https:\/\/staging.ampcometal.com\/pt-br\/wp-json\/wp\/v2\/types\/page"}],"author":[{"embeddable":true,"href":"https:\/\/staging.ampcometal.com\/pt-br\/wp-json\/wp\/v2\/users\/1"}],"replies":[{"embeddable":true,"href":"https:\/\/staging.ampcometal.com\/pt-br\/wp-json\/wp\/v2\/comments?post=52940"}],"version-history":[{"count":0,"href":"https:\/\/staging.ampcometal.com\/pt-br\/wp-json\/wp\/v2\/pages\/52940\/revisions"}],"wp:attachment":[{"href":"https:\/\/staging.ampcometal.com\/pt-br\/wp-json\/wp\/v2\/media?parent=52940"}],"curies":[{"name":"wp","href":"https:\/\/api.w.org\/{rel}","templated":true}]}}