{"id":52936,"date":"2021-09-06T19:50:34","date_gmt":"2021-09-06T17:50:34","guid":{"rendered":"https:\/\/staging.ampcometal.com\/folhas-de-dados-de-seguranca\/"},"modified":"2022-02-24T17:33:51","modified_gmt":"2022-02-24T15:33:51","slug":"fichas-tecnicas-de-seguranca","status":"publish","type":"page","link":"https:\/\/staging.ampcometal.com\/pt-br\/dados-tecnicos\/fichas-tecnicas-de-seguranca\/","title":{"rendered":"Fichas t\u00e9cnicas de seguran\u00e7a"},"content":{"rendered":"[et_pb_section fb_built=&#8221;1&#8243; specialty=&#8221;on&#8221; custom_padding_last_edited=&#8221;on|desktop&#8221; parallax_method_1=&#8221;off&#8221; parallax_method_2=&#8221;off&#8221; module_id_1=&#8221;product-page-sidebar-column&#8221; admin_label=&#8221;Section&#8221; _builder_version=&#8221;3.22&#8243; background_color=&#8221;#f7f7f7&#8243; custom_padding=&#8221;0px||0px|&#8221; custom_padding_tablet=&#8221;40px|||&#8221; custom_padding_phone=&#8221;&#8221; transparent_background=&#8221;off&#8221; make_fullwidth=&#8221;off&#8221; use_custom_width=&#8221;off&#8221; width_unit=&#8221;on&#8221; global_colors_info=&#8221;{}&#8221;][et_pb_column type=&#8221;1_3&#8243; _builder_version=&#8221;3.25&#8243; custom_padding=&#8221;|||&#8221; global_colors_info=&#8221;{}&#8221; custom_padding__hover=&#8221;|||&#8221;][et_pb_sidebar area=&#8221;technical_data_sidebar&#8221; disabled_on=&#8221;on|on|off&#8221; admin_label=&#8221;Sidebar&#8221; module_id=&#8221;inner-product-sidebar-module&#8221; _builder_version=&#8221;4.9.4&#8243; remove_border=&#8221;off&#8221; global_colors_info=&#8221;{}&#8221;][\/et_pb_sidebar][\/et_pb_column][et_pb_column type=&#8221;2_3&#8243; specialty_columns=&#8221;2&#8243; _builder_version=&#8221;3.25&#8243; custom_padding=&#8221;|||&#8221; global_colors_info=&#8221;{}&#8221; custom_padding__hover=&#8221;|||&#8221;][et_pb_row_inner custom_padding_last_edited=&#8221;on|desktop&#8221; admin_label=&#8221;Row&#8221; _builder_version=&#8221;3.25&#8243; custom_padding=&#8221;40px||40px|&#8221; custom_padding_tablet=&#8221;&#8221; custom_padding_phone=&#8221;&#8221; global_colors_info=&#8221;{}&#8221;][et_pb_column_inner saved_specialty_column_type=&#8221;2_3&#8243; _builder_version=&#8221;3.25&#8243; custom_padding=&#8221;|||&#8221; global_colors_info=&#8221;{}&#8221; custom_padding__hover=&#8221;|||&#8221;][et_pb_text admin_label=&#8221;Title&#8221; _builder_version=&#8221;3.27.4&#8243; text_letter_spacing=&#8221;0&#8243; text_line_height=&#8221;1.7&#8243; header_font_size=&#8221;30&#8243; header_letter_spacing=&#8221;0&#8243; header_line_height=&#8221;1&#8243; background_size=&#8221;initial&#8221; background_position=&#8221;top_left&#8221; background_repeat=&#8221;repeat&#8221; use_border_color=&#8221;off&#8221; border_color=&#8221;#ffffff&#8221; border_width=&#8221;1&#8243; border_style=&#8221;solid&#8221; global_colors_info=&#8221;{}&#8221;]\n<h2 class=\"entry-title\">FICHAS T\u00c9CNICAS DE SEGURAN\u00c7A<\/h2>\n[\/et_pb_text][\/et_pb_column_inner][\/et_pb_row_inner][et_pb_row_inner custom_padding_last_edited=&#8221;on|desktop&#8221; admin_label=&#8221;Row&#8221; _builder_version=&#8221;3.25&#8243; custom_padding=&#8221;0px||0px|&#8221; custom_padding_tablet=&#8221;&#8221; custom_padding_phone=&#8221;&#8221; global_colors_info=&#8221;{}&#8221;][et_pb_column_inner saved_specialty_column_type=&#8221;2_3&#8243; _builder_version=&#8221;3.25&#8243; custom_padding=&#8221;|||&#8221; global_colors_info=&#8221;{}&#8221; custom_padding__hover=&#8221;|||&#8221;][et_pb_text admin_label=&#8221;text&#8221; _builder_version=&#8221;3.27.4&#8243; text_letter_spacing=&#8221;0&#8243; text_line_height=&#8221;1.7&#8243; header_font_size=&#8221;30&#8243; header_letter_spacing=&#8221;0&#8243; header_line_height=&#8221;1&#8243; background_size=&#8221;initial&#8221; background_position=&#8221;top_left&#8221; background_repeat=&#8221;repeat&#8221; use_border_color=&#8221;off&#8221; border_color=&#8221;#ffffff&#8221; border_width=&#8221;1&#8243; border_style=&#8221;solid&#8221; global_colors_info=&#8221;{}&#8221;]\u00c9 a pol\u00edtica da AMPCO METAL fabricar e distribuir produtos seguros para o uso e de f\u00e1cil reciclagem. Assegurando um ambiente de trabalho e um meio ambiente seguros.<br \/>\n[\/et_pb_text][\/et_pb_column_inner][\/et_pb_row_inner][et_pb_row_inner custom_padding_last_edited=&#8221;on|phone&#8221; admin_label=&#8221;Row&#8221; _builder_version=&#8221;3.25&#8243; custom_margin=&#8221;30px||0px|&#8221; custom_margin_tablet=&#8221;&#8221; custom_margin_phone=&#8221;&#8221; custom_margin_last_edited=&#8221;on|phone&#8221; custom_padding=&#8221;||0px|&#8221; custom_padding_tablet=&#8221;&#8221; custom_padding_phone=&#8221;&#8221; global_colors_info=&#8221;{}&#8221;][et_pb_column_inner saved_specialty_column_type=&#8221;2_3&#8243; module_id=&#8221;application-data-sheet-download-row&#8221; _builder_version=&#8221;3.25&#8243; custom_padding=&#8221;|||&#8221; global_colors_info=&#8221;{}&#8221; custom_padding__hover=&#8221;|||&#8221;][et_pb_image src=&#8221;https:\/\/staging.ampcometal.com\/wp-content\/uploads\/2017\/04\/safety-data-page-img1.jpg&#8221; align_tablet=&#8221;center&#8221; align_phone=&#8221;&#8221; align_last_edited=&#8221;on|desktop&#8221; admin_label=&#8221;Image&#8221; module_class=&#8221;application-data-sheet-download-item&#8221; _builder_version=&#8221;3.23&#8243; animation_style=&#8221;slide&#8221; animation_direction=&#8221;left&#8221; animation_duration=&#8221;500ms&#8221; animation_intensity_slide=&#8221;10%&#8221; use_border_color=&#8221;off&#8221; border_color=&#8221;#ffffff&#8221; border_style=&#8221;solid&#8221; animation=&#8221;left&#8221; sticky=&#8221;off&#8221; always_center_on_mobile=&#8221;on&#8221; global_colors_info=&#8221;{}&#8221;][\/et_pb_image][et_pb_image src=&#8221;https:\/\/staging.ampcometal.com\/wp-content\/uploads\/2017\/04\/safety-data-page-img2.jpg&#8221; align_tablet=&#8221;center&#8221; align_phone=&#8221;&#8221; align_last_edited=&#8221;on|desktop&#8221; admin_label=&#8221;Image&#8221; module_class=&#8221;application-data-sheet-download-item&#8221; _builder_version=&#8221;3.23&#8243; animation_style=&#8221;slide&#8221; animation_direction=&#8221;bottom&#8221; animation_duration=&#8221;500ms&#8221; animation_intensity_slide=&#8221;10%&#8221; use_border_color=&#8221;off&#8221; border_color=&#8221;#ffffff&#8221; border_style=&#8221;solid&#8221; animation=&#8221;bottom&#8221; sticky=&#8221;off&#8221; always_center_on_mobile=&#8221;on&#8221; global_colors_info=&#8221;{}&#8221;][\/et_pb_image][et_pb_image src=&#8221;https:\/\/staging.ampcometal.com\/wp-content\/uploads\/2017\/04\/safety-data-page-img3.jpg&#8221; align_tablet=&#8221;center&#8221; align_phone=&#8221;&#8221; align_last_edited=&#8221;on|desktop&#8221; admin_label=&#8221;Image&#8221; module_class=&#8221;application-data-sheet-download-item&#8221; _builder_version=&#8221;3.23&#8243; animation_style=&#8221;slide&#8221; animation_direction=&#8221;right&#8221; animation_duration=&#8221;500ms&#8221; animation_intensity_slide=&#8221;10%&#8221; use_border_color=&#8221;off&#8221; border_color=&#8221;#ffffff&#8221; border_style=&#8221;solid&#8221; animation=&#8221;right&#8221; sticky=&#8221;off&#8221; always_center_on_mobile=&#8221;on&#8221; global_colors_info=&#8221;{}&#8221;][\/et_pb_image][\/et_pb_column_inner][\/et_pb_row_inner][et_pb_row_inner custom_padding_last_edited=&#8221;on|desktop&#8221; admin_label=&#8221;Row&#8221; _builder_version=&#8221;3.25&#8243; custom_margin_last_edited=&#8221;off|phone&#8221; custom_padding=&#8221;0px|||&#8221; custom_padding_tablet=&#8221;&#8221; custom_padding_phone=&#8221;&#8221; custom_css_main_element=&#8221;border-bottom: solid 2px #e8e8e8;&#8221; global_colors_info=&#8221;{}&#8221;][et_pb_column_inner saved_specialty_column_type=&#8221;2_3&#8243; _builder_version=&#8221;3.25&#8243; custom_padding=&#8221;|||&#8221; global_colors_info=&#8221;{}&#8221; custom_padding__hover=&#8221;|||&#8221;][et_pb_text admin_label=&#8221;text&#8221; _builder_version=&#8221;3.27.4&#8243; text_letter_spacing=&#8221;0&#8243; text_line_height=&#8221;1.7&#8243; header_font_size=&#8221;30&#8243; header_letter_spacing=&#8221;0&#8243; header_line_height=&#8221;1&#8243; background_size=&#8221;initial&#8221; background_position=&#8221;top_left&#8221; background_repeat=&#8221;repeat&#8221; use_border_color=&#8221;off&#8221; border_color=&#8221;#ffffff&#8221; border_width=&#8221;1&#8243; border_style=&#8221;solid&#8221; global_colors_info=&#8221;{}&#8221;]De acordo com a nossa pol\u00edtica de Seguran\u00e7a, Sa\u00fade, e Meio Ambiente, n\u00f3s desenvolvemos um Guia De Seguran\u00e7a que fornece dados espec\u00edficos para uso e beneficiamento dos nossos produtos e materiais.<br \/>\n[\/et_pb_text][\/et_pb_column_inner][\/et_pb_row_inner][et_pb_row_inner admin_label=&#8221;Row&#8221; _builder_version=&#8221;3.25&#8243; global_colors_info=&#8221;{}&#8221;][et_pb_column_inner saved_specialty_column_type=&#8221;2_3&#8243; _builder_version=&#8221;3.25&#8243; custom_padding=&#8221;|||&#8221; global_colors_info=&#8221;{}&#8221; custom_padding__hover=&#8221;|||&#8221;][et_pb_text admin_label=&#8221;Document Downloads&#8221; _builder_version=&#8221;3.27.4&#8243; text_letter_spacing=&#8221;0&#8243; text_line_height=&#8221;1.7&#8243; header_font_size=&#8221;30&#8243; header_letter_spacing=&#8221;0&#8243; header_line_height=&#8221;1&#8243; background_size=&#8221;initial&#8221; background_position=&#8221;top_left&#8221; background_repeat=&#8221;repeat&#8221; use_border_color=&#8221;off&#8221; border_color=&#8221;#ffffff&#8221; border_width=&#8221;1&#8243; border_style=&#8221;solid&#8221; global_colors_info=&#8221;{}&#8221;]\n<h2 class=\"entry-title\">DOWNLOADS DE DOCUMENTOS<\/h2>\n[\/et_pb_text][\/et_pb_column_inner][\/et_pb_row_inner][et_pb_row_inner custom_padding_last_edited=&#8221;on|phone&#8221; admin_label=&#8221;Row&#8221; _builder_version=&#8221;3.25&#8243; custom_margin=&#8221;||60px|&#8221; custom_margin_tablet=&#8221;&#8221; custom_margin_phone=&#8221;&#8221; custom_margin_last_edited=&#8221;on|desktop&#8221; custom_padding=&#8221;||0px|&#8221; custom_padding_tablet=&#8221;&#8221; custom_padding_phone=&#8221;&#8221; custom_css_main_element=&#8221;border-bottom: solid 2px #e8e8e8;&#8221; global_colors_info=&#8221;{}&#8221;][et_pb_column_inner saved_specialty_column_type=&#8221;2_3&#8243; module_id=&#8221;application-data-sheet-download-row&#8221; _builder_version=&#8221;3.25&#8243; custom_padding=&#8221;|||&#8221; global_colors_info=&#8221;{}&#8221; custom_padding__hover=&#8221;|||&#8221;][et_pb_code admin_label=&#8221;AMPCO\u00ae General MSDS&#8221; module_class=&#8221;application-data-sheet-download-item&#8221; _builder_version=&#8221;4.14.8&#8243; hover_enabled=&#8221;0&#8243; global_colors_info=&#8221;{}&#8221; sticky_enabled=&#8221;0&#8243;]<a href=\"https:\/\/staging.ampcometal.com\/documents\/J79%20191%20Rev%20I%20AMPCO%20SDS%20general%20alloys.pdf\" target=\"_blank\" rel=\"noopener\"><br \/>\n            <!-- [et_pb_line_break_holder] --><\/p>\n<div class=\"pdf-icon-container\">\n              <!-- [et_pb_line_break_holder] --><br \/>\n              <svg xmlns=\"http:\/\/www.w3.org\/2000\/svg\" xmlns:xlink=\"http:\/\/www.w3.org\/1999\/xlink\" version=\"1.1\" class=\"PDFicon\" x=\"0px\" y=\"0px\"> viewBox = &#8220;0 0 355,5 521,3&#8221; estilo = &#8220;habilitar fundo: novo 0 0 355,5 521,3;&#8221; xml: space = &#8220;preserve&#8221;&gt;<!-- [et_pb_line_break_holder] --><\/p>\n<style type=\"text\/css\"><!-- [et_pb_line_break_holder] --> .pdf-icon-path{fill:#878787;}<!-- [et_pb_line_break_holder] --><\/style>\n<p><!-- [et_pb_line_break_holder] --><path class=\"pdf-icon-path\" d=\"M305.4,357.9c-0.3-2.1-2-4.7-3.8-6.5c-5.1-5-16.5-7.7-33.8-7.9c-13.6,0-27.1,1-40.6,3!-- wpml:html_comment PCEtLSBbZXRfcGJfbGluZV9icmVha19ob2xkZXJdIC0tPg== --> c-6.6-3.8-13.5-8-18.8-13c-14,4-13.5-26.5-32.2-34-52.8c0.5-1.9,0.9-3.6,1.3-5.3c0,0,8.1-46.2,6-61.8c -0,2-1,5-0,5-3-1,1-4,4<!-- [et_pb_line_break_holder] --> l-0.7-1.8c-2.2-5.1-6.6-10.5-13.3-10.2l-4-0.1h-0.1c-7.6,0-13.8,3.9-15.4,9.7c-4.9,18.2,0.2,45.4,9.4 , 80.6l-2.3,5.8<!-- [et_pb_line_break_holder] --> c-6.6,16.1-14.9,32.3-22.2,46.6l-0.9,1.9c-7.7,15-14.6,27.8-21,38.6l-6.5,3.5c-0.5,0.3-11.7,6.2-14.3,7.7<!-- [et_pb_line_break_holder] --> c-22.2,13.3-37,28.3-39.4,40.3c-0.8,3.8-0.2,8.7,3.8,11l6.3,3.1c2.7,1.3,5.6,2.1,8.6,2.1c15.8,0,34.2 -19,7,59,5-63,9<!-- [et_pb_line_break_holder] --> c29.9-9.7,60.6-16.9,91.7-21.8c22.2,12.5,49.6,21.2,66.8,21.2c2.6,0,5.3-0.2,7.9-0.9c3.2-0.8,5.9-2.7,7.8 -5,3<!-- [et_pb_line_break_holder] --> C305.7.371.9.306.3.365.305.4.357.9z M65.2,435.6c2.9-7.9,14.3-23.5,31.2-37.4c1.1-0.9,3.7-3.3,6.1-5.6<!-- [et_pb_line_break_holder] --> C84.8.420.9,72.9.432.1,65.2.435.6z M165.3.205.2c5.1,0,8,12.8,8.2,24.9s-2.6,20.5-6.1,26.7c-2.9-9.3-4.3-23.8-4.3-33.4<!-- [et_pb_line_break_holder] --> C163.1.223.4.162.9.205.2.165.3.205.2z M135.4.369.4c3.6-6.4,7.2-13,11-20.1c7.3-13.6,13.7-27.7,19.3-42.1<!-- [et_pb_line_break_holder] --> c8.1,15,18.9,28.5,31.9,39.6c1.6,1.3,3.2,2.7,5,4C177,355,8,154,9,361,9,135,4,369,4z M296,7,368c-1.6,1-6,1.5- 8,9,1,5<!-- [et_pb_line_break_holder] --> c-9.3,0-20.7-4.2-36.8-11.1c6.2-0.5,11.8-0.7,16.9-0.7c9.3,0,12,0,21.1,2.3S298.3.367.296.7.368z M207.1,9.3<!-- [et_pb_line_break_holder] --> C202,4.2,194.3,0,189.9,0H13.1C5.9,0,0,5.9,0,13.1v495.1c0,7.2,5.9,13.1,13.1,13.1h329.3c7.2,0,13.1-5.9,13.1- 13.1V165.5<!-- [et_pb_line_break_holder] --> c0-4.4-4.2-12.1-9.3-17.2L207.1,9.3z M204.4,51.4c0-7.2,4.2-8.9,9.3-3.8l94.2,94.2c5.1,5.1,3.4,9.3-3.9, 9,3h-86,5<!-- [et_pb_line_break_holder] --> c-7.2,0-13.1-5.9-13.1-13.1L204.4,51.4z M333.485.8c0,7.2-5.9,13.1-13.1,13.1H35.5c-7.2,0-13.1-5.9-13.1-13.1V35. 5<!-- [et_pb_line_break_holder] --> c0-7.2,5.9-13.1,13.1-13.1h133.3c7.2,0,13.1,5.9,13.1,13.1v124.8c0,7.2,5.9,13.1,13.1,13.1h124.8c7.2,0,13.1,5.9 , 13,1,13,1<!-- [et_pb_line_break_holder] --> L333,485,8z &#8220;&gt;<\/path><!-- [et_pb_line_break_holder] --><\/svg>\n            <\/div>\n<p>            <!-- [et_pb_line_break_holder] --><br \/>\n            <!-- [et_pb_line_break_holder] --><\/p>\n<div class=\"pdf-icon-title\">\n              <pee>AMPCO\u00ae General MSDS<\/pee>\n            <\/div>\n<p>            <!-- [et_pb_line_break_holder] --><br \/>\n          <\/a>[\/et_pb_code][et_pb_code admin_label=&#8221;AMPCO\u00ae BeCu Alloys MSDS&#8221; module_class=&#8221;application-data-sheet-download-item&#8221; _builder_version=&#8221;4.14.8&#8243; hover_enabled=&#8221;0&#8243; global_colors_info=&#8221;{}&#8221; sticky_enabled=&#8221;0&#8243;]<a href=\"https:\/\/staging.ampcometal.com\/documents\/J79%20198%20Rev%202%20AMPCO%20SDS%20BeCu%20general%20alloys.pdf\" target=\"_blank\" rel=\"noopener\"><br \/>\n            <!-- [et_pb_line_break_holder] --><\/p>\n<div class=\"pdf-icon-container\">\n              <!-- [et_pb_line_break_holder] --><br \/>\n              <svg xmlns=\"http:\/\/www.w3.org\/2000\/svg\" xmlns:xlink=\"http:\/\/www.w3.org\/1999\/xlink\" version=\"1.1\" class=\"PDFicon\" x=\"0px\" y=\"0px\"> viewBox = &#8220;0 0 355,5 521,3&#8221; estilo = &#8220;habilitar fundo: novo 0 0 355,5 521,3;&#8221; xml: space = &#8220;preserve&#8221;&gt;<!-- [et_pb_line_break_holder] --><\/p>\n<style type=\"text\/css\"><!-- [et_pb_line_break_holder] --> .pdf-icon-path{fill:#878787;}<!-- [et_pb_line_break_holder] --><\/style>\n<p><!-- [et_pb_line_break_holder] --><path class=\"pdf-icon-path\" d=\"M305.4,357.9c-0.3-2.1-2-4.7-3.8-6.5c-5.1-5-16.5-7.7-33.8-7.9c-13.6,0-27.1,1-40.6,3!-- wpml:html_comment PCEtLSBbZXRfcGJfbGluZV9icmVha19ob2xkZXJdIC0tPg== --> c-6.6-3.8-13.5-8-18.8-13c-14,4-13.5-26.5-32.2-34-52.8c0.5-1.9,0.9-3.6,1.3-5.3c0,0,8.1-46.2,6-61.8c -0,2-1,5-0,5-3-1,1-4,4<!-- [et_pb_line_break_holder] --> l-0.7-1.8c-2.2-5.1-6.6-10.5-13.3-10.2l-4-0.1h-0.1c-7.6,0-13.8,3.9-15.4,9.7c-4.9,18.2,0.2,45.4,9.4 , 80.6l-2.3,5.8<!-- [et_pb_line_break_holder] --> c-6.6,16.1-14.9,32.3-22.2,46.6l-0.9,1.9c-7.7,15-14.6,27.8-21,38.6l-6.5,3.5c-0.5,0.3-11.7,6.2-14.3,7.7<!-- [et_pb_line_break_holder] --> c-22.2,13.3-37,28.3-39.4,40.3c-0.8,3.8-0.2,8.7,3.8,11l6.3,3.1c2.7,1.3,5.6,2.1,8.6,2.1c15.8,0,34.2 -19,7,59,5-63,9<!-- [et_pb_line_break_holder] --> c29.9-9.7,60.6-16.9,91.7-21.8c22.2,12.5,49.6,21.2,66.8,21.2c2.6,0,5.3-0.2,7.9-0.9c3.2-0.8,5.9-2.7,7.8 -5,3<!-- [et_pb_line_break_holder] --> C305.7.371.9.306.3.365.305.4.357.9z M65.2,435.6c2.9-7.9,14.3-23.5,31.2-37.4c1.1-0.9,3.7-3.3,6.1-5.6<!-- [et_pb_line_break_holder] --> C84.8.420.9,72.9.432.1,65.2.435.6z M165.3.205.2c5.1,0,8,12.8,8.2,24.9s-2.6,20.5-6.1,26.7c-2.9-9.3-4.3-23.8-4.3-33.4<!-- [et_pb_line_break_holder] --> C163.1.223.4.162.9.205.2.165.3.205.2z M135.4.369.4c3.6-6.4,7.2-13,11-20.1c7.3-13.6,13.7-27.7,19.3-42.1<!-- [et_pb_line_break_holder] --> c8.1,15,18.9,28.5,31.9,39.6c1.6,1.3,3.2,2.7,5,4C177,355,8,154,9,361,9,135,4,369,4z M296,7,368c-1.6,1-6,1.5- 8,9,1,5<!-- [et_pb_line_break_holder] --> c-9.3,0-20.7-4.2-36.8-11.1c6.2-0.5,11.8-0.7,16.9-0.7c9.3,0,12,0,21.1,2.3S298.3.367.296.7.368z M207.1,9.3<!-- [et_pb_line_break_holder] --> C202,4.2,194.3,0,189.9,0H13.1C5.9,0,0,5.9,0,13.1v495.1c0,7.2,5.9,13.1,13.1,13.1h329.3c7.2,0,13.1-5.9,13.1- 13.1V165.5<!-- [et_pb_line_break_holder] --> c0-4.4-4.2-12.1-9.3-17.2L207.1,9.3z M204.4,51.4c0-7.2,4.2-8.9,9.3-3.8l94.2,94.2c5.1,5.1,3.4,9.3-3.9, 9,3h-86,5<!-- [et_pb_line_break_holder] --> c-7.2,0-13.1-5.9-13.1-13.1L204.4,51.4z M333.485.8c0,7.2-5.9,13.1-13.1,13.1H35.5c-7.2,0-13.1-5.9-13.1-13.1V35. 5<!-- [et_pb_line_break_holder] --> c0-7.2,5.9-13.1,13.1-13.1h133.3c7.2,0,13.1,5.9,13.1,13.1v124.8c0,7.2,5.9,13.1,13.1,13.1h124.8c7.2,0,13.1,5.9 , 13,1,13,1<!-- [et_pb_line_break_holder] --> L333,485,8z &#8220;&gt;<\/path><!-- [et_pb_line_break_holder] --><\/svg>\n            <\/div>\n<p>            <!-- [et_pb_line_break_holder] --><br \/>\n            <!-- [et_pb_line_break_holder] --><\/p>\n<div class=\"pdf-icon-title\">\n              <pee>AMPCO\u00ae BeCu Alloys MSDS<\/pee>\n            <\/div>\n<p>            <!-- [et_pb_line_break_holder] --><br \/>\n          <\/a>[\/et_pb_code][et_pb_code admin_label=&#8221;AMPCO\u00ae Welding Rods &#038; Wires&#8221; module_class=&#8221;application-data-sheet-download-item&#8221; _builder_version=&#8221;4.14.8&#8243; hover_enabled=&#8221;0&#8243; global_colors_info=&#8221;{}&#8221; sticky_enabled=&#8221;0&#8243;]<a href=\"https:\/\/staging.ampcometal.com\/documents\/J79%20195%20Rev%20I%20AMPCO%20SDS%20rod%20wire.pdf\" target=\"_blank\" rel=\"noopener\"><br \/>\n            <!-- [et_pb_line_break_holder] --><\/p>\n<div class=\"pdf-icon-container\">\n              <!-- [et_pb_line_break_holder] --><br \/>\n              <svg xmlns=\"http:\/\/www.w3.org\/2000\/svg\" xmlns:xlink=\"http:\/\/www.w3.org\/1999\/xlink\" version=\"1.1\" class=\"PDFicon\" x=\"0px\" y=\"0px\"> viewBox = &#8220;0 0 355,5 521,3&#8221; estilo = &#8220;habilitar fundo: novo 0 0 355,5 521,3;&#8221; xml: space = &#8220;preserve&#8221;&gt;<!-- [et_pb_line_break_holder] --><\/p>\n<style type=\"text\/css\"><!-- [et_pb_line_break_holder] --> .pdf-icon-path{fill:#878787;}<!-- [et_pb_line_break_holder] --><\/style>\n<p><!-- [et_pb_line_break_holder] --><path class=\"pdf-icon-path\" d=\"M305.4,357.9c-0.3-2.1-2-4.7-3.8-6.5c-5.1-5-16.5-7.7-33.8-7.9c-13.6,0-27.1,1-40.6,3!-- wpml:html_comment PCEtLSBbZXRfcGJfbGluZV9icmVha19ob2xkZXJdIC0tPg== --> c-6.6-3.8-13.5-8-18.8-13c-14,4-13.5-26.5-32.2-34-52.8c0.5-1.9,0.9-3.6,1.3-5.3c0,0,8.1-46.2,6-61.8c -0,2-1,5-0,5-3-1,1-4,4<!-- [et_pb_line_break_holder] --> l-0.7-1.8c-2.2-5.1-6.6-10.5-13.3-10.2l-4-0.1h-0.1c-7.6,0-13.8,3.9-15.4,9.7c-4.9,18.2,0.2,45.4,9.4 , 80.6l-2.3,5.8<!-- [et_pb_line_break_holder] --> c-6.6,16.1-14.9,32.3-22.2,46.6l-0.9,1.9c-7.7,15-14.6,27.8-21,38.6l-6.5,3.5c-0.5,0.3-11.7,6.2-14.3,7.7<!-- [et_pb_line_break_holder] --> c-22.2,13.3-37,28.3-39.4,40.3c-0.8,3.8-0.2,8.7,3.8,11l6.3,3.1c2.7,1.3,5.6,2.1,8.6,2.1c15.8,0,34.2 -19,7,59,5-63,9<!-- [et_pb_line_break_holder] --> c29.9-9.7,60.6-16.9,91.7-21.8c22.2,12.5,49.6,21.2,66.8,21.2c2.6,0,5.3-0.2,7.9-0.9c3.2-0.8,5.9-2.7,7.8 -5,3<!-- [et_pb_line_break_holder] --> C305.7.371.9.306.3.365.305.4.357.9z M65.2,435.6c2.9-7.9,14.3-23.5,31.2-37.4c1.1-0.9,3.7-3.3,6.1-5.6<!-- [et_pb_line_break_holder] --> C84.8.420.9,72.9.432.1,65.2.435.6z M165.3.205.2c5.1,0,8,12.8,8.2,24.9s-2.6,20.5-6.1,26.7c-2.9-9.3-4.3-23.8-4.3-33.4<!-- [et_pb_line_break_holder] --> C163.1.223.4.162.9.205.2.165.3.205.2z M135.4.369.4c3.6-6.4,7.2-13,11-20.1c7.3-13.6,13.7-27.7,19.3-42.1<!-- [et_pb_line_break_holder] --> c8.1,15,18.9,28.5,31.9,39.6c1.6,1.3,3.2,2.7,5,4C177,355,8,154,9,361,9,135,4,369,4z M296,7,368c-1.6,1-6,1.5- 8,9,1,5<!-- [et_pb_line_break_holder] --> c-9.3,0-20.7-4.2-36.8-11.1c6.2-0.5,11.8-0.7,16.9-0.7c9.3,0,12,0,21.1,2.3S298.3.367.296.7.368z M207.1,9.3<!-- [et_pb_line_break_holder] --> C202,4.2,194.3,0,189.9,0H13.1C5.9,0,0,5.9,0,13.1v495.1c0,7.2,5.9,13.1,13.1,13.1h329.3c7.2,0,13.1-5.9,13.1- 13.1V165.5<!-- [et_pb_line_break_holder] --> c0-4.4-4.2-12.1-9.3-17.2L207.1,9.3z M204.4,51.4c0-7.2,4.2-8.9,9.3-3.8l94.2,94.2c5.1,5.1,3.4,9.3-3.9, 9,3h-86,5<!-- [et_pb_line_break_holder] --> c-7.2,0-13.1-5.9-13.1-13.1L204.4,51.4z M333.485.8c0,7.2-5.9,13.1-13.1,13.1H35.5c-7.2,0-13.1-5.9-13.1-13.1V35. 5<!-- [et_pb_line_break_holder] --> c0-7.2,5.9-13.1,13.1-13.1h133.3c7.2,0,13.1,5.9,13.1,13.1v124.8c0,7.2,5.9,13.1,13.1,13.1h124.8c7.2,0,13.1,5.9 , 13,1,13,1<!-- [et_pb_line_break_holder] --> L333,485,8z &#8220;&gt;<\/path><!-- [et_pb_line_break_holder] --><\/svg>\n            <\/div>\n<p>            <!-- [et_pb_line_break_holder] --><br \/>\n            <!-- [et_pb_line_break_holder] --><\/p>\n<div class=\"pdf-icon-title\">\n              <pee>Hastes e fios de soldagem AMPCO\u00ae<\/pee>\n            <\/div>\n<p>            <!-- [et_pb_line_break_holder] --><br \/>\n          <\/a>[\/et_pb_code][\/et_pb_column_inner][\/et_pb_row_inner][\/et_pb_column][\/et_pb_section]\n","protected":false},"excerpt":{"rendered":"<p>FICHAS T\u00c9CNICAS DE SEGURAN\u00c7A \u00c9 a pol\u00edtica da AMPCO METAL fabricar e distribuir produtos seguros para o uso e de f\u00e1cil reciclagem. Assegurando um ambiente de trabalho e um meio ambiente seguros. De acordo com a nossa pol\u00edtica de Seguran\u00e7a, Sa\u00fade, e Meio Ambiente, n\u00f3s desenvolvemos um Guia De Seguran\u00e7a que fornece dados espec\u00edficos para [&hellip;]<\/p>\n","protected":false},"author":1,"featured_media":0,"parent":52939,"menu_order":0,"comment_status":"closed","ping_status":"closed","template":"","meta":{"_et_pb_use_builder":"on","_et_pb_old_content":"","_et_gb_content_width":"","inline_featured_image":false,"footnotes":"","_links_to":"","_links_to_target":""},"class_list":["post-52936","page","type-page","status-publish","hentry"],"acf":[],"aioseo_notices":[],"_links":{"self":[{"href":"https:\/\/staging.ampcometal.com\/pt-br\/wp-json\/wp\/v2\/pages\/52936","targetHints":{"allow":["GET"]}}],"collection":[{"href":"https:\/\/staging.ampcometal.com\/pt-br\/wp-json\/wp\/v2\/pages"}],"about":[{"href":"https:\/\/staging.ampcometal.com\/pt-br\/wp-json\/wp\/v2\/types\/page"}],"author":[{"embeddable":true,"href":"https:\/\/staging.ampcometal.com\/pt-br\/wp-json\/wp\/v2\/users\/1"}],"replies":[{"embeddable":true,"href":"https:\/\/staging.ampcometal.com\/pt-br\/wp-json\/wp\/v2\/comments?post=52936"}],"version-history":[{"count":0,"href":"https:\/\/staging.ampcometal.com\/pt-br\/wp-json\/wp\/v2\/pages\/52936\/revisions"}],"up":[{"embeddable":true,"href":"https:\/\/staging.ampcometal.com\/pt-br\/wp-json\/wp\/v2\/pages\/52939"}],"wp:attachment":[{"href":"https:\/\/staging.ampcometal.com\/pt-br\/wp-json\/wp\/v2\/media?parent=52936"}],"curies":[{"name":"wp","href":"https:\/\/api.w.org\/{rel}","templated":true}]}}