{"id":55113,"date":"2021-09-14T09:53:53","date_gmt":"2021-09-14T07:53:53","guid":{"rendered":"https:\/\/staging.ampcometal.com\/products\/%product_category%\/bronzo-di-stagno\/"},"modified":"2024-04-05T10:43:41","modified_gmt":"2024-04-05T08:43:41","slug":"bronzo-allo-stagno","status":"publish","type":"product","link":"https:\/\/staging.ampcometal.com\/it\/prodotti\/leghe-standard\/bronzo-allo-stagno\/","title":{"rendered":"Bronzo allo stagno"},"content":{"rendered":"<ul>\n<li><strong>Propriet\u00e0 meccaniche eccezionali: <\/strong>I nostri bronzi allo stagno hanno eccellenti propriet\u00e0 meccaniche, tra cui elevata resistenza, resistenza all&#8217;usura e tenacit\u00e0.<\/li>\n<li data-gc-list-depth=\"1\" data-gc-list-style=\"bullet\"><strong>Resistenza alla corrosione:<\/strong> Questa lega \u00e8 estremamente resistente alla corrosione e si presta all&#8217;uso in ambienti <a href=\"https:\/\/staging.ampcometal.com\/industries\/marine\/\">marini<\/a> e industriali.<\/li>\n<li data-gc-list-depth=\"1\" data-gc-list-style=\"bullet\"><strong>Applicazioni versatili: <\/strong>\u00c8 altamente versatile e trova applicazione in un&#8217;ampia gamma di settori, tra cui quello <a href=\"https:\/\/staging.ampcometal.com\/industries\/aerospace\/\">aerospaziale<\/a>, della difesa e dei macchinari industriali.<\/li>\n<li data-gc-list-depth=\"1\" data-gc-list-style=\"bullet\"><strong>Composizioni personalizzate: <\/strong>Offre la flessibilit\u00e0 di composizioni chimiche personalizzate, consentendo soluzioni su misura per soddisfare requisiti applicativi specifici.<\/li>\n<\/ul>\n<h5>Propriet\u00e0 e specifiche<\/h5>\n<p>Le nostre leghe di bronzo allo stagno sono note per le loro propriet\u00e0 e specifiche eccezionali. Queste leghe sono apprezzate per l&#8217;elevata resistenza, le prestazioni a bassa velocit\u00e0 e la durata, che le rendono ideali per un&#8217;ampia gamma di applicazioni. Con una composizione che comprende rame e stagno, presentano una notevole resistenza alla corrosione, che li rende adatti agli ambienti <a href=\"https:\/\/staging.ampcometal.com\/industries\/marine\/\">marini<\/a> e industriali. La loro versatilit\u00e0 si estende ad applicazioni quali ingranaggi, boccole, cuscinetti, giranti di pompe, fasce elastiche e raccordi per il vapore. Su richiesta sono disponibili anche formulazioni personalizzate, che offrono soluzioni su misura per soddisfare le esigenze specifiche di vari settori.<\/p>\n<ul>\n<li>Disponibile in forme speciali come quelle a U\/L\/T.<\/li>\n<li>Barre rettangoli a partire da 8mm di spessore.<\/li>\n<li>Barre tonde da 20 mm a 212 mm di diametro.<\/li>\n<li>Tubi con spessore di parete min. da 8mm fino a OD 100mm.<\/li>\n<\/ul>\n<p>Le leghe incluse sono:<\/p>\n<ul>\n<li style=\"list-style-type: none;\">\n<ul>\n<li>CuSn8<\/li>\n<li>CuSn9<\/li>\n<li>CuSn10<\/li>\n<li>CuSn12<\/li>\n<li>CuSn11Pb2<\/li>\n<li>CuSn12Ni2<\/li>\n<li>CuSn7Zn2Pb3<\/li>\n<\/ul>\n<\/li>\n<\/ul>\n<p>Su richiesta sono possibili composizioni chimiche specifiche o personalizzate.<\/p>\n<p>Le leghe di bronzo allo stagno AMPCO\u00ae sono un prodotto di qualit\u00e0 superiore in grado di offrire prestazioni per applicazioni complesse.<\/p>\n<h5>Applicazioni del bronzo allo stagno<\/h5>\n<p>Il nostro bronzo allo stagno \u00e8 una lega versatile con notevoli propriet\u00e0 meccaniche e <a href=\"https:\/\/staging.ampcometal.com\/applications\/corrosion-resistance\/\">resistenza alla corrosione<\/a> che serve un&#8217;ampia gamma di applicazioni in diversi settori. Questa lega ad alta resistenza \u00e8 apprezzata per la sua idoneit\u00e0 in scenari ad alto carico e bassa velocit\u00e0, il che la rende una scelta ideale per applicazioni come la produzione di ingranaggi, boccole, cuscinetti e giranti di pompe. Oltre alle sue capacit\u00e0 meccaniche, viene utilizzato in componenti critici come fasce elastiche, raccordi per il vapore e corpi valvola, dove la durata e l&#8217;affidabilit\u00e0 sono fondamentali. La sua adattabilit\u00e0 si estende al settore elettrico, con applicazioni in connettori, rel\u00e8 e molle per conduttori. Grazie alla disponibilit\u00e0 di composizioni personalizzate, le leghe di bronzo allo stagno AMPCO\u00ae soddisfano un&#8217;ampia gamma di esigenze specifiche, rappresentando la prima scelta in una variet\u00e0 di ambienti industriali.<\/p>\n","protected":false},"featured_media":0,"template":"product-standard-alloy.php","meta":{"_et_pb_use_builder":"","_et_pb_old_content":"","_et_gb_content_width":"","inline_featured_image":false,"_links_to":"","_links_to_target":""},"product_category":[497],"product_type":[],"product_shape":[],"class_list":["post-55113","product","type-product","status-publish","hentry","product_category-leghe-standard"],"acf":[],"aioseo_notices":[],"_links":{"self":[{"href":"https:\/\/staging.ampcometal.com\/it\/wp-json\/wp\/v2\/product\/55113","targetHints":{"allow":["GET"]}}],"collection":[{"href":"https:\/\/staging.ampcometal.com\/it\/wp-json\/wp\/v2\/product"}],"about":[{"href":"https:\/\/staging.ampcometal.com\/it\/wp-json\/wp\/v2\/types\/product"}],"wp:attachment":[{"href":"https:\/\/staging.ampcometal.com\/it\/wp-json\/wp\/v2\/media?parent=55113"}],"wp:term":[{"taxonomy":"product_category","embeddable":true,"href":"https:\/\/staging.ampcometal.com\/it\/wp-json\/wp\/v2\/product_category?post=55113"},{"taxonomy":"product_type","embeddable":true,"href":"https:\/\/staging.ampcometal.com\/it\/wp-json\/wp\/v2\/product_type?post=55113"},{"taxonomy":"product_shape","embeddable":true,"href":"https:\/\/staging.ampcometal.com\/it\/wp-json\/wp\/v2\/product_shape?post=55113"}],"curies":[{"name":"wp","href":"https:\/\/api.w.org\/{rel}","templated":true}]}}