{"id":55112,"date":"2021-09-14T09:53:53","date_gmt":"2021-09-14T07:53:53","guid":{"rendered":"https:\/\/staging.ampcometal.com\/products\/%product_category%\/ottone\/"},"modified":"2024-03-19T12:32:14","modified_gmt":"2024-03-19T10:32:14","slug":"ottone","status":"publish","type":"product","link":"https:\/\/staging.ampcometal.com\/it\/prodotti\/leghe-standard\/ottone\/","title":{"rendered":"Ottone"},"content":{"rendered":"<ul>\n<li><strong>Alta resistenza: <\/strong>Il nostro ottone ha eccellenti propriet\u00e0 di resistenza, che lo rendono adatto a una variet\u00e0 di applicazioni impegnative.<\/li>\n<li data-gc-list-depth=\"1\" data-gc-list-style=\"bullet\"><strong>Resistenza alla corrosione:<\/strong> La lega \u00e8 altamente resistente alla corrosione e garantisce la durata in ambienti difficili.<\/li>\n<li data-gc-list-depth=\"1\" data-gc-list-style=\"bullet\"><strong>Resistenza al calore: <\/strong>Mantiene la sua integrit\u00e0 alle alte temperature, rendendola ideale per le applicazioni che comportano calore e attrito.<\/li>\n<li data-gc-list-depth=\"1\" data-gc-list-style=\"bullet\"><strong>Versatilit\u00e0: <\/strong>Disponibile in una variet\u00e0 di forme e dimensioni, offre versatilit\u00e0 nel design e nell&#8217;utilizzo in diversi settori e prodotti.<\/li>\n<\/ul>\n<h5>Propriet\u00e0 e specifiche<\/h5>\n<p>La lega di ottone standard di AMPCO ha propriet\u00e0 eccezionali che la rendono la scelta migliore per le applicazioni pi\u00f9 impegnative. Questa lega di ottone pregiato \u00e8 disponibile in diversi gradi, con composizioni personalizzate su richiesta. \u00c8 noto per la sua elevata forza, <a href=\"https:\/\/staging.ampcometal.com\/applications\/corrosion-resistance\/\">resistenza alla corrosione<\/a> e al calore. Questa lega versatile \u00e8 ideale per applicazioni a basso attrito, bassa velocit\u00e0 e alta pressione, ed \u00e8 quindi la scelta perfetta per elementi di fissaggio, boccole, camme, parti di macchine e altro ancora.<\/p>\n<ul>\n<li>Disponibile in forme speciali come quelle a U\/L\/T.<\/li>\n<li>Barre rettangoli a partire da 8mm di spessore.<\/li>\n<li>Barre tonde da 20 mm a 212 mm di diametro.<\/li>\n<li>Tubi con spessore di parete min. da 8mm fino a OD 100mm.<\/li>\n<\/ul>\n<p>Le leghe incluse sono:<\/p>\n<ul>\n<li>CuZn25Al5Mn4Fe3<\/li>\n<li>CuZn35Mn2Al1Fe1<\/li>\n<li>CuZn35Mn2Al1Fe1<\/li>\n<li>CuZn37Al1<\/li>\n<li>CuZn19Al6<\/li>\n<li>CuZn23Al4<\/li>\n<\/ul>\n<p>Su richiesta sono possibili composizioni chimiche specifiche o personalizzate.<\/p>\n<h5>Applicazioni<\/h5>\n<p>La lega di ottone standard di AMPCO trova applicazioni versatili in diversi settori. Le notevoli propriet\u00e0 di questa lega di ottone premium, tra cui l&#8217;elevata resistenza, la resistenza alla corrosione e al calore, la rendono indispensabile. \u00c8 ampiamente utilizzato in applicazioni che vanno da elementi di fissaggio, dadi e boccole a camme, telai, ingranaggi a vite senza fine, parti di macchine, ganci, stampi, alberi e steli di valvole. La sua affidabilit\u00e0 e durata ne fanno la prima scelta per settori come quello automobilistico, edile, dei connettori elettrici, idraulico e aerospaziale. Sia che si tratti di fornire soluzioni a basso attrito o di garantire la longevit\u00e0 in ambienti ad alta pressione, la lega di ottone standard di AMPCO \u00e8 un materiale affidabile in un&#8217;ampia gamma di applicazioni.<\/p>\n","protected":false},"featured_media":0,"template":"product-standard-alloy.php","meta":{"_et_pb_use_builder":"","_et_pb_old_content":"","_et_gb_content_width":"","inline_featured_image":false,"_links_to":"","_links_to_target":""},"product_category":[497],"product_type":[],"product_shape":[],"class_list":["post-55112","product","type-product","status-publish","hentry","product_category-leghe-standard"],"acf":[],"aioseo_notices":[],"_links":{"self":[{"href":"https:\/\/staging.ampcometal.com\/it\/wp-json\/wp\/v2\/product\/55112","targetHints":{"allow":["GET"]}}],"collection":[{"href":"https:\/\/staging.ampcometal.com\/it\/wp-json\/wp\/v2\/product"}],"about":[{"href":"https:\/\/staging.ampcometal.com\/it\/wp-json\/wp\/v2\/types\/product"}],"wp:attachment":[{"href":"https:\/\/staging.ampcometal.com\/it\/wp-json\/wp\/v2\/media?parent=55112"}],"wp:term":[{"taxonomy":"product_category","embeddable":true,"href":"https:\/\/staging.ampcometal.com\/it\/wp-json\/wp\/v2\/product_category?post=55112"},{"taxonomy":"product_type","embeddable":true,"href":"https:\/\/staging.ampcometal.com\/it\/wp-json\/wp\/v2\/product_type?post=55112"},{"taxonomy":"product_shape","embeddable":true,"href":"https:\/\/staging.ampcometal.com\/it\/wp-json\/wp\/v2\/product_shape?post=55112"}],"curies":[{"name":"wp","href":"https:\/\/api.w.org\/{rel}","templated":true}]}}