{"id":55099,"date":"2021-09-14T09:53:49","date_gmt":"2021-09-14T07:53:49","guid":{"rendered":"https:\/\/staging.ampcometal.com\/products\/%product_category%\/ampco-674\/"},"modified":"2024-03-18T12:40:33","modified_gmt":"2024-03-18T10:40:33","slug":"ampco-674","status":"publish","type":"product","link":"https:\/\/staging.ampcometal.com\/it\/prodotti\/altre-leghe-di-rame\/ampco-674\/","title":{"rendered":"AMPCO\u00ae 674"},"content":{"rendered":"<ul>\n<li data-gc-list-depth=\"1\" data-gc-list-style=\"bullet\"><strong>Eccezionale forgiabilit\u00e0 a caldo:<\/strong> Questo bronzo alluminato \u00e8 caratterizzato da un&#8217;eccezionale forgiabilit\u00e0 a caldo, valutata con un punteggio perfetto di 100.<\/li>\n<li data-gc-list-depth=\"1\" data-gc-list-style=\"bullet\"><strong>Lega di bronzo ad alta resistenza:<\/strong> Nota per la sua resistenza superiore, \u00e8 un materiale affidabile per le applicazioni in cui la durata e le robuste propriet\u00e0 meccaniche sono fondamentali.<\/li>\n<li data-gc-list-depth=\"1\" data-gc-list-style=\"bullet\"><strong>Propriet\u00e0 di resistenza alla corrosione:<\/strong> Questa lega ha un&#8217;eccellente resistenza alla corrosione, che la rende adatta all&#8217;uso in ambienti difficili.<\/li>\n<li data-gc-list-depth=\"1\" data-gc-list-style=\"bullet\"><strong>Maggiore resistenza alla trazione e allo snervamento:<\/strong> Il basso contenuto di piombo contribuisce a migliorare la resistenza alla trazione e allo snervamento, rendendolo un&#8217;opzione preferibile per le applicazioni pesanti che richiedono affidabilit\u00e0 e durata.<\/li>\n<\/ul>\n<h5>Propriet\u00e0 e specifiche di AMPCO\u00ae 674<\/h5>\n<p><\/br><br \/>\nAMPCO\u00ae 674 \u00e8 una lega di bronzo ad alta resistenza nota per la sua eccezionale forgiabilit\u00e0 a caldo e resistenza alla corrosione. Questa lega offre un equilibrio unico di propriet\u00e0, tra cui un grado di forgiatura a caldo pari a 100, che la rende una scelta ideale per le applicazioni che richiedono la formatura a caldo. Ha anche un indice di lavorabilit\u00e0 del 25%, che pu\u00f2 essere inferiore a quello di altre leghe, ma \u00e8 compensato dai migliori valori di resistenza alla trazione e allo snervamento. Questo bronzo alluminato \u00e8 preferito per un&#8217;ampia gamma di applicazioni industriali, tra cui boccole, ingranaggi, camme, bielle e altro ancora. Il ridotto contenuto di piombo lo distingue dalla sua controparte, <a href=\"https:\/\/staging.ampcometal.com\/products\/other-alloys\/ampco-673\/\">AMPCO\u00ae 673<\/a>, rendendo AMPCO\u00ae 674 una scelta preferenziale nelle applicazioni in cui si desidera una minore lavorabilit\u00e0 e una maggiore resistenza.<\/p>\n<h5>Applicazioni di AMPCO\u00ae 674<\/h5>\n<p><\/br><br \/>\nAMPCO\u00ae 674, una lega di bronzo ad alta resistenza, \u00e8 utilizzata in un&#8217;ampia gamma di applicazioni industriali. L&#8217;eccezionale grado di forgiatura a caldo, pari a 100, lo rende particolarmente adatto ai componenti che richiedono una formatura a caldo, come boccole, ingranaggi e camme. La resistenza alla corrosione e le robuste propriet\u00e0 meccaniche fanno di questo bronzo alluminato una scelta privilegiata per le applicazioni che richiedono affidabilit\u00e0 in ambienti difficili, tra cui bielle, alberi folli, ingranaggi a vite senza fine, dita di alimentazione e viti con dado. Il basso contenuto di piombo di questa versatile lega ne aumenta la resistenza alla trazione e allo snervamento, rendendola la scelta ideale per una serie di applicazioni pesanti e resistenti alla corrosione in diversi settori.<\/p>\n","protected":false},"featured_media":66758,"template":"","meta":{"_et_pb_use_builder":"","_et_pb_old_content":"","_et_gb_content_width":"","inline_featured_image":false,"_links_to":"","_links_to_target":""},"product_category":[492],"product_type":[507],"product_shape":[638,648],"class_list":["post-55099","product","type-product","status-publish","has-post-thumbnail","hentry","product_category-altre-leghe-di-rame"],"acf":[],"aioseo_notices":[],"_links":{"self":[{"href":"https:\/\/staging.ampcometal.com\/it\/wp-json\/wp\/v2\/product\/55099","targetHints":{"allow":["GET"]}}],"collection":[{"href":"https:\/\/staging.ampcometal.com\/it\/wp-json\/wp\/v2\/product"}],"about":[{"href":"https:\/\/staging.ampcometal.com\/it\/wp-json\/wp\/v2\/types\/product"}],"wp:featuredmedia":[{"embeddable":true,"href":"https:\/\/staging.ampcometal.com\/it\/wp-json\/wp\/v2\/media\/66758"}],"wp:attachment":[{"href":"https:\/\/staging.ampcometal.com\/it\/wp-json\/wp\/v2\/media?parent=55099"}],"wp:term":[{"taxonomy":"product_category","embeddable":true,"href":"https:\/\/staging.ampcometal.com\/it\/wp-json\/wp\/v2\/product_category?post=55099"},{"taxonomy":"product_type","embeddable":true,"href":"https:\/\/staging.ampcometal.com\/it\/wp-json\/wp\/v2\/product_type?post=55099"},{"taxonomy":"product_shape","embeddable":true,"href":"https:\/\/staging.ampcometal.com\/it\/wp-json\/wp\/v2\/product_shape?post=55099"}],"curies":[{"name":"wp","href":"https:\/\/api.w.org\/{rel}","templated":true}]}}