{"id":55087,"date":"2021-09-14T09:53:44","date_gmt":"2021-09-14T07:53:44","guid":{"rendered":"https:\/\/staging.ampcometal.com\/products\/%product_category%\/ams-4881-2\/"},"modified":"2024-04-05T15:02:36","modified_gmt":"2024-04-05T13:02:36","slug":"ams-4881","status":"publish","type":"product","link":"https:\/\/staging.ampcometal.com\/it\/prodotti\/leghe-ams\/ams-4881\/","title":{"rendered":"AMS 4881"},"content":{"rendered":"<ul>\n<li data-gc-list-depth=\"1\" data-gc-list-style=\"bullet\"><strong>Lega ad alta resistenza:<\/strong> Questo bronzo AMS \u00e8 noto per la sua eccezionale resistenza, che lo rende adatto ad applicazioni pesanti e ad alte sollecitazioni.<\/li>\n<li data-gc-list-depth=\"1\" data-gc-list-style=\"bullet\"><strong>Resistenza alla corrosione:<\/strong> Questo bronzo alluminato offre un&#8217;eccellente resistenza alla corrosione, garantendo la durata in ambienti difficili.<\/li>\n<li data-gc-list-depth=\"1\" data-gc-list-style=\"bullet\"><strong>Miglioramento del trattamento termico:<\/strong> Grazie a un processo di trattamento termico brevettato, la lega raggiunge propriet\u00e0 meccaniche superiori a quelle dei bronzi commerciali al nichel e all&#8217;alluminio.<\/li>\n<li data-gc-list-depth=\"1\" data-gc-list-style=\"bullet\"><strong>Applicazioni versatili:<\/strong> Viene utilizzato in diversi settori industriali grazie alle sue propriet\u00e0 meccaniche superiori e alla resistenza alla corrosione.<\/li>\n<\/ul>\n<h5>Propriet\u00e0 e specifiche<\/h5>\n<p>Il bronzo all&#8217;alluminio AMS 4881 \u00e8 una lega ad alte prestazioni nota per le sue propriet\u00e0 e specifiche eccezionali. Questo bronzo al nichel-alluminio \u00e8 sottoposto a un processo di trattamento termico brevettato che consente di ottenere propriet\u00e0 meccaniche superiori a quelle dei bronzi al nichel-alluminio commerciali. Il suo rapporto resistenza\/peso \u00e8 paragonabile a quello del rame berillio, ma senza i relativi requisiti di igiene industriale. Questo bronzo AMS \u00e8 resistente alla corrosione ed \u00e8 particolarmente adatto per carichi pesanti, abrasione, attrito e deformazione ad alte temperature. Sviluppato originariamente per applicazioni aerospaziali, \u00e8 stato utilizzato in diversi settori industriali in cui sono richieste propriet\u00e0 meccaniche superiori a temperature elevate, tra cui i cuscinetti dei carrelli di atterraggio degli aerei, gli stampi di piegatura, le ruote dentate e le piastre di usura\/guida. Le sue specifiche sono simili a quelle dell&#8217;AMS-4881 per i getti, il che la rende una lega ricercata per le applicazioni pi\u00f9 esigenti.<\/p>\n<h5>Applicazioni<\/h5>\n<p>Il bronzo all&#8217;alluminio AMS 4881 \u00e8 utilizzato in un&#8217;ampia gamma di settori grazie alle sue eccezionali propriet\u00e0. Sviluppata originariamente per i componenti degli aerei, come i carrelli di atterraggio retrattili e i cuscinetti distanziatori dei motori, la lega ha ampliato la sua utilit\u00e0. Eccelle in ambienti con carichi pesanti, abrasione, attrito e temperature elevate. Questa lega versatile \u00e8 comunemente utilizzata nei cuscinetti dei carrelli di atterraggio degli aerei, nelle matrici per la piegatura dei tubi, nelle ruote dentate e nelle piastre di guida\/usura. La combinazione unica di forza meccanica e resistenza alla corrosione ne fa una scelta privilegiata nelle applicazioni in cui durata e prestazioni sono fondamentali. Questo bronzo all&#8217;alluminio continua a svolgere un ruolo vitale in numerose applicazioni industriali e ingegneristiche critiche.<\/p>\n","protected":false},"featured_media":66719,"template":"","meta":{"_et_pb_use_builder":"","_et_pb_old_content":"","_et_gb_content_width":"","inline_featured_image":false,"_links_to":"","_links_to_target":""},"product_category":[486],"product_type":[502,617],"product_shape":[653],"class_list":["post-55087","product","type-product","status-publish","has-post-thumbnail","hentry","product_category-leghe-ams"],"acf":[],"aioseo_notices":[],"_links":{"self":[{"href":"https:\/\/staging.ampcometal.com\/it\/wp-json\/wp\/v2\/product\/55087","targetHints":{"allow":["GET"]}}],"collection":[{"href":"https:\/\/staging.ampcometal.com\/it\/wp-json\/wp\/v2\/product"}],"about":[{"href":"https:\/\/staging.ampcometal.com\/it\/wp-json\/wp\/v2\/types\/product"}],"wp:featuredmedia":[{"embeddable":true,"href":"https:\/\/staging.ampcometal.com\/it\/wp-json\/wp\/v2\/media\/66719"}],"wp:attachment":[{"href":"https:\/\/staging.ampcometal.com\/it\/wp-json\/wp\/v2\/media?parent=55087"}],"wp:term":[{"taxonomy":"product_category","embeddable":true,"href":"https:\/\/staging.ampcometal.com\/it\/wp-json\/wp\/v2\/product_category?post=55087"},{"taxonomy":"product_type","embeddable":true,"href":"https:\/\/staging.ampcometal.com\/it\/wp-json\/wp\/v2\/product_type?post=55087"},{"taxonomy":"product_shape","embeddable":true,"href":"https:\/\/staging.ampcometal.com\/it\/wp-json\/wp\/v2\/product_shape?post=55087"}],"curies":[{"name":"wp","href":"https:\/\/api.w.org\/{rel}","templated":true}]}}