{"id":55085,"date":"2021-09-14T09:53:42","date_gmt":"2021-09-14T07:53:42","guid":{"rendered":"https:\/\/staging.ampcometal.com\/products\/%product_category%\/ams-4590\/"},"modified":"2024-04-05T11:33:33","modified_gmt":"2024-04-05T09:33:33","slug":"ams-4590","status":"publish","type":"product","link":"https:\/\/staging.ampcometal.com\/it\/prodotti\/leghe-ams\/ams-4590\/","title":{"rendered":"AMS 4590"},"content":{"rendered":"<ul>\n<li data-gc-list-depth=\"1\" data-gc-list-style=\"bullet\"><strong>Propriet\u00e0 meccaniche eccezionali:<\/strong> Questo bronzo AMS mostra una superiorit\u00e0 meccanica rispetto ai bronzi al nichel-alluminio commerciali e rivaleggia con il rame berillio senza i suoi requisiti igienici.<\/li>\n<li data-gc-list-depth=\"1\" data-gc-list-style=\"bullet\"><strong>Applicazioni versatili:<\/strong> Questa lega ad alte prestazioni \u00e8 adatta a numerose applicazioni, tra cui i cuscinetti dei carrelli di atterraggio degli aerei, gli utensili per la curvatura dei tubi, le ruote dentate, le piastre di usura e le piastre di guida.<\/li>\n<li data-gc-list-depth=\"1\" data-gc-list-style=\"bullet\"><strong>Duttilit\u00e0 e conduttivit\u00e0:<\/strong> Il bronzo all&#8217;alluminio offre un&#8217;elevata duttilit\u00e0 e un&#8217;eccellente conducibilit\u00e0 elettrica e termica, che lo rendono adatto alle applicazioni che richiedono flessibilit\u00e0 e un efficiente trasferimento di calore e potenza.<\/li>\n<li data-gc-list-depth=\"1\" data-gc-list-style=\"bullet\"><strong>Resistenza alla corrosione:<\/strong> Oltre alle notevoli propriet\u00e0 meccaniche, offre un&#8217;eccellente resistenza alla corrosione, garantendo la durata in ambienti difficili.<\/li>\n<\/ul>\n<h2><strong>Propriet\u00e0 e specifiche<\/strong><\/h2>\n<p>AMS 4590 \u00e8 una lega di bronzo al nichel e alluminio nota per le sue eccezionali propriet\u00e0. Questo materiale ad alte prestazioni ha una superiorit\u00e0 meccanica rispetto ai bronzi al nichel-alluminio in commercio e rivaleggia con il rame al berillio senza i requisiti di igiene industriale che ne derivano. Grazie all&#8217;elevata duttilit\u00e0, all&#8217;eccellente conducibilit\u00e0 elettrica e termica, alla forza d&#8217;urto e all&#8217;impressionante resistenza al creep, questo bronzo AMS eccelle in un&#8217;ampia gamma di applicazioni. Rimane stabile anche in ambienti sotto vuoto. Le specifiche dettagliate e i dettagli di estrusione sono disponibili nella <a href=\"https:\/\/staging.ampcometal.com\/documents\/AMS_4590_EX_E%201403A.pdf\">documentazione AMS 4590<\/a>, che rappresenta la scelta ideale per le esigenze di progettazione e produzione.<\/p>\n<h2><strong>Applicazioni<\/strong><\/h2>\n<p>Questa lega di bronzo nichel-alluminio ad alte prestazioni viene utilizzata in diversi settori industriali. Sviluppata originariamente per componenti aeronautici come i carrelli di atterraggio retrattili e i cuscinetti distanziali dei motori, il suo utilizzo si \u00e8 esteso ai cuscinetti e alle boccole dei carrelli di atterraggio degli aerei, agli strumenti dell&#8217;industria della curvatura dei tubi come le matrici di curvatura, alle ruote dentate e alle piastre di usura e di guida. La combinazione unica di forza meccanica, duttilit\u00e0 e resistenza alla corrosione di AMS 4590 ne fa la scelta ideale per un&#8217;ampia gamma di applicazioni ingegneristiche e produttive.<\/p>\n","protected":false},"featured_media":66719,"template":"","meta":{"_et_pb_use_builder":"","_et_pb_old_content":"","_et_gb_content_width":"","inline_featured_image":false,"_links_to":"","_links_to_target":""},"product_category":[486],"product_type":[507],"product_shape":[648],"class_list":["post-55085","product","type-product","status-publish","has-post-thumbnail","hentry","product_category-leghe-ams"],"acf":[],"aioseo_notices":[],"_links":{"self":[{"href":"https:\/\/staging.ampcometal.com\/it\/wp-json\/wp\/v2\/product\/55085","targetHints":{"allow":["GET"]}}],"collection":[{"href":"https:\/\/staging.ampcometal.com\/it\/wp-json\/wp\/v2\/product"}],"about":[{"href":"https:\/\/staging.ampcometal.com\/it\/wp-json\/wp\/v2\/types\/product"}],"wp:featuredmedia":[{"embeddable":true,"href":"https:\/\/staging.ampcometal.com\/it\/wp-json\/wp\/v2\/media\/66719"}],"wp:attachment":[{"href":"https:\/\/staging.ampcometal.com\/it\/wp-json\/wp\/v2\/media?parent=55085"}],"wp:term":[{"taxonomy":"product_category","embeddable":true,"href":"https:\/\/staging.ampcometal.com\/it\/wp-json\/wp\/v2\/product_category?post=55085"},{"taxonomy":"product_type","embeddable":true,"href":"https:\/\/staging.ampcometal.com\/it\/wp-json\/wp\/v2\/product_type?post=55085"},{"taxonomy":"product_shape","embeddable":true,"href":"https:\/\/staging.ampcometal.com\/it\/wp-json\/wp\/v2\/product_shape?post=55085"}],"curies":[{"name":"wp","href":"https:\/\/api.w.org\/{rel}","templated":true}]}}