{"id":55084,"date":"2021-09-14T09:53:42","date_gmt":"2021-09-14T07:53:42","guid":{"rendered":"https:\/\/staging.ampcometal.com\/products\/%product_category%\/cu-w-sinterizzato\/"},"modified":"2024-10-01T13:02:53","modified_gmt":"2024-10-01T11:02:53","slug":"cu-w-sinterizzato","status":"publish","type":"product","link":"https:\/\/staging.ampcometal.com\/it\/prodotti\/ampcoloy-leghe-di-rame-basso-legato\/cu-w-sinterizzato\/","title":{"rendered":"Cu-W sinterizzato"},"content":{"rendered":"<ul>\n<li data-gc-list-depth=\"1\" data-gc-list-style=\"bullet\"><strong>Elevata conducibilit\u00e0 elettrica:<\/strong> Il Cu-W sinterizzato offre un&#8217;eccellente conduttivit\u00e0 elettrica, che lo rende ideale per le applicazioni in cui le prestazioni elettriche sono fondamentali.<\/li>\n<li data-gc-list-depth=\"1\" data-gc-list-style=\"bullet\"><strong>Resistenza all&#8217;arco:<\/strong> Questa lega ad alto tenore di rame \u00e8 altamente resistente ai danni da arco elettrico, il che la rende adatta ad applicazioni che coinvolgono archi elettrici, come interruttori e punte di arco.<\/li>\n<li data-gc-list-depth=\"1\" data-gc-list-style=\"bullet\"><strong>Durevole e di lunga durata: <\/strong>Conosciuta per la sua durata e la capacit\u00e0 di resistere a condizioni difficili, garantendo prestazioni di lunga durata.<\/li>\n<li data-gc-list-depth=\"1\" data-gc-list-style=\"bullet\"><strong>Applicazioni versatili:<\/strong> \u00c8 ampiamente utilizzato come elettrodi per saldatura a resistenza, elettrodi per elettroerosione, interruttori automatici e contatti per impieghi gravosi.<\/li>\n<\/ul>\n<h5>Propriet\u00e0 e specifiche<\/h5>\n<p><\/br> Cu-W Sinterizzato \u00e8 una lega refrattaria ad alte prestazioni nota per le sue eccezionali propriet\u00e0. Questa lega combina l&#8217;eccellente conduttivit\u00e0 elettrica e termica del rame con l&#8217;impressionante resistenza all&#8217;arco e le propriet\u00e0 non saldanti del tungsteno e del molibdeno. Prodotto con tecniche avanzate di metallurgia delle polveri, ha una microstruttura uniforme e a grana fine che garantisce prestazioni e durata eccezionali. La sua qualit\u00e0 superiore garantisce il superamento degli standard specificati dalla Resistance Welder Manufacturers&#8217; Association (RWMA), rendendola la scelta ideale per un&#8217;ampia gamma di applicazioni, tra cui elettrodi per saldatura a resistenza, elettrodi per elettroerosione, interruttori, punte d&#8217;arco e contatti per impieghi gravosi. La lega ad alto tenore di rame eccelle in queste applicazioni impegnative grazie alla sua capacit\u00e0 di resistere agli effetti dell&#8217;arco e alle correnti elevate, rendendola un materiale affidabile e durevole. <\/p>\n<h5>Applicazioni<\/h5>\n<p><\/br> Il Cu-W sinterizzato \u00e8 una lega refrattaria versatile e ad alte prestazioni, utilizzata in un&#8217;ampia gamma di settori. La sua eccezionale combinazione di conducibilit\u00e0 elettrica e resistenza all&#8217;arco elettrico la rende una scelta indispensabile per diverse applicazioni. Tra gli usi pi\u00f9 comuni vi \u00e8 quello di elettrodi per la saldatura a resistenza, dove eccelle per la sua capacit\u00e0 di sopportare correnti elevate e fornire prestazioni stabili. Inoltre, la lega \u00e8 adatta per elettrodi di elettroerosione, interruttori, punte d&#8217;arco e contatti per impieghi gravosi in diversi ambienti. Sia che si tratti di garantire connessioni affidabili o di resistere agli effetti dell&#8217;arco elettrico, il Cu-W sinterizzato \u00e8 in grado di offrire prestazioni costanti nelle applicazioni pi\u00f9 impegnative, diventando il materiale preferito per molte funzioni critiche.<\/p>\n","protected":false},"featured_media":66770,"template":"","meta":{"_et_pb_use_builder":"","_et_pb_old_content":"","_et_gb_content_width":"","inline_featured_image":false,"_links_to":"","_links_to_target":""},"product_category":[480],"product_type":[],"product_shape":[],"class_list":["post-55084","product","type-product","status-publish","has-post-thumbnail","hentry","product_category-ampcoloy-leghe-di-rame-basso-legato"],"acf":[],"aioseo_notices":[],"_links":{"self":[{"href":"https:\/\/staging.ampcometal.com\/it\/wp-json\/wp\/v2\/product\/55084","targetHints":{"allow":["GET"]}}],"collection":[{"href":"https:\/\/staging.ampcometal.com\/it\/wp-json\/wp\/v2\/product"}],"about":[{"href":"https:\/\/staging.ampcometal.com\/it\/wp-json\/wp\/v2\/types\/product"}],"wp:featuredmedia":[{"embeddable":true,"href":"https:\/\/staging.ampcometal.com\/it\/wp-json\/wp\/v2\/media\/66770"}],"wp:attachment":[{"href":"https:\/\/staging.ampcometal.com\/it\/wp-json\/wp\/v2\/media?parent=55084"}],"wp:term":[{"taxonomy":"product_category","embeddable":true,"href":"https:\/\/staging.ampcometal.com\/it\/wp-json\/wp\/v2\/product_category?post=55084"},{"taxonomy":"product_type","embeddable":true,"href":"https:\/\/staging.ampcometal.com\/it\/wp-json\/wp\/v2\/product_type?post=55084"},{"taxonomy":"product_shape","embeddable":true,"href":"https:\/\/staging.ampcometal.com\/it\/wp-json\/wp\/v2\/product_shape?post=55084"}],"curies":[{"name":"wp","href":"https:\/\/api.w.org\/{rel}","templated":true}]}}