{"id":55082,"date":"2021-09-14T09:53:41","date_gmt":"2021-09-14T07:53:41","guid":{"rendered":"https:\/\/staging.ampcometal.com\/products\/%product_category%\/ampcoloy-972\/"},"modified":"2024-07-22T14:43:31","modified_gmt":"2024-07-22T12:43:31","slug":"ampcoloy-972","status":"publish","type":"product","link":"https:\/\/staging.ampcometal.com\/it\/prodotti\/ampcoloy-leghe-di-rame-basso-legato\/ampcoloy-972\/","title":{"rendered":"AMPCOLOY\u00ae 972"},"content":{"rendered":"<h5><\/h5>\n<ul>\n<li data-gc-list-depth=\"1\" data-gc-list-style=\"bullet\"><strong>Propriet\u00e0 meccaniche eccezionali:<\/strong> Questa lega ad alto tenore di rame mantiene eccellenti propriet\u00e0 meccaniche, tra cui un&#8217;elevata duttilit\u00e0, anche a temperature comprese tra 300 e 500\u00b0C.<\/li>\n<li data-gc-list-depth=\"1\" data-gc-list-style=\"bullet\"><strong>Eccellente resistenza all&#8217;usura e alla corrosione:<\/strong> Questa lega offre un&#8217;eccellente resistenza all&#8217;usura e alla corrosione, rendendola altamente durevole e adatta agli ambienti pi\u00f9 difficili.<\/li>\n<li data-gc-list-depth=\"1\" data-gc-list-style=\"bullet\"><strong>Elevata conducibilit\u00e0 elettrica: <\/strong>Presenta un&#8217;elevata conducibilit\u00e0 elettrica, che la rende una scelta eccellente per le applicazioni in cui le prestazioni elettriche sono fondamentali.<\/li>\n<li data-gc-list-depth=\"1\" data-gc-list-style=\"bullet\"><strong>Versatilit\u00e0:<\/strong> Conosciuto per la sua versatilit\u00e0, viene utilizzato in un&#8217;ampia gamma di applicazioni, tra cui punte per saldatura a resistenza e cappucci per elettrodi.<\/li>\n<\/ul>\n<h5>Propriet\u00e0 e specifiche<\/h5>\n<p> AMPCOLOY\u00ae 972 \u00e8 una lega a base di rame indurente per precipitazione, nota per le sue eccezionali propriet\u00e0. Quando viene trattata termicamente, questa lega mantiene notevoli propriet\u00e0 meccaniche, tra cui un&#8217;elevata duttilit\u00e0 nell&#8217;intervallo di temperature compreso tra 300 e 500\u00b0C. Ha un&#8217;eccellente resistenza all&#8217;usura e alla corrosione, che lo rende ideale per un&#8217;ampia gamma di applicazioni. In particolare, la lega presenta un&#8217;elevata conducibilit\u00e0 elettrica e un&#8217;eccellente resistenza meccanica, che la rendono una scelta versatile per applicazioni quali punte per saldatura a resistenza, cappucci per elettrodi e componenti per la generazione di energia. Grazie alla sua struttura forgiata ed estrusa, offre propriet\u00e0 fisiche superiori che garantiscono affidabilit\u00e0 e durata in una variet\u00e0 di ambienti difficili. <\/p>\n<h5>Applicazioni<\/h5>\n<p> AMPCOLOY\u00ae 972 \u00e8 utilizzato in un&#8217;ampia gamma di settori. La sua combinazione unica di propriet\u00e0, tra cui l&#8217;elevata conduttivit\u00e0 elettrica e l&#8217;impressionante resistenza meccanica, ne fanno una scelta ricercata per vari scenari impegnativi. Questa lega versatile eccelle nelle punte per saldatura a resistenza e nei cappucci degli elettrodi per l&#8217;industria automobilistica, dove la sua eccezionale resistenza all&#8217;usura e la sua conducibilit\u00e0 elettrica sono preziose. Svolge inoltre un ruolo fondamentale nell&#8217;ingegneria energetica, contribuendo alla produzione di componenti che richiedono sia la durata che le prestazioni elettriche. Sia che venga utilizzata in parti di presse, segmenti di dita di serranda o portaelettrodi, questa lega ad alto tenore di rame fornisce costantemente risultati affidabili, dimostrando la sua adattabilit\u00e0 a un&#8217;ampia gamma di applicazioni.<\/p>\n","protected":false},"featured_media":66770,"template":"","meta":{"_et_pb_use_builder":"","_et_pb_old_content":"","_et_gb_content_width":"","inline_featured_image":false,"_links_to":"","_links_to_target":""},"product_category":[480],"product_type":[519,526,531,606],"product_shape":[627,632,638,648],"class_list":["post-55082","product","type-product","status-publish","has-post-thumbnail","hentry","product_category-ampcoloy-leghe-di-rame-basso-legato"],"acf":[],"aioseo_notices":[],"_links":{"self":[{"href":"https:\/\/staging.ampcometal.com\/it\/wp-json\/wp\/v2\/product\/55082","targetHints":{"allow":["GET"]}}],"collection":[{"href":"https:\/\/staging.ampcometal.com\/it\/wp-json\/wp\/v2\/product"}],"about":[{"href":"https:\/\/staging.ampcometal.com\/it\/wp-json\/wp\/v2\/types\/product"}],"wp:featuredmedia":[{"embeddable":true,"href":"https:\/\/staging.ampcometal.com\/it\/wp-json\/wp\/v2\/media\/66770"}],"wp:attachment":[{"href":"https:\/\/staging.ampcometal.com\/it\/wp-json\/wp\/v2\/media?parent=55082"}],"wp:term":[{"taxonomy":"product_category","embeddable":true,"href":"https:\/\/staging.ampcometal.com\/it\/wp-json\/wp\/v2\/product_category?post=55082"},{"taxonomy":"product_type","embeddable":true,"href":"https:\/\/staging.ampcometal.com\/it\/wp-json\/wp\/v2\/product_type?post=55082"},{"taxonomy":"product_shape","embeddable":true,"href":"https:\/\/staging.ampcometal.com\/it\/wp-json\/wp\/v2\/product_shape?post=55082"}],"curies":[{"name":"wp","href":"https:\/\/api.w.org\/{rel}","templated":true}]}}