{"id":55073,"date":"2021-09-14T09:53:39","date_gmt":"2021-09-14T07:53:39","guid":{"rendered":"https:\/\/staging.ampcometal.com\/products\/%product_category%\/ampcoloy-944\/"},"modified":"2024-03-25T17:40:19","modified_gmt":"2024-03-25T15:40:19","slug":"ampcoloy-944","status":"publish","type":"product","link":"https:\/\/staging.ampcometal.com\/it\/prodotti\/ampcoloy-leghe-di-rame-basso-legato\/ampcoloy-944\/","title":{"rendered":"AMPCOLOY\u00ae 944"},"content":{"rendered":"<h5>Caratteristiche principali<\/h5>\n<ul>\n<li data-gc-list-depth=\"1\" data-gc-list-style=\"bullet\"><strong>Eccellente conduttivit\u00e0 termica:<\/strong> Questa lega ad alto tenore di rame ha un&#8217;eccezionale conducibilit\u00e0 termica, che la rende una scelta ideale per le applicazioni in cui \u00e8 fondamentale un efficiente trasferimento di calore.<\/li>\n<li data-gc-list-depth=\"1\" data-gc-list-style=\"bullet\"><strong>Elevata resistenza alla trazione: <\/strong>Presenta una robusta resistenza alla trazione, che ne garantisce l&#8217;affidabilit\u00e0 e la durata in ambienti industriali difficili.<\/li>\n<li data-gc-list-depth=\"1\" data-gc-list-style=\"bullet\"><strong>Durezza impressionante: <\/strong>Grazie alle notevoli propriet\u00e0 di durezza, la lega offre un&#8217;eccellente resistenza all&#8217;usura e alla deformazione, prolungandone la durata in varie applicazioni.<\/li>\n<li data-gc-list-depth=\"1\" data-gc-list-style=\"bullet\"><strong>Alternativa sicura al rame berillio:<\/strong> Offre tutti questi vantaggi eliminando la necessit\u00e0 di utilizzare il berillio, offrendo un&#8217;opzione pi\u00f9 sicura e conforme per le industrie con normative severe in materia di salute e sicurezza.<\/li>\n<\/ul>\n<h5>Propriet\u00e0 e specifiche<\/h5>\n<p><\/br><br \/>\nAMPCOLOY\u00ae 944 \u00e8 una lega brevettata che soddisfa le esigenze degli utenti delle leghe RWMA di classe 4 senza berillio. \u00c8 stato progettato per fornire un&#8217;eccellente conducibilit\u00e0 termica, elevata resistenza alla trazione e durezza, eliminando la necessit\u00e0 di utilizzare il berillio. Questa lega versatile \u00e8 ideale per una variet\u00e0 di applicazioni, tra cui lo <a href=\"https:\/\/staging.ampcometal.com\/applications\/plastic-processing\/\">stampaggio a iniezione<\/a>, la <a href=\"https:\/\/staging.ampcometal.com\/applications\/plastic-processing\/\">termoformatura<\/a>, il <a href=\"https:\/\/staging.ampcometal.com\/applications\/plastic-processing\/\">soffiaggio<\/a>, la <a href=\"https:\/\/staging.ampcometal.com\/applications\/resistance-welding\/\">saldatura a resistenza<\/a> e la <a href=\"https:\/\/staging.ampcometal.com\/applications\/resistance-welding\/\">saldatura a punti<\/a>. Eccelle nelle applicazioni di lavorazione e utensili in plastica e soddisfa le esigenze dei settori in cui l&#8217;uso di elementi nocivi \u00e8 limitato. Questa lega ad alto tenore di rame offre le propriet\u00e0 essenziali richieste per le attivit\u00e0 industriali pi\u00f9 impegnative, rendendola una scelta affidabile e sicura per le applicazioni che richiedono sia elevate prestazioni meccaniche sia la conformit\u00e0 alle normative in materia di salute e sicurezza.<\/p>\n<h5>Applicazioni<\/h5>\n<p><\/br><br \/>\nAMPCOLOY\u00ae 944 trova un&#8217;ampia gamma di applicazioni in vari settori industriali, dove \u00e8 essenziale una combinazione di eccellente conducibilit\u00e0 elettrica e termica, elevate propriet\u00e0 meccaniche e conformit\u00e0 alla sicurezza. Viene comunemente utilizzato nei portaelettrodi e negli alberi per la saldatura a punti, nei dischi e nelle sporgenze per la saldatura a punti e nelle matrici per la saldatura di testa, in particolare per l&#8217;acciaio inossidabile e il Monel\u00ae. Questa lega versatile viene utilizzata anche per le punte degli stantuffi nelle macchine di pressofusione ad alta pressione in alluminio a camera fredda e per gli stampi delle macchine di pressofusione a bassa pressione. Svolge inoltre un ruolo fondamentale negli stampi a freddo per la fusione dell&#8217;ottone e di alcuni bronzi e in varie parti degli stampi a iniezione per materie plastiche, compresi gli ugelli di iniezione e i perni di raffreddamento. Offre affidabilit\u00e0 e prestazioni in un&#8217;ampia gamma di applicazioni industriali in cui sono richieste conduttivit\u00e0 e resistenza meccanica eccezionali.<\/p>\n","protected":false},"featured_media":66752,"template":"","meta":{"_et_pb_use_builder":"","_et_pb_old_content":"","_et_gb_content_width":"","inline_featured_image":false,"_links_to":"","_links_to_target":""},"product_category":[480],"product_type":[507,531],"product_shape":[632,648],"class_list":["post-55073","product","type-product","status-publish","has-post-thumbnail","hentry","product_category-ampcoloy-leghe-di-rame-basso-legato"],"acf":[],"aioseo_notices":[],"_links":{"self":[{"href":"https:\/\/staging.ampcometal.com\/it\/wp-json\/wp\/v2\/product\/55073","targetHints":{"allow":["GET"]}}],"collection":[{"href":"https:\/\/staging.ampcometal.com\/it\/wp-json\/wp\/v2\/product"}],"about":[{"href":"https:\/\/staging.ampcometal.com\/it\/wp-json\/wp\/v2\/types\/product"}],"wp:featuredmedia":[{"embeddable":true,"href":"https:\/\/staging.ampcometal.com\/it\/wp-json\/wp\/v2\/media\/66752"}],"wp:attachment":[{"href":"https:\/\/staging.ampcometal.com\/it\/wp-json\/wp\/v2\/media?parent=55073"}],"wp:term":[{"taxonomy":"product_category","embeddable":true,"href":"https:\/\/staging.ampcometal.com\/it\/wp-json\/wp\/v2\/product_category?post=55073"},{"taxonomy":"product_type","embeddable":true,"href":"https:\/\/staging.ampcometal.com\/it\/wp-json\/wp\/v2\/product_type?post=55073"},{"taxonomy":"product_shape","embeddable":true,"href":"https:\/\/staging.ampcometal.com\/it\/wp-json\/wp\/v2\/product_shape?post=55073"}],"curies":[{"name":"wp","href":"https:\/\/api.w.org\/{rel}","templated":true}]}}