{"id":55067,"date":"2021-09-14T09:53:36","date_gmt":"2021-09-14T07:53:36","guid":{"rendered":"https:\/\/staging.ampcometal.com\/products\/%product_category%\/ampcoloy-95\/"},"modified":"2025-03-13T14:05:12","modified_gmt":"2025-03-13T12:05:12","slug":"ampcoloy-95","status":"publish","type":"product","link":"https:\/\/staging.ampcometal.com\/it\/prodotti\/ampcoloy-leghe-di-rame-basso-legato\/ampcoloy-95\/","title":{"rendered":"AMPCOLOY\u00ae 95"},"content":{"rendered":"<ul>\n<li data-gc-list-depth=\"1\" data-gc-list-style=\"bullet\"><strong>Eccezionale resistenza all&#8217;usura: <\/strong>Questa lega ad alto tenore di rame offre un&#8217;eccezionale resistenza all&#8217;usura, che la rende ideale per le applicazioni in cui la durata \u00e8 fondamentale.<\/li>\n<li data-gc-list-depth=\"1\" data-gc-list-style=\"bullet\"><strong>Eccellente resistenza alla corrosione:<\/strong> \u00c8 altamente resistente alla corrosione e garantisce una lunga durata anche in ambienti difficili.<\/li>\n<li data-gc-list-depth=\"1\" data-gc-list-style=\"bullet\"><strong>Conducibilit\u00e0 termica superiore: <\/strong>La lega presenta un&#8217;eccellente conduttivit\u00e0 termica, migliorando le prestazioni in varie applicazioni termiche.<\/li>\n<li data-gc-list-depth=\"1\" data-gc-list-style=\"bullet\"><strong>Elevate propriet\u00e0 meccaniche:<\/strong> Progettato con elevate propriet\u00e0 meccaniche per garantire resistenza e affidabilit\u00e0 in ambienti industriali difficili.<\/li>\n<\/ul>\n<h5>Propriet\u00e0 e specifiche<\/h5>\n<p>AMPCOLOY\u00ae 95, che condivide alcune somiglianze con AMPCOLOY\u00ae 91, \u00e8 una lega notevole, nota per le sue propriet\u00e0 e specifiche eccezionali. Forgiata ed estrusa per ottenere propriet\u00e0 fisiche ottimali, questa lega offre un&#8217;eccellente lavorabilit\u00e0 unita a una notevole resistenza all&#8217;usura e alla corrosione. Progettata con elevate propriet\u00e0 meccaniche, questa lega ad alto tenore di rame eccelle nelle applicazioni che richiedono una conduttivit\u00e0 termica superiore, tempi di ciclo pi\u00f9 breve e una maggiore durata degli utensili, spesso superando le prestazioni del rame-titanio fino al 50%. L&#8217;impareggiabile combinazione di resistenza e tenacit\u00e0 di questa lega la rende la scelta migliore per elettrodi per saldatura a punti, portaelettrodi, saldatura a rete e altro ancora. Inoltre, gli utenti devono prestare attenzione a causa del contenuto di berillio dello 0,5%, garantendo la sicurezza durante qualsiasi operazione che possa generare polvere o fumi.<\/p>\n<h5>Applicazioni<\/h5>\n<p>AMPCOLOY\u00ae 95 trova un&#8217;ampia gamma di applicazioni grazie alle sue eccezionali propriet\u00e0. Utilizzato principalmente per elettrodi per saldatura a punti e portaelettrodi, eccelle nelle applicazioni di saldatura pi\u00f9 impegnative. \u00c8 anche il materiale preferito per la saldatura a rete, per i dischi di saldatura per acciaio inossidabile, Monel\u00ae e leghe di nichel e per le matrici di saldatura flash. La sua eccellente conducibilit\u00e0 termica lo rende prezioso nelle punte dei pistoni delle macchine per la pressofusione dell&#8217;alluminio. Svolge inoltre un ruolo fondamentale nello stampaggio a iniezione di materie plastiche, dove \u00e8 richiesta un&#8217;elevata conduttivit\u00e0 termica.<\/p>\n","protected":false},"featured_media":66770,"template":"","meta":{"_et_pb_use_builder":"","_et_pb_old_content":"","_et_gb_content_width":"","inline_featured_image":false,"_links_to":"","_links_to_target":""},"product_category":[480],"product_type":[507,531],"product_shape":[632,638,648],"class_list":["post-55067","product","type-product","status-publish","has-post-thumbnail","hentry","product_category-ampcoloy-leghe-di-rame-basso-legato"],"acf":[],"aioseo_notices":[],"_links":{"self":[{"href":"https:\/\/staging.ampcometal.com\/it\/wp-json\/wp\/v2\/product\/55067","targetHints":{"allow":["GET"]}}],"collection":[{"href":"https:\/\/staging.ampcometal.com\/it\/wp-json\/wp\/v2\/product"}],"about":[{"href":"https:\/\/staging.ampcometal.com\/it\/wp-json\/wp\/v2\/types\/product"}],"wp:featuredmedia":[{"embeddable":true,"href":"https:\/\/staging.ampcometal.com\/it\/wp-json\/wp\/v2\/media\/66770"}],"wp:attachment":[{"href":"https:\/\/staging.ampcometal.com\/it\/wp-json\/wp\/v2\/media?parent=55067"}],"wp:term":[{"taxonomy":"product_category","embeddable":true,"href":"https:\/\/staging.ampcometal.com\/it\/wp-json\/wp\/v2\/product_category?post=55067"},{"taxonomy":"product_type","embeddable":true,"href":"https:\/\/staging.ampcometal.com\/it\/wp-json\/wp\/v2\/product_type?post=55067"},{"taxonomy":"product_shape","embeddable":true,"href":"https:\/\/staging.ampcometal.com\/it\/wp-json\/wp\/v2\/product_shape?post=55067"}],"curies":[{"name":"wp","href":"https:\/\/api.w.org\/{rel}","templated":true}]}}