{"id":55064,"date":"2021-09-14T09:53:36","date_gmt":"2021-09-14T07:53:36","guid":{"rendered":"https:\/\/staging.ampcometal.com\/products\/%product_category%\/ampcoloy-89\/"},"modified":"2024-10-01T13:04:17","modified_gmt":"2024-10-01T11:04:17","slug":"ampcoloy-89","status":"publish","type":"product","link":"https:\/\/staging.ampcometal.com\/it\/prodotti\/ampcoloy-leghe-di-rame-basso-legato\/ampcoloy-89\/","title":{"rendered":"AMPCOLOY\u00ae 89"},"content":{"rendered":"<ul>\n<li data-gc-list-depth=\"1\" data-gc-list-style=\"bullet\"><strong>Elevata conducibilit\u00e0 elettrica:<\/strong> Questa lega ad alto tenore di rame ha un&#8217;eccellente conducibilit\u00e0 elettrica, che la rende adatta alle applicazioni che richiedono un efficiente trasferimento elettrico.<\/li>\n<li data-gc-list-depth=\"1\" data-gc-list-style=\"bullet\"><strong>Propriet\u00e0 di trasferimento del calore superiori:<\/strong> La lega di bronzo presenta migliori propriet\u00e0 di trasferimento del calore, garantendo un&#8217;efficace conducibilit\u00e0 termica in varie applicazioni.<\/li>\n<li data-gc-list-depth=\"1\" data-gc-list-style=\"bullet\"><strong>Eccezionale resistenza all&#8217;usura:<\/strong> Progettato per una resistenza all&#8217;usura superiore, che garantisce durata e longevit\u00e0 in ambienti difficili.<\/li>\n<li data-gc-list-depth=\"1\" data-gc-list-style=\"bullet\"><strong>Resistenza alla corrosione: <\/strong>Grazie alla sua resistenza alla corrosione, la lega mantiene la sua integrit\u00e0 anche in condizioni difficili e corrosive, prolungandone la durata e l&#8217;affidabilit\u00e0.<\/li>\n<\/ul>\n<h5>Propriet\u00e0 e specifiche<\/h5>\n<p><\/br> AMPCOLOY\u00ae 89 \u00e8 una straordinaria lega di bronzo che \u00e8 stata forgiata ed estrusa per ottenere propriet\u00e0 fisiche ottimali. Progettato con propriet\u00e0 elettriche e di trasferimento del calore leggermente superiori a quelle di <a href=\"https:\/\/staging.ampcometal.com\/products\/ampcoloy-high-copper-alloy\/ampcoloy-95\/\">AMPCOLOY\u00ae 95<\/a>, offre un&#8217;eccezionale resistenza all&#8217;usura e alla corrosione. Questa composizione unica consente di ottenere una conduttivit\u00e0 termica superiore, un tempo di ciclo migliore e una maggiore durata dell&#8217;utensile, fino al 50% in pi\u00f9 rispetto al rame-titanio. Grazie all&#8217;elevata resistenza alla trazione, AMPCOLOY\u00ae 89 \u00e8 la scelta ideale per le applicazioni che richiedono durata e trasferimento di calore efficiente. <\/p>\n<h5>Applicazioni<\/h5>\n<p><\/br> AMPCOLOY\u00ae 89 ha un&#8217;ampia gamma di applicazioni in vari settori. Le sue eccezionali propriet\u00e0 elettriche e di trasferimento del calore ne fanno una scelta privilegiata per gli strumenti di saldatura flash, le ruote di saldatura e gli elettrodi di saldatura a rete. Si distingue anche come punta dello stantuffo nelle macchine per la pressofusione di alluminio e come componente degli stampi per lo stampaggio a iniezione di materie plastiche. Sia che si tratti di produrre componenti di precisione o di migliorare le prestazioni delle apparecchiature di saldatura, le propriet\u00e0 uniche di questa lega si rivelano preziose in una serie di applicazioni impegnative.<\/p>\n","protected":false},"featured_media":66752,"template":"","meta":{"_et_pb_use_builder":"","_et_pb_old_content":"","_et_gb_content_width":"","inline_featured_image":false,"_links_to":"","_links_to_target":""},"product_category":[480],"product_type":[507,531],"product_shape":[632,648],"class_list":["post-55064","product","type-product","status-publish","has-post-thumbnail","hentry","product_category-ampcoloy-leghe-di-rame-basso-legato"],"acf":[],"aioseo_notices":[],"_links":{"self":[{"href":"https:\/\/staging.ampcometal.com\/it\/wp-json\/wp\/v2\/product\/55064","targetHints":{"allow":["GET"]}}],"collection":[{"href":"https:\/\/staging.ampcometal.com\/it\/wp-json\/wp\/v2\/product"}],"about":[{"href":"https:\/\/staging.ampcometal.com\/it\/wp-json\/wp\/v2\/types\/product"}],"wp:featuredmedia":[{"embeddable":true,"href":"https:\/\/staging.ampcometal.com\/it\/wp-json\/wp\/v2\/media\/66752"}],"wp:attachment":[{"href":"https:\/\/staging.ampcometal.com\/it\/wp-json\/wp\/v2\/media?parent=55064"}],"wp:term":[{"taxonomy":"product_category","embeddable":true,"href":"https:\/\/staging.ampcometal.com\/it\/wp-json\/wp\/v2\/product_category?post=55064"},{"taxonomy":"product_type","embeddable":true,"href":"https:\/\/staging.ampcometal.com\/it\/wp-json\/wp\/v2\/product_type?post=55064"},{"taxonomy":"product_shape","embeddable":true,"href":"https:\/\/staging.ampcometal.com\/it\/wp-json\/wp\/v2\/product_shape?post=55064"}],"curies":[{"name":"wp","href":"https:\/\/api.w.org\/{rel}","templated":true}]}}