{"id":55045,"date":"2021-09-14T09:53:34","date_gmt":"2021-09-14T07:53:34","guid":{"rendered":"https:\/\/staging.ampcometal.com\/products\/%product_category%\/ampcoloy-88\/"},"modified":"2025-03-18T16:38:31","modified_gmt":"2025-03-18T14:38:31","slug":"ampcoloy-88","status":"publish","type":"product","link":"https:\/\/staging.ampcometal.com\/it\/prodotti\/ampcoloy-leghe-di-rame-basso-legato\/ampcoloy-88\/","title":{"rendered":"AMPCOLOY\u00ae 88"},"content":{"rendered":"<ul>\n<li data-gc-list-depth=\"1\" data-gc-list-style=\"bullet\"><strong>Eccezionale resistenza all&#8217;usura:<\/strong> AMPCOLOY\u00ae 88 offre un&#8217;eccezionale resistenza all&#8217;usura, che lo rende la scelta ideale per i componenti esposti a condizioni abrasive, garantendo durata e affidabilit\u00e0.<\/li>\n<li data-gc-list-depth=\"1\" data-gc-list-style=\"bullet\"><strong>Forza meccanica impressionante:<\/strong> Questa lega ad alte prestazioni ha un&#8217;impressionante resistenza meccanica, che le consente di sopportare carichi pesanti e ambienti ad alta sollecitazione.<\/li>\n<li data-gc-list-depth=\"1\" data-gc-list-style=\"bullet\"><strong>Alta conducibilit\u00e0 termica:<\/strong> Offre un&#8217;elevata conduttivit\u00e0 termica, migliorando la dissipazione del calore e l&#8217;efficienza nelle applicazioni in cui la gestione della temperatura \u00e8 fondamentale.<\/li>\n<li data-gc-list-depth=\"1\" data-gc-list-style=\"bullet\"><strong>Resistenza alla corrosione superiore:<\/strong> Grazie alla sua composizione unica, questa lega ad alto tenore di rame offre una resistenza superiore alla corrosione, prolungando la durata del prodotto.<\/li>\n<\/ul>\n<h5>Propriet\u00e0 e specifiche<\/h5>\n<p>AMPCOLOY\u00ae 88 \u00e8 una lega di bronzo ad alte prestazioni nota per le sue propriet\u00e0 e specifiche eccezionali. Questa lega presenta una notevole resistenza all&#8217;usura, che la rende ideale per le applicazioni in cui la durata \u00e8 fondamentale. La sua impressionante resistenza meccanica garantisce una lunga durata e affidabilit\u00e0 in diversi settori. Grazie all&#8217;eccellente conduttivit\u00e0 termica, questa lega ad alto contenuto di rame aumenta l&#8217;efficienza e le prestazioni. \u00c8 progettato per offrire una resistenza superiore all&#8217;usura e alla corrosione, con conseguente allungamento del ciclo di vita del prodotto e aumento della produttivit\u00e0.<\/p>\n<h5>Applicazioni<\/h5>\n<p>AMPCOLOY\u00ae 88 \u00e8 utilizzato in un&#8217;ampia gamma di settori grazie alle sue propriet\u00e0 versatili. Questa <a href=\"https:\/\/staging.ampcometal.com\/it\/prodotti\/ampcoloy-leghe-di-rame-basso-legato\/\">lega ad alto tenore di rame<\/a> \u00e8 comunemente utilizzata nella produzione di utensili per la saldatura a filo, ruote per saldatura ed elettrodi per saldatura a rete, dove spicca la sua eccezionale resistenza all&#8217;usura e la sua forza meccanica. \u00c8 una scelta eccellente anche per i segmenti degli anelli di smorzamento dei generatori e svolge un ruolo fondamentale nello stampaggio a iniezione di componenti in plastica. La sua composizione unica e la sua durata ne fanno un materiale affidabile per le applicazioni che richiedono affidabilit\u00e0 e lunga durata.<\/p>\n","protected":false},"featured_media":66752,"template":"","meta":{"_et_pb_use_builder":"","_et_pb_old_content":"","_et_gb_content_width":"","inline_featured_image":false,"_links_to":"","_links_to_target":""},"product_category":[480],"product_type":[507,531],"product_shape":[632,648],"class_list":["post-55045","product","type-product","status-publish","has-post-thumbnail","hentry","product_category-ampcoloy-leghe-di-rame-basso-legato"],"acf":[],"aioseo_notices":[],"_links":{"self":[{"href":"https:\/\/staging.ampcometal.com\/it\/wp-json\/wp\/v2\/product\/55045","targetHints":{"allow":["GET"]}}],"collection":[{"href":"https:\/\/staging.ampcometal.com\/it\/wp-json\/wp\/v2\/product"}],"about":[{"href":"https:\/\/staging.ampcometal.com\/it\/wp-json\/wp\/v2\/types\/product"}],"wp:featuredmedia":[{"embeddable":true,"href":"https:\/\/staging.ampcometal.com\/it\/wp-json\/wp\/v2\/media\/66752"}],"wp:attachment":[{"href":"https:\/\/staging.ampcometal.com\/it\/wp-json\/wp\/v2\/media?parent=55045"}],"wp:term":[{"taxonomy":"product_category","embeddable":true,"href":"https:\/\/staging.ampcometal.com\/it\/wp-json\/wp\/v2\/product_category?post=55045"},{"taxonomy":"product_type","embeddable":true,"href":"https:\/\/staging.ampcometal.com\/it\/wp-json\/wp\/v2\/product_type?post=55045"},{"taxonomy":"product_shape","embeddable":true,"href":"https:\/\/staging.ampcometal.com\/it\/wp-json\/wp\/v2\/product_shape?post=55045"}],"curies":[{"name":"wp","href":"https:\/\/api.w.org\/{rel}","templated":true}]}}