{"id":55033,"date":"2021-09-14T09:53:31","date_gmt":"2021-09-14T07:53:31","guid":{"rendered":"https:\/\/staging.ampcometal.com\/products\/%product_category%\/ampco-45\/"},"modified":"2024-04-03T16:54:31","modified_gmt":"2024-04-03T14:54:31","slug":"ampco-45","status":"publish","type":"product","link":"https:\/\/staging.ampcometal.com\/it\/prodotti\/bronzo-alluminio-ampco\/ampco-45\/","title":{"rendered":"AMPCO\u00ae 45"},"content":{"rendered":"<ul>\n<li data-gc-list-depth=\"1\" data-gc-list-style=\"bullet\"><strong>Propriet\u00e0 meccaniche eccezionali:<\/strong> Questo bronzo di alluminio ha propriet\u00e0 meccaniche che superano quelle dei tradizionali bronzi di alluminio e nichel, rendendolo una lega ad alta resistenza.<\/li>\n<li data-gc-list-depth=\"1\" data-gc-list-style=\"bullet\"><strong>Resistenza superiore:<\/strong> Questa lega presenta una resistenza superiore all&#8217;usura abrasiva, all&#8217;attrito, alla deformazione e all&#8217;erosione chimica, assicurando la durata nelle applicazioni pi\u00f9 impegnative.<\/li>\n<li data-gc-list-depth=\"1\" data-gc-list-style=\"bullet\"><strong>Applicazioni versatili:<\/strong> Viene utilizzato nei componenti critici di diversi settori, tra cui quello aerospaziale, navale, industriale e degli strumenti di sicurezza per ambienti esplosivi.<\/li>\n<li data-gc-list-depth=\"1\" data-gc-list-style=\"bullet\"><strong>Conformit\u00e0 alle specifiche: <\/strong>La lega soddisfa i pi\u00f9 severi standard di qualit\u00e0 ed \u00e8 conforme alle specifiche AMS 4640 e ASTM B 150, garantendo affidabilit\u00e0 e prestazioni.<\/li>\n<\/ul>\n<h5>Propriet\u00e0 e specifiche<\/h5>\n<p><\/br><br \/>\nAMPCO\u00ae 45 \u00e8 una straordinaria lega ad alta resistenza nota per le sue eccezionali propriet\u00e0 meccaniche che vanno oltre i tradizionali bronzi al nichel e alluminio. L&#8217;esclusivo processo di produzione garantisce prestazioni superiori, rendendole ideali per applicazioni meccaniche e corrosive ad alta resistenza. La lega di bronzo presenta una notevole resistenza all&#8217;usura abrasiva, all&#8217;attrito, alla deformazione e all&#8217;erosione chimica, che la rende la scelta migliore per componenti critici come i cuscinetti degli aerei, gli alberi di pompe e imbarcazioni, gli alberini delle valvole, le parti di macchine utensili e gli strumenti di sicurezza per ambienti esplosivi. Questa lega soddisfa le specifiche AMS 4640 e ASTM B 150, garantendo qualit\u00e0 e affidabilit\u00e0.<\/p>\n<h5>Applicazioni<\/h5>\n<p><\/br><br \/>\nAMPCO\u00ae 45 \u00e8 utilizzato in un&#8217;ampia variet\u00e0 di settori grazie alle sue propriet\u00e0 superiori. Questa lega ad alta resistenza \u00e8 essenziale in ambienti difficili, dove l&#8217;usura abrasiva, l&#8217;attrito, la deformazione e l&#8217;erosione chimica sono prevalenti. Le sue notevoli prestazioni ne fanno la scelta preferita per i componenti critici di diversi settori, tra cui quello aerospaziale &#8211; ad esempio cuscinetti e boccole per aerei -, marino &#8211; ad esempio alberi di pompe e navi, anelli di usura -, industriale &#8211; ad esempio mandrini e sedi di valvole, parti di macchine utensili -, e della sicurezza &#8211; ad esempio utensili antiscintilla e componenti di macchine in atmosfere potenzialmente esplosive. In condizioni estreme o in macchinari pesanti, questa lega di alluminio e bronzo offre affidabilit\u00e0 e durata eccezionali, rendendola un materiale essenziale per molte applicazioni industriali.<\/p>\n","protected":false},"featured_media":66719,"template":"","meta":{"_et_pb_use_builder":"","_et_pb_old_content":"","_et_gb_content_width":"","inline_featured_image":false,"_links_to":"","_links_to_target":""},"product_category":[475],"product_type":[513,537],"product_shape":[648],"class_list":["post-55033","product","type-product","status-publish","has-post-thumbnail","hentry","product_category-bronzo-alluminio-ampco"],"acf":[],"aioseo_notices":[],"_links":{"self":[{"href":"https:\/\/staging.ampcometal.com\/it\/wp-json\/wp\/v2\/product\/55033","targetHints":{"allow":["GET"]}}],"collection":[{"href":"https:\/\/staging.ampcometal.com\/it\/wp-json\/wp\/v2\/product"}],"about":[{"href":"https:\/\/staging.ampcometal.com\/it\/wp-json\/wp\/v2\/types\/product"}],"wp:featuredmedia":[{"embeddable":true,"href":"https:\/\/staging.ampcometal.com\/it\/wp-json\/wp\/v2\/media\/66719"}],"wp:attachment":[{"href":"https:\/\/staging.ampcometal.com\/it\/wp-json\/wp\/v2\/media?parent=55033"}],"wp:term":[{"taxonomy":"product_category","embeddable":true,"href":"https:\/\/staging.ampcometal.com\/it\/wp-json\/wp\/v2\/product_category?post=55033"},{"taxonomy":"product_type","embeddable":true,"href":"https:\/\/staging.ampcometal.com\/it\/wp-json\/wp\/v2\/product_type?post=55033"},{"taxonomy":"product_shape","embeddable":true,"href":"https:\/\/staging.ampcometal.com\/it\/wp-json\/wp\/v2\/product_shape?post=55033"}],"curies":[{"name":"wp","href":"https:\/\/api.w.org\/{rel}","templated":true}]}}