{"id":54978,"date":"2021-09-14T09:53:23","date_gmt":"2021-09-14T07:53:23","guid":{"rendered":"https:\/\/staging.ampcometal.com\/products\/%product_category%\/ampco-21\/"},"modified":"2024-08-05T12:04:53","modified_gmt":"2024-08-05T10:04:53","slug":"ampco-21","status":"publish","type":"product","link":"https:\/\/staging.ampcometal.com\/it\/prodotti\/bronzo-alluminio-ampco\/ampco-21\/","title":{"rendered":"AMPCO\u00ae 21"},"content":{"rendered":"<ul>\n<li data-gc-list-depth=\"1\" data-gc-list-style=\"bullet\"><strong>Elevata resistenza all&#8217;usura:<\/strong> Questa lega di bronzo alluminato \u00e8 nota per la sua eccezionale capacit\u00e0 di resistere all&#8217;usura e all&#8217;abrasione, che la rende ideale per applicazioni in ambienti ad alto attrito.<\/li>\n<li data-gc-list-depth=\"1\" data-gc-list-style=\"bullet\"><strong>Propriet\u00e0 metallurgiche uniche:<\/strong> Il preciso controllo metallurgico della lega assicura una distribuzione uniforme della fase dura gamma 2, che ne migliora le propriet\u00e0 antiusura.<\/li>\n<li data-gc-list-depth=\"1\" data-gc-list-style=\"bullet\"><strong>Applicazioni versatili:<\/strong> \u00c8 adatto a un&#8217;ampia gamma di applicazioni, tra cui boccole di guida, anelli per stampi, rulli di formatura e portapezzi per la rettifica senza centri.<\/li>\n<li data-gc-list-depth=\"1\" data-gc-list-style=\"bullet\"><strong>Soluzione economicamente vantaggiosa:<\/strong> Questa lega consente di risparmiare sui costi riducendo i costi di produzione e minimizzando l&#8217;attrito, con conseguente prolungamento della durata degli utensili e miglioramento della qualit\u00e0 del prodotto.<\/li>\n<\/ul>\n<h5>Propriet\u00e0 e specifiche<\/h5>\n<p><\/br> AMPCO\u00ae 21 \u00e8 una lega di alluminio e bronzo ad alte prestazioni, nota per la sua eccezionale resistenza all&#8217;usura e le sue propriet\u00e0 metallurgiche uniche. Questa lega contiene elevati livelli di alluminio e ferro, con conseguente presenza della fase dura gamma 2, che misura circa 400 HB (durezza Brinell). Grazie a un preciso controllo metallurgico, questo componente duro \u00e8 distribuito uniformemente in tutto il materiale, conferendo a questa lega di bronzo all&#8217;alluminio la notevole capacit\u00e0 di resistere all&#8217;usura e all&#8217;abrasione. \u00c8 la scelta preferita per un&#8217;ampia gamma di applicazioni, tra cui boccole di guida, anelli di matrice, inserti, rulli di formatura e lame di supporto per la rettifica senza centri, soprattutto nella lavorazione dell&#8217;acciaio inossidabile. Le propriet\u00e0 superiori della lega la rendono un materiale prezioso per massimizzare la velocit\u00e0 degli utensili, migliorare la qualit\u00e0 del prodotto, ridurre i costi di produzione e minimizzare l&#8217;attrito, eliminando il rischio di grippaggio o graffiatura. <\/p>\n<h5>Applicazioni<\/h5>\n<p><\/br> AMPCO\u00ae 21 \u00e8 utilizzato in un&#8217;ampia gamma di settori grazie alle sue propriet\u00e0 superiori. Questa lega di bronzo all&#8217;alluminio ad alte prestazioni \u00e8 particolarmente indicata per l&#8217;uso nelle boccole di guida e nelle strisce antiusura, dove sostituisce l&#8217;acciaio temprato e offre una resistenza all&#8217;usura superiore. \u00c8 anche la scelta preferita per gli anelli degli stampi, gli inserti e i rulli di formatura in varie operazioni di formatura, piegatura o trafilatura, soprattutto nella lavorazione di materiali in acciaio inossidabile. Inoltre, la lega eccelle come lama portapezzo per la rettifica senza centri di barre d&#8217;acciaio. La sua versatilit\u00e0 e l&#8217;eccezionale durata ne fanno un materiale indispensabile per le industrie che cercano di migliorare la qualit\u00e0 dei prodotti, prolungare la durata degli utensili e ridurre i costi di produzione.<\/p>\n","protected":false},"featured_media":66755,"template":"","meta":{"_et_pb_use_builder":"","_et_pb_old_content":"","_et_gb_content_width":"","inline_featured_image":false,"_links_to":"","_links_to_target":""},"product_category":[475],"product_type":[502,554,617,507,531],"product_shape":[643,632,638,648],"class_list":["post-54978","product","type-product","status-publish","has-post-thumbnail","hentry","product_category-bronzo-alluminio-ampco"],"acf":[],"aioseo_notices":[],"_links":{"self":[{"href":"https:\/\/staging.ampcometal.com\/it\/wp-json\/wp\/v2\/product\/54978","targetHints":{"allow":["GET"]}}],"collection":[{"href":"https:\/\/staging.ampcometal.com\/it\/wp-json\/wp\/v2\/product"}],"about":[{"href":"https:\/\/staging.ampcometal.com\/it\/wp-json\/wp\/v2\/types\/product"}],"wp:featuredmedia":[{"embeddable":true,"href":"https:\/\/staging.ampcometal.com\/it\/wp-json\/wp\/v2\/media\/66755"}],"wp:attachment":[{"href":"https:\/\/staging.ampcometal.com\/it\/wp-json\/wp\/v2\/media?parent=54978"}],"wp:term":[{"taxonomy":"product_category","embeddable":true,"href":"https:\/\/staging.ampcometal.com\/it\/wp-json\/wp\/v2\/product_category?post=54978"},{"taxonomy":"product_type","embeddable":true,"href":"https:\/\/staging.ampcometal.com\/it\/wp-json\/wp\/v2\/product_type?post=54978"},{"taxonomy":"product_shape","embeddable":true,"href":"https:\/\/staging.ampcometal.com\/it\/wp-json\/wp\/v2\/product_shape?post=54978"}],"curies":[{"name":"wp","href":"https:\/\/api.w.org\/{rel}","templated":true}]}}