{"id":54968,"date":"2021-09-14T09:53:22","date_gmt":"2021-09-14T07:53:22","guid":{"rendered":"https:\/\/staging.ampcometal.com\/products\/%product_category%\/ams-4880-2\/"},"modified":"2024-04-05T12:06:51","modified_gmt":"2024-04-05T10:06:51","slug":"ams-4880","status":"publish","type":"product","link":"https:\/\/staging.ampcometal.com\/it\/prodotti\/leghe-ams\/ams-4880\/","title":{"rendered":"AMS 4880"},"content":{"rendered":"<ul>\n<li data-gc-list-depth=\"1\" data-gc-list-style=\"bullet\"><strong>Propriet\u00e0 meccaniche eccezionali:<\/strong> Questo bronzo AMS offre eccezionali propriet\u00e0 meccaniche che superano i tradizionali bronzi al nichel-alluminio e rivaleggiano con il rame al berillio.<\/li>\n<li data-gc-list-depth=\"1\" data-gc-list-style=\"bullet\"><strong>Applicazioni versatili:<\/strong> Questa lega versatile \u00e8 adatta a un&#8217;ampia gamma di applicazioni, comprese quelle che comportano usura abrasiva, attrito, deformazione ed erosione chimica.<\/li>\n<li data-gc-list-depth=\"1\" data-gc-list-style=\"bullet\"><strong>Prestazioni convenienti:<\/strong> Questo bronzo alluminato offre un notevole risparmio sui costi grazie a metodi di produzione superiori, all&#8217;uso ridotto di materiali, alla riduzione del peso, ai minori costi di lavorazione e all&#8217;eliminazione degli scarti.<\/li>\n<li data-gc-list-depth=\"1\" data-gc-list-style=\"bullet\"><strong>Applicazioni in espansione:<\/strong> Originariamente sviluppato per le specifiche aerospaziali, l&#8217;AMS 4880 sta rapidamente guadagnando popolarit\u00e0 in settori quali le applicazioni marine e industriali.<\/li>\n<\/ul>\n<h2><strong>Propriet\u00e0 e specifiche<\/strong><\/h2>\n<p><\/br><br \/>\nAMS 4880 \u00e8 una lega di bronzo al nichel e alluminio nota per le sue eccezionali propriet\u00e0 e specifiche. Prodotta attraverso un processo di colata continua e un trattamento termico, questa lega offre propriet\u00e0 meccaniche eccezionali che superano quelle dei convenzionali bronzi al nichel e alluminio, rivaleggiando persino con il rame berillio, pur essendo pi\u00f9 conveniente e senza i requisiti di igiene industriale associati. Questo bronzo AMS offre elevata resistenza, resistenza alla corrosione e resistenza all&#8217;usura superiore, che lo rendono la scelta ideale per applicazioni che comportano carichi pesanti, attrito, usura abrasiva e corrosione. Le sue straordinarie propriet\u00e0 hanno portato alla sua adozione in diversi settori, tra cui quello aerospaziale, marino e industriale.<\/p>\n<h2><strong>Applicazioni<\/strong><\/h2>\n<p><\/br><br \/>\nAMS 4880, una versatile lega di bronzo al nichel e alluminio, trova la sua nicchia in un&#8217;ampia gamma di applicazioni critiche. Questa lega eccelle in ambienti in cui prevalgono usura abrasiva, attrito, deformazione ed erosione chimica. Le applicazioni pi\u00f9 comuni includono cuscinetti e boccole per aerei, alberi di pompe e imbarcazioni, anelli di usura, mandrini e sedi di valvole e vari componenti di macchine utensili. Originariamente sviluppata per le specifiche del settore aerospaziale, la lega ha rapidamente ampliato la sua portata ed \u00e8 richiesta dai settori che richiedono propriet\u00e0 meccaniche e resistenza alla corrosione migliorate. \u00c8 la scelta preferita per i cuscinetti dei carrelli di atterraggio degli aerei, per gli utensili dell&#8217;industria della piegatura dei tubi, per le ruote dentate e per le piastre di guida e di usura, tra le altre applicazioni.<\/p>\n","protected":false},"featured_media":66719,"template":"","meta":{"_et_pb_use_builder":"","_et_pb_old_content":"","_et_gb_content_width":"","inline_featured_image":false,"_links_to":"","_links_to_target":""},"product_category":[486],"product_type":[554],"product_shape":[648,653],"class_list":["post-54968","product","type-product","status-publish","has-post-thumbnail","hentry","product_category-leghe-ams"],"acf":[],"aioseo_notices":[],"_links":{"self":[{"href":"https:\/\/staging.ampcometal.com\/it\/wp-json\/wp\/v2\/product\/54968","targetHints":{"allow":["GET"]}}],"collection":[{"href":"https:\/\/staging.ampcometal.com\/it\/wp-json\/wp\/v2\/product"}],"about":[{"href":"https:\/\/staging.ampcometal.com\/it\/wp-json\/wp\/v2\/types\/product"}],"wp:featuredmedia":[{"embeddable":true,"href":"https:\/\/staging.ampcometal.com\/it\/wp-json\/wp\/v2\/media\/66719"}],"wp:attachment":[{"href":"https:\/\/staging.ampcometal.com\/it\/wp-json\/wp\/v2\/media?parent=54968"}],"wp:term":[{"taxonomy":"product_category","embeddable":true,"href":"https:\/\/staging.ampcometal.com\/it\/wp-json\/wp\/v2\/product_category?post=54968"},{"taxonomy":"product_type","embeddable":true,"href":"https:\/\/staging.ampcometal.com\/it\/wp-json\/wp\/v2\/product_type?post=54968"},{"taxonomy":"product_shape","embeddable":true,"href":"https:\/\/staging.ampcometal.com\/it\/wp-json\/wp\/v2\/product_shape?post=54968"}],"curies":[{"name":"wp","href":"https:\/\/api.w.org\/{rel}","templated":true}]}}