{"id":54956,"date":"2021-09-14T09:53:19","date_gmt":"2021-09-14T07:53:19","guid":{"rendered":"https:\/\/staging.ampcometal.com\/products\/%product_category%\/ampco-18-22\/"},"modified":"2024-04-03T15:30:37","modified_gmt":"2024-04-03T13:30:37","slug":"ampco-18-22","status":"publish","type":"product","link":"https:\/\/staging.ampcometal.com\/it\/prodotti\/bronzo-alluminio-ampco\/ampco-18-22\/","title":{"rendered":"AMPCO\u00ae 18.22"},"content":{"rendered":"<ul>\n<li data-gc-list-depth=\"1\" data-gc-list-style=\"bullet\"><strong>Resistenza eccezionale:<\/strong> Questa lega di bronzo ha un&#8217;elevata resistenza finale, che la rende adatta alle applicazioni industriali pi\u00f9 impegnative.<\/li>\n<li data-gc-list-depth=\"1\" data-gc-list-style=\"bullet\"><strong>Buona duttilit\u00e0:<\/strong> Pur offrendo una durezza impressionante, questa lega di rame mantiene una buona duttilit\u00e0, assicurando flessibilit\u00e0 nell&#8217;uso.<\/li>\n<li data-gc-list-depth=\"1\" data-gc-list-style=\"bullet\"><strong>Resistenza alla corrosione:<\/strong> Presenta un&#8217;eccellente resistenza alla corrosione, che ne aumenta la longevit\u00e0 e la durata.<\/li>\n<li data-gc-list-depth=\"1\" data-gc-list-style=\"bullet\"><strong>Applicazioni versatili:<\/strong> Ampiamente utilizzata nell&#8217;industria aerospaziale, la lega \u00e8 ideale per boccole, rivestimenti di cuscinetti, inserti, parti di pistoni, dadi e slitte, oltre che per altri componenti critici.<\/li>\n<\/ul>\n<h5>Propriet\u00e0 e specifiche<\/h5>\n<p><\/br><br \/>\nAMPCO\u00ae 18.22 \u00e8 una straordinaria lega di rame con propriet\u00e0 e specifiche eccezionali. Questa lega ad alta resistenza conserva un&#8217;eccezionale duttilit\u00e0, che la rende adatta alle applicazioni aerospaziali in cui sono fondamentali sia la resistenza che la flessibilit\u00e0. Grazie a un preciso trattamento termico e al controllo della produzione, la lega di bronzo raggiunge una resistenza alla trazione, una resistenza allo snervamento e una durezza superiori. Le sue propriet\u00e0 fisiche, compresa la resistenza alla corrosione, gli consentono di resistere a impatti e carichi significativi. Questa lega eccelle in applicazioni quali boccole, foderi di cuscinetti, inserti, parti di pistoni, dadi e guide, dimostrando la sua affidabilit\u00e0 in ambienti industriali difficili.<\/p>\n<h5>Applicazioni<\/h5>\n<p><\/br><br \/>\nAMPCO\u00ae 18.22 trova applicazioni versatili in diversi settori, con particolare attenzione alla soddisfazione dei severi requisiti dell&#8217;industria aerospaziale. Questa lega di rame ad alta resistenza \u00e8 la prima scelta per una serie di componenti critici, tra cui boccole, foderi di cuscinetti, inserti, parti di pistoni, dadi e guide. Le sue propriet\u00e0 superiori, come la maggiore durezza e l&#8217;eccellente duttilit\u00e0, lo rendono un materiale ideale per queste applicazioni, garantendo prestazioni affidabili nelle condizioni pi\u00f9 difficili. Questa lega di alluminio e bronzo \u00e8 apprezzata per la sua capacit\u00e0 di resistere a urti e carichi significativi, il che la rende una scelta preziosa nei settori in cui precisione, durata e resistenza sono fondamentali.<\/p>\n","protected":false},"featured_media":66725,"template":"","meta":{"_et_pb_use_builder":"","_et_pb_old_content":"","_et_gb_content_width":"","inline_featured_image":false,"_links_to":"","_links_to_target":""},"product_category":[475],"product_type":[502,617],"product_shape":[],"class_list":["post-54956","product","type-product","status-publish","has-post-thumbnail","hentry","product_category-bronzo-alluminio-ampco"],"acf":[],"aioseo_notices":[],"_links":{"self":[{"href":"https:\/\/staging.ampcometal.com\/it\/wp-json\/wp\/v2\/product\/54956","targetHints":{"allow":["GET"]}}],"collection":[{"href":"https:\/\/staging.ampcometal.com\/it\/wp-json\/wp\/v2\/product"}],"about":[{"href":"https:\/\/staging.ampcometal.com\/it\/wp-json\/wp\/v2\/types\/product"}],"wp:featuredmedia":[{"embeddable":true,"href":"https:\/\/staging.ampcometal.com\/it\/wp-json\/wp\/v2\/media\/66725"}],"wp:attachment":[{"href":"https:\/\/staging.ampcometal.com\/it\/wp-json\/wp\/v2\/media?parent=54956"}],"wp:term":[{"taxonomy":"product_category","embeddable":true,"href":"https:\/\/staging.ampcometal.com\/it\/wp-json\/wp\/v2\/product_category?post=54956"},{"taxonomy":"product_type","embeddable":true,"href":"https:\/\/staging.ampcometal.com\/it\/wp-json\/wp\/v2\/product_type?post=54956"},{"taxonomy":"product_shape","embeddable":true,"href":"https:\/\/staging.ampcometal.com\/it\/wp-json\/wp\/v2\/product_shape?post=54956"}],"curies":[{"name":"wp","href":"https:\/\/api.w.org\/{rel}","templated":true}]}}