{"id":54827,"date":"2021-09-14T09:52:25","date_gmt":"2021-09-14T07:52:25","guid":{"rendered":"https:\/\/staging.ampcometal.com\/termini-di-utilizzo\/"},"modified":"2021-09-14T09:52:25","modified_gmt":"2021-09-14T07:52:25","slug":"termini-di-utilizzo","status":"publish","type":"page","link":"https:\/\/staging.ampcometal.com\/it\/termini-di-utilizzo\/","title":{"rendered":"Termini di utilizzo"},"content":{"rendered":"[et_pb_section fb_built=&#8221;1&#8243; specialty=&#8221;on&#8221; custom_padding_last_edited=&#8221;on|desktop&#8221; parallax_method_1=&#8221;off&#8221; parallax_method_2=&#8221;off&#8221; module_id_1=&#8221;product-page-sidebar-column&#8221; admin_label=&#8221;Section&#8221; _builder_version=&#8221;3.22&#8243; background_color=&#8221;#f7f7f7&#8243; custom_padding=&#8221;0px||0px|&#8221; custom_padding_tablet=&#8221;40px|||&#8221; custom_padding_phone=&#8221;&#8221; transparent_background=&#8221;off&#8221; make_fullwidth=&#8221;off&#8221; use_custom_width=&#8221;off&#8221; width_unit=&#8221;on&#8221; global_colors_info=&#8221;{}&#8221;][et_pb_column type=&#8221;1_3&#8243; _builder_version=&#8221;3.25&#8243; custom_padding=&#8221;|||&#8221; global_colors_info=&#8221;{}&#8221; custom_padding__hover=&#8221;|||&#8221;][et_pb_sidebar _builder_version=&#8221;4.9.11&#8243; _module_preset=&#8221;default&#8221; hover_enabled=&#8221;0&#8243; global_colors_info=&#8221;{}&#8221; area=&#8221;legal_sidebar&#8221; sticky_enabled=&#8221;0&#8243;][\/et_pb_sidebar][\/et_pb_column][et_pb_column type=&#8221;2_3&#8243; specialty_columns=&#8221;2&#8243; _builder_version=&#8221;3.25&#8243; custom_padding=&#8221;|||&#8221; global_colors_info=&#8221;{}&#8221; custom_padding__hover=&#8221;|||&#8221;][et_pb_row_inner custom_padding_last_edited=&#8221;on|desktop&#8221; admin_label=&#8221;Row&#8221; _builder_version=&#8221;3.25&#8243; custom_margin=&#8221;||80px|&#8221; custom_margin_tablet=&#8221;||60px|&#8221; custom_margin_phone=&#8221;&#8221; custom_margin_last_edited=&#8221;on|desktop&#8221; custom_padding=&#8221;40px||40px|&#8221; custom_padding_tablet=&#8221;&#8221; custom_padding_phone=&#8221;&#8221; custom_css_main_element=&#8221;border-bottom: solid 2px #e8e8e8;&#8221; global_colors_info=&#8221;{}&#8221;][et_pb_column_inner saved_specialty_column_type=&#8221;2_3&#8243; _builder_version=&#8221;3.25&#8243; custom_padding=&#8221;|||&#8221; global_colors_info=&#8221;{}&#8221; custom_padding__hover=&#8221;|||&#8221;][et_pb_text admin_label=&#8221;Terms of use&#8221; _builder_version=&#8221;3.27.4&#8243; background_size=&#8221;initial&#8221; background_position=&#8221;top_left&#8221; background_repeat=&#8221;repeat&#8221; use_border_color=&#8221;off&#8221; border_color=&#8221;#ffffff&#8221; border_style=&#8221;solid&#8221; global_colors_info=&#8221;{}&#8221;]\n<h2>Termini di utilizzo<\/h2>\n[\/et_pb_text][et_pb_text admin_label=&#8221;Text&#8221; _builder_version=&#8221;3.27.4&#8243; background_size=&#8221;initial&#8221; background_position=&#8221;top_left&#8221; background_repeat=&#8221;repeat&#8221; custom_margin_last_edited=&#8221;off|desktop&#8221; use_border_color=&#8221;off&#8221; border_color=&#8221;#ffffff&#8221; border_style=&#8221;solid&#8221; global_colors_info=&#8221;{}&#8221;]Benvenuti sul nostro sito web. Se continui a navigare e utilizzare questo sito Web, accetti di rispettare e di essere vincolato dai seguenti termini e condizioni d&#8217;uso, che insieme alla nostra politica sulla privacy regolano il rapporto di AMPCO METAL con te in relazione a questo sito Web.<\/p>\n<p>Il termine &#8220;AMPCO METAL&#8221; o &#8220;noi&#8221; o &#8220;noi&#8221; si riferisce al proprietario del sito Web la cui sede legale \u00e8 Route de Ch\u00e9salles 48, PO Box 45, 1723 Marly, Svizzera. Il termine &#8220;tu&#8221; si riferisce all&#8217;utente o visualizzatore del nostro sito web. L&#8217;utilizzo di questo sito web \u00e8 soggetto alle seguenti condizioni d&#8217;uso:<\/p>\n<ul>\n<li>Il contenuto delle pagine di questo sito Web \u00e8 solo per informazioni generali e per uso esclusivo. E &#8216;soggetto a modifiche senza preavviso.<\/li>\n<li>N\u00e9 noi n\u00e9 terze parti forniamo alcuna garanzia in merito all&#8217;accuratezza, tempestivit\u00e0, prestazioni, completezza o idoneit\u00e0 delle informazioni e dei materiali trovati o offerti su questo sito Web per uno scopo particolare. Riconosci che tali informazioni e materiali possono contenere imprecisioni o errori ed escludiamo espressamente la responsabilit\u00e0 per tali inesattezze o errori nella misura massima consentita dalla legge.<\/li>\n<li>L&#8217;utilizzo di qualsiasi informazione o materiale su questo sito Web \u00e8 interamente a proprio rischio, per il quale non saremo responsabili. Sar\u00e0 tua responsabilit\u00e0 assicurarti che qualsiasi prodotto, servizio o informazione disponibile attraverso questo sito web soddisfi i tuoi requisiti specifici.<\/li>\n<li>Questo sito Web contiene materiale di nostra propriet\u00e0 o concesso in licenza a noi. Questo materiale include, ma non \u00e8 limitato a, il design, il layout, l&#8217;aspetto, l&#8217;aspetto e la grafica del sito Web e tutte le informazioni sui prodotti ivi contenute. La riproduzione \u00e8 vietata se non in conformit\u00e0 con l&#8217;avviso di copyright, che fa parte di questi termini e condizioni.<\/li>\n<li>Tutti i marchi riprodotti in questo sito Web che non sono di propriet\u00e0 o concessi in licenza all&#8217;operatore sono riconosciuti sul sito Web.<\/li>\n<li>L&#8217;uso non autorizzato di questo sito Web pu\u00f2 dar luogo a una richiesta di risarcimento danni e\/o costituire un reato.<\/li>\n<li>Di tanto in tanto questo sito Web pu\u00f2 includere anche collegamenti ad altri siti Web. Questi collegamenti sono forniti per comodit\u00e0 dell&#8217;utente per fornire ulteriori informazioni. Non significano che approviamo il\/i sito\/i web. Non ci assumiamo alcuna responsabilit\u00e0 per il contenuto dei siti Web collegati.<\/li>\n<li>Non \u00e8 possibile creare un collegamento a questo sito Web da un altro sito Web o documento senza il previo consenso scritto di AMPCO METAL.<\/li>\n<\/ul>\n<p>L&#8217;utilizzo di questo sito Web e qualsiasi controversia derivante da tale utilizzo del sito Web \u00e8 soggetto alle leggi della Svizzera.<br \/>\n[\/et_pb_text][\/et_pb_column_inner][\/et_pb_row_inner][\/et_pb_column][\/et_pb_section]\n","protected":false},"excerpt":{"rendered":"<p>Termini di utilizzo Benvenuti sul nostro sito web. Se continui a navigare e utilizzare questo sito Web, accetti di rispettare e di essere vincolato dai seguenti termini e condizioni d&#8217;uso, che insieme alla nostra politica sulla privacy regolano il rapporto di AMPCO METAL con te in relazione a questo sito Web. Il termine &#8220;AMPCO METAL&#8221; [&hellip;]<\/p>\n","protected":false},"author":1,"featured_media":0,"parent":0,"menu_order":0,"comment_status":"closed","ping_status":"closed","template":"","meta":{"_et_pb_use_builder":"on","_et_pb_old_content":"","_et_gb_content_width":"","inline_featured_image":false,"footnotes":"","_links_to":"","_links_to_target":""},"class_list":["post-54827","page","type-page","status-publish","hentry"],"acf":[],"aioseo_notices":[],"_links":{"self":[{"href":"https:\/\/staging.ampcometal.com\/it\/wp-json\/wp\/v2\/pages\/54827","targetHints":{"allow":["GET"]}}],"collection":[{"href":"https:\/\/staging.ampcometal.com\/it\/wp-json\/wp\/v2\/pages"}],"about":[{"href":"https:\/\/staging.ampcometal.com\/it\/wp-json\/wp\/v2\/types\/page"}],"author":[{"embeddable":true,"href":"https:\/\/staging.ampcometal.com\/it\/wp-json\/wp\/v2\/users\/1"}],"replies":[{"embeddable":true,"href":"https:\/\/staging.ampcometal.com\/it\/wp-json\/wp\/v2\/comments?post=54827"}],"version-history":[{"count":0,"href":"https:\/\/staging.ampcometal.com\/it\/wp-json\/wp\/v2\/pages\/54827\/revisions"}],"wp:attachment":[{"href":"https:\/\/staging.ampcometal.com\/it\/wp-json\/wp\/v2\/media?parent=54827"}],"curies":[{"name":"wp","href":"https:\/\/api.w.org\/{rel}","templated":true}]}}