{"id":54744,"date":"2021-09-14T09:51:56","date_gmt":"2021-09-14T07:51:56","guid":{"rendered":"https:\/\/staging.ampcometal.com\/products\/%product_category%\/ampco-863-2\/"},"modified":"2024-09-27T13:42:09","modified_gmt":"2024-09-27T11:42:09","slug":"ampco-863","status":"publish","type":"product","link":"https:\/\/staging.ampcometal.com\/fr\/produits\/autres-alliages-de-cuivre\/ampco-863\/","title":{"rendered":"AMPCO\u00ae 863"},"content":{"rendered":"<ul>\n<li data-gc-list-depth=\"1\" data-gc-list-style=\"bullet\"><strong>Haute r\u00e9sistance : <\/strong>Cet alliage offre une r\u00e9sistance exceptionnelle, ce qui le rend adapt\u00e9 aux applications exigeantes.<\/li>\n<li data-gc-list-depth=\"1\" data-gc-list-style=\"bullet\"><strong>R\u00e9sistance sup\u00e9rieure \u00e0 la corrosion :<\/strong> Il est tr\u00e8s r\u00e9sistant \u00e0 la corrosion, ce qui garantit sa durabilit\u00e9 dans les environnements difficiles.<\/li>\n<li data-gc-list-depth=\"1\" data-gc-list-style=\"bullet\"><strong>Applications polyvalentes : <\/strong>Ce bronze d&rsquo;aluminium est utilis\u00e9 dans une vari\u00e9t\u00e9 d&rsquo;industries, de la construction lourde aux environnements industriels.<\/li>\n<li data-gc-list-depth=\"1\" data-gc-list-style=\"bullet\"><strong>Microstructure unique AMPCO Phase : <\/strong>La distribution unique de sa <a href=\"https:\/\/staging.ampcometal.com\/technical-data\/microcast-technology\/\">microstructure<\/a>, connue sous le nom de \u00ab\u00a0Phase AMPCO\u00a0\u00bb, le distingue et contribue \u00e0 sa sup\u00e9riorit\u00e9 constante et \u00e0 ses performances durables.<\/li>\n<\/ul>\n<h5>AMPCO\u00ae 863 Propri\u00e9t\u00e9s et sp\u00e9cifications<\/h5>\n<p><\/br> AMPCO\u00ae 863 est un alliage de bronze au mangan\u00e8se \u00e0 coul\u00e9e continue connu pour ses propri\u00e9t\u00e9s remarquables. Compos\u00e9 de 62 % de cuivre, 6 % d&rsquo;aluminium, 3 % de mangan\u00e8se, 3 % de fer et 26 % de zinc, cet alliage offre une solidit\u00e9 exceptionnelle et une r\u00e9sistance sup\u00e9rieure \u00e0 la corrosion. Il excelle dans les march\u00e9s de la construction lourde et dans diverses applications industrielles, notamment les roulements, les engrenages \u00e0 vis sans fin, les cames, les bielles et les \u00e9crous de vis sans fin. Plus pr\u00e9cis\u00e9ment, ce bronze d&rsquo;aluminium pr\u00e9sente une distribution microstructurelle unique, appel\u00e9e <a href=\"https:\/\/staging.ampcometal.com\/technical-data\/microcast-technology\/\">phase AMPCO<\/a>, qui le distingue des autres bronzes commerciaux et contribue de mani\u00e8re significative \u00e0 sa sup\u00e9riorit\u00e9 constante et \u00e0 ses performances durables. <\/p>\n<h5>Applications de l&rsquo;AMPCO\u00ae 863<\/h5>\n<p><\/br> L&rsquo;AMPCO\u00ae 863 est utilis\u00e9 dans une grande vari\u00e9t\u00e9 d&rsquo;industries, ce qui en fait un choix fiable pour les environnements exigeants. Cet alliage de bronze au mangan\u00e8se \u00e0 haute r\u00e9sistance, coul\u00e9 en continu, est id\u00e9al pour les march\u00e9s de la construction lourde, o\u00f9 il se distingue par sa solidit\u00e9 et sa r\u00e9sistance \u00e0 la corrosion exceptionnelles. Il excelle dans des applications telles que les bagues segment\u00e9es et les paliers lisses, offrant des performances fiables et une dur\u00e9e de vie prolong\u00e9e. Au-del\u00e0 de la construction, l&rsquo;alliage a \u00e9galement fait ses preuves dans des applications industrielles, notamment dans les roulements, les engrenages \u00e0 vis sans fin, les cames, les bielles, les \u00e9crous filet\u00e9s, etc. Son adaptabilit\u00e9 et sa durabilit\u00e9 en font un mat\u00e9riau de choix pour une large gamme d&rsquo;applications critiques.<\/p>\n","protected":false},"featured_media":66757,"template":"","meta":{"_et_pb_use_builder":"","_et_pb_old_content":"","_et_gb_content_width":"","inline_featured_image":false,"_links_to":"","_links_to_target":""},"product_category":[491],"product_type":[553],"product_shape":[647,637,652],"class_list":["post-54744","product","type-product","status-publish","has-post-thumbnail","hentry","product_category-autres-alliages-de-cuivre"],"acf":[],"aioseo_notices":[],"_links":{"self":[{"href":"https:\/\/staging.ampcometal.com\/fr\/wp-json\/wp\/v2\/product\/54744","targetHints":{"allow":["GET"]}}],"collection":[{"href":"https:\/\/staging.ampcometal.com\/fr\/wp-json\/wp\/v2\/product"}],"about":[{"href":"https:\/\/staging.ampcometal.com\/fr\/wp-json\/wp\/v2\/types\/product"}],"wp:featuredmedia":[{"embeddable":true,"href":"https:\/\/staging.ampcometal.com\/fr\/wp-json\/wp\/v2\/media\/66757"}],"wp:attachment":[{"href":"https:\/\/staging.ampcometal.com\/fr\/wp-json\/wp\/v2\/media?parent=54744"}],"wp:term":[{"taxonomy":"product_category","embeddable":true,"href":"https:\/\/staging.ampcometal.com\/fr\/wp-json\/wp\/v2\/product_category?post=54744"},{"taxonomy":"product_type","embeddable":true,"href":"https:\/\/staging.ampcometal.com\/fr\/wp-json\/wp\/v2\/product_type?post=54744"},{"taxonomy":"product_shape","embeddable":true,"href":"https:\/\/staging.ampcometal.com\/fr\/wp-json\/wp\/v2\/product_shape?post=54744"}],"curies":[{"name":"wp","href":"https:\/\/api.w.org\/{rel}","templated":true}]}}