{"id":54733,"date":"2021-09-14T09:51:52","date_gmt":"2021-09-14T07:51:52","guid":{"rendered":"https:\/\/staging.ampcometal.com\/products\/%product_category%\/ampco-673-2\/"},"modified":"2024-10-01T12:57:42","modified_gmt":"2024-10-01T10:57:42","slug":"ampco-673","status":"publish","type":"product","link":"https:\/\/staging.ampcometal.com\/fr\/produits\/autres-alliages-de-cuivre\/ampco-673\/","title":{"rendered":"AMPCO\u00ae 673"},"content":{"rendered":"<ul>\n<li><strong>Forgeabilit\u00e9 \u00e0 chaud exceptionnelle :<\/strong> Ce bronze d&rsquo;aluminium a un indice de forgeabilit\u00e9 \u00e0 chaud de 100, ce qui le rend tr\u00e8s mall\u00e9able pour la formation de divers composants.<\/li>\n<li data-gc-list-depth=\"1\" data-gc-list-style=\"bullet\"><strong>Une usinabilit\u00e9 impressionnante :<\/strong> Avec un taux d&rsquo;usinabilit\u00e9 de 80 %, cet alliage offre une personnalisation facile tout en conservant des performances robustes.<\/li>\n<li data-gc-list-depth=\"1\" data-gc-list-style=\"bullet\"><strong>Applications polyvalentes :<\/strong> Il peut \u00eatre utilis\u00e9 dans une vari\u00e9t\u00e9 d&rsquo;applications, y compris les bagues, les engrenages, les cames, les \u00e9crous et les boulons, les bielles, les arbres de renvoi, les engrenages \u00e0 vis sans fin, les doigts d&rsquo;alimentation et les vis d&rsquo;entra\u00eenement.<\/li>\n<li data-gc-list-depth=\"1\" data-gc-list-style=\"bullet\"><strong>Id\u00e9al pour les environnements corrosifs :<\/strong> Ses propri\u00e9t\u00e9s uniques le rendent id\u00e9al pour les applications n\u00e9cessitant fiabilit\u00e9 et durabilit\u00e9 dans des environnements de production corrosifs.<\/li>\n<\/ul>\n<h5>AMPCO\u00ae 673 Propri\u00e9t\u00e9s et sp\u00e9cifications<\/h5>\n<p><\/br> AMPCO\u00ae 673 est un alliage de bronze d&rsquo;aluminium sup\u00e9rieur connu pour ses propri\u00e9t\u00e9s remarquables. Avec un excellent indice de forgeabilit\u00e9 \u00e0 chaud de 100, c&rsquo;est un choix privil\u00e9gi\u00e9 pour les applications n\u00e9cessitant un <a href=\"https:\/\/staging.ampcometal.com\/applications\/metal-forming\/\">formage<\/a> important. En outre, l&rsquo;alliage offre une usinabilit\u00e9 exceptionnelle avec un taux impressionnant de 80 %, ce qui le rend facile \u00e0 personnaliser. Ce bronze d&rsquo;aluminium partage des caract\u00e9ristiques de base avec <a href=\"https:\/\/staging.ampcometal.com\/products\/other-alloys\/ampco-674\/\">l&rsquo;AMPCO\u00ae 674<\/a>, qui sont tous deux des alliages de zinc-mangan\u00e8se-silicium-plomb-cuivre con\u00e7us pour des conditions uniques. En particulier, l&rsquo;AMPCO\u00ae 673 a une teneur en plomb plus \u00e9lev\u00e9e, ce qui am\u00e9liore l&rsquo;usinabilit\u00e9 tout en maintenant des performances robustes. Sa polyvalence le rend id\u00e9al pour une large gamme d&rsquo;applications, y compris les bagues, les engrenages, les cames, les \u00e9crous et les boulons, les bielles, les arbres de renvoi, les engrenages \u00e0 vis sans fin, les doigts d&rsquo;alimentation et les vis d&rsquo;\u00e9crous filet\u00e9s. <\/p>\n<h5>AMPCO\u00ae 673 Applications<\/h5>\n<p><\/br> Le bronze d&rsquo;aluminium AMPCO\u00ae 673 trouve des applications polyvalentes dans un grand nombre d&rsquo;industries. Son exceptionnelle aptitude \u00e0 la forge \u00e0 chaud et \u00e0 l&rsquo;usinage en fait un produit de premier choix pour le fa\u00e7onnage de divers composants tels que bagues, engrenages, cames, \u00e9crous et boulons, bielles, arbres de renvoi, engrenages \u00e0 vis sans fin, doigts d&rsquo;alimentation et vis \u00e0 \u00e9crou de plomb. Le m\u00e9lange unique de propri\u00e9t\u00e9s de cet alliage, y compris sa teneur \u00e9lev\u00e9e en plomb, garantit un usinage pr\u00e9cis tout en maintenant des performances robustes. Par cons\u00e9quent, cet alliage est id\u00e9al pour les roulements et les applications corrosives, offrant fiabilit\u00e9 et durabilit\u00e9 dans des environnements exigeants.<\/p>\n","protected":false},"featured_media":66757,"template":"","meta":{"_et_pb_use_builder":"","_et_pb_old_content":"","_et_gb_content_width":"","inline_featured_image":false,"_links_to":"","_links_to_target":""},"product_category":[491],"product_type":[506],"product_shape":[647],"class_list":["post-54733","product","type-product","status-publish","has-post-thumbnail","hentry","product_category-autres-alliages-de-cuivre"],"acf":[],"aioseo_notices":[],"_links":{"self":[{"href":"https:\/\/staging.ampcometal.com\/fr\/wp-json\/wp\/v2\/product\/54733","targetHints":{"allow":["GET"]}}],"collection":[{"href":"https:\/\/staging.ampcometal.com\/fr\/wp-json\/wp\/v2\/product"}],"about":[{"href":"https:\/\/staging.ampcometal.com\/fr\/wp-json\/wp\/v2\/types\/product"}],"wp:featuredmedia":[{"embeddable":true,"href":"https:\/\/staging.ampcometal.com\/fr\/wp-json\/wp\/v2\/media\/66757"}],"wp:attachment":[{"href":"https:\/\/staging.ampcometal.com\/fr\/wp-json\/wp\/v2\/media?parent=54733"}],"wp:term":[{"taxonomy":"product_category","embeddable":true,"href":"https:\/\/staging.ampcometal.com\/fr\/wp-json\/wp\/v2\/product_category?post=54733"},{"taxonomy":"product_type","embeddable":true,"href":"https:\/\/staging.ampcometal.com\/fr\/wp-json\/wp\/v2\/product_type?post=54733"},{"taxonomy":"product_shape","embeddable":true,"href":"https:\/\/staging.ampcometal.com\/fr\/wp-json\/wp\/v2\/product_shape?post=54733"}],"curies":[{"name":"wp","href":"https:\/\/api.w.org\/{rel}","templated":true}]}}