{"id":54716,"date":"2021-09-14T09:51:50","date_gmt":"2021-09-14T07:51:50","guid":{"rendered":"https:\/\/staging.ampcometal.com\/products\/%product_category%\/ampcoloy-972-2\/"},"modified":"2024-07-22T14:44:05","modified_gmt":"2024-07-22T12:44:05","slug":"ampcoloy-972","status":"publish","type":"product","link":"https:\/\/staging.ampcometal.com\/fr\/produits\/ampcoloy-alliages-a-haute-teneur-en-cuivre\/ampcoloy-972\/","title":{"rendered":"AMPCOLOY\u00ae 972"},"content":{"rendered":"<h5><\/h5>\n<ul>\n<li data-gc-list-depth=\"1\" data-gc-list-style=\"bullet\"><strong>Propri\u00e9t\u00e9s m\u00e9caniques exceptionnelles :<\/strong> Cet alliage \u00e0 forte teneur en cuivre conserve d&rsquo;excellentes propri\u00e9t\u00e9s m\u00e9caniques, notamment une ductilit\u00e9 \u00e9lev\u00e9e, m\u00eame \u00e0 des temp\u00e9ratures comprises entre 300 et 500\u00b0C.<\/li>\n<li data-gc-list-depth=\"1\" data-gc-list-style=\"bullet\"><strong>Excellente r\u00e9sistance \u00e0 l&rsquo;usure et \u00e0 la corrosion :<\/strong> Cet alliage offre une excellente r\u00e9sistance \u00e0 l&rsquo;usure et \u00e0 la corrosion, ce qui le rend tr\u00e8s durable et adapt\u00e9 aux environnements exigeants.<\/li>\n<li data-gc-list-depth=\"1\" data-gc-list-style=\"bullet\"><strong>Conductivit\u00e9 \u00e9lectrique \u00e9lev\u00e9e : <\/strong>Il pr\u00e9sente une conductivit\u00e9 \u00e9lectrique \u00e9lev\u00e9e, ce qui en fait un excellent choix pour les applications o\u00f9 les performances \u00e9lectriques sont critiques.<\/li>\n<li data-gc-list-depth=\"1\" data-gc-list-style=\"bullet\"><strong>Polyvalence :<\/strong> Connu pour sa polyvalence, il est utilis\u00e9 dans une large gamme d&rsquo;applications, y compris les pointes de soudage par r\u00e9sistance et les capuchons d&rsquo;\u00e9lectrodes.<\/li>\n<\/ul>\n<h5>Propri\u00e9t\u00e9s et sp\u00e9cifications<\/h5>\n<p> L&rsquo;AMPCOLOY\u00ae 972 est un alliage \u00e0 base de cuivre durcissant par pr\u00e9cipitation, connu pour ses propri\u00e9t\u00e9s exceptionnelles. Lorsqu&rsquo;il est trait\u00e9 thermiquement, cet alliage conserve des propri\u00e9t\u00e9s m\u00e9caniques remarquables, y compris une ductilit\u00e9 \u00e9lev\u00e9e dans la plage de temp\u00e9rature de 300 \u00e0 500\u00b0C. Il pr\u00e9sente une excellente r\u00e9sistance \u00e0 l&rsquo;usure et \u00e0 la corrosion, ce qui le rend id\u00e9al pour une large gamme d&rsquo;applications. L&rsquo;alliage pr\u00e9sente notamment une conductivit\u00e9 \u00e9lectrique \u00e9lev\u00e9e et une excellente r\u00e9sistance m\u00e9canique, ce qui en fait un choix polyvalent pour des applications telles que les pointes de soudage par r\u00e9sistance, les capuchons d&rsquo;\u00e9lectrodes et les pi\u00e8ces pour la production d&rsquo;\u00e9nergie. Gr\u00e2ce \u00e0 sa construction forg\u00e9e et extrud\u00e9e, il offre des propri\u00e9t\u00e9s physiques sup\u00e9rieures qui garantissent sa fiabilit\u00e9 et sa long\u00e9vit\u00e9 dans une vari\u00e9t\u00e9 d&rsquo;environnements exigeants. <\/p>\n<h5>Applications<\/h5>\n<p> L&rsquo;AMPCOLOY\u00ae 972 est utilis\u00e9 dans une grande vari\u00e9t\u00e9 d&rsquo;industries. Sa combinaison unique de propri\u00e9t\u00e9s, dont une conductivit\u00e9 \u00e9lectrique \u00e9lev\u00e9e et une r\u00e9sistance m\u00e9canique impressionnante, en fait un choix recherch\u00e9 pour divers sc\u00e9narios exigeants. Cet alliage polyvalent excelle dans les pointes de soudage par r\u00e9sistance et les capuchons d&rsquo;\u00e9lectrodes pour l&rsquo;industrie automobile, o\u00f9 sa r\u00e9sistance \u00e0 l&rsquo;usure et sa conductivit\u00e9 \u00e9lectrique exceptionnelles sont inestimables. Il joue \u00e9galement un r\u00f4le essentiel dans le domaine de l&rsquo;ing\u00e9nierie \u00e9nerg\u00e9tique, en aidant \u00e0 produire des pi\u00e8ces qui exigent \u00e0 la fois durabilit\u00e9 et performance \u00e9lectrique. Qu&rsquo;il soit utilis\u00e9 dans des pi\u00e8ces de presse, des segments de doigts d&rsquo;amortisseur ou des porte-\u00e9lectrodes, cet alliage \u00e0 haute teneur en cuivre fournit constamment des r\u00e9sultats fiables, d\u00e9montrant ainsi son adaptabilit\u00e9 \u00e0 une large gamme d&rsquo;applications.<\/p>\n","protected":false},"featured_media":66769,"template":"","meta":{"_et_pb_use_builder":"","_et_pb_old_content":"","_et_gb_content_width":"","inline_featured_image":false,"_links_to":"","_links_to_target":""},"product_category":[479],"product_type":[530,604,517,524],"product_shape":[647,626,631,637],"class_list":["post-54716","product","type-product","status-publish","has-post-thumbnail","hentry","product_category-ampcoloy-alliages-a-haute-teneur-en-cuivre"],"acf":[],"aioseo_notices":[],"_links":{"self":[{"href":"https:\/\/staging.ampcometal.com\/fr\/wp-json\/wp\/v2\/product\/54716","targetHints":{"allow":["GET"]}}],"collection":[{"href":"https:\/\/staging.ampcometal.com\/fr\/wp-json\/wp\/v2\/product"}],"about":[{"href":"https:\/\/staging.ampcometal.com\/fr\/wp-json\/wp\/v2\/types\/product"}],"wp:featuredmedia":[{"embeddable":true,"href":"https:\/\/staging.ampcometal.com\/fr\/wp-json\/wp\/v2\/media\/66769"}],"wp:attachment":[{"href":"https:\/\/staging.ampcometal.com\/fr\/wp-json\/wp\/v2\/media?parent=54716"}],"wp:term":[{"taxonomy":"product_category","embeddable":true,"href":"https:\/\/staging.ampcometal.com\/fr\/wp-json\/wp\/v2\/product_category?post=54716"},{"taxonomy":"product_type","embeddable":true,"href":"https:\/\/staging.ampcometal.com\/fr\/wp-json\/wp\/v2\/product_type?post=54716"},{"taxonomy":"product_shape","embeddable":true,"href":"https:\/\/staging.ampcometal.com\/fr\/wp-json\/wp\/v2\/product_shape?post=54716"}],"curies":[{"name":"wp","href":"https:\/\/api.w.org\/{rel}","templated":true}]}}