{"id":54694,"date":"2021-09-14T09:51:41","date_gmt":"2021-09-14T07:51:41","guid":{"rendered":"https:\/\/staging.ampcometal.com\/products\/%product_category%\/ampcoloy-88-2\/"},"modified":"2025-03-18T16:37:23","modified_gmt":"2025-03-18T14:37:23","slug":"ampcoloy-88","status":"publish","type":"product","link":"https:\/\/staging.ampcometal.com\/fr\/produits\/ampcoloy-alliages-a-haute-teneur-en-cuivre\/ampcoloy-88\/","title":{"rendered":"AMPCOLOY\u00ae 88"},"content":{"rendered":"<ul>\n<li data-gc-list-depth=\"1\" data-gc-list-style=\"bullet\"><strong>R\u00e9sistance exceptionnelle \u00e0 l&rsquo;usure :<\/strong> L&rsquo;AMPCOLOY\u00ae 88 offre une r\u00e9sistance \u00e0 l&rsquo;usure exceptionnelle, ce qui en fait un choix id\u00e9al pour les composants expos\u00e9s \u00e0 des conditions abrasives, garantissant durabilit\u00e9 et fiabilit\u00e9.<\/li>\n<li data-gc-list-depth=\"1\" data-gc-list-style=\"bullet\"><strong>R\u00e9sistance m\u00e9canique impressionnante :<\/strong> Cet alliage haute performance pr\u00e9sente une r\u00e9sistance m\u00e9canique impressionnante, ce qui lui permet de supporter de lourdes charges et des environnements soumis \u00e0 de fortes contraintes.<\/li>\n<li data-gc-list-depth=\"1\" data-gc-list-style=\"bullet\"><strong>Conductivit\u00e9 thermique \u00e9lev\u00e9e :<\/strong> Offre une conductivit\u00e9 thermique \u00e9lev\u00e9e, am\u00e9liorant la dissipation de la chaleur et l&rsquo;efficacit\u00e9 dans les applications o\u00f9 la gestion de la temp\u00e9rature est critique.<\/li>\n<li data-gc-list-depth=\"1\" data-gc-list-style=\"bullet\"><strong>R\u00e9sistance sup\u00e9rieure \u00e0 la corrosion :<\/strong> Gr\u00e2ce \u00e0 sa composition unique, cet alliage \u00e0 haute teneur en cuivre offre une r\u00e9sistance sup\u00e9rieure \u00e0 la corrosion, prolongeant ainsi la dur\u00e9e de vie du produit.<\/li>\n<\/ul>\n<h5>Propri\u00e9t\u00e9s et sp\u00e9cifications<\/h5>\n<p>L&rsquo;AMPCOLOY\u00ae 88 est un alliage de bronze de haute performance connu pour ses propri\u00e9t\u00e9s et sp\u00e9cifications exceptionnelles. Cet alliage pr\u00e9sente une remarquable r\u00e9sistance \u00e0 l&rsquo;usure, ce qui le rend id\u00e9al pour les applications o\u00f9 la durabilit\u00e9 est primordiale. Sa r\u00e9sistance m\u00e9canique impressionnante garantit sa long\u00e9vit\u00e9 et sa fiabilit\u00e9 dans un grand nombre d&rsquo;industries. Avec une excellente conductivit\u00e9 thermique, cet alliage \u00e0 haute teneur en cuivre augmente l&rsquo;efficacit\u00e9 et les performances. Il est con\u00e7u pour offrir une r\u00e9sistance sup\u00e9rieure \u00e0 l&rsquo;usure et \u00e0 la corrosion, ce qui se traduit par des cycles de vie des produits plus longs et une productivit\u00e9 accrue.<\/p>\n<h5>Applications<\/h5>\n<p>L&rsquo;AMPCOLOY\u00ae 88 est utilis\u00e9 dans une large gamme d&rsquo;industries en raison de ses propri\u00e9t\u00e9s polyvalentes. Cet <a href=\"https:\/\/staging.ampcometal.com\/fr\/produits\/ampcoloy-alliages-a-haute-teneur-en-cuivre\/\">alliage \u00e0 forte teneur en cuivre<\/a> est couramment utilis\u00e9 dans la fabrication d&rsquo;outils de soudage par \u00e9tincelage, de meules de soudage et d&rsquo;\u00e9lectrodes de soudage en treillis, o\u00f9 sa r\u00e9sistance \u00e0 l&rsquo;usure et sa r\u00e9sistance m\u00e9canique exceptionnelles sont mises en \u00e9vidence. Il constitue \u00e9galement un excellent choix pour les segments des anneaux d&rsquo;amortissement dans les g\u00e9n\u00e9rateurs et joue un r\u00f4le essentiel dans le moulage par injection de composants en plastique. Sa composition unique et sa durabilit\u00e9 en font un mat\u00e9riau de confiance pour les applications qui exigent fiabilit\u00e9 et dur\u00e9e de vie prolong\u00e9e.<\/p>\n","protected":false},"featured_media":66751,"template":"","meta":{"_et_pb_use_builder":"","_et_pb_old_content":"","_et_gb_content_width":"","inline_featured_image":false,"_links_to":"","_links_to_target":""},"product_category":[479],"product_type":[506,530],"product_shape":[647,631],"class_list":["post-54694","product","type-product","status-publish","has-post-thumbnail","hentry","product_category-ampcoloy-alliages-a-haute-teneur-en-cuivre"],"acf":[],"aioseo_notices":[],"_links":{"self":[{"href":"https:\/\/staging.ampcometal.com\/fr\/wp-json\/wp\/v2\/product\/54694","targetHints":{"allow":["GET"]}}],"collection":[{"href":"https:\/\/staging.ampcometal.com\/fr\/wp-json\/wp\/v2\/product"}],"about":[{"href":"https:\/\/staging.ampcometal.com\/fr\/wp-json\/wp\/v2\/types\/product"}],"wp:featuredmedia":[{"embeddable":true,"href":"https:\/\/staging.ampcometal.com\/fr\/wp-json\/wp\/v2\/media\/66751"}],"wp:attachment":[{"href":"https:\/\/staging.ampcometal.com\/fr\/wp-json\/wp\/v2\/media?parent=54694"}],"wp:term":[{"taxonomy":"product_category","embeddable":true,"href":"https:\/\/staging.ampcometal.com\/fr\/wp-json\/wp\/v2\/product_category?post=54694"},{"taxonomy":"product_type","embeddable":true,"href":"https:\/\/staging.ampcometal.com\/fr\/wp-json\/wp\/v2\/product_type?post=54694"},{"taxonomy":"product_shape","embeddable":true,"href":"https:\/\/staging.ampcometal.com\/fr\/wp-json\/wp\/v2\/product_shape?post=54694"}],"curies":[{"name":"wp","href":"https:\/\/api.w.org\/{rel}","templated":true}]}}