{"id":54680,"date":"2021-09-14T09:51:36","date_gmt":"2021-09-14T07:51:36","guid":{"rendered":"https:\/\/staging.ampcometal.com\/products\/%product_category%\/ams-4881-2\/"},"modified":"2024-04-05T15:01:51","modified_gmt":"2024-04-05T13:01:51","slug":"ams-4881","status":"publish","type":"product","link":"https:\/\/staging.ampcometal.com\/fr\/produits\/alliages-ams\/ams-4881\/","title":{"rendered":"AMS 4881"},"content":{"rendered":"<ul>\n<li data-gc-list-depth=\"1\" data-gc-list-style=\"bullet\"><strong>Alliage \u00e0 haute r\u00e9sistance :<\/strong> Ce bronze AMS est connu pour sa r\u00e9sistance exceptionnelle, ce qui le rend adapt\u00e9 aux applications lourdes et soumises \u00e0 de fortes contraintes.<\/li>\n<li data-gc-list-depth=\"1\" data-gc-list-style=\"bullet\"><strong>R\u00e9sistance \u00e0 la corrosion :<\/strong> Ce bronze d&rsquo;aluminium offre une excellente r\u00e9sistance \u00e0 la corrosion, ce qui garantit sa durabilit\u00e9 dans les environnements difficiles.<\/li>\n<li data-gc-list-depth=\"1\" data-gc-list-style=\"bullet\"><strong>Am\u00e9lioration du traitement thermique :<\/strong> Gr\u00e2ce \u00e0 un processus de traitement thermique brevet\u00e9, l&rsquo;alliage atteint des propri\u00e9t\u00e9s m\u00e9caniques sup\u00e9rieures \u00e0 celles des bronzes nickel-aluminium commerciaux.<\/li>\n<li data-gc-list-depth=\"1\" data-gc-list-style=\"bullet\"><strong>Applications polyvalentes :<\/strong> Il est utilis\u00e9 dans diverses industries en raison de ses propri\u00e9t\u00e9s m\u00e9caniques sup\u00e9rieures et de sa r\u00e9sistance \u00e0 la corrosion.<\/li>\n<\/ul>\n<h5>Propri\u00e9t\u00e9s et sp\u00e9cifications<\/h5>\n<p>Le bronze d&rsquo;aluminium AMS 4881 est un alliage de haute performance connu pour ses propri\u00e9t\u00e9s et sp\u00e9cifications exceptionnelles. Ce bronze nickel-aluminium subit un traitement thermique brevet\u00e9 qui lui conf\u00e8re des propri\u00e9t\u00e9s m\u00e9caniques sup\u00e9rieures \u00e0 celles des bronzes nickel-aluminium du commerce. Son rapport r\u00e9sistance\/poids est comparable \u00e0 celui du cuivre au b\u00e9ryllium, mais sans les exigences d&rsquo;hygi\u00e8ne industrielle qui y sont associ\u00e9es. Ce bronze AMS r\u00e9siste \u00e0 la corrosion et est particuli\u00e8rement bien adapt\u00e9 aux charges lourdes, \u00e0 l&rsquo;abrasion, au frottement et \u00e0 la d\u00e9formation \u00e0 haute temp\u00e9rature. D\u00e9velopp\u00e9 \u00e0 l&rsquo;origine pour des applications a\u00e9rospatiales, il a \u00e9t\u00e9 utilis\u00e9 dans diverses industries o\u00f9 des propri\u00e9t\u00e9s m\u00e9caniques sup\u00e9rieures \u00e0 des temp\u00e9ratures \u00e9lev\u00e9es sont requises, notamment pour les roulements de trains d&rsquo;atterrissage d&rsquo;avions, les matrices de cintrage, les roues dent\u00e9es et les plaques d&rsquo;usure\/de guidage. Ses sp\u00e9cifications sont similaires \u00e0 celles de l&rsquo;AMS-4881 pour les pi\u00e8ces moul\u00e9es, ce qui en fait un alliage recherch\u00e9 pour les applications exigeantes.<\/p>\n<h5>Applications<\/h5>\n<p>Le bronze d&rsquo;aluminium AMS 4881 est utilis\u00e9 dans une large gamme d&rsquo;industries en raison de ses propri\u00e9t\u00e9s exceptionnelles. D\u00e9velopp\u00e9 \u00e0 l&rsquo;origine pour des composants a\u00e9ronautiques tels que les trains d&rsquo;atterrissage r\u00e9tractables et les roulements d&rsquo;entretoise de moteur, l&rsquo;alliage a \u00e9largi son champ d&rsquo;application. Il excelle dans les environnements soumis \u00e0 de lourdes charges, \u00e0 l&rsquo;abrasion, \u00e0 la friction et \u00e0 des temp\u00e9ratures \u00e9lev\u00e9es. Cet alliage polyvalent est couramment utilis\u00e9 dans les roulements de trains d&rsquo;atterrissage d&rsquo;avions, les matrices de cintrage de tubes, les roues dent\u00e9es et les plaques d&rsquo;usure\/de guidage. Sa combinaison unique de r\u00e9sistance m\u00e9canique et de r\u00e9sistance \u00e0 la corrosion en fait un choix privil\u00e9gi\u00e9 dans les applications o\u00f9 la durabilit\u00e9 et la performance sont primordiales. Ce bronze d&rsquo;aluminium continue \u00e0 jouer un r\u00f4le vital dans plusieurs applications industrielles et d&rsquo;ing\u00e9nierie critiques.<\/p>\n","protected":false},"featured_media":66718,"template":"","meta":{"_et_pb_use_builder":"","_et_pb_old_content":"","_et_gb_content_width":"","inline_featured_image":false,"_links_to":"","_links_to_target":""},"product_category":[487],"product_type":[501,616],"product_shape":[652],"class_list":["post-54680","product","type-product","status-publish","has-post-thumbnail","hentry","product_category-alliages-ams"],"acf":[],"aioseo_notices":[],"_links":{"self":[{"href":"https:\/\/staging.ampcometal.com\/fr\/wp-json\/wp\/v2\/product\/54680","targetHints":{"allow":["GET"]}}],"collection":[{"href":"https:\/\/staging.ampcometal.com\/fr\/wp-json\/wp\/v2\/product"}],"about":[{"href":"https:\/\/staging.ampcometal.com\/fr\/wp-json\/wp\/v2\/types\/product"}],"wp:featuredmedia":[{"embeddable":true,"href":"https:\/\/staging.ampcometal.com\/fr\/wp-json\/wp\/v2\/media\/66718"}],"wp:attachment":[{"href":"https:\/\/staging.ampcometal.com\/fr\/wp-json\/wp\/v2\/media?parent=54680"}],"wp:term":[{"taxonomy":"product_category","embeddable":true,"href":"https:\/\/staging.ampcometal.com\/fr\/wp-json\/wp\/v2\/product_category?post=54680"},{"taxonomy":"product_type","embeddable":true,"href":"https:\/\/staging.ampcometal.com\/fr\/wp-json\/wp\/v2\/product_type?post=54680"},{"taxonomy":"product_shape","embeddable":true,"href":"https:\/\/staging.ampcometal.com\/fr\/wp-json\/wp\/v2\/product_shape?post=54680"}],"curies":[{"name":"wp","href":"https:\/\/api.w.org\/{rel}","templated":true}]}}