{"id":54652,"date":"2021-09-14T09:51:32","date_gmt":"2021-09-14T07:51:32","guid":{"rendered":"https:\/\/staging.ampcometal.com\/products\/%product_category%\/ampcoloy-944-2\/"},"modified":"2024-03-25T17:39:49","modified_gmt":"2024-03-25T15:39:49","slug":"ampcoloy-944","status":"publish","type":"product","link":"https:\/\/staging.ampcometal.com\/fr\/produits\/ampcoloy-alliages-a-haute-teneur-en-cuivre\/ampcoloy-944\/","title":{"rendered":"AMPCOLOY\u00ae 944"},"content":{"rendered":"<h5>Caract\u00e9ristiques principales<\/h5>\n<ul>\n<li data-gc-list-depth=\"1\" data-gc-list-style=\"bullet\"><strong>Excellente conductivit\u00e9 thermique :<\/strong> Cet alliage \u00e0 haute teneur en cuivre pr\u00e9sente une conductivit\u00e9 thermique exceptionnelle, ce qui en fait un choix id\u00e9al pour les applications o\u00f9 un transfert de chaleur efficace est essentiel.<\/li>\n<li data-gc-list-depth=\"1\" data-gc-list-style=\"bullet\"><strong>Haute r\u00e9sistance \u00e0 la traction : <\/strong>Il pr\u00e9sente une forte r\u00e9sistance \u00e0 la traction, ce qui garantit sa fiabilit\u00e9 et sa durabilit\u00e9 dans les environnements industriels exigeants.<\/li>\n<li data-gc-list-depth=\"1\" data-gc-list-style=\"bullet\"><strong>Duret\u00e9 impressionnante : <\/strong>Gr\u00e2ce \u00e0 ses propri\u00e9t\u00e9s de duret\u00e9 impressionnantes, l&rsquo;alliage offre une excellente r\u00e9sistance \u00e0 l&rsquo;usure et \u00e0 la d\u00e9formation, ce qui prolonge sa dur\u00e9e de vie dans diverses applications.<\/li>\n<li data-gc-list-depth=\"1\" data-gc-list-style=\"bullet\"><strong>Alternative s\u00fbre au cuivre au b\u00e9ryllium :<\/strong> Il offre tous ces avantages tout en \u00e9liminant le besoin de b\u00e9ryllium, ce qui constitue une option plus s\u00fbre et conforme pour les industries soumises \u00e0 des r\u00e9glementations strictes en mati\u00e8re de sant\u00e9 et de s\u00e9curit\u00e9.<\/li>\n<\/ul>\n<h5>Propri\u00e9t\u00e9s et sp\u00e9cifications<\/h5>\n<p><\/br><br \/>\nAMPCOLOY\u00ae 944 est un alliage brevet\u00e9 qui r\u00e9pond aux exigences des utilisateurs d&rsquo;alliages RWMA de classe 4 sans b\u00e9ryllium. Il est con\u00e7u pour offrir une excellente conductivit\u00e9 thermique, une r\u00e9sistance \u00e9lev\u00e9e \u00e0 la traction et une grande duret\u00e9, tout en \u00e9liminant le besoin de b\u00e9ryllium. Cet alliage polyvalent est id\u00e9al pour de nombreuses applications, notamment le <a href=\"https:\/\/staging.ampcometal.com\/applications\/plastic-processing\/\">moulage par injection<\/a>, le <a href=\"https:\/\/staging.ampcometal.com\/applications\/plastic-processing\/\">thermoformage<\/a>, le <a href=\"https:\/\/staging.ampcometal.com\/applications\/plastic-processing\/\">moulage par soufflage<\/a>, le <a href=\"https:\/\/staging.ampcometal.com\/applications\/resistance-welding\/\">soudage par r\u00e9sistance<\/a> et le <a href=\"https:\/\/staging.ampcometal.com\/applications\/resistance-welding\/\">soudage par points<\/a>. Il excelle dans les applications d&rsquo;outillage et de traitement des mati\u00e8res plastiques et r\u00e9pond aux besoins des industries o\u00f9 l&rsquo;utilisation d&rsquo;\u00e9l\u00e9ments nocifs est restreinte. Cet alliage \u00e0 haute teneur en cuivre offre les propri\u00e9t\u00e9s essentielles requises pour les t\u00e2ches industrielles exigeantes, ce qui en fait un choix fiable et s\u00fbr pour les applications qui n\u00e9cessitent \u00e0 la fois des performances m\u00e9caniques \u00e9lev\u00e9es et la conformit\u00e9 aux r\u00e9glementations en mati\u00e8re de sant\u00e9 et de s\u00e9curit\u00e9.<\/p>\n<h5>Applications<\/h5>\n<p><\/br><br \/>\nL&rsquo;AMPCOLOY\u00ae 944 a une large gamme d&rsquo;applications dans diverses industries o\u00f9 la combinaison d&rsquo;une excellente conductivit\u00e9 \u00e9lectrique et thermique, de propri\u00e9t\u00e9s m\u00e9caniques \u00e9lev\u00e9es et de la conformit\u00e9 aux normes de s\u00e9curit\u00e9 est essentielle. Il est couramment utilis\u00e9 dans les porte-\u00e9lectrodes et les arbres de soudage par points pour les \u00e9lectrodes de soudage par points, les disques de soudage par points et les matrices de soudage par points, en particulier pour l&rsquo;acier inoxydable et le Monel\u00ae. Cet alliage polyvalent est \u00e9galement utilis\u00e9 pour les pointes de piston dans les machines de moulage sous pression en aluminium \u00e0 chambre froide et les moules pour les machines de moulage sous pression. Il joue \u00e9galement un r\u00f4le essentiel dans les moules \u00e0 refroidissement pour la coul\u00e9e du laiton et de certains bronzes, ainsi que dans diverses parties des moules d&rsquo;injection plastique, notamment les buses d&rsquo;injection et les broches de refroidissement. Il offre fiabilit\u00e9 et performance dans une large gamme d&rsquo;applications industrielles o\u00f9 une conductivit\u00e9 et une r\u00e9sistance m\u00e9canique exceptionnelles sont requises.<\/p>\n","protected":false},"featured_media":66751,"template":"","meta":{"_et_pb_use_builder":"","_et_pb_old_content":"","_et_gb_content_width":"","inline_featured_image":false,"_links_to":"","_links_to_target":""},"product_category":[479],"product_type":[506,530],"product_shape":[647,631],"class_list":["post-54652","product","type-product","status-publish","has-post-thumbnail","hentry","product_category-ampcoloy-alliages-a-haute-teneur-en-cuivre"],"acf":[],"aioseo_notices":[],"_links":{"self":[{"href":"https:\/\/staging.ampcometal.com\/fr\/wp-json\/wp\/v2\/product\/54652","targetHints":{"allow":["GET"]}}],"collection":[{"href":"https:\/\/staging.ampcometal.com\/fr\/wp-json\/wp\/v2\/product"}],"about":[{"href":"https:\/\/staging.ampcometal.com\/fr\/wp-json\/wp\/v2\/types\/product"}],"wp:featuredmedia":[{"embeddable":true,"href":"https:\/\/staging.ampcometal.com\/fr\/wp-json\/wp\/v2\/media\/66751"}],"wp:attachment":[{"href":"https:\/\/staging.ampcometal.com\/fr\/wp-json\/wp\/v2\/media?parent=54652"}],"wp:term":[{"taxonomy":"product_category","embeddable":true,"href":"https:\/\/staging.ampcometal.com\/fr\/wp-json\/wp\/v2\/product_category?post=54652"},{"taxonomy":"product_type","embeddable":true,"href":"https:\/\/staging.ampcometal.com\/fr\/wp-json\/wp\/v2\/product_type?post=54652"},{"taxonomy":"product_shape","embeddable":true,"href":"https:\/\/staging.ampcometal.com\/fr\/wp-json\/wp\/v2\/product_shape?post=54652"}],"curies":[{"name":"wp","href":"https:\/\/api.w.org\/{rel}","templated":true}]}}