{"id":54646,"date":"2021-09-14T09:51:29","date_gmt":"2021-09-14T07:51:29","guid":{"rendered":"https:\/\/staging.ampcometal.com\/products\/%product_category%\/ampco-674-2\/"},"modified":"2024-03-18T12:38:42","modified_gmt":"2024-03-18T10:38:42","slug":"ampco-674","status":"publish","type":"product","link":"https:\/\/staging.ampcometal.com\/fr\/produits\/autres-alliages-de-cuivre\/ampco-674\/","title":{"rendered":"AMPCO\u00ae 674"},"content":{"rendered":"<ul>\n<li data-gc-list-depth=\"1\" data-gc-list-style=\"bullet\"><strong>Forgeabilit\u00e9 \u00e0 chaud exceptionnelle :<\/strong> Ce bronze d&rsquo;aluminium pr\u00e9sente une remarquable aptitude \u00e0 la forge \u00e0 chaud, avec une note parfaite de 100.<\/li>\n<li data-gc-list-depth=\"1\" data-gc-list-style=\"bullet\"><strong>Alliage de bronze \u00e0 haute r\u00e9sistance :<\/strong> Connu pour sa r\u00e9sistance sup\u00e9rieure, c&rsquo;est un mat\u00e9riau fiable pour les applications o\u00f9 la durabilit\u00e9 et les propri\u00e9t\u00e9s m\u00e9caniques robustes sont essentielles.<\/li>\n<li data-gc-list-depth=\"1\" data-gc-list-style=\"bullet\"><strong>Propri\u00e9t\u00e9s de r\u00e9sistance \u00e0 la corrosion :<\/strong> Cet alliage pr\u00e9sente une excellente r\u00e9sistance \u00e0 la corrosion, ce qui permet de l&rsquo;utiliser dans des environnements difficiles.<\/li>\n<li data-gc-list-depth=\"1\" data-gc-list-style=\"bullet\"><strong>Am\u00e9lioration de la r\u00e9sistance \u00e0 la traction et \u00e0 l&rsquo;\u00e9lasticit\u00e9 :<\/strong> Sa faible teneur en plomb contribue \u00e0 am\u00e9liorer la r\u00e9sistance \u00e0 la traction et \u00e0 l&rsquo;\u00e9lasticit\u00e9, ce qui en fait une option de choix pour les applications lourdes exigeant fiabilit\u00e9 et durabilit\u00e9.<\/li>\n<\/ul>\n<h5>AMPCO\u00ae 674 Propri\u00e9t\u00e9s et sp\u00e9cifications<\/h5>\n<p><\/br><br \/>\nL&rsquo;AMPCO\u00ae 674 est un alliage de bronze \u00e0 haute r\u00e9sistance connu pour son exceptionnelle aptitude au forgeage \u00e0 chaud et sa r\u00e9sistance \u00e0 la corrosion. Cet alliage offre un \u00e9quilibre unique de propri\u00e9t\u00e9s, y compris un indice de forgeabilit\u00e9 \u00e0 chaud de 100, ce qui en fait un choix id\u00e9al pour les applications n\u00e9cessitant un formage \u00e0 chaud. Il a \u00e9galement un taux d&rsquo;usinabilit\u00e9 de 25 %, ce qui peut \u00eatre inf\u00e9rieur \u00e0 d&rsquo;autres alliages, mais est compens\u00e9 par une meilleure r\u00e9sistance \u00e0 la traction et \u00e0 l&rsquo;\u00e9lasticit\u00e9. Ce bronze d&rsquo;aluminium est privil\u00e9gi\u00e9 pour une large gamme d&rsquo;applications industrielles, notamment les bagues, les engrenages, les cames, les bielles, etc. Sa teneur r\u00e9duite en plomb le distingue de son homologue, <a href=\"https:\/\/staging.ampcometal.com\/products\/other-alloys\/ampco-673\/\">l&rsquo;AMPCO\u00ae 673<\/a>, ce qui fait de l&rsquo;AMPCO\u00ae 674 un choix privil\u00e9gi\u00e9 dans les applications o\u00f9 l&rsquo;on recherche une usinabilit\u00e9 plus faible et une r\u00e9sistance plus \u00e9lev\u00e9e.<\/p>\n<h5>Applications de l&rsquo;AMPCO\u00ae 674<\/h5>\n<p><\/br><br \/>\nL&rsquo;AMPCO\u00ae 674, un alliage de bronze \u00e0 haute r\u00e9sistance, est utilis\u00e9 dans une large gamme d&rsquo;applications industrielles. Son exceptionnelle aptitude \u00e0 la forge \u00e0 chaud (100) le rend particuli\u00e8rement adapt\u00e9 aux composants n\u00e9cessitant un formage \u00e0 chaud, tels que les bagues, les engrenages et les cames. Sa r\u00e9sistance \u00e0 la corrosion et ses propri\u00e9t\u00e9s m\u00e9caniques robustes font \u00e9galement de ce bronze d&rsquo;aluminium un choix privil\u00e9gi\u00e9 pour les applications qui requi\u00e8rent une fiabilit\u00e9 dans des environnements difficiles, notamment les bielles, les arbres de renvoi, les engrenages \u00e0 vis sans fin, les doigts d&rsquo;alimentation et les vis d&rsquo;\u00e9crous filet\u00e9s. La faible teneur en plomb de cet alliage polyvalent augmente sa r\u00e9sistance \u00e0 la traction et \u00e0 la d\u00e9formation, ce qui en fait un choix id\u00e9al pour toute une s\u00e9rie d&rsquo;applications lourdes et r\u00e9sistantes \u00e0 la corrosion dans diverses industries.<\/p>\n","protected":false},"featured_media":66757,"template":"","meta":{"_et_pb_use_builder":"","_et_pb_old_content":"","_et_gb_content_width":"","inline_featured_image":false,"_links_to":"","_links_to_target":""},"product_category":[491],"product_type":[506],"product_shape":[647,637],"class_list":["post-54646","product","type-product","status-publish","has-post-thumbnail","hentry","product_category-autres-alliages-de-cuivre"],"acf":[],"aioseo_notices":[],"_links":{"self":[{"href":"https:\/\/staging.ampcometal.com\/fr\/wp-json\/wp\/v2\/product\/54646","targetHints":{"allow":["GET"]}}],"collection":[{"href":"https:\/\/staging.ampcometal.com\/fr\/wp-json\/wp\/v2\/product"}],"about":[{"href":"https:\/\/staging.ampcometal.com\/fr\/wp-json\/wp\/v2\/types\/product"}],"wp:featuredmedia":[{"embeddable":true,"href":"https:\/\/staging.ampcometal.com\/fr\/wp-json\/wp\/v2\/media\/66757"}],"wp:attachment":[{"href":"https:\/\/staging.ampcometal.com\/fr\/wp-json\/wp\/v2\/media?parent=54646"}],"wp:term":[{"taxonomy":"product_category","embeddable":true,"href":"https:\/\/staging.ampcometal.com\/fr\/wp-json\/wp\/v2\/product_category?post=54646"},{"taxonomy":"product_type","embeddable":true,"href":"https:\/\/staging.ampcometal.com\/fr\/wp-json\/wp\/v2\/product_type?post=54646"},{"taxonomy":"product_shape","embeddable":true,"href":"https:\/\/staging.ampcometal.com\/fr\/wp-json\/wp\/v2\/product_shape?post=54646"}],"curies":[{"name":"wp","href":"https:\/\/api.w.org\/{rel}","templated":true}]}}