{"id":54638,"date":"2021-09-14T09:51:29","date_gmt":"2021-09-14T07:51:29","guid":{"rendered":"https:\/\/staging.ampcometal.com\/products\/%product_category%\/ampcoloy-940-2\/"},"modified":"2025-03-13T11:11:32","modified_gmt":"2025-03-13T09:11:32","slug":"ampcoloy-940","status":"publish","type":"product","link":"https:\/\/staging.ampcometal.com\/fr\/produits\/ampcoloy-alliages-a-haute-teneur-en-cuivre\/ampcoloy-940\/","title":{"rendered":"AMPCOLOY\u00ae 940"},"content":{"rendered":"<ul>\n<li data-gc-list-depth=\"1\" data-gc-list-style=\"bullet\"><strong>Conductivit\u00e9 \u00e9lev\u00e9e :<\/strong> Cet alliage \u00e0 haute teneur en cuivre pr\u00e9sente une conductivit\u00e9 \u00e9lectrique et thermique exceptionnelle, ce qui le rend id\u00e9al pour les applications o\u00f9 l&rsquo;efficacit\u00e9 du transfert de chaleur et d&rsquo;\u00e9nergie est essentielle.<\/li>\n<li data-gc-list-depth=\"1\" data-gc-list-style=\"bullet\"><strong>Une r\u00e9sistance impressionnante :<\/strong> Il offre une r\u00e9sistance \u00e0 la traction et une duret\u00e9 remarquables, garantissant durabilit\u00e9 et long\u00e9vit\u00e9 dans les environnements industriels exigeants.<\/li>\n<li data-gc-list-depth=\"1\" data-gc-list-style=\"bullet\"><strong>Conformit\u00e9 \u00e0 la s\u00e9curit\u00e9<\/strong> : Remplace les alliages RWMA de classe 3 sans b\u00e9ryllium, conform\u00e9ment aux r\u00e9glementations strictes en mati\u00e8re de sant\u00e9 et de s\u00e9curit\u00e9 pour les \u00e9l\u00e9ments dangereux.<\/li>\n<li data-gc-list-depth=\"1\" data-gc-list-style=\"bullet\"><strong>Applications polyvalentes :<\/strong> C&rsquo;est un mat\u00e9riau polyvalent qui convient \u00e0 une large gamme d&rsquo;applications, ce qui en fait un choix de premier ordre pour une vari\u00e9t\u00e9 d&rsquo;industries o\u00f9 la s\u00e9curit\u00e9 et la performance sont primordiales.<\/li>\n<\/ul>\n<h5>Propri\u00e9t\u00e9s et sp\u00e9cifications<\/h5>\n<p>AMPCOLOY\u00ae 940 est un <a href=\"https:\/\/staging.ampcometal.com\/fr\/produits\/ampcoloy-alliages-a-haute-teneur-en-cuivre\/\">alliage de cuivre de haute performance<\/a> con\u00e7u pour exceller dans une vari\u00e9t\u00e9 d&rsquo;applications industrielles. Cet alliage brevet\u00e9 poss\u00e8de des propri\u00e9t\u00e9s exceptionnelles, notamment une conductivit\u00e9 \u00e9lectrique et thermique \u00e9lev\u00e9e, ce qui en fait un choix id\u00e9al pour les composants \u00e9lectriques et de puissance. Avec une r\u00e9sistance \u00e0 la traction et une duret\u00e9 impressionnantes, cet alliage \u00e0 haute teneur en cuivre garantit la durabilit\u00e9 et la long\u00e9vit\u00e9 dans les environnements exigeants. Il remplace \u00e9galement les alliages RWMA de classe 3 sans b\u00e9ryllium pour r\u00e9pondre aux r\u00e9glementations strictes en mati\u00e8re de sant\u00e9 et de s\u00e9curit\u00e9. Ce mat\u00e9riau polyvalent convient \u00e0 une large gamme d&rsquo;applications, notamment les porte-\u00e9lectrodes, les composants de soudage, les pointes de piston et les pi\u00e8ces pour la production d&rsquo;\u00e9nergie, ce qui en fait un choix de premier ordre pour les industries o\u00f9 la s\u00e9curit\u00e9 et les performances sont primordiales.<\/p>\n<h5>Applications<\/h5>\n<p>L&rsquo;AMPCOLOY\u00ae 940 est utilis\u00e9 dans une grande vari\u00e9t\u00e9 d&rsquo;industries en raison de ses propri\u00e9t\u00e9s sup\u00e9rieures. Cet alliage de bronze \u00e0 haute conductivit\u00e9 est largement utilis\u00e9 dans la fabrication de porte-\u00e9lectrodes, de composants de soudage tels que les \u00e9lectrodes de soudage par points et les disques de soudage \u00e0 la molette, ainsi que de diverses matrices pour le soudage de l&rsquo;acier inoxydable et du Monel\u00ae. Il joue \u00e9galement un r\u00f4le essentiel dans les machines de coul\u00e9e d&rsquo;aluminium \u00e0 chambre froide, o\u00f9 sa durabilit\u00e9 et sa r\u00e9sistance \u00e0 la chaleur sont primordiales. En outre, il constitue un excellent choix pour le moulage par injection de plastique, y compris les buses d&rsquo;injection et les broches de refroidissement, et pour la fabrication de tambours de frein pour les rouleaux d&rsquo;enroulement du papier. Sa large gamme d&rsquo;applications en fait un mat\u00e9riau indispensable pour les industries qui recherchent des performances sup\u00e9rieures et le respect des normes de s\u00e9curit\u00e9.<\/p>\n","protected":false},"featured_media":66751,"template":"","meta":{"_et_pb_use_builder":"","_et_pb_old_content":"","_et_gb_content_width":"","inline_featured_image":false,"_links_to":"","_links_to_target":""},"product_category":[479],"product_type":[616,506,530],"product_shape":[647,626,631,637],"class_list":["post-54638","product","type-product","status-publish","has-post-thumbnail","hentry","product_category-ampcoloy-alliages-a-haute-teneur-en-cuivre"],"acf":[],"aioseo_notices":[],"_links":{"self":[{"href":"https:\/\/staging.ampcometal.com\/fr\/wp-json\/wp\/v2\/product\/54638","targetHints":{"allow":["GET"]}}],"collection":[{"href":"https:\/\/staging.ampcometal.com\/fr\/wp-json\/wp\/v2\/product"}],"about":[{"href":"https:\/\/staging.ampcometal.com\/fr\/wp-json\/wp\/v2\/types\/product"}],"wp:featuredmedia":[{"embeddable":true,"href":"https:\/\/staging.ampcometal.com\/fr\/wp-json\/wp\/v2\/media\/66751"}],"wp:attachment":[{"href":"https:\/\/staging.ampcometal.com\/fr\/wp-json\/wp\/v2\/media?parent=54638"}],"wp:term":[{"taxonomy":"product_category","embeddable":true,"href":"https:\/\/staging.ampcometal.com\/fr\/wp-json\/wp\/v2\/product_category?post=54638"},{"taxonomy":"product_type","embeddable":true,"href":"https:\/\/staging.ampcometal.com\/fr\/wp-json\/wp\/v2\/product_type?post=54638"},{"taxonomy":"product_shape","embeddable":true,"href":"https:\/\/staging.ampcometal.com\/fr\/wp-json\/wp\/v2\/product_shape?post=54638"}],"curies":[{"name":"wp","href":"https:\/\/api.w.org\/{rel}","templated":true}]}}