{"id":54618,"date":"2021-09-14T09:51:24","date_gmt":"2021-09-14T07:51:24","guid":{"rendered":"https:\/\/staging.ampcometal.com\/products\/%product_category%\/ampco-25-2\/"},"modified":"2024-12-17T12:49:52","modified_gmt":"2024-12-17T10:49:52","slug":"ampco-25","status":"publish","type":"product","link":"https:\/\/staging.ampcometal.com\/fr\/produits\/ampco-cupro-aluminium\/ampco-25\/","title":{"rendered":"AMPCO\u00ae 25"},"content":{"rendered":"<ul>\n<li data-gc-list-depth=\"1\" data-gc-list-style=\"bullet\"><strong>Duret\u00e9 exceptionnelle : <\/strong>Cet alliage d&rsquo;aluminium et de bronze pr\u00e9sente une duret\u00e9 remarquable, assurant durabilit\u00e9 et r\u00e9sistance \u00e0 l&rsquo;usure.<\/li>\n<li data-gc-list-depth=\"1\" data-gc-list-style=\"bullet\"><strong>Excellente r\u00e9sistance \u00e0 la compression :<\/strong> Cet alliage pr\u00e9sente une excellente r\u00e9sistance \u00e0 la compression, ce qui le rend adapt\u00e9 aux applications \u00e0 forte charge de compression.<\/li>\n<li data-gc-list-depth=\"1\" data-gc-list-style=\"bullet\"><strong>Propri\u00e9t\u00e9s de frottement sup\u00e9rieures :<\/strong> Ses excellentes propri\u00e9t\u00e9s de frottement am\u00e9liorent ses performances dans diverses applications industrielles.<\/li>\n<li data-gc-list-depth=\"1\" data-gc-list-style=\"bullet\"><strong>Applications polyvalentes :<\/strong> L&rsquo;alliage est utilis\u00e9 dans les cylindres de formage, les outils de pliage et les applications d&rsquo;usure dans diverses industries, ce qui d\u00e9montre sa polyvalence.<\/li>\n<\/ul>\n<h5>Propri\u00e9t\u00e9s et sp\u00e9cifications<\/h5>\n<p><\/br>  L&rsquo;AMPCO\u00ae 25 est un alliage dur brevet\u00e9 \u00e0 haute performance connu pour ses propri\u00e9t\u00e9s m\u00e9caniques exceptionnelles. Il pr\u00e9sente une duret\u00e9 remarquable, une excellente r\u00e9sistance \u00e0 la compression et des propri\u00e9t\u00e9s de frottement sup\u00e9rieures, ce qui en fait un choix id\u00e9al pour les applications exigeantes. L&rsquo;allongement du mat\u00e9riau \u00e9tant nul, il convient d&rsquo;\u00e9viter les sections minces et il est essentiel de disposer d&rsquo;un support ad\u00e9quat. L&rsquo;alliage de bronze est g\u00e9n\u00e9ralement utilis\u00e9 pour les cylindres de formage, les matrices de pliage et les applications d&rsquo;usure soumises \u00e0 des charges de compression \u00e9lev\u00e9es. Ses sp\u00e9cifications garantissent des performances fiables, ce qui en fait un mat\u00e9riau de choix pour les industries qui exigent durabilit\u00e9 et pr\u00e9cision.  <\/p>\n<h5>Applications<\/h5>\n<p><\/br>  L&rsquo;AMPCO\u00ae 25 trouve sa polyvalence dans une large gamme d&rsquo;applications gr\u00e2ce \u00e0 ses propri\u00e9t\u00e9s exceptionnelles. Il est couramment utilis\u00e9 comme rouleaux de formage et matrices de pliage dans divers environnements industriels. En outre, ses propri\u00e9t\u00e9s de frottement inh\u00e9rentes en font un excellent choix pour les applications d&rsquo;usure soumises \u00e0 des charges de compression \u00e9lev\u00e9es. Son succ\u00e8s s&rsquo;\u00e9tend \u00e0 des domaines tels que la fabrication, le travail des m\u00e9taux et les industries qui requi\u00e8rent des mat\u00e9riaux robustes et durables pour le formage et la r\u00e9sistance \u00e0 l&rsquo;usure.<\/p>\n","protected":false},"featured_media":66754,"template":"","meta":{"_et_pb_use_builder":"","_et_pb_old_content":"","_et_gb_content_width":"","inline_featured_image":false,"_links_to":"","_links_to_target":""},"product_category":[474],"product_type":[501,553,616,506,530],"product_shape":[642,621,647,631,637,652],"class_list":["post-54618","product","type-product","status-publish","has-post-thumbnail","hentry","product_category-ampco-cupro-aluminium"],"acf":[],"aioseo_notices":[],"_links":{"self":[{"href":"https:\/\/staging.ampcometal.com\/fr\/wp-json\/wp\/v2\/product\/54618","targetHints":{"allow":["GET"]}}],"collection":[{"href":"https:\/\/staging.ampcometal.com\/fr\/wp-json\/wp\/v2\/product"}],"about":[{"href":"https:\/\/staging.ampcometal.com\/fr\/wp-json\/wp\/v2\/types\/product"}],"wp:featuredmedia":[{"embeddable":true,"href":"https:\/\/staging.ampcometal.com\/fr\/wp-json\/wp\/v2\/media\/66754"}],"wp:attachment":[{"href":"https:\/\/staging.ampcometal.com\/fr\/wp-json\/wp\/v2\/media?parent=54618"}],"wp:term":[{"taxonomy":"product_category","embeddable":true,"href":"https:\/\/staging.ampcometal.com\/fr\/wp-json\/wp\/v2\/product_category?post=54618"},{"taxonomy":"product_type","embeddable":true,"href":"https:\/\/staging.ampcometal.com\/fr\/wp-json\/wp\/v2\/product_type?post=54618"},{"taxonomy":"product_shape","embeddable":true,"href":"https:\/\/staging.ampcometal.com\/fr\/wp-json\/wp\/v2\/product_shape?post=54618"}],"curies":[{"name":"wp","href":"https:\/\/api.w.org\/{rel}","templated":true}]}}