{"id":54599,"date":"2021-09-14T09:51:18","date_gmt":"2021-09-14T07:51:18","guid":{"rendered":"https:\/\/staging.ampcometal.com\/products\/%product_category%\/ams-4880-2\/"},"modified":"2024-04-05T11:45:27","modified_gmt":"2024-04-05T09:45:27","slug":"ams-4880","status":"publish","type":"product","link":"https:\/\/staging.ampcometal.com\/fr\/produits\/alliages-ams\/ams-4880\/","title":{"rendered":"AMS 4880"},"content":{"rendered":"<ul>\n<li data-gc-list-depth=\"1\" data-gc-list-style=\"bullet\"><strong>Propri\u00e9t\u00e9s m\u00e9caniques exceptionnelles :<\/strong> Ce bronze AMS offre des propri\u00e9t\u00e9s m\u00e9caniques exceptionnelles qui surpassent les bronzes nickel-aluminium conventionnels et rivalisent avec le cuivre au b\u00e9ryllium.<\/li>\n<li data-gc-list-depth=\"1\" data-gc-list-style=\"bullet\"><strong>Applications polyvalentes :<\/strong> Cet alliage polyvalent convient \u00e0 une large gamme d&rsquo;applications, y compris celles impliquant l&rsquo;usure abrasive, la friction, la d\u00e9formation et l&rsquo;\u00e9rosion chimique.<\/li>\n<li data-gc-list-depth=\"1\" data-gc-list-style=\"bullet\"><strong>Performance rentable :<\/strong> Ce bronze d&rsquo;aluminium permet de r\u00e9aliser des \u00e9conomies impressionnantes gr\u00e2ce \u00e0 des m\u00e9thodes de production sup\u00e9rieures, \u00e0 une utilisation r\u00e9duite des mat\u00e9riaux, \u00e0 une r\u00e9duction du poids, \u00e0 des co\u00fbts d&rsquo;usinage moindres et \u00e0 l&rsquo;\u00e9limination des d\u00e9chets.<\/li>\n<li data-gc-list-depth=\"1\" data-gc-list-style=\"bullet\"><strong>Des applications en expansion :<\/strong> D\u00e9velopp\u00e9 \u00e0 l&rsquo;origine pour les sp\u00e9cifications a\u00e9rospatiales, l&rsquo;AMS 4880 gagne rapidement en popularit\u00e9 dans des industries telles que la marine et les applications industrielles.<\/li>\n<\/ul>\n<h2><strong>Propri\u00e9t\u00e9s et sp\u00e9cifications<\/strong><\/h2>\n<p><\/br><br \/>\nL&rsquo;AMS 4880 est un alliage remarquable de nickel et de bronze d&rsquo;aluminium connu pour ses propri\u00e9t\u00e9s et sp\u00e9cifications exceptionnelles. Produit par un processus de coul\u00e9e continue et un traitement thermique, cet alliage offre des propri\u00e9t\u00e9s m\u00e9caniques exceptionnelles qui d\u00e9passent celles des bronzes nickel-aluminium conventionnels, rivalisant m\u00eame avec le cuivre au b\u00e9ryllium, tout en \u00e9tant plus rentable et sans les exigences d&rsquo;hygi\u00e8ne industrielle qui y sont associ\u00e9es. Ce bronze AMS offre une grande solidit\u00e9, une r\u00e9sistance \u00e0 la corrosion et une r\u00e9sistance sup\u00e9rieure \u00e0 l&rsquo;usure, ce qui en fait un choix id\u00e9al pour les applications impliquant de lourdes charges, le frottement, l&rsquo;usure abrasive et la corrosion. Ses propri\u00e9t\u00e9s impressionnantes ont conduit \u00e0 son adoption dans une vari\u00e9t\u00e9 d&rsquo;industries, y compris l&rsquo;a\u00e9rospatiale, la marine et les applications industrielles.<\/p>\n<h2><strong>Applications<\/strong><\/h2>\n<p><\/br><br \/>\nL&rsquo;AMS 4880, un alliage polyvalent de nickel et de bronze d&rsquo;aluminium, trouve sa place dans une large gamme d&rsquo;applications critiques. Cet alliage excelle dans les environnements o\u00f9 l&rsquo;usure abrasive, la friction, la d\u00e9formation et l&rsquo;\u00e9rosion chimique sont pr\u00e9valentes. Les applications courantes comprennent les roulements et les coussinets d&rsquo;avions, les arbres de pompes et de bateaux, les bagues d&rsquo;usure, les broches et les si\u00e8ges de soupapes, ainsi que divers composants de machines-outils. D\u00e9velopp\u00e9 \u00e0 l&rsquo;origine pour les sp\u00e9cifications de l&rsquo;a\u00e9rospatiale, l&rsquo;alliage a rapidement \u00e9largi son empreinte et est demand\u00e9 dans les industries qui exigent des propri\u00e9t\u00e9s m\u00e9caniques et une r\u00e9sistance \u00e0 la corrosion accrues. C&rsquo;est le choix pr\u00e9f\u00e9r\u00e9 pour les roulements de trains d&rsquo;atterrissage d&rsquo;avions, les outils de l&rsquo;industrie du cintrage de tuyaux, les roues dent\u00e9es et les plaques d&rsquo;usure et de guidage, entre autres applications.<\/p>\n","protected":false},"featured_media":66718,"template":"","meta":{"_et_pb_use_builder":"","_et_pb_old_content":"","_et_gb_content_width":"","inline_featured_image":false,"_links_to":"","_links_to_target":""},"product_category":[487],"product_type":[553],"product_shape":[647,652],"class_list":["post-54599","product","type-product","status-publish","has-post-thumbnail","hentry","product_category-alliages-ams"],"acf":[],"aioseo_notices":[],"_links":{"self":[{"href":"https:\/\/staging.ampcometal.com\/fr\/wp-json\/wp\/v2\/product\/54599","targetHints":{"allow":["GET"]}}],"collection":[{"href":"https:\/\/staging.ampcometal.com\/fr\/wp-json\/wp\/v2\/product"}],"about":[{"href":"https:\/\/staging.ampcometal.com\/fr\/wp-json\/wp\/v2\/types\/product"}],"wp:featuredmedia":[{"embeddable":true,"href":"https:\/\/staging.ampcometal.com\/fr\/wp-json\/wp\/v2\/media\/66718"}],"wp:attachment":[{"href":"https:\/\/staging.ampcometal.com\/fr\/wp-json\/wp\/v2\/media?parent=54599"}],"wp:term":[{"taxonomy":"product_category","embeddable":true,"href":"https:\/\/staging.ampcometal.com\/fr\/wp-json\/wp\/v2\/product_category?post=54599"},{"taxonomy":"product_type","embeddable":true,"href":"https:\/\/staging.ampcometal.com\/fr\/wp-json\/wp\/v2\/product_type?post=54599"},{"taxonomy":"product_shape","embeddable":true,"href":"https:\/\/staging.ampcometal.com\/fr\/wp-json\/wp\/v2\/product_shape?post=54599"}],"curies":[{"name":"wp","href":"https:\/\/api.w.org\/{rel}","templated":true}]}}